{"id":9851,"date":"2024-07-08T10:20:25","date_gmt":"2024-07-08T10:20:25","guid":{"rendered":"https:\/\/midatek.com\/?post_type=product&#038;p=9851"},"modified":"2024-10-10T09:06:04","modified_gmt":"2024-10-10T09:06:04","slug":"dung-cu-mat-xa-ngon-tay","status":"publish","type":"product","link":"https:\/\/www.midamec.com\/vi\/product\/dung-cu-mat-xa-ngon-tay\/","title":{"rendered":"D\u1ee5ng c\u1ee5 m\u00e1t xa ng\u00f3n tay- xanh d\u01b0\u01a1ng"},"content":{"rendered":"<div id=\"ez-toc-container\" class=\"ez-toc-v2_0_73 counter-hierarchy ez-toc-counter ez-toc-grey ez-toc-container-direction\">\n<div class=\"ez-toc-title-container\">\n<p class=\"ez-toc-title\" style=\"cursor:inherit\">Table of Contents<\/p>\n<span class=\"ez-toc-title-toggle\"><a href=\"#\" class=\"ez-toc-pull-right ez-toc-btn ez-toc-btn-xs ez-toc-btn-default ez-toc-toggle\" aria-label=\"Toggle Table of Content\"><span class=\"ez-toc-js-icon-con\"><span class=\"\"><span class=\"eztoc-hide\" style=\"display:none;\">Toggle<\/span><span class=\"ez-toc-icon-toggle-span\"><svg style=\"fill: #999;color:#999\" xmlns=\"http:\/\/www.w3.org\/2000\/svg\" class=\"list-377408\" width=\"20px\" height=\"20px\" viewBox=\"0 0 24 24\" fill=\"none\"><path d=\"M6 6H4v2h2V6zm14 0H8v2h12V6zM4 11h2v2H4v-2zm16 0H8v2h12v-2zM4 16h2v2H4v-2zm16 0H8v2h12v-2z\" fill=\"currentColor\"><\/path><\/svg><svg style=\"fill: #999;color:#999\" class=\"arrow-unsorted-368013\" xmlns=\"http:\/\/www.w3.org\/2000\/svg\" width=\"10px\" height=\"10px\" viewBox=\"0 0 24 24\" version=\"1.2\" baseProfile=\"tiny\"><path d=\"M18.2 9.3l-6.2-6.3-6.2 6.3c-.2.2-.3.4-.3.7s.1.5.3.7c.2.2.4.3.7.3h11c.3 0 .5-.1.7-.3.2-.2.3-.5.3-.7s-.1-.5-.3-.7zM5.8 14.7l6.2 6.3 6.2-6.3c.2-.2.3-.5.3-.7s-.1-.5-.3-.7c-.2-.2-.4-.3-.7-.3h-11c-.3 0-.5.1-.7.3-.2.2-.3.5-.3.7s.1.5.3.7z\"\/><\/svg><\/span><\/span><\/span><\/a><\/span><\/div>\n<nav><ul class='ez-toc-list ez-toc-list-level-1 ' ><li class='ez-toc-page-1 ez-toc-heading-level-1'><a class=\"ez-toc-link ez-toc-heading-1\" href=\"https:\/\/www.midamec.com\/vi\/product\/dung-cu-mat-xa-ngon-tay\/#Dung_cu_mat_xa_ngon_tay\" title=\"D\u1ee5ng c\u1ee5 m\u00e1t xa ng\u00f3n tay\">D\u1ee5ng c\u1ee5 m\u00e1t xa ng\u00f3n tay<\/a><ul class='ez-toc-list-level-2' ><li class='ez-toc-heading-level-2'><a class=\"ez-toc-link ez-toc-heading-2\" href=\"https:\/\/www.midamec.com\/vi\/product\/dung-cu-mat-xa-ngon-tay\/#Cong_dung_dung_cu_mat_xa_ngon_tay\" title=\"C\u00f4ng d\u1ee5ng d\u1ee5ng c\u1ee5 m\u00e1t xa ng\u00f3n tay\">C\u00f4ng d\u1ee5ng d\u1ee5ng c\u1ee5 m\u00e1t xa ng\u00f3n tay<\/a><\/li><li class='ez-toc-page-1 ez-toc-heading-level-2'><a class=\"ez-toc-link ez-toc-heading-3\" href=\"https:\/\/www.midamec.com\/vi\/product\/dung-cu-mat-xa-ngon-tay\/#Huong_dan_su_dung_dung_cu_mat_xa_ngon_tay\" title=\"H\u01b0\u1edbng d\u1eabn s\u1eed d\u1ee5ng d\u1ee5ng c\u1ee5 m\u00e1t xa ng\u00f3n tay\">H\u01b0\u1edbng d\u1eabn s\u1eed d\u1ee5ng d\u1ee5ng c\u1ee5 m\u00e1t xa ng\u00f3n tay<\/a><\/li><\/ul><\/li><li class='ez-toc-page-1 ez-toc-heading-level-1'><a class=\"ez-toc-link ez-toc-heading-4\" href=\"https:\/\/www.midamec.com\/vi\/product\/dung-cu-mat-xa-ngon-tay\/#Gioi_thieu_MIDAMEC\" title=\"Gi\u1edbi thi\u1ec7u MIDAMEC\">Gi\u1edbi thi\u1ec7u MIDAMEC<\/a><ul class='ez-toc-list-level-2' ><li class='ez-toc-heading-level-2'><a class=\"ez-toc-link ez-toc-heading-5\" href=\"https:\/\/www.midamec.com\/vi\/product\/dung-cu-mat-xa-ngon-tay\/#MidaMec_don_vi_dan_dau_Viet_Nam_trong_linh_vuc_san_xuat_cac_san_pham_vat_tu_y_te_va_cham_soc_suc_khoe\" title=\"MidaMec \u0111\u01a1n v\u1ecb d\u1eabn \u0111\u1ea7u Vi\u1ec7t Nam trong l\u0129nh v\u1ef1c s\u1ea3n xu\u1ea5t c\u00e1c s\u1ea3n ph\u1ea9m v\u1eadt t\u01b0 y t\u1ebf v\u00e0 ch\u0103m s\u00f3c s\u1ee9c kh\u1ecfe\">MidaMec \u0111\u01a1n v\u1ecb d\u1eabn \u0111\u1ea7u Vi\u1ec7t Nam trong l\u0129nh v\u1ef1c s\u1ea3n xu\u1ea5t c\u00e1c s\u1ea3n ph\u1ea9m v\u1eadt t\u01b0 y t\u1ebf v\u00e0 ch\u0103m s\u00f3c s\u1ee9c kh\u1ecfe<\/a><\/li><li class='ez-toc-page-1 ez-toc-heading-level-2'><a class=\"ez-toc-link ez-toc-heading-6\" href=\"https:\/\/www.midamec.com\/vi\/product\/dung-cu-mat-xa-ngon-tay\/#Cac_chung_nhan_va_giai_thuong_dat_duoc\" title=\"C\u00e1c ch\u1ee9ng nh\u1eadn v\u00e0 gi\u1ea3i th\u01b0\u1edfng \u0111\u1ea1t \u0111\u01b0\u1ee3c\">C\u00e1c ch\u1ee9ng nh\u1eadn v\u00e0 gi\u1ea3i th\u01b0\u1edfng \u0111\u1ea1t \u0111\u01b0\u1ee3c<\/a><\/li><\/ul><\/li><li class='ez-toc-page-1 ez-toc-heading-level-1'><a class=\"ez-toc-link ez-toc-heading-7\" href=\"https:\/\/www.midamec.com\/vi\/product\/dung-cu-mat-xa-ngon-tay\/#Thong_tin_lien_he\" title=\"Th\u00f4ng tin li\u00ean h\u1ec7\">Th\u00f4ng tin li\u00ean h\u1ec7<\/a><\/li><\/ul><\/nav><\/div>\n<h1><span class=\"ez-toc-section\" id=\"Dung_cu_mat_xa_ngon_tay\"><\/span>D\u1ee5ng c\u1ee5 m\u00e1t xa ng\u00f3n tay<span class=\"ez-toc-section-end\"><\/span><\/h1>\n<p><a class=\"https:\/\/midameccom416.chiliweb.org\/product\/dung-cu-mat-xa-ngon-tay\/?lang=vi\" href=\"https:\/\/midameccom416.chiliweb.org\/product\/dung-cu-mat-xa-ngon-tay\/?lang=vi\" target=\"_blank\" rel=\"https:\/\/midameccom416.chiliweb.org\/product\/dung-cu-mat-xa-ngon-tay\/?lang=vi noopener\"><img decoding=\"async\" class=\"d\u1ee5ng c\u1ee5 m\u00e1t xa ng\u00f3n tay, aligncenter wp-image-10262 size-full\" title=\"d\u1ee5ng c\u1ee5 m\u00e1t xa ng\u00f3n tay,\" src=\"https:\/\/midameccom416.chiliweb.org\/wp-content\/uploads\/2024\/07\/240528_Massage-Tay_1200x1200_1.jpg\" alt=\"d\u1ee5ng c\u1ee5 m\u00e1t xa ng\u00f3n tay,\" width=\"1200\" height=\"1200\" srcset=\"https:\/\/www.midamec.com\/wp-content\/uploads\/2024\/07\/240528_Massage-Tay_1200x1200_1.jpg 1200w, https:\/\/www.midamec.com\/wp-content\/uploads\/2024\/07\/240528_Massage-Tay_1200x1200_1-100x100.jpg 100w, https:\/\/www.midamec.com\/wp-content\/uploads\/2024\/07\/240528_Massage-Tay_1200x1200_1-510x510.jpg 510w, https:\/\/www.midamec.com\/wp-content\/uploads\/2024\/07\/240528_Massage-Tay_1200x1200_1-281x281.jpg 281w, https:\/\/www.midamec.com\/wp-content\/uploads\/2024\/07\/240528_Massage-Tay_1200x1200_1-374x374.jpg 374w, https:\/\/www.midamec.com\/wp-content\/uploads\/2024\/07\/240528_Massage-Tay_1200x1200_1-768x768.jpg 768w, https:\/\/www.midamec.com\/wp-content\/uploads\/2024\/07\/240528_Massage-Tay_1200x1200_1-50x50.jpg 50w\" sizes=\"(max-width: 1200px) 100vw, 1200px\" \/><\/a><\/p>\n<h2><span class=\"ez-toc-section\" id=\"Cong_dung_dung_cu_mat_xa_ngon_tay\"><\/span><strong>C\u00f4ng d\u1ee5ng d\u1ee5ng c\u1ee5 m\u00e1t xa ng\u00f3n tay<\/strong><span class=\"ez-toc-section-end\"><\/span><\/h2>\n<p>&#8211; <em><strong>D\u1ee5ng c\u1ee5 m\u00e1t xa ng\u00f3n tay<\/strong><\/em> c\u00f3 tay c\u1ea7m b\u1eb1ng nh\u1ef1a t\u00e1i ch\u1ebf rPET, s\u1ea3n ph\u1ea9m th\u00e2n thi\u1ec7n m\u00f4i tr\u01b0\u1eddng<\/p>\n<p>&#8211; \u0110\u1eb7c bi\u1ec7t con l\u0103n l\u00e0m b\u1eb1ng nh\u1ef1a LLDPE d\u1ebbo, t\u1ea1o c\u1ea3m gi\u00e1c th\u01b0 gi\u00e3n nh\u1eb9 nh\u00e0ng, d\u1ec5 ch\u1ecbu<\/p>\n<p>&#8211; S\u1ea3n ph\u1ea9m d<em><strong>\u1ee5ng c\u1ee5 m\u00e1t xa ng\u00f3n tay <\/strong><\/em>ph\u00f9 h\u1ee3p cho ng\u01b0\u1eddi l\u1edbn tu\u1ed5i, ng\u01b0\u1eddi l\u00e0m v\u0103n ph\u00f2ng, ng\u01b0\u1eddi hay t\u00ea tay, nh\u1ee9c m\u1ecfi,\u2026<\/p>\n<p>&#8211; S\u1eed d\u1ee5ng massge ng\u00f3n tay v\u00e0 \u0111a \u0111i\u1ec3m tr\u00ean c\u01a1 th\u1ec3: m\u1eb7t, c\u1ed5,\u2026 gi\u00fap gi\u1ea3m t\u00ea m\u1ecfi, th\u01b0 gi\u00e3n v\u00e0 l\u01b0u th\u00f4ng m\u00e1u, c\u1ea3i thi\u1ec7n s\u1ee9c kh\u1ecfe<\/p>\n<p>&#8211; S\u1ea3n ph\u1ea9m g\u1ecdn nh\u1eb9, d\u1ec5 d\u00e0ng mang theo khi ra ngo\u00e0i<\/p>\n<p><em><strong>D\u1ee5ng c\u1ee5 m\u00e1t xa ng\u00f3n tay<\/strong><\/em> c\u00f2n l\u00e0 QU\u00c0 T\u1eb6NG L\u00dd T\u01af\u1edeNG cho b\u1ea1n b\u00e8, ng\u01b0\u1eddi th\u00e2n gi\u00fap b\u1ea1n th\u1ec3 hi\u1ec7n s\u1ef1 quan t\u00e2m, ch\u0103m s\u00f3c t\u1edbi nh\u1eefng ng\u01b0\u1eddi m\u00ecnh y\u00eau th\u01b0\u01a1ng<\/p>\n<h2><span class=\"ez-toc-section\" id=\"Huong_dan_su_dung_dung_cu_mat_xa_ngon_tay\"><\/span>H\u01b0\u1edbng d\u1eabn s\u1eed d\u1ee5ng d<em><strong>\u1ee5ng c\u1ee5 m\u00e1t xa ng\u00f3n tay<\/strong><\/em><span class=\"ez-toc-section-end\"><\/span><\/h2>\n<p>&#8211; Cho ng\u00f3n tay v\u00e0o kho\u1ea3ng gi\u1eefa 2 con l\u0103n, \u0111\u1ea9y d\u1ee5ng c\u1ee5 massage h\u1ebft v\u00e0o ng\u00f3n tay. Sau \u0111\u00f3 k\u00e9o ra g\u1ea7n \u0111\u1ea7u ng\u00f3n tay r\u1ed3i l\u1ea1i \u0111\u1ea9y v\u00e0o. Qu\u00e1 tr\u00ecnh n\u00e0y l\u1eb7p \u0111i l\u1eb7p l\u1ea1i cho \u0111\u1ebfn khi n\u00e0o c\u1ea3m th\u1ea5y thuy\u00ean gi\u1ea3m t\u00ea tay, m\u1ecfi tay<\/p>\n<p>&#8211; Ngo\u00e0i ra, <em><strong>D\u1ee5ng c\u1ee5 m\u00e1t xa ng\u00f3n tay<\/strong><\/em>\u00a0c\u00f2n c\u00f3 th\u1ec3 massage to\u00e0n th\u00e2n: s\u1eed d\u1ee5ng con l\u0103n l\u1edbn \u1edf \u0111u\u00f4i, l\u0103n \u0111\u1ebfn c\u00e1c v\u1ecb tr\u00ed tr\u00ean c\u01a1 th\u1ec3 nh\u01b0: ch\u00e2n, c\u1ed5, m\u1eb7t,&#8230;<\/p>\n<p>* L\u01b0u \u00fd: B\u1ea3o qu\u1ea3n n\u01a1i kh\u00f4 r\u00e1o, tho\u00e1ng m\u00e1t<\/p>\n<h1><span class=\"ez-toc-section\" id=\"Gioi_thieu_MIDAMEC\"><\/span>Gi\u1edbi thi\u1ec7u MIDAMEC<span class=\"ez-toc-section-end\"><\/span><\/h1>\n<h2><span class=\"ez-toc-section\" id=\"MidaMec_don_vi_dan_dau_Viet_Nam_trong_linh_vuc_san_xuat_cac_san_pham_vat_tu_y_te_va_cham_soc_suc_khoe\"><\/span><strong>MidaMec \u0111\u01a1n v\u1ecb d\u1eabn \u0111\u1ea7u Vi\u1ec7t Nam trong l\u0129nh v\u1ef1c s\u1ea3n xu\u1ea5t c\u00e1c s\u1ea3n ph\u1ea9m v\u1eadt t\u01b0 y t\u1ebf v\u00e0 ch\u0103m s\u00f3c s\u1ee9c kh\u1ecfe<\/strong><span class=\"ez-toc-section-end\"><\/span><\/h2>\n<ul>\n<a class=\"https:\/\/midameccom416.chiliweb.org\/product\/dung-cu-mat-xa-ngon-tay\/?lang=vi\" href=\"https:\/\/midameccom416.chiliweb.org\/product\/dung-cu-mat-xa-ngon-tay\/?lang=vi\" target=\"_blank\" rel=\"https:\/\/midameccom416.chiliweb.org\/product\/dung-cu-mat-xa-ngon-tay\/?lang=vi noopener\"><img decoding=\"async\" class=\"d\u1ee5ng c\u1ee5 m\u00e1t xa ng\u00f3n tay, aligncenter wp-image-11118 size-full\" title=\"d\u1ee5ng c\u1ee5 m\u00e1t xa ng\u00f3n tay,\" src=\"https:\/\/midameccom416.chiliweb.org\/wp-content\/uploads\/2024\/08\/MAT-TIEN-NEW-scaled.jpg\" alt=\"d\u1ee5ng c\u1ee5 m\u00e1t xa ng\u00f3n tay,\" width=\"2560\" height=\"1707\" srcset=\"https:\/\/www.midamec.com\/wp-content\/uploads\/2024\/08\/MAT-TIEN-NEW-scaled.jpg 2560w, https:\/\/www.midamec.com\/wp-content\/uploads\/2024\/08\/MAT-TIEN-NEW-scaled-510x340.jpg 510w, https:\/\/www.midamec.com\/wp-content\/uploads\/2024\/08\/MAT-TIEN-NEW-422x281.jpg 422w, https:\/\/www.midamec.com\/wp-content\/uploads\/2024\/08\/MAT-TIEN-NEW-561x374.jpg 561w, https:\/\/www.midamec.com\/wp-content\/uploads\/2024\/08\/MAT-TIEN-NEW-768x512.jpg 768w, https:\/\/www.midamec.com\/wp-content\/uploads\/2024\/08\/MAT-TIEN-NEW-1536x1024.jpg 1536w, https:\/\/www.midamec.com\/wp-content\/uploads\/2024\/08\/MAT-TIEN-NEW-2048x1365.jpg 2048w\" sizes=\"(max-width: 2560px) 100vw, 2560px\" \/><\/a><\/li>\n<\/ul>\n<p>\u2013 Trang thi\u1ebft b\u1ecb hi\u1ec7n \u0111\u1ea1i t\u1eeb nh\u1eefng th\u01b0\u01a1ng hi\u1ec7u n\u1ed5i ti\u1ebfng nh\u01b0: Makino, Mazak, Charmiles, JSW, Sumitomo,\u2026<\/p>\n<p>\u2013 \u0110\u1ea3m b\u1ea3o cung c\u1ea5p cho kh\u00e1ch h\u00e0ng nh\u1eefng s\u1ea3n ph\u1ea9m v\u01b0\u1ee3t tr\u1ed9i.<\/p>\n<p>\u2013 \u0110\u00e1p \u1ee9ng \u0111\u1ee7 s\u1ea3n l\u01b0\u1ee3ng theo m\u1eabu m\u00e3 ri\u00eang v\u1edbi gi\u00e1 th\u00e0nh c\u1ea1nh tranh h\u1ea5p d\u1eabn.<\/p>\n<p>\u2013 C\u00f9ng v\u1edbi h\u1ec7 th\u1ed1ng m\u1ea1ng l\u01b0\u1edbi b\u00e1n h\u00e0ng \u0111a d\u1ea1ng,\u00a0<strong>MidaMec<\/strong>\u00a0\u0111\u00e3 v\u00e0 \u0111ang l\u00e0 l\u1ef1a ch\u1ecdn h\u00e0ng \u0111\u1ea7u c\u1ee7a kh\u00e1ch h\u00e0ng trong v\u00e0 ngo\u00e0i n\u01b0\u1edbc.<\/p>\n<p>\u2013 V\u1edbi \u0111\u1ed9i ng\u0169 thi\u1ebft k\u1ebf gi\u00e0u kinh nghi\u1ec7m, nhi\u1ec1u chuy\u00ean gia l\u0129nh v\u1ef1c trong ng\u00e0nh.<\/p>\n<p>\u2013 Ch\u00fang t\u00f4i c\u00f3 th\u1ec3 cung c\u1ea5p cho kh\u00e1ch h\u00e0ng m\u1ed9t gi\u1ea3i ph\u00e1p to\u00e0n di\u1ec7n v\u1ec1 c\u00f4ng vi\u1ec7c thi\u1ebft k\u1ebf s\u1ea3n ph\u1ea9m v\u00e0 m\u1eabu m\u00e3 s\u1ea3n xu\u1ea5t v\u1edbi ph\u01b0\u01a1ng ch\u00e2m:<\/p>\n<ul>\n<li>S\u1ea3n ph\u1ea9m th\u1ecfa m\u00e3n kh\u00e1ch h\u00e0ng<\/li>\n<li>Giao h\u00e0ng trong th\u1eddi gian nhanh nh\u1ea5t<\/li>\n<li>C\u1ea1nh tranh gi\u00e1 th\u00e0nh<\/li>\n<li>D\u1ecbch v\u1ee5 sau b\u00e1n h\u00e0ng t\u1ed1t nh\u1ea5t.<\/li>\n<\/ul>\n<h2><span class=\"ez-toc-section\" id=\"Cac_chung_nhan_va_giai_thuong_dat_duoc\"><\/span>C\u00e1c ch\u1ee9ng nh\u1eadn v\u00e0 gi\u1ea3i th\u01b0\u1edfng \u0111\u1ea1t \u0111\u01b0\u1ee3c<span class=\"ez-toc-section-end\"><\/span><\/h2>\n<ul>\n<li>Ch\u1ee9ng nh\u1eadn FDA, RCS<\/li>\n<li>ISO 9001; ISO-14001; ISO-45001 (Ch\u1ea5t l\u01b0\u1ee3ng \u2013 M\u00f4i tr\u01b0\u1eddng-S\u1ee9c kh\u1ecfe)<\/li>\n<li>ISO Class 5 \u2013 Ti\u00eau chu\u1ea9n s\u1ea3n ph\u1ea9m v\u1ec7 sinh ph\u00f2ng s\u1ea3n ph\u1ea9m y t\u1ebf<\/li>\n<li>ISO-13485 Ng\u00e0nh s\u1ea3n xu\u1ea5t thi\u1ebft b\u1ecb y t\u1ebf<\/li>\n<li>Th\u01b0\u01a1ng hi\u1ec7u qu\u1ed1c gia nhi\u1ec1u n\u0103m li\u1ec1n k\u1ec1<\/li>\n<li>Top 500 DN t\u0103ng tr\u01b0\u1edfng nhanh nh\u1ea5t Vi\u1ec7t Nam<\/li>\n<li>Top 50 DN t\u0103ng tr\u01b0\u1edfng xu\u1ea5t s\u1eafc nh\u1ea5t Vi\u1ec7t Nam.<\/li>\n<li><a class=\"https:\/\/midameccom416.chiliweb.org\/product\/dung-cu-mat-xa-ngon-tay\/?lang=vi\" href=\"https:\/\/midameccom416.chiliweb.org\/product\/dung-cu-mat-xa-ngon-tay\/?lang=vi\" target=\"_blank\" rel=\"https:\/\/midameccom416.chiliweb.org\/product\/dung-cu-mat-xa-ngon-tay\/?lang=vi noopener\"><img decoding=\"async\" class=\"d\u1ee5ng c\u1ee5 m\u00e1t xa ng\u00f3n tay, aligncenter wp-image-11074 size-full\" title=\"d\u1ee5ng c\u1ee5 m\u00e1t xa ng\u00f3n tay,\" src=\"https:\/\/midameccom416.chiliweb.org\/wp-content\/uploads\/2024\/08\/241001_Dung_History-TA-1-02.jpg\" alt=\"d\u1ee5ng c\u1ee5 m\u00e1t xa ng\u00f3n tay,\" width=\"1498\" height=\"1015\" srcset=\"https:\/\/www.midamec.com\/wp-content\/uploads\/2024\/08\/241001_Dung_History-TA-1-02.jpg 1498w, https:\/\/www.midamec.com\/wp-content\/uploads\/2024\/08\/241001_Dung_History-TA-1-02-510x346.jpg 510w, https:\/\/www.midamec.com\/wp-content\/uploads\/2024\/08\/241001_Dung_History-TA-1-02-415x281.jpg 415w, https:\/\/www.midamec.com\/wp-content\/uploads\/2024\/08\/241001_Dung_History-TA-1-02-552x374.jpg 552w, https:\/\/www.midamec.com\/wp-content\/uploads\/2024\/08\/241001_Dung_History-TA-1-02-768x520.jpg 768w\" sizes=\"(max-width: 1498px) 100vw, 1498px\" \/><\/a><\/li>\n<li><\/li>\n<li><\/li>\n<\/ul>\n<h1><span class=\"ez-toc-section\" id=\"Thong_tin_lien_he\"><\/span>Th\u00f4ng tin li\u00ean h\u1ec7<span class=\"ez-toc-section-end\"><\/span><\/h1>\n<p>+ Hotline: +84 568 818 789<\/p>\n<p>+ Website:\u00a0<a href=\"https:\/\/midameccom416.chiliweb.org\/\" rel=\"noopener\">midameccom416.chiliweb.org<\/a><\/p>\n<p>+ Email:\u00a0<a href=\"mailto:info@midamec.com\">info@midamec.com<\/a><\/p>\n<p>+ Fanpage:\u00a0<a href=\"https:\/\/midameccom416.chiliweb.org\/vi\/s%E1%BA%A3n-ph%E1%BA%A9m\/ong-nghiem-12x75mm-pet\/\" rel=\"noopener\">https:\/\/www.facebook.com\/midamec<\/a><\/p>\n<p>+ Zalo:<a href=\"https:\/\/zalo.me\/midaofficial\" rel=\"noopener\">\u00a0https:\/\/zalo.me\/midaofficial<\/a><\/p>\n<p>+\u00a0Youtube:\u00a0<a href=\"https:\/\/www.youtube.com\/@midamold7927\" rel=\"noopener\">https:\/\/www.youtube.com\/@midamold7927<\/a><\/p>\n","protected":false},"excerpt":{"rendered":"<p>* Th\u00f4ng s\u1ed1 k\u1ef9 thu\u1eadt:<\/p>\n<p>\u2013 M\u00e3 s\u1ea3n ph\u1ea9m: FM0001<\/p>\n<p>\u2013 Xu\u1ea5t x\u1ee9 h\u00e0ng h\u00f3a: Vi\u1ec7t Nam<\/p>\n<p>\u2013 Ti\u00eau chu\u1ea9n: ISO-9001, ISO-14001, ISO-13485<\/p>\n<p>\u2013 Ch\u1ea5t li\u1ec7u: Th\u00e2n nh\u1ef1a rPET, con l\u0103n nh\u1ef1a LLDPE d\u1ebbo (S\u1ea3n ph\u1ea9m \u0111\u01b0\u1ee3c l\u00e0m t\u1eeb nh\u1ef1a t\u00e1i ch\u1ebf)<\/p>\n<p>\u2013 M\u00e0u s\u1eafc: xanh d\u01b0\u01a1ng<\/p>\n<p>&#8211; Ch\u1ea5t l\u01b0\u1ee3ng: S\u1ea3n ph\u1ea9m \u0111\u1ea1t chu\u1ea9n <strong>FDA, RCS, ISO-13485,\u00a0ISO 9001, ISO 14001, ISO 45001<\/strong><\/p>\n<p>\u2013 Ch\u00ednh s\u00e1ch gi\u00e1 t\u1ed1t tr\u00ean th\u1ecb tr\u01b0\u1eddng, gi\u00e1 \u01b0u \u0111\u00e3i: Mua s\u1ed1 l\u01b0\u1ee3ng l\u1edbn, th\u01b0\u01a1ng m\u1ea1i, \u0111\u1ea5u th\u1ea7u. Gi\u00e1 t\u1ed1t cho NPP, \u0111\u1ea1i l\u00fd. Gi\u00e1 \u0111\u1eb7c bi\u1ec7t cho kh\u00e1ch h\u00e0ng OEM<\/p>\n<p>\u2013 Ph\u00e2n ph\u1ed1i: To\u00e0n qu\u1ed1c v\u00e0 xu\u1ea5t kh\u1ea9u n\u01b0\u1edbc ngo\u00e0i<\/p>\n<p>\u2013 \u0110\u1ed9i ng\u0169 gi\u00e0u kinh nghi\u1ec7m, nhi\u1ec1u chuy\u00ean gia l\u0129nh v\u1ef1c trong ng\u00e0nh<\/p>\n<p>\u2013 Quy tr\u00ecnh ki\u1ec3m so\u00e1t nghi\u00eam ng\u1eb7t<\/p>\n<p>\u2013 S\u1ea3n ph\u1ea9m \u0111ang \u0111\u01b0\u1ee3c b\u00e1n tr\u00ean c\u00e1c s\u00e0n th\u01b0\u01a1ng m\u1ea1i \u0111i\u1ec7n t\u1eed:\u00a0<strong>Shopee, Lazada, Tiki<\/strong><\/p>\n<p><strong><em>H\u00e3y li\u00ean h\u1ec7 v\u1edbi ch\u00fang t\u00f4i \u0111\u1ec3 nh\u1eadn \u0111\u01b0\u1ee3c s\u1ef1 ch\u0103m s\u00f3c t\u1eadn t\u00e2m!<\/em><\/strong><\/p>\n","protected":false},"featured_media":10246,"comment_status":"closed","ping_status":"closed","template":"","meta":[],"product_cat":[371,132],"product_tag":[],"_links":{"self":[{"href":"https:\/\/www.midamec.com\/vi\/wp-json\/wp\/v2\/product\/9851"}],"collection":[{"href":"https:\/\/www.midamec.com\/vi\/wp-json\/wp\/v2\/product"}],"about":[{"href":"https:\/\/www.midamec.com\/vi\/wp-json\/wp\/v2\/types\/product"}],"replies":[{"embeddable":true,"href":"https:\/\/www.midamec.com\/vi\/wp-json\/wp\/v2\/comments?post=9851"}],"wp:featuredmedia":[{"embeddable":true,"href":"https:\/\/www.midamec.com\/vi\/wp-json\/wp\/v2\/media\/10246"}],"wp:attachment":[{"href":"https:\/\/www.midamec.com\/vi\/wp-json\/wp\/v2\/media?parent=9851"}],"wp:term":[{"taxonomy":"product_cat","embeddable":true,"href":"https:\/\/www.midamec.com\/vi\/wp-json\/wp\/v2\/product_cat?post=9851"},{"taxonomy":"product_tag","embeddable":true,"href":"https:\/\/www.midamec.com\/vi\/wp-json\/wp\/v2\/product_tag?post=9851"}],"curies":[{"name":"wp","href":"https:\/\/api.w.org\/{rel}","templated":true}]}}