{"id":9776,"date":"2024-05-31T09:24:39","date_gmt":"2024-05-31T09:24:39","guid":{"rendered":"https:\/\/midatek.com\/?post_type=product&#038;p=9776"},"modified":"2025-11-12T02:28:23","modified_gmt":"2025-11-12T02:28:23","slug":"ong-nghiem-lay-mau-pp-16x100mm-pp","status":"publish","type":"product","link":"https:\/\/www.midamec.com\/vi\/product\/ong-nghiem-lay-mau-pp-16x100mm-pp\/","title":{"rendered":"\u1ed0ng nghi\u1ec7m l\u1ea5y m\u1eabu PP 16x100mm (250 c\u00e1i\/bao)"},"content":{"rendered":"<div id=\"ez-toc-container\" class=\"ez-toc-v2_0_73 counter-hierarchy ez-toc-counter ez-toc-grey ez-toc-container-direction\">\n<div class=\"ez-toc-title-container\">\n<p class=\"ez-toc-title\" style=\"cursor:inherit\">Table of Contents<\/p>\n<span class=\"ez-toc-title-toggle\"><a href=\"#\" class=\"ez-toc-pull-right ez-toc-btn ez-toc-btn-xs ez-toc-btn-default ez-toc-toggle\" aria-label=\"Toggle Table of Content\"><span class=\"ez-toc-js-icon-con\"><span class=\"\"><span class=\"eztoc-hide\" style=\"display:none;\">Toggle<\/span><span class=\"ez-toc-icon-toggle-span\"><svg style=\"fill: #999;color:#999\" xmlns=\"http:\/\/www.w3.org\/2000\/svg\" class=\"list-377408\" width=\"20px\" height=\"20px\" viewBox=\"0 0 24 24\" fill=\"none\"><path d=\"M6 6H4v2h2V6zm14 0H8v2h12V6zM4 11h2v2H4v-2zm16 0H8v2h12v-2zM4 16h2v2H4v-2zm16 0H8v2h12v-2z\" fill=\"currentColor\"><\/path><\/svg><svg style=\"fill: #999;color:#999\" class=\"arrow-unsorted-368013\" xmlns=\"http:\/\/www.w3.org\/2000\/svg\" width=\"10px\" height=\"10px\" viewBox=\"0 0 24 24\" version=\"1.2\" baseProfile=\"tiny\"><path d=\"M18.2 9.3l-6.2-6.3-6.2 6.3c-.2.2-.3.4-.3.7s.1.5.3.7c.2.2.4.3.7.3h11c.3 0 .5-.1.7-.3.2-.2.3-.5.3-.7s-.1-.5-.3-.7zM5.8 14.7l6.2 6.3 6.2-6.3c.2-.2.3-.5.3-.7s-.1-.5-.3-.7c-.2-.2-.4-.3-.7-.3h-11c-.3 0-.5.1-.7.3-.2.2-.3.5-.3.7s.1.5.3.7z\"\/><\/svg><\/span><\/span><\/span><\/a><\/span><\/div>\n<nav><ul class='ez-toc-list ez-toc-list-level-1 ' ><li class='ez-toc-page-1 ez-toc-heading-level-2'><a class=\"ez-toc-link ez-toc-heading-1\" href=\"https:\/\/www.midamec.com\/vi\/product\/ong-nghiem-lay-mau-pp-16x100mm-pp\/#Ong_nghiem_lay_mau_PP_16x100mm_MidaMec\" title=\"\u1ed0ng nghi\u1ec7m l\u1ea5y m\u1eabu PP 16x100mm MidaMec\u00a0\">\u1ed0ng nghi\u1ec7m l\u1ea5y m\u1eabu PP 16x100mm MidaMec\u00a0<\/a><ul class='ez-toc-list-level-3' ><li class='ez-toc-heading-level-3'><a class=\"ez-toc-link ez-toc-heading-2\" href=\"https:\/\/www.midamec.com\/vi\/product\/ong-nghiem-lay-mau-pp-16x100mm-pp\/#Thong_so\" title=\"Th\u00f4ng s\u1ed1\">Th\u00f4ng s\u1ed1<\/a><\/li><li class='ez-toc-page-1 ez-toc-heading-level-3'><a class=\"ez-toc-link ez-toc-heading-3\" href=\"https:\/\/www.midamec.com\/vi\/product\/ong-nghiem-lay-mau-pp-16x100mm-pp\/#Cong_dung\" title=\"C\u00f4ng d\u1ee5ng\">C\u00f4ng d\u1ee5ng<\/a><\/li><li class='ez-toc-page-1 ez-toc-heading-level-3'><a class=\"ez-toc-link ez-toc-heading-4\" href=\"https:\/\/www.midamec.com\/vi\/product\/ong-nghiem-lay-mau-pp-16x100mm-pp\/#Dac_diem\" title=\"\u0110\u1eb7c \u0111i\u1ec3m\">\u0110\u1eb7c \u0111i\u1ec3m<\/a><\/li><li class='ez-toc-page-1 ez-toc-heading-level-3'><a class=\"ez-toc-link ez-toc-heading-5\" href=\"https:\/\/www.midamec.com\/vi\/product\/ong-nghiem-lay-mau-pp-16x100mm-pp\/#Luu_y\" title=\"L\u01b0u \u00fd\">L\u01b0u \u00fd<\/a><\/li><\/ul><\/li><li class='ez-toc-page-1 ez-toc-heading-level-2'><a class=\"ez-toc-link ez-toc-heading-6\" href=\"https:\/\/www.midamec.com\/vi\/product\/ong-nghiem-lay-mau-pp-16x100mm-pp\/#Cac_chung_nhan_va_giai_thuong_dat_duoc\" title=\"C\u00e1c ch\u1ee9ng nh\u1eadn v\u00e0 gi\u1ea3i th\u01b0\u1edfng \u0111\u1ea1t \u0111\u01b0\u1ee3c\">C\u00e1c ch\u1ee9ng nh\u1eadn v\u00e0 gi\u1ea3i th\u01b0\u1edfng \u0111\u1ea1t \u0111\u01b0\u1ee3c<\/a><\/li><li class='ez-toc-page-1 ez-toc-heading-level-2'><a class=\"ez-toc-link ez-toc-heading-7\" href=\"https:\/\/www.midamec.com\/vi\/product\/ong-nghiem-lay-mau-pp-16x100mm-pp\/#MidaMec_chuyen_cung_cap_cac_san_pham_vat_tu_y_te_tieu_hao\" title=\"MidaMec chuy\u00ean cung c\u1ea5p\u00a0c\u00e1c s\u1ea3n ph\u1ea9m v\u1eadt t\u01b0 y t\u1ebf ti\u00eau hao\">MidaMec chuy\u00ean cung c\u1ea5p\u00a0c\u00e1c s\u1ea3n ph\u1ea9m v\u1eadt t\u01b0 y t\u1ebf ti\u00eau hao<\/a><\/li><li class='ez-toc-page-1 ez-toc-heading-level-2'><a class=\"ez-toc-link ez-toc-heading-8\" href=\"https:\/\/www.midamec.com\/vi\/product\/ong-nghiem-lay-mau-pp-16x100mm-pp\/#Thong_tin_lien_he\" title=\"Th\u00f4ng tin li\u00ean h\u1ec7\">Th\u00f4ng tin li\u00ean h\u1ec7<\/a><\/li><\/ul><\/nav><\/div>\n<h2><span class=\"ez-toc-section\" id=\"Ong_nghiem_lay_mau_PP_16x100mm_MidaMec\"><\/span><span style=\"font-family: 'times new roman', times, serif;\"><span style=\"vertical-align: inherit;\">\u1ed0ng nghi\u1ec7m l\u1ea5y m\u1eabu PP 16x100mm <\/span><span style=\"color: #ed1c00;\"><span style=\"vertical-align: inherit;\">Mida<\/span><\/span><span style=\"color: #17479e;\"><span style=\"vertical-align: inherit;\">Mec<\/span><\/span><span style=\"vertical-align: inherit;\">\u00a0<\/span><\/span><span class=\"ez-toc-section-end\"><\/span><\/h2>\n<p><iframe title=\"\u1ed0NG NGHI\u1ec6M V\u00c0 C\u00c1C LO\u1ea0I N\u1eaeP \u1ed0NG NGHI\u1ec6M | TEST TUBES\" width=\"1020\" height=\"574\" src=\"https:\/\/www.youtube.com\/embed\/BGZaQy5O1as?feature=oembed\" frameborder=\"0\" allow=\"accelerometer; autoplay; clipboard-write; encrypted-media; gyroscope; picture-in-picture; web-share\" referrerpolicy=\"strict-origin-when-cross-origin\" allowfullscreen><\/iframe><\/p>\n<p><span style=\"font-size: 14pt; font-family: 'times new roman', times, serif;\"><strong><em><span style=\"vertical-align: inherit;\">\u1ed0ng nghi\u1ec7m l\u1ea5y m\u1eabu PP <span style=\"color: #ed1c00;\">Mida<\/span><span style=\"color: #17479e;\">Mec<\/span> 16x100mm<\/span><\/em><\/strong><\/span><\/p>\n<h3><span class=\"ez-toc-section\" id=\"Thong_so\"><\/span><span style=\"font-family: 'times new roman', times, serif;\">Th\u00f4ng s\u1ed1<\/span><span class=\"ez-toc-section-end\"><\/span><\/h3>\n<p><span style=\"font-family: 'times new roman', times, serif;\">&#8211; M\u00e3 s\u1ea3n ph\u1ea9m: <span style=\"vertical-align: inherit;\">T0005<\/span><\/span><\/p>\n<p><span style=\"font-family: 'times new roman', times, serif;\">&#8211; S\u1ed1 l\u01b0u h\u00e0nh: <span style=\"vertical-align: inherit;\">230000028\/PCBA-LA<\/span><\/span><\/p>\n<p><span style=\"font-family: 'times new roman', times, serif;\">&#8211; Xu\u1ea5t x\u1ee9 h\u00e0ng h\u00f3a: <span style=\"vertical-align: inherit;\">Vi\u1ec7t Nam<\/span><\/span><\/p>\n<p><span style=\"font-family: 'times new roman', times, serif;\">&#8211; Th\u00f4ng s\u1ed1 k\u1ef9 thu\u1eadt: <span style=\"vertical-align: inherit;\">Nh\u1ef1a PP, \u00d816x100mm, 15ml<\/span><\/span><\/p>\n<h3><span class=\"ez-toc-section\" id=\"Cong_dung\"><\/span><span style=\"font-family: 'times new roman', times, serif;\">C\u00f4ng d\u1ee5ng<\/span><span class=\"ez-toc-section-end\"><\/span><\/h3>\n<p><span style=\"vertical-align: inherit; font-family: 'times new roman', times, serif;\"><span style=\"vertical-align: inherit;\">&#8211; C\u00e1c <em><strong>\u1ed0ng nghi\u1ec7m l\u1ea5y m\u1eabu PP <span style=\"font-size: 12pt;\"><span style=\"color: #ff0000;\">Mida<\/span><span style=\"color: #38318a;\">Mec <\/span><\/span><\/strong><\/em><\/span><\/span><span style=\"vertical-align: inherit; font-family: 'times new roman', times, serif;\"><span style=\"vertical-align: inherit;\">\u1ee9ng d\u1ee5ng trong nhi\u1ec1u l\u0129nh v\u1ef1c:<\/span><\/span><\/p>\n<p><span style=\"font-family: 'times new roman', times, serif;\"><strong>+ <\/strong>D\u01b0\u1ee3c ph\u1ea9m<strong>:<\/strong>\u00a0s\u1ea3n xu\u1ea5t thu\u1ed1c, nghi\u00ean c\u1ee9u d\u01b0\u1ee3c l\u00fd.<\/span><\/p>\n<p><span style=\"font-family: 'times new roman', times, serif;\"><strong>+ <\/strong>Vi khu\u1ea9n h\u1ecdc:\u00a0thu th\u1eadp v\u00e0 l\u01b0u tr\u1eef m\u1eabu vi sinh, ph\u00e2n l\u1eadp v\u00e0 nu\u00f4i c\u1ea5y vi khu\u1ea9n, ki\u1ec3m tra kh\u00e1ng sinh.<\/span><\/p>\n<p><span style=\"font-family: 'times new roman', times, serif;\"><strong>+ <\/strong>\u0110\u00f4ng m\u00e1u<strong>:<\/strong> <span style=\"vertical-align: inherit; font-family: 'times new roman', times, serif;\"><span style=\"vertical-align: inherit;\"><em><strong>\u1ed0ng nghi\u1ec7m l\u1ea5y m\u1eabu PP <span style=\"font-size: 12pt;\"><span style=\"color: #ff0000;\">Mida<\/span><span style=\"color: #38318a;\">Mec <\/span><\/span><\/strong><\/em><span style=\"font-size: 12pt; color: #000000;\">\u0111\u01b0\u1ee3c d\u00f9ng <\/span><\/span><\/span><span style=\"color: #000000;\">x\u00e9t<\/span> nghi\u1ec7m \u0111\u00f4ng m\u00e1u, ph\u00e2n t\u00edch huy\u1ebft thanh, thu th\u1eadp v\u00e0 l\u01b0u tr\u1eef m\u1eabu m\u00e1u,<\/span><\/p>\n<p><span style=\"font-family: 'times new roman', times, serif;\"><strong>+ <\/strong>H\u00f3a h\u1ecdc<strong>:<\/strong><span style=\"color: #000000;\"><span style=\"vertical-align: inherit; font-family: 'times new roman', times, serif;\"><span style=\"vertical-align: inherit;\"><span style=\"font-size: 12pt;\"> s\u1ee7 d\u1ee5ng <\/span><\/span><\/span>p<\/span>h\u00e2n t\u00edch h\u00f3a h\u1ecdc, chu\u1ea9n \u0111\u1ed9, pha ch\u1ebf dung d\u1ecbch.<\/span><\/p>\n<p><span style=\"font-family: 'times new roman', times, serif;\"><strong>+ <\/strong>Sinh h\u1ecdc<strong>:<\/strong> nghi\u00ean c\u1ee9u sinh h\u1ecdc, ph\u00e2n t\u00edch DNA, RNA.<\/span><\/p>\n<p><span style=\"font-family: 'times new roman', times, serif;\"><strong>+ <\/strong>Ch\u1ea9n \u0111o\u00e1n y t\u1ebf<strong>:<\/strong> <span style=\"vertical-align: inherit; font-family: 'times new roman', times, serif;\"><span style=\"vertical-align: inherit;\"><em><strong>\u1ed0ng nghi\u1ec7m l\u1ea5y m\u1eabu PP <\/strong><\/em>d\u00f9ng \u0111\u1ec3 <\/span><\/span>x\u00e9t nghi\u1ec7m m\u00e1u, n\u01b0\u1edbc ti\u1ec3u, d\u1ecbch c\u01a1 th\u1ec3.<\/span><\/p>\n<h3><span class=\"ez-toc-section\" id=\"Dac_diem\"><\/span><span style=\"font-family: 'times new roman', times, serif;\"><span style=\"vertical-align: inherit;\">\u0110\u1eb7c \u0111i\u1ec3m<\/span><\/span><span class=\"ez-toc-section-end\"><\/span><\/h3>\n<p><span style=\"font-family: 'times new roman', times, serif;\">&#8211; <span style=\"vertical-align: inherit; font-family: 'times new roman', times, serif;\"><span style=\"vertical-align: inherit;\"><em><strong>\u1ed0ng nghi\u1ec7m l\u1ea5y m\u1eabu PP <span style=\"font-size: 12pt;\"><span style=\"color: #ff0000;\">Mida<\/span><span style=\"color: #38318a;\">Mec <\/span><\/span><\/strong><\/em><\/span><\/span>\u0111a d\u1ea1ng k\u00edch th\u01b0\u1edbc, ch\u1ee7ng lo\u1ea1i ph\u00f9 h\u1ee3p trong nhi\u1ec1u \u1ee9ng d\u1ee5ng.<\/span><\/p>\n<p><span style=\"font-family: 'times new roman', times, serif;\">&#8211; Ch\u1ea5t l\u01b0\u1ee3ng s\u1ea3n ph\u1ea9m an to\u00e0n, b\u1ec1n ch\u1eafc.<\/span><\/p>\n<p><span style=\"vertical-align: inherit; font-family: 'times new roman', times, serif;\"><span style=\"vertical-align: inherit;\">&#8211; S\u1ea3n xu\u1ea5t v\u00e0 \u0111\u00f3ng g\u00f3i kh\u00e9p k\u00edn \u0111\u1ea1t chu\u1ea9n <span style=\"font-family: 'times new roman', times, serif;\"><strong><span style=\"color: #17479e;\">FDA , ISO Class 5, ISO-13485,<\/span> <span style=\"color: #ed1c24;\">ISO 9001, ISO 14001, ISO 45001<\/span><\/strong><\/span><\/span><\/span><\/p>\n<p><span style=\"font-family: 'times new roman', times, serif;\">&#8211; Kh\u00f4ng ch\u1ea5t b\u00f4i tr\u01a1n, an to\u00e0n n\u00ean kh\u00f4ng g\u00e2y nguy c\u01a1 l\u00e0m b\u1ea9n m\u1eabu th\u1eed.<\/span><\/p>\n<p><span style=\"vertical-align: inherit; font-family: 'times new roman', times, serif;\"><span style=\"vertical-align: inherit;\"><em>&#8211;<strong> <span style=\"font-family: 'times new roman', times, serif;\">\u1ed0ng nghi\u1ec7m l\u1ea5y m\u1eabu PP <span style=\"font-size: 12pt;\"><span style=\"color: #ff0000;\">Mida<\/span><span style=\"color: #38318a;\">Mec <\/span><\/span><\/span><\/strong><\/em>v\u1edbi \u0111\u1ed9 d\u00e0y c\u1ee7a \u1ed1ng c\u00f3 th\u1ec3 ch\u1ecbu \u0111\u01b0\u1ee3c l\u1ef1c ly t\u00e2m t\u1edbi 5000 RPM m\u00e0 kh\u00f4ng g\u00e2y v\u1ee1 \u1ed1ng.<\/span><\/span><\/p>\n<p><span style=\"vertical-align: inherit; font-family: 'times new roman', times, serif;\"><span style=\"vertical-align: inherit;\">&#8211; C\u00e1c s\u1ea3n ph\u1ea9m\u00a0\u0111\u01b0\u1ee3c l\u00e0m b\u1eb1ng <strong>nh\u1ef1a ch\u00ednh ph\u1ea9m PP<\/strong>, \u0111\u1ea3m b\u1ea3o an to\u00e0n.<\/span><\/span><\/p>\n<p><span style=\"font-family: 'times new roman', times, serif;\">&#8211; Gi\u00e1 th\u00e0nh h\u1ee3p l\u00fd tr\u00ean th\u1ecb t\u01b0\u1eddng.<\/span><\/p>\n<p><span style=\"font-family: 'times new roman', times, serif;\">&#8211; Ch\u00ednh s\u00e1ch \u01b0u \u0111\u00e3i h\u1ea5p d\u1eabn, chi\u1ebft kh\u1ea5u t\u1ed1t cho nh\u00e0 ph\u00e2n ph\u1ed1i, \u0111\u1ea1i l\u00fd<\/span><\/p>\n<h3><span class=\"ez-toc-section\" id=\"Luu_y\"><\/span><span style=\"font-family: 'times new roman', times, serif;\"><span style=\"vertical-align: inherit;\">L\u01b0u \u00fd<\/span><\/span><span class=\"ez-toc-section-end\"><\/span><\/h3>\n<p><span style=\"vertical-align: inherit; font-family: 'times new roman', times, serif;\"><span style=\"vertical-align: inherit;\">&#8211; B\u1ea3o qu\u1ea3n: N\u01a1i tho\u00e1ng m\u00e1t, s\u1ea1ch s\u1ebd, tr\u00e1nh \u1ea9m \u01b0\u1edbt v\u00e0 c\u00e1c t\u00e1c nh\u00e2n g\u00e2y \u1ea3nh h\u01b0\u1edfng \u0111\u1ebfn ch\u1ea5t l\u01b0\u1ee3ng s\u1ea3n ph\u1ea9m.<\/span><\/span><\/p>\n<p><span style=\"vertical-align: inherit; font-family: 'times new roman', times, serif;\"><span style=\"vertical-align: inherit;\">&#8211; Khuy\u1ebfn c\u00e1o: <em><b>\u1ed0ng nghi\u1ec7m l\u1ea5y m\u1eabu PP<\/b><\/em>\u00a0ch\u1ec9 s\u1eed d\u1ee5ng 1 l\u1ea7n.<\/span><\/span><\/p>\n<h2><span class=\"ez-toc-section\" id=\"Cac_chung_nhan_va_giai_thuong_dat_duoc\"><\/span><span style=\"font-family: 'times new roman', times, serif;\">C\u00e1c ch\u1ee9ng nh\u1eadn v\u00e0 gi\u1ea3i th\u01b0\u1edfng \u0111\u1ea1t \u0111\u01b0\u1ee3c<\/span><span class=\"ez-toc-section-end\"><\/span><\/h2>\n<p><span style=\"font-family: 'times new roman', times, serif;\">Tr\u1ea3i qua 18 n\u0103m h\u00ecnh th\u00e0nh v\u00e0 ph\u00e1t tri\u1ec3n, <span style=\"font-size: 14pt;\"><span style=\"vertical-align: inherit;\"><strong><span style=\"color: #ed1c00;\">Mida<\/span><span style=\"color: #17479e;\">Mec <\/span><\/strong><span style=\"font-size: 12pt;\">t\u1ef1 h\u00e0o v\u00e0 vinh d\u1ef1 khi nh\u1eadn v\u1ec1 nh\u1eefng gi\u1ea3i th\u01b0\u1edfng danh g\u00eda, uy t\u00edn.<\/span><\/span><\/span><\/span><\/p>\n<ul style=\"list-style-type: circle;\">\n<li><strong><span style=\"font-family: 'times new roman', times, serif;\"><span style=\"vertical-align: inherit;\">Ch\u1ee9ng nh\u1eadn FDA, RCS<\/span><\/span><\/strong><\/li>\n<li><span style=\"font-family: 'times new roman', times, serif;\"><span style=\"vertical-align: inherit;\">ISO 9001; ISO-14001; ISO-45001 (Ch\u1ea5t l\u01b0\u1ee3ng &#8211; M\u00f4i tr\u01b0\u1eddng-S\u1ee9c kh\u1ecfe)<\/span><\/span><\/li>\n<li><span style=\"font-family: 'times new roman', times, serif;\"><span style=\"vertical-align: inherit;\">ISO Class 5 \u2013 Ti\u00eau chu\u1ea9n s\u1ea3n ph\u1ea9m v\u1ec7 sinh ph\u00f2ng s\u1ea3n ph\u1ea9m y t\u1ebf<\/span><\/span><\/li>\n<li><span style=\"font-family: 'times new roman', times, serif;\"><span style=\"vertical-align: inherit;\">ISO-13485 Ng\u00e0nh s\u1ea3n xu\u1ea5t thi\u1ebft b\u1ecb y t\u1ebf<\/span><\/span><\/li>\n<li><span style=\"font-family: 'times new roman', times, serif;\"><span style=\"vertical-align: inherit;\">Th\u01b0\u01a1ng hi\u1ec7u qu\u1ed1c gia nhi\u1ec1u n\u0103m li\u1ec1n k\u1ec1<\/span><\/span><\/li>\n<li><span style=\"font-family: 'times new roman', times, serif;\"><span style=\"vertical-align: inherit;\">Top 500 DN t\u0103ng tr\u01b0\u1edfng nhanh nh\u1ea5t Vi\u1ec7t Nam<\/span><\/span><\/li>\n<li><span style=\"font-family: 'times new roman', times, serif;\"><span style=\"vertical-align: inherit;\">Top 50 DN t\u0103ng tr\u01b0\u1edfng xu\u1ea5t s\u1eafc nh\u1ea5t Vi\u1ec7t Nam<\/span><\/span><\/li>\n<\/ul>\n<p><span style=\"vertical-align: inherit; font-family: 'times new roman', times, serif;\"><span style=\"vertical-align: inherit;\">&#8230;..v\u00e0 nhi\u1ec1u gi\u1ea3i th\u01b0\u1edfng kh\u00e1c.<\/span><\/span><\/p>\n<p><a class=\"https:\/\/midameccom416.chiliweb.org\/product\/ong-nghiem-lay-mau-pp-16x100mm-pp\/?lang=vi\" href=\"https:\/\/midameccom416.chiliweb.org\/product\/ong-nghiem-lay-mau-pp-16x100mm-pp\/?lang=vi\" target=\"_blank\" rel=\"https:\/\/midameccom416.chiliweb.org\/product\/ong-nghiem-lay-mau-pp-16x100mm-pp\/?lang=vi noopener\"><img decoding=\"async\" class=\"\u1ed1ng nghi\u1ec7m l\u1ea5y m\u1eabu PP aligncenter wp-image-11074 size-full\" title=\"\u1ed1ng nghi\u1ec7m l\u1ea5y m\u1eabu PP\" src=\"https:\/\/www.midamec.com\/wp-content\/uploads\/2025\/11\/ong-nghiem-lay-mau-pp-16x100mm-250-cai-bao-9776.jpg\" alt=\"\u1ed1ng nghi\u1ec7m l\u1ea5y m\u1eabu PP\" width=\"1498\" height=\"1015\" \/><\/a><\/p>\n<h2><span class=\"ez-toc-section\" id=\"MidaMec_chuyen_cung_cap_cac_san_pham_vat_tu_y_te_tieu_hao\"><\/span><strong><span style=\"font-family: 'times new roman', times, serif;\"><span style=\"font-size: 14pt;\"><span style=\"vertical-align: inherit;\"><span style=\"color: #ed1c00;\">Mida<\/span><span style=\"color: #17479e;\">Mec <span style=\"color: #000000;\">chuy\u00ean cung c\u1ea5p<\/span><\/span><\/span><\/span><span style=\"font-size: 14pt;\"><span style=\"color: #000000;\">\u00a0c\u00e1c<\/span> s\u1ea3n ph\u1ea9m v\u1eadt t\u01b0 y t\u1ebf ti\u00eau hao<\/span><\/span><\/strong><span class=\"ez-toc-section-end\"><\/span><\/h2>\n<div>\n<div><span style=\"font-family: 'times new roman', times, serif;\">&#8211; \u0110\u1ed9i ng\u0169 thi\u1ebft k\u1ebf gi\u00e0u kinh nghi\u1ec7m, \u0111i tr\u01b0\u1edbc \u0111\u00f3n \u0111\u1ea7u trong vi\u1ec7c nghi\u00ean c\u1ee9u xu h\u01b0\u1edbng, c\u1ea3i ti\u1ebfn m\u1eabu m\u00e3.<\/span><\/div>\n<div><span style=\"font-family: 'times new roman', times, serif;\">&#8211; S\u1ea3n ph\u1ea9m ph\u00e2n ph\u1ed1i to\u00e0n qu\u1ed1c v\u00e0 xu\u1ea5t kh\u1ea9u n\u01b0\u1edbc ngo\u00e0i.<\/span><\/div>\n<div><span style=\"font-family: 'times new roman', times, serif;\">&#8211; Gi\u00e1 th\u00e0nh s\u1ea3n ph\u1ea9m c\u1ea1nh tranh tr\u00ean th\u1ecb tr\u01b0\u1eddng.<\/span><\/div>\n<div><span style=\"font-family: 'times new roman', times, serif;\">&#8211; Quy m\u00f4 nh\u00e0 x\u01b0\u1edfng l\u00ean \u0111\u1ebfn 45.000m2, \u00e1p d\u1ee5ng c\u00e1c trang thi\u1ebft b\u1ecb hi\u1ec7n \u0111\u1ea1i ho\u00e0n to\u00e0n c\u00f3 th\u1ec3 cung c\u1ea5p s\u1ed1 l\u01b0\u1ee3ng l\u1edbn theo y\u00eau c\u1ea7u.<\/span><\/div>\n<div><span style=\"font-family: 'times new roman', times, serif;\">&#8211; Ch\u00ednh s\u00e1ch gi\u00e1 t\u1ed1t tr\u00ean th\u1ecb tr\u01b0\u1eddng, ch\u00ednh s\u00e1ch t\u1ed1t cho \u0111\u1ea1i l\u00fd, nh\u00e0 ph\u00e2n ph\u1ed1i.<\/span><\/div>\n<div><span style=\"font-family: 'times new roman', times, serif;\">&#8211; C\u00e1c s\u1ea3n ph\u1ea9m \u0111\u01b0\u1ee3c s\u1ea3n xu\u1ea5t trong quy tr\u00ecnh ki\u1ec3m so\u00e1t nghi\u00eam ng\u1eb7t, \u0111\u1ea3m b\u1ea3o ch\u1ea5t l\u01b0\u1ee3ng, \u0111\u1ea1t chu\u1ea9n ISO.<\/span><\/div>\n<\/div>\n<div><span style=\"font-family: 'times new roman', times, serif;\">&#8211; Ch\u00fang t\u00f4i cam k\u1ebft mang \u0111\u1ebfn cho b\u1ea1n nh\u1eefng s\u1ea3n ph\u1ea9m v\u1edbi ch\u1ea5t l\u01b0\u1ee3ng v\u01b0\u1ee3t tr\u1ed9i.\u00a0<\/span><\/div>\n<div><span style=\"font-family: 'times new roman', times, serif;\"><span style=\"vertical-align: inherit;\"><span style=\"color: #ed1c00;\"><span style=\"color: #000000;\">&#8211; C\u00e1c s\u1ea3n ph\u1ea9m c\u1ee7a<\/span><\/span><strong><span style=\"color: #ed1c00;\"> Mida<\/span><span style=\"color: #17479e;\">Mec <\/span><\/strong>s\u1ebd lu\u00f4n lu\u00f4n l\u00e0 s\u1ef1 l\u1ef1a ch\u1ecdn h\u00e0ng \u0111\u1ea7u c\u1ee7a kh\u00e1ch h\u00e0ng t\u1ea1i Vi\u1ec7t Nam v\u00e0 c\u00e1c n\u01b0\u1edbc tr\u00ean th\u1ebf gi\u1edbi.<\/span><\/span><\/div>\n<p><span style=\"font-family: 'times new roman', times, serif;\">H\u00e3y li\u00ean h\u1ec7 v\u1edbi ch\u00fang t\u00f4i ngay h\u00f4m nay \u0111\u1ec3 \u0111\u01b0\u1ee3c t\u01b0 v\u1ea5n v\u00e0 b\u00e1o gi\u00e1 chi ti\u1ebft.<\/span><\/p>\n<p><a class=\"https:\/\/midameccom416.chiliweb.org\/product\/ong-nghiem-lay-mau-pp-16x100mm-pp\/?lang=vi\" href=\"https:\/\/midameccom416.chiliweb.org\/product\/ong-nghiem-lay-mau-pp-16x100mm-pp\/?lang=vi\" target=\"_blank\" rel=\"https:\/\/midameccom416.chiliweb.org\/product\/ong-nghiem-lay-mau-pp-16x100mm-pp\/?lang=vi noopener\"><img decoding=\"async\" class=\"\u1ed1ng nghi\u1ec7m l\u1ea5y m\u1eabu PP aligncenter wp-image-11116 size-full\" title=\"\u1ed1ng nghi\u1ec7m l\u1ea5y m\u1eabu PP\" src=\"https:\/\/www.midamec.com\/wp-content\/uploads\/2025\/11\/ong-nghiem-lay-mau-pp-16x100mm-250-cai-bao-9776-1.jpg\" alt=\"\u1ed1ng nghi\u1ec7m l\u1ea5y m\u1eabu PP\" width=\"2560\" height=\"1707\" \/><\/a><\/p>\n<h2><span class=\"ez-toc-section\" id=\"Thong_tin_lien_he\"><\/span><span style=\"vertical-align: inherit; font-family: 'times new roman', times, serif;\"><span style=\"vertical-align: inherit;\">Th\u00f4ng tin li\u00ean h\u1ec7<\/span><\/span><span class=\"ez-toc-section-end\"><\/span><\/h2>\n<p>+ Hotline: +84 568 818 789<\/p>\n<p><span style=\"vertical-align: inherit; font-family: 'times new roman', times, serif;\"><span style=\"vertical-align: inherit;\">+ Website: <a href=\"https:\/\/midameccom416.chiliweb.org\/\" target=\"_blank\" rel=\"noopener\">midameccom416.chiliweb.org<\/a><\/span><\/span><\/p>\n<p><span style=\"font-family: 'times new roman', times, serif;\"><span style=\"vertical-align: inherit;\">+ Email: <\/span><a href=\"mailto:info@midamec.com\"><span style=\"vertical-align: inherit;\">info@midamec.com<\/span><\/a><\/span><\/p>\n<p><span style=\"vertical-align: inherit; font-family: 'times new roman', times, serif;\"><span style=\"vertical-align: inherit;\">+ Fanpage: <a href=\"https:\/\/www.facebook.com\/midamec\" target=\"_blank\" rel=\"noopener\">https:\/\/www.facebook.com\/midamec<\/a><\/span><\/span><\/p>\n<p><span style=\"font-family: 'times new roman', times, serif;\">+ Zalo:<a href=\"https:\/\/zalo.me\/midaofficial\" target=\"_blank\" rel=\"noopener\"> https:\/\/zalo.me\/midaofficial<\/a><\/span><\/p>\n<p><span style=\"font-family: 'times new roman', times, serif;\">+<span style=\"font-size: 12pt;\"> Youtube:<\/span><\/span><span style=\"font-size: 12pt; font-family: 'times new roman', times, serif;\"> <a href=\"https:\/\/www.youtube.com\/@midamold7927\" target=\"_blank\" rel=\"noopener\">https:\/\/www.youtube.com\/@midamold7927<\/a><\/span><\/p>\n","protected":false},"excerpt":{"rendered":"<p><span style=\"font-family: 'times new roman', times, serif;\">&#8211; T\u00ean s\u1ea3n ph\u1ea9m c\u00f4ng b\u1ed1 b\u1ed9 y t\u1ebf: \u1ed0ng nghi\u1ec7m 16&#215;100 PP<\/span><\/p>\n<p><span style=\"font-family: 'times new roman', times, serif;\">&#8211; M\u00e3 s\u1ea3n ph\u1ea9m: <span style=\"vertical-align: inherit;\">T0005<\/span><\/span><\/p>\n<p><span style=\"font-family: 'times new roman', times, serif;\">&#8211; S\u1ed1 l\u01b0u h\u00e0nh: <span style=\"vertical-align: inherit;\">230000028\/PCBA-LA<\/span><\/span><\/p>\n<p><span style=\"font-family: 'times new roman', times, serif;\">&#8211; Xu\u1ea5t x\u1ee9 h\u00e0ng h\u00f3a: <span style=\"vertical-align: inherit;\">Vi\u1ec7t Nam<\/span><\/span><\/p>\n<p><span style=\"font-family: 'times new roman', times, serif;\">&#8211; Th\u00f4ng s\u1ed1 k\u1ef9 thu\u1eadt: <span style=\"vertical-align: inherit;\">Nh\u1ef1a PP, \u00d816x100mm, 15ml<\/span><\/span><\/p>\n<p><span style=\"font-family: 'times new roman', times, serif;\">&#8211; Ch\u00ednh s\u00e1ch gi\u00e1 t\u1ed1t tr\u00ean th\u1ecb tr\u01b0\u1eddng, gi\u00e1 \u01b0u \u0111\u00e3i: Mua s\u1ed1 l\u01b0\u1ee3ng l\u1edbn, th\u01b0\u01a1ng m\u1ea1i, \u0111\u1ea5u th\u1ea7u. Gi\u00e1 t\u1ed1t cho NPP, \u0111\u1ea1i l\u00fd. Gi\u00e1 \u0111\u1eb7c bi\u1ec7t cho kh\u00e1ch h\u00e0ng OEM.<\/span><\/p>\n<p><span style=\"font-family: 'times new roman', times, serif;\">&#8211; Ph\u00e2n ph\u1ed1i: To\u00e0n qu\u1ed1c v\u00e0 xu\u1ea5t kh\u1ea9u n\u01b0\u1edbc ngo\u00e0i<\/span><\/p>\n<p><span style=\"font-family: 'times new roman', times, serif;\">&#8211; \u0110\u1ed9i ng\u0169 gi\u00e0u kinh nghi\u1ec7m, nhi\u1ec1u chuy\u00ean gia l\u0129nh v\u1ef1c trong ng\u00e0nh<\/span><\/p>\n<p><span style=\"font-family: 'times new roman', times, serif;\">&#8211; Ch\u1ea5t l\u01b0\u1ee3ng: <span style=\"vertical-align: inherit;\">S\u1ea3n ph\u1ea9m \u0111\u1ea1t chu\u1ea9n <strong><span style=\"color: #17479e;\">FDA , ISO Class 5, ISO-13485,<\/span> <span style=\"color: #ed1c24;\">ISO 9001, ISO 14001, ISO 45001<\/span><\/strong><\/span><\/span><\/p>\n<p><span style=\"font-family: 'times new roman', times, serif;\">&#8211; Quy tr\u00ecnh ki\u1ec3m so\u00e1t nghi\u00eam ng\u1eb7t<\/span><\/p>\n<p><span style=\"font-family: 'times new roman', times, serif;\">&#8211; S\u1ea3n ph\u1ea9m \u0111ang \u0111\u01b0\u1ee3c b\u00e1n tr\u00ean c\u00e1c s\u00e0n th\u01b0\u01a1ng m\u1ea1i \u0111i\u1ec7n t\u1eed: <strong>Shopee, Lazada, Tiki<\/strong><\/span><\/p>\n<p><strong><em><span style=\"font-family: 'times new roman', times, serif;\">H\u00e3y li\u00ean h\u1ec7 v\u1edbi ch\u00fang t\u00f4i \u0111\u1ec3 nh\u1eadn \u0111\u01b0\u1ee3c s\u1ef1 ch\u0103m s\u00f3c t\u1eadn t\u00e2m!<\/span><\/em><\/strong><\/p>\n","protected":false},"featured_media":10133,"comment_status":"closed","ping_status":"closed","template":"","meta":[],"product_cat":[326],"product_tag":[],"_links":{"self":[{"href":"https:\/\/www.midamec.com\/vi\/wp-json\/wp\/v2\/product\/9776"}],"collection":[{"href":"https:\/\/www.midamec.com\/vi\/wp-json\/wp\/v2\/product"}],"about":[{"href":"https:\/\/www.midamec.com\/vi\/wp-json\/wp\/v2\/types\/product"}],"replies":[{"embeddable":true,"href":"https:\/\/www.midamec.com\/vi\/wp-json\/wp\/v2\/comments?post=9776"}],"wp:featuredmedia":[{"embeddable":true,"href":"https:\/\/www.midamec.com\/vi\/wp-json\/wp\/v2\/media\/10133"}],"wp:attachment":[{"href":"https:\/\/www.midamec.com\/vi\/wp-json\/wp\/v2\/media?parent=9776"}],"wp:term":[{"taxonomy":"product_cat","embeddable":true,"href":"https:\/\/www.midamec.com\/vi\/wp-json\/wp\/v2\/product_cat?post=9776"},{"taxonomy":"product_tag","embeddable":true,"href":"https:\/\/www.midamec.com\/vi\/wp-json\/wp\/v2\/product_tag?post=9776"}],"curies":[{"name":"wp","href":"https:\/\/api.w.org\/{rel}","templated":true}]}}