{"id":5474,"date":"2022-05-20T10:54:09","date_gmt":"2022-05-20T10:54:09","guid":{"rendered":"http:\/\/lenmaumixshop.chiliweb.org\/?post_type=product&#038;p=5474"},"modified":"2024-10-10T06:34:27","modified_gmt":"2024-10-10T06:34:27","slug":"nap-ngoai-ong-nghiem","status":"publish","type":"product","link":"https:\/\/www.midamec.com\/vi\/product\/nap-ngoai-ong-nghiem\/","title":{"rendered":"N\u1eafp ngo\u00e0i \u1ed1ng nghi\u1ec7m (250 c\u00e1i\/bao)"},"content":{"rendered":"<div id=\"ez-toc-container\" class=\"ez-toc-v2_0_73 counter-hierarchy ez-toc-counter ez-toc-grey ez-toc-container-direction\">\n<div class=\"ez-toc-title-container\">\n<p class=\"ez-toc-title\" style=\"cursor:inherit\">Table of Contents<\/p>\n<span class=\"ez-toc-title-toggle\"><a href=\"#\" class=\"ez-toc-pull-right ez-toc-btn ez-toc-btn-xs ez-toc-btn-default ez-toc-toggle\" aria-label=\"Toggle Table of Content\"><span class=\"ez-toc-js-icon-con\"><span class=\"\"><span class=\"eztoc-hide\" style=\"display:none;\">Toggle<\/span><span class=\"ez-toc-icon-toggle-span\"><svg style=\"fill: #999;color:#999\" xmlns=\"http:\/\/www.w3.org\/2000\/svg\" class=\"list-377408\" width=\"20px\" height=\"20px\" viewBox=\"0 0 24 24\" fill=\"none\"><path d=\"M6 6H4v2h2V6zm14 0H8v2h12V6zM4 11h2v2H4v-2zm16 0H8v2h12v-2zM4 16h2v2H4v-2zm16 0H8v2h12v-2z\" fill=\"currentColor\"><\/path><\/svg><svg style=\"fill: #999;color:#999\" class=\"arrow-unsorted-368013\" xmlns=\"http:\/\/www.w3.org\/2000\/svg\" width=\"10px\" height=\"10px\" viewBox=\"0 0 24 24\" version=\"1.2\" baseProfile=\"tiny\"><path d=\"M18.2 9.3l-6.2-6.3-6.2 6.3c-.2.2-.3.4-.3.7s.1.5.3.7c.2.2.4.3.7.3h11c.3 0 .5-.1.7-.3.2-.2.3-.5.3-.7s-.1-.5-.3-.7zM5.8 14.7l6.2 6.3 6.2-6.3c.2-.2.3-.5.3-.7s-.1-.5-.3-.7c-.2-.2-.4-.3-.7-.3h-11c-.3 0-.5.1-.7.3-.2.2-.3.5-.3.7s.1.5.3.7z\"\/><\/svg><\/span><\/span><\/span><\/a><\/span><\/div>\n<nav><ul class='ez-toc-list ez-toc-list-level-1 ' ><li class='ez-toc-page-1 ez-toc-heading-level-2'><a class=\"ez-toc-link ez-toc-heading-1\" href=\"https:\/\/www.midamec.com\/vi\/product\/nap-ngoai-ong-nghiem\/#Nap_ngoai_ong_nghiem_MidaMec\" title=\"N\u1eafp ngo\u00e0i \u1ed1ng nghi\u1ec7m\u00a0 MidaMec\u00a0\">N\u1eafp ngo\u00e0i \u1ed1ng nghi\u1ec7m\u00a0 MidaMec\u00a0<\/a><\/li><li class='ez-toc-page-1 ez-toc-heading-level-2'><a class=\"ez-toc-link ez-toc-heading-2\" href=\"https:\/\/www.midamec.com\/vi\/product\/nap-ngoai-ong-nghiem\/#MidaMec_don_vi_dan_dau_Viet_Nam_trong_linh_vuc_san_xuat_cac_san_pham_vat_tu_y_te_va_cham_soc_suc_khoe\" title=\"MidaMec \u0111\u01a1n v\u1ecb d\u1eabn \u0111\u1ea7u Vi\u1ec7t Nam trong l\u0129nh v\u1ef1c s\u1ea3n xu\u1ea5t c\u00e1c s\u1ea3n ph\u1ea9m v\u1eadt t\u01b0 y t\u1ebf v\u00e0 ch\u0103m s\u00f3c s\u1ee9c kh\u1ecfe\">MidaMec \u0111\u01a1n v\u1ecb d\u1eabn \u0111\u1ea7u Vi\u1ec7t Nam trong l\u0129nh v\u1ef1c s\u1ea3n xu\u1ea5t c\u00e1c s\u1ea3n ph\u1ea9m v\u1eadt t\u01b0 y t\u1ebf v\u00e0 ch\u0103m s\u00f3c s\u1ee9c kh\u1ecfe<\/a><ul class='ez-toc-list-level-3' ><li class='ez-toc-heading-level-3'><a class=\"ez-toc-link ez-toc-heading-3\" href=\"https:\/\/www.midamec.com\/vi\/product\/nap-ngoai-ong-nghiem\/#_Cac_chung_nhan_va_giai_thuong_dat_duoc\" title=\"\u00a0C\u00e1c ch\u1ee9ng nh\u1eadn v\u00e0 gi\u1ea3i th\u01b0\u1edfng \u0111\u1ea1t \u0111\u01b0\u1ee3c\">\u00a0C\u00e1c ch\u1ee9ng nh\u1eadn v\u00e0 gi\u1ea3i th\u01b0\u1edfng \u0111\u1ea1t \u0111\u01b0\u1ee3c<\/a><\/li><li class='ez-toc-page-1 ez-toc-heading-level-3'><a class=\"ez-toc-link ez-toc-heading-4\" href=\"https:\/\/www.midamec.com\/vi\/product\/nap-ngoai-ong-nghiem\/#Thong_tin_lien_he\" title=\"Th\u00f4ng tin li\u00ean h\u1ec7\">Th\u00f4ng tin li\u00ean h\u1ec7<\/a><\/li><\/ul><\/li><\/ul><\/nav><\/div>\n<h2><span class=\"ez-toc-section\" id=\"Nap_ngoai_ong_nghiem_MidaMec\"><\/span><span style=\"font-family: 'times new roman', times, serif; font-size: 18pt;\"><span style=\"vertical-align: inherit;\">N\u1eafp ngo\u00e0i \u1ed1ng nghi\u1ec7m\u00a0 <\/span><span style=\"color: #ed1c00;\"><span style=\"vertical-align: inherit;\">Mida<\/span><\/span><span style=\"color: #17479e;\"><span style=\"vertical-align: inherit;\">Mec<\/span><\/span><span style=\"vertical-align: inherit;\">\u00a0<\/span><\/span><span class=\"ez-toc-section-end\"><\/span><\/h2>\n<p><iframe src=\"\/\/www.youtube.com\/embed\/BGZaQy5O1as?ab_channel=PrecisionMoldCorp\" width=\"560\" height=\"314\" allowfullscreen=\"allowfullscreen\" data-mce-fragment=\"1\"><\/iframe><\/p>\n<p><span style=\"font-family: 'times new roman', times, serif;\"><strong>*Th\u00f4ng s\u1ed1 k\u1ef9 thu\u1eadt:<\/strong><\/span><\/p>\n<p><span style=\"font-family: 'times new roman', times, serif;\">&#8211; M\u00e3 s\u1ea3n ph\u1ea9m: OTC0002<\/span><\/p>\n<p><span style=\"font-family: 'times new roman', times, serif;\">&#8211; S\u1ed1 l\u01b0u h\u00e0nh: <span style=\"vertical-align: inherit;\">230000025\/PCBA-LA<\/span><\/span><\/p>\n<p><span style=\"font-family: 'times new roman', times, serif;\">&#8211; Xu\u1ea5t x\u1ee9 h\u00e0ng h\u00f3a: <span style=\"vertical-align: inherit;\">Vi\u1ec7t Nam<\/span><\/span><\/p>\n<p><span style=\"font-family: 'times new roman', times, serif;\">&#8211; Th\u00f4ng s\u1ed1 k\u1ef9 thu\u1eadt: <span style=\"vertical-align: inherit;\">Nh\u1ef1a PE, \u00d816*14mm<\/span><\/span><\/p>\n<p><span style=\"font-family: 'times new roman', times, serif;\"><span style=\"vertical-align: inherit;\">&#8211; Ch\u1ea5t l\u01b0\u1ee3ng: S\u1ea3n ph\u1ea9m \u0111\u1ea1t chu\u1ea9n <strong><span style=\"color: #17479e;\">FDA , ISO Class 5, ISO-13485,<\/span> <span style=\"color: #ed1c24;\">ISO 9001, ISO 14001, ISO 45001<\/span><\/strong><\/span><strong><span style=\"vertical-align: inherit;\"><br \/>\n<\/span><\/strong><\/span><\/p>\n<p><a class=\"https:\/\/midameccom416.chiliweb.org\/product\/nap-ngoai-ong-nghiem\/?lang=vi\" href=\"https:\/\/midameccom416.chiliweb.org\/product\/nap-ngoai-ong-nghiem\/?lang=vi\" target=\"_blank\" rel=\"https:\/\/midameccom416.chiliweb.org\/product\/nap-ngoai-ong-nghiem\/?lang=vi noopener\"><img decoding=\"async\" class=\"N\u1eafp ngo\u00e0i \u1ed1ng nghi\u1ec7m  aligncenter wp-image-11211 size-full\" title=\"N\u1eafp ngo\u00e0i \u1ed1ng nghi\u1ec7m \" src=\"https:\/\/midameccom416.chiliweb.org\/wp-content\/uploads\/2022\/05\/banner-NAP-NGOAI-ONG-NGHIEM.jpg\" alt=\"N\u1eafp ngo\u00e0i \u1ed1ng nghi\u1ec7m \" width=\"1200\" height=\"630\" srcset=\"https:\/\/www.midamec.com\/wp-content\/uploads\/2022\/05\/banner-NAP-NGOAI-ONG-NGHIEM.jpg 1200w, https:\/\/www.midamec.com\/wp-content\/uploads\/2022\/05\/banner-NAP-NGOAI-ONG-NGHIEM-510x268.jpg 510w, https:\/\/www.midamec.com\/wp-content\/uploads\/2022\/05\/banner-NAP-NGOAI-ONG-NGHIEM-535x281.jpg 535w, https:\/\/www.midamec.com\/wp-content\/uploads\/2022\/05\/banner-NAP-NGOAI-ONG-NGHIEM-712x374.jpg 712w, https:\/\/www.midamec.com\/wp-content\/uploads\/2022\/05\/banner-NAP-NGOAI-ONG-NGHIEM-768x403.jpg 768w\" sizes=\"(max-width: 1200px) 100vw, 1200px\" \/><\/a><\/p>\n<p><span style=\"font-family: 'times new roman', times, serif;\"><strong>* \u0110\u1eb7c \u0111i\u1ec3m v\u00e0 \u1ee9ng d\u1ee5ng:<\/strong><\/span><\/p>\n<p><span style=\"font-family: 'times new roman', times, serif;\"><strong>&#8211; <em>N\u1eafp ngo\u00e0i \u1ed1ng nghi\u1ec7m<\/em><\/strong> MidaMec d\u00f9ng cho \u1ed1ng nghi\u1ec7m PP 12&#215;75, \u0111\u01b0\u1ee3c s\u1eed d\u1ee5ng trong c\u00e1c x\u00e9t \u00a0nghi\u1ec7m y t\u1ebf.<\/span><\/p>\n<p><span style=\"font-family: 'times new roman', times, serif;\">&#8211; N\u1eafp c\u00f3 s\u1eb5n 5 m\u00e0u kh\u00e1c nhau, gi\u00fap d\u1ec5 d\u00e0ng ph\u00e2n bi\u1ec7t m\u1eabu th\u1eed nghi\u1ec7m theo m\u00e0u. \u0110\u01b0\u1ee3c \u0111\u00fac ch\u00ednh x\u00e1c t\u1eeb nh\u1ef1a PE v\u1edbi thi\u1ebft k\u1ebf gio\u0103ng k\u00e9p gi\u00fap b\u1ea3o v\u1ec7 kh\u1ecfi nhi\u1ec5m b\u1ea9n v\u00e0 r\u00f2 r\u1ec9, t\u00ednh n\u0103ng:<\/span><\/p>\n<p><span style=\"font-family: 'times new roman', times, serif;\">+ 5 m\u00e0u kh\u00e1c nhau: Gi\u00fap d\u1ec5 d\u00e0ng ph\u00e2n bi\u1ec7t m\u1eabu th\u1eed nghi\u1ec7m theo m\u00e0u, gi\u00fap ti\u1ebft ki\u1ec7m th\u1eddi gian v\u00e0 c\u00f4ng s\u1ee9c cho ng\u01b0\u1eddi s\u1eed d\u1ee5ng.<\/span><\/p>\n<p><span style=\"font-family: 'times new roman', times, serif;\">+ Thi\u1ebft k\u1ebf gio\u0103ng k\u00e9p: Gi\u00fap b\u1ea3o v\u1ec7 kh\u1ecfi nhi\u1ec5m b\u1ea9n v\u00e0 r\u00f2 r\u1ec9, \u0111\u1ea3m b\u1ea3o an to\u00e0n cho m\u1eabu th\u1eed nghi\u1ec7m.<\/span><\/p>\n<p><span style=\"font-family: 'times new roman', times, serif;\">+ <strong><em>N\u1eafp ngo\u00e0i \u1ed1ng nghi\u1ec7m<\/em><\/strong> thi\u1ebft k\u1ebf d\u1ec5 m\u1edf, d\u1ec5 \u0111\u00f3ng: Gi\u00fap thao t\u00e1c d\u1ec5 d\u00e0ng, thu\u1eadn ti\u1ec7n.<\/span><\/p>\n<p><span style=\"font-family: 'times new roman', times, serif;\">+ Gi\u1eef ch\u1eb7t khi g\u1eafn v\u00e0o \u1ed1ng: \u0110\u00e1p \u1ee9ng c\u00e1c y\u00eau c\u1ea7u x\u00e9t nghi\u1ec7m nghi\u00eam ng\u1eb7t nh\u1ea5t, bao g\u1ed3m c\u1ea3 qu\u00e1 tr\u00ecnh ly t\u00e2m.<\/span><\/p>\n<p><span style=\"font-family: 'times new roman', times, serif;\"><strong><span style=\"vertical-align: inherit;\">* L\u01b0u \u00fd:<\/span><\/strong><\/span><\/p>\n<p><span style=\"vertical-align: inherit; font-family: 'times new roman', times, serif;\"><span style=\"vertical-align: inherit;\">&#8211; B\u1ea3o qu\u1ea3n <span style=\"font-family: 'times new roman', times, serif;\"><strong><em>N\u1eafp ngo\u00e0i \u1ed1ng nghi\u1ec7m <\/em><\/strong><\/span>: N\u01a1i tho\u00e1ng m\u00e1t, s\u1ea1ch s\u1ebd, tr\u00e1nh \u1ea9m \u01b0\u1edbt v\u00e0 c\u00e1c t\u00e1c nh\u00e2n g\u00e2y \u1ea3nh h\u01b0\u1edfng \u0111\u1ebfn ch\u1ea5t l\u01b0\u1ee3ng s\u1ea3n ph\u1ea9m.<\/span><\/span><\/p>\n<h2><span class=\"ez-toc-section\" id=\"MidaMec_don_vi_dan_dau_Viet_Nam_trong_linh_vuc_san_xuat_cac_san_pham_vat_tu_y_te_va_cham_soc_suc_khoe\"><\/span><span style=\"font-family: 'times new roman', times, serif;\"><strong><span style=\"font-size: 14pt;\"><span style=\"vertical-align: inherit;\"><span style=\"color: #ed1c00;\">Mida<\/span><span style=\"color: #17479e;\">Mec <\/span><\/span>\u0111\u01a1n v\u1ecb d\u1eabn \u0111\u1ea7u Vi\u1ec7t Nam trong l\u0129nh v\u1ef1c s\u1ea3n xu\u1ea5t c\u00e1c s\u1ea3n ph\u1ea9m v\u1eadt t\u01b0 y t\u1ebf v\u00e0 ch\u0103m s\u00f3c s\u1ee9c kh\u1ecfe<\/span><\/strong><\/span><span class=\"ez-toc-section-end\"><\/span><\/h2>\n<p><a class=\"https:\/\/midameccom416.chiliweb.org\/product\/nap-ngoai-ong-nghiem\/?lang=vi\" href=\"https:\/\/midameccom416.chiliweb.org\/product\/nap-ngoai-ong-nghiem\/?lang=vi\" target=\"_blank\" rel=\"https:\/\/midameccom416.chiliweb.org\/product\/nap-ngoai-ong-nghiem\/?lang=vi noopener\"><img decoding=\"async\" class=\"N\u1eafp ngo\u00e0i \u1ed1ng nghi\u1ec7m  aligncenter wp-image-11118 size-full\" title=\"N\u1eafp ngo\u00e0i \u1ed1ng nghi\u1ec7m \" src=\"https:\/\/midameccom416.chiliweb.org\/wp-content\/uploads\/2024\/08\/MAT-TIEN-NEW-scaled.jpg\" alt=\"N\u1eafp ngo\u00e0i \u1ed1ng nghi\u1ec7m \" width=\"2560\" height=\"1707\" srcset=\"https:\/\/www.midamec.com\/wp-content\/uploads\/2024\/08\/MAT-TIEN-NEW-scaled.jpg 2560w, https:\/\/www.midamec.com\/wp-content\/uploads\/2024\/08\/MAT-TIEN-NEW-scaled-510x340.jpg 510w, https:\/\/www.midamec.com\/wp-content\/uploads\/2024\/08\/MAT-TIEN-NEW-422x281.jpg 422w, https:\/\/www.midamec.com\/wp-content\/uploads\/2024\/08\/MAT-TIEN-NEW-561x374.jpg 561w, https:\/\/www.midamec.com\/wp-content\/uploads\/2024\/08\/MAT-TIEN-NEW-768x512.jpg 768w, https:\/\/www.midamec.com\/wp-content\/uploads\/2024\/08\/MAT-TIEN-NEW-1536x1024.jpg 1536w, https:\/\/www.midamec.com\/wp-content\/uploads\/2024\/08\/MAT-TIEN-NEW-2048x1365.jpg 2048w\" sizes=\"(max-width: 2560px) 100vw, 2560px\" \/><\/a><\/p>\n<p><span style=\"vertical-align: inherit; font-family: 'times new roman', times, serif;\"><span style=\"vertical-align: inherit;\">&#8211; Trang thi\u1ebft b\u1ecb hi\u1ec7n \u0111\u1ea1i t\u1eeb nh\u1eefng th\u01b0\u01a1ng hi\u1ec7u n\u1ed5i ti\u1ebfng nh\u01b0: Makino, Mazak, Charmiles, JSW, Sumitomo,\u2026<\/span><\/span><\/p>\n<p><span style=\"vertical-align: inherit; font-family: 'times new roman', times, serif;\"><span style=\"vertical-align: inherit;\">&#8211; \u0110\u1ea3m b\u1ea3o cung c\u1ea5p cho kh\u00e1ch h\u00e0ng nh\u1eefng s\u1ea3n ph\u1ea9m v\u01b0\u1ee3t tr\u1ed9i.<\/span><\/span><\/p>\n<p><span style=\"vertical-align: inherit; font-family: 'times new roman', times, serif;\"><span style=\"vertical-align: inherit;\">&#8211; \u0110\u00e1p \u1ee9ng \u0111\u1ee7 s\u1ea3n l\u01b0\u1ee3ng theo m\u1eabu m\u00e3 ri\u00eang v\u1edbi gi\u00e1 th\u00e0nh c\u1ea1nh tranh h\u1ea5p d\u1eabn.<\/span><\/span><\/p>\n<p><span style=\"vertical-align: inherit; font-family: 'times new roman', times, serif;\"><span style=\"vertical-align: inherit;\">&#8211; C\u00f9ng v\u1edbi h\u1ec7 th\u1ed1ng m\u1ea1ng l\u01b0\u1edbi b\u00e1n h\u00e0ng \u0111a d\u1ea1ng, <strong><span style=\"color: #ed1c00;\">Mida<\/span><span style=\"color: #17479e;\">Mec<\/span><\/strong> \u0111\u00e3 v\u00e0 \u0111ang l\u00e0 l\u1ef1a ch\u1ecdn h\u00e0ng \u0111\u1ea7u c\u1ee7a kh\u00e1ch h\u00e0ng trong v\u00e0 ngo\u00e0i n\u01b0\u1edbc.<\/span><\/span><\/p>\n<p><span style=\"vertical-align: inherit; font-family: 'times new roman', times, serif;\"><span style=\"vertical-align: inherit;\">&#8211; V\u1edbi \u0111\u1ed9i ng\u0169 thi\u1ebft k\u1ebf gi\u00e0u kinh nghi\u1ec7m, nhi\u1ec1u chuy\u00ean gia l\u0129nh v\u1ef1c trong ng\u00e0nh.<\/span><\/span><\/p>\n<p><span style=\"vertical-align: inherit; font-family: 'times new roman', times, serif;\"><span style=\"vertical-align: inherit;\">&#8211; Ch\u00fang t\u00f4i c\u00f3 th\u1ec3 cung c\u1ea5p cho kh\u00e1ch h\u00e0ng m\u1ed9t gi\u1ea3i ph\u00e1p to\u00e0n di\u1ec7n v\u1ec1 c\u00f4ng vi\u1ec7c thi\u1ebft k\u1ebf s\u1ea3n ph\u1ea9m v\u00e0 m\u1eabu m\u00e3 s\u1ea3n xu\u1ea5t v\u1edbi ph\u01b0\u01a1ng ch\u00e2m:<\/span><\/span><\/p>\n<ul style=\"list-style-type: circle;\">\n<li><span style=\"vertical-align: inherit; font-family: 'times new roman', times, serif;\"><span style=\"vertical-align: inherit;\">S\u1ea3n ph\u1ea9m th\u1ecfa m\u00e3n kh\u00e1ch h\u00e0ng<\/span><\/span><\/li>\n<li><span style=\"vertical-align: inherit; font-family: 'times new roman', times, serif;\"><span style=\"vertical-align: inherit;\">Giao h\u00e0ng trong th\u1eddi gian nhanh nh\u1ea5t<\/span><\/span><\/li>\n<li><span style=\"vertical-align: inherit; font-family: 'times new roman', times, serif;\"><span style=\"vertical-align: inherit;\">C\u1ea1nh tranh gi\u00e1 th\u00e0nh<\/span><\/span><\/li>\n<li><span style=\"vertical-align: inherit; font-family: 'times new roman', times, serif;\"><span style=\"vertical-align: inherit;\">D\u1ecbch v\u1ee5 sau b\u00e1n h\u00e0ng t\u1ed1t nh\u1ea5t.<\/span><\/span><\/li>\n<\/ul>\n<p><a class=\"https:\/\/midameccom416.chiliweb.org\/product\/nap-ngoai-ong-nghiem\/?lang=vi\" href=\"https:\/\/midameccom416.chiliweb.org\/product\/nap-ngoai-ong-nghiem\/?lang=vi\" target=\"_blank\" rel=\"https:\/\/midameccom416.chiliweb.org\/product\/nap-ngoai-ong-nghiem\/?lang=vi noopener\"><img decoding=\"async\" class=\"N\u1eafp ngo\u00e0i \u1ed1ng nghi\u1ec7m  aligncenter wp-image-11171 size-full\" title=\"N\u1eafp ngo\u00e0i \u1ed1ng nghi\u1ec7m \" src=\"https:\/\/midameccom416.chiliweb.org\/wp-content\/uploads\/2024\/05\/Thiet-ke-chua-co-ten-2024-10-10T090808.683.png\" alt=\"N\u1eafp ngo\u00e0i \u1ed1ng nghi\u1ec7m \" width=\"1200\" height=\"630\" srcset=\"https:\/\/www.midamec.com\/wp-content\/uploads\/2024\/05\/Thiet-ke-chua-co-ten-2024-10-10T090808.683.png 1200w, https:\/\/www.midamec.com\/wp-content\/uploads\/2024\/05\/Thiet-ke-chua-co-ten-2024-10-10T090808.683-510x268.png 510w, https:\/\/www.midamec.com\/wp-content\/uploads\/2024\/05\/Thiet-ke-chua-co-ten-2024-10-10T090808.683-535x281.png 535w, https:\/\/www.midamec.com\/wp-content\/uploads\/2024\/05\/Thiet-ke-chua-co-ten-2024-10-10T090808.683-712x374.png 712w, https:\/\/www.midamec.com\/wp-content\/uploads\/2024\/05\/Thiet-ke-chua-co-ten-2024-10-10T090808.683-768x403.png 768w\" sizes=\"(max-width: 1200px) 100vw, 1200px\" \/><\/a><\/p>\n<h3><span class=\"ez-toc-section\" id=\"_Cac_chung_nhan_va_giai_thuong_dat_duoc\"><\/span><span style=\"font-family: 'times new roman', times, serif;\">\u00a0C\u00e1c ch\u1ee9ng nh\u1eadn v\u00e0 gi\u1ea3i th\u01b0\u1edfng \u0111\u1ea1t \u0111\u01b0\u1ee3c<\/span><span class=\"ez-toc-section-end\"><\/span><\/h3>\n<p><a class=\"https:\/\/midameccom416.chiliweb.org\/product\/ong-ly-tam-50ml-lien-nap-chan-dung\/?lang=vi\" href=\"https:\/\/midameccom416.chiliweb.org\/product\/ong-ly-tam-50ml-lien-nap-chan-dung\/?lang=vi\" target=\"_blank\" rel=\"https:\/\/midameccom416.chiliweb.org\/product\/ong-ly-tam-50ml-lien-nap-chan-dung\/?lang=vi noopener\"><img decoding=\"async\" class=\"N\u1eafp ngo\u00e0i \u1ed1ng nghi\u1ec7m  aligncenter wp-image-11074 size-full\" title=\"N\u1eafp ngo\u00e0i \u1ed1ng nghi\u1ec7m \" src=\"https:\/\/midameccom416.chiliweb.org\/wp-content\/uploads\/2024\/08\/241001_Dung_History-TA-1-02.jpg\" alt=\"N\u1eafp ngo\u00e0i \u1ed1ng nghi\u1ec7m \" width=\"1498\" height=\"1015\" srcset=\"https:\/\/www.midamec.com\/wp-content\/uploads\/2024\/08\/241001_Dung_History-TA-1-02.jpg 1498w, https:\/\/www.midamec.com\/wp-content\/uploads\/2024\/08\/241001_Dung_History-TA-1-02-510x346.jpg 510w, https:\/\/www.midamec.com\/wp-content\/uploads\/2024\/08\/241001_Dung_History-TA-1-02-415x281.jpg 415w, https:\/\/www.midamec.com\/wp-content\/uploads\/2024\/08\/241001_Dung_History-TA-1-02-552x374.jpg 552w, https:\/\/www.midamec.com\/wp-content\/uploads\/2024\/08\/241001_Dung_History-TA-1-02-768x520.jpg 768w\" sizes=\"(max-width: 1498px) 100vw, 1498px\" \/><\/a><\/p>\n<p><span style=\"font-family: 'times new roman', times, serif;\"><strong>Ch\u1ee9ng nh\u1eadn FDA, RCS<\/strong><\/span><\/p>\n<p><span style=\"font-family: 'times new roman', times, serif;\"><span style=\"vertical-align: inherit;\">ISO 9001; ISO-14001; ISO-45001 (Ch\u1ea5t l\u01b0\u1ee3ng &#8211; M\u00f4i tr\u01b0\u1eddng-S\u1ee9c kh\u1ecfe)<\/span><\/span><\/p>\n<p><span style=\"font-family: 'times new roman', times, serif;\"><span style=\"vertical-align: inherit;\">ISO Class 5 \u2013 Ti\u00eau chu\u1ea9n s\u1ea3n ph\u1ea9m v\u1ec7 sinh ph\u00f2ng s\u1ea3n ph\u1ea9m y t\u1ebf<\/span><\/span><\/p>\n<p><span style=\"font-family: 'times new roman', times, serif;\"><span style=\"vertical-align: inherit;\">ISO-13485 Ng\u00e0nh s\u1ea3n xu\u1ea5t thi\u1ebft b\u1ecb y t\u1ebf<\/span><\/span><\/p>\n<p><span style=\"font-family: 'times new roman', times, serif;\"><span style=\"vertical-align: inherit;\">Th\u01b0\u01a1ng hi\u1ec7u qu\u1ed1c gia nhi\u1ec1u n\u0103m li\u1ec1n k\u1ec1<\/span><\/span><\/p>\n<p><span style=\"font-family: 'times new roman', times, serif;\"><span style=\"vertical-align: inherit;\">Top 500 DN t\u0103ng tr\u01b0\u1edfng nhanh nh\u1ea5t Vi\u1ec7t Nam<\/span><\/span><\/p>\n<ul style=\"list-style-type: circle;\">\n<li><span style=\"font-family: 'times new roman', times, serif;\"><span style=\"vertical-align: inherit;\">Top 50 DN t\u0103ng tr\u01b0\u1edfng xu\u1ea5t s\u1eafc nh\u1ea5t Vi\u1ec7t Nam.<\/span><\/span><\/li>\n<\/ul>\n<p><span style=\"vertical-align: inherit; font-family: 'times new roman', times, serif;\"><span style=\"vertical-align: inherit;\">&#8230;..v\u00e0 nhi\u1ec1u gi\u1ea3i th\u01b0\u1edfng kh\u00e1c.<\/span><\/span><\/p>\n<p><span style=\"font-family: 'times new roman', times, serif;\"><span style=\"vertical-align: inherit;\"><span style=\"color: #ed1c00;\"><span style=\"color: #000000;\">B\u1ea1n ho\u00e0n to\u00e0n c\u00f3 th\u1ec3 tin t\u01b0\u1edfng v\u00e0 \u0111\u1eb7t ni\u1ec1m tin khi l\u1ef1a ch\u1ecdn c\u00e1c s\u1ea3n ph\u1ea9m c\u1ee7a<\/span><\/span><strong><span style=\"color: #ed1c00;\"> Mida<\/span><span style=\"color: #17479e;\">Mec,\u00a0<\/span><\/strong> s\u1ebd lu\u00f4n lu\u00f4n l\u00e0 s\u1ef1 l\u1ef1a ch\u1ecdn h\u00e0ng \u0111\u1ea7u c\u1ee7a kh\u00e1ch h\u00e0ng t\u1ea1i Vi\u1ec7t Nam v\u00e0 c\u00e1c n\u01b0\u1edbc tr\u00ean th\u1ebf gi\u1edbi.<\/span><\/span><\/p>\n<h3><span class=\"ez-toc-section\" id=\"Thong_tin_lien_he\"><\/span><span style=\"font-family: 'times new roman', times, serif; font-size: 14pt;\">Th\u00f4ng tin li\u00ean h\u1ec7<\/span><span class=\"ez-toc-section-end\"><\/span><\/h3>\n<p><span style=\"font-family: 'times new roman', times, serif; font-size: 12pt;\">+ Hotline: 0272 364 7168<\/span><\/p>\n<p><span style=\"font-family: 'times new roman', times, serif; font-size: 12pt;\">+ Website:\u00a0<a href=\"https:\/\/midameccom416.chiliweb.org\/\" target=\"_blank\" rel=\"noopener\">midameccom416.chiliweb.org<\/a><\/span><\/p>\n<p><span style=\"font-family: 'times new roman', times, serif; font-size: 12pt;\">+ Email:\u00a0<a href=\"mailto:info@midamec.com\">info@midamec.com<\/a><\/span><\/p>\n<p><span style=\"font-family: 'times new roman', times, serif; font-size: 12pt;\">+ Fanpage:\u00a0<a href=\"https:\/\/midameccom416.chiliweb.org\/vi\/s\u1ea3n-ph\u1ea9m\/ong-nghiem-12x75mm-pet\/\" target=\"_blank\" rel=\"noopener\">https:\/\/www.facebook.com\/midamec<\/a><\/span><\/p>\n<p><span style=\"font-family: 'times new roman', times, serif; font-size: 12pt;\">+ Zalo:<a href=\"https:\/\/zalo.me\/midaofficial\" target=\"_blank\" rel=\"noopener\">\u00a0https:\/\/zalo.me\/midaofficial<\/a><\/span><\/p>\n<p><span style=\"font-family: 'times new roman', times, serif; font-size: 12pt;\">+\u00a0Youtube:\u00a0<a href=\"https:\/\/www.youtube.com\/@midamold7927\" target=\"_blank\" rel=\"noopener\">https:\/\/www.youtube.com\/@midamold7927<\/a><\/span><\/p>\n<p>&nbsp;<\/p>\n","protected":false},"excerpt":{"rendered":"<p><span style=\"font-family: 'times new roman', times, serif;\">&#8211; T\u00ean s\u1ea3n ph\u1ea9m c\u00f4ng b\u1ed1 b\u1ed9 y t\u1ebf: N\u1eafp ngo\u00e0i \u1ed1ng nghi\u1ec7m<\/span><\/p>\n<p><span style=\"font-family: 'times new roman', times, serif;\">&#8211; M\u00e3 s\u1ea3n ph\u1ea9m: OTC0002<\/span><\/p>\n<p><span style=\"font-family: 'times new roman', times, serif;\">&#8211; S\u1ed1 l\u01b0u h\u00e0nh: <span style=\"vertical-align: inherit;\">230000025\/PCBA-LA<\/span><\/span><\/p>\n<p><span style=\"font-family: 'times new roman', times, serif;\">&#8211; Xu\u1ea5t x\u1ee9 h\u00e0ng h\u00f3a: <span style=\"vertical-align: inherit;\">Vi\u1ec7t Nam<\/span><\/span><\/p>\n<p><span style=\"font-family: 'times new roman', times, serif;\">&#8211; Th\u00f4ng s\u1ed1 k\u1ef9 thu\u1eadt: <span style=\"vertical-align: inherit;\">Nh\u1ef1a PE, \u00d816*14mm<\/span><\/span><\/p>\n<p><span style=\"font-family: 'times new roman', times, serif;\">&#8211; Ch\u00ednh s\u00e1ch gi\u00e1 t\u1ed1t tr\u00ean th\u1ecb tr\u01b0\u1eddng, gi\u00e1 \u01b0u \u0111\u00e3i: Mua s\u1ed1 l\u01b0\u1ee3ng l\u1edbn, th\u01b0\u01a1ng m\u1ea1i, \u0111\u1ea5u th\u1ea7u. Gi\u00e1 t\u1ed1t cho NPP, \u0111\u1ea1i l\u00fd. Gi\u00e1 \u0111\u1eb7c bi\u1ec7t cho kh\u00e1ch h\u00e0ng OEM<\/span><\/p>\n<p><span style=\"font-family: 'times new roman', times, serif;\">&#8211; Ph\u00e2n ph\u1ed1i: To\u00e0n qu\u1ed1c v\u00e0 xu\u1ea5t kh\u1ea9u n\u01b0\u1edbc ngo\u00e0i<\/span><\/p>\n<p><span style=\"font-family: 'times new roman', times, serif;\">&#8211; \u0110\u1ed9i ng\u0169 gi\u00e0u kinh nghi\u1ec7m, nhi\u1ec1u chuy\u00ean gia l\u0129nh v\u1ef1c trong ng\u00e0nh<\/span><\/p>\n<p><span style=\"font-family: 'times new roman', times, serif;\">&#8211; Ch\u1ea5t l\u01b0\u1ee3ng: <span style=\"vertical-align: inherit;\">S\u1ea3n ph\u1ea9m \u0111\u1ea1t chu\u1ea9n <strong><span style=\"color: #17479e;\">FDA , ISO Class 5, ISO-13485,<\/span> <span style=\"color: #ed1c24;\">ISO 9001, ISO 14001, ISO 45001<\/span><\/strong><\/span><\/span><\/p>\n<p><span style=\"font-family: 'times new roman', times, serif;\">&#8211; Quy tr\u00ecnh ki\u1ec3m so\u00e1t nghi\u00eam ng\u1eb7t<\/span><\/p>\n<p><span style=\"font-family: 'times new roman', times, serif;\">&#8211; S\u1ea3n ph\u1ea9m \u0111ang \u0111\u01b0\u1ee3c b\u00e1n tr\u00ean c\u00e1c s\u00e0n th\u01b0\u01a1ng m\u1ea1i \u0111i\u1ec7n t\u1eed: <strong>Shopee, Lazada, Tiki<\/strong><\/span><\/p>\n<p><strong><em><span style=\"font-family: 'times new roman', times, serif;\">H\u00e3y li\u00ean h\u1ec7 v\u1edbi ch\u00fang t\u00f4i \u0111\u1ec3 nh\u1eadn \u0111\u01b0\u1ee3c s\u1ef1 ch\u0103m s\u00f3c t\u1eadn t\u00e2m!<\/span><\/em><\/strong><\/p>\n","protected":false},"featured_media":10411,"comment_status":"closed","ping_status":"closed","template":"","meta":[],"product_cat":[128],"product_tag":[],"_links":{"self":[{"href":"https:\/\/www.midamec.com\/vi\/wp-json\/wp\/v2\/product\/5474"}],"collection":[{"href":"https:\/\/www.midamec.com\/vi\/wp-json\/wp\/v2\/product"}],"about":[{"href":"https:\/\/www.midamec.com\/vi\/wp-json\/wp\/v2\/types\/product"}],"replies":[{"embeddable":true,"href":"https:\/\/www.midamec.com\/vi\/wp-json\/wp\/v2\/comments?post=5474"}],"wp:featuredmedia":[{"embeddable":true,"href":"https:\/\/www.midamec.com\/vi\/wp-json\/wp\/v2\/media\/10411"}],"wp:attachment":[{"href":"https:\/\/www.midamec.com\/vi\/wp-json\/wp\/v2\/media?parent=5474"}],"wp:term":[{"taxonomy":"product_cat","embeddable":true,"href":"https:\/\/www.midamec.com\/vi\/wp-json\/wp\/v2\/product_cat?post=5474"},{"taxonomy":"product_tag","embeddable":true,"href":"https:\/\/www.midamec.com\/vi\/wp-json\/wp\/v2\/product_tag?post=5474"}],"curies":[{"name":"wp","href":"https:\/\/api.w.org\/{rel}","templated":true}]}}