{"id":5432,"date":"2022-05-20T10:10:14","date_gmt":"2022-05-20T10:10:14","guid":{"rendered":"http:\/\/lenmaumixshop.chiliweb.org\/?post_type=product&#038;p=5432"},"modified":"2024-10-10T08:11:06","modified_gmt":"2024-10-10T08:11:06","slug":"lo-sinh-pham-40ml","status":"publish","type":"product","link":"https:\/\/www.midamec.com\/vi\/product\/lo-sinh-pham-40ml\/","title":{"rendered":"L\u1ecd sinh ph\u1ea9m 40ml (100 l\u1ecd\/bao)"},"content":{"rendered":"<div id=\"ez-toc-container\" class=\"ez-toc-v2_0_73 counter-hierarchy ez-toc-counter ez-toc-grey ez-toc-container-direction\">\n<div class=\"ez-toc-title-container\">\n<p class=\"ez-toc-title\" style=\"cursor:inherit\">Table of Contents<\/p>\n<span class=\"ez-toc-title-toggle\"><a href=\"#\" class=\"ez-toc-pull-right ez-toc-btn ez-toc-btn-xs ez-toc-btn-default ez-toc-toggle\" aria-label=\"Toggle Table of Content\"><span class=\"ez-toc-js-icon-con\"><span class=\"\"><span class=\"eztoc-hide\" style=\"display:none;\">Toggle<\/span><span class=\"ez-toc-icon-toggle-span\"><svg style=\"fill: #999;color:#999\" xmlns=\"http:\/\/www.w3.org\/2000\/svg\" class=\"list-377408\" width=\"20px\" height=\"20px\" viewBox=\"0 0 24 24\" fill=\"none\"><path d=\"M6 6H4v2h2V6zm14 0H8v2h12V6zM4 11h2v2H4v-2zm16 0H8v2h12v-2zM4 16h2v2H4v-2zm16 0H8v2h12v-2z\" fill=\"currentColor\"><\/path><\/svg><svg style=\"fill: #999;color:#999\" class=\"arrow-unsorted-368013\" xmlns=\"http:\/\/www.w3.org\/2000\/svg\" width=\"10px\" height=\"10px\" viewBox=\"0 0 24 24\" version=\"1.2\" baseProfile=\"tiny\"><path d=\"M18.2 9.3l-6.2-6.3-6.2 6.3c-.2.2-.3.4-.3.7s.1.5.3.7c.2.2.4.3.7.3h11c.3 0 .5-.1.7-.3.2-.2.3-.5.3-.7s-.1-.5-.3-.7zM5.8 14.7l6.2 6.3 6.2-6.3c.2-.2.3-.5.3-.7s-.1-.5-.3-.7c-.2-.2-.4-.3-.7-.3h-11c-.3 0-.5.1-.7.3-.2.2-.3.5-.3.7s.1.5.3.7z\"\/><\/svg><\/span><\/span><\/span><\/a><\/span><\/div>\n<nav><ul class='ez-toc-list ez-toc-list-level-1 ' ><li class='ez-toc-page-1 ez-toc-heading-level-2'><a class=\"ez-toc-link ez-toc-heading-1\" href=\"https:\/\/www.midamec.com\/vi\/product\/lo-sinh-pham-40ml\/#Lo_sinh_pham_40ml_MidaMec\" title=\"L\u1ecd sinh ph\u1ea9m 40ml MidaMec\u00a0\">L\u1ecd sinh ph\u1ea9m 40ml MidaMec\u00a0<\/a><ul class='ez-toc-list-level-3' ><li class='ez-toc-heading-level-3'><a class=\"ez-toc-link ez-toc-heading-2\" href=\"https:\/\/www.midamec.com\/vi\/product\/lo-sinh-pham-40ml\/#Lo_sinh_pham_40ml\" title=\"L\u1ecd sinh ph\u1ea9m 40ml\">L\u1ecd sinh ph\u1ea9m 40ml<\/a><\/li><li class='ez-toc-page-1 ez-toc-heading-level-3'><a class=\"ez-toc-link ez-toc-heading-3\" href=\"https:\/\/www.midamec.com\/vi\/product\/lo-sinh-pham-40ml\/#Thong_so_ky_thuat\" title=\"Th\u00f4ng s\u1ed1 k\u1ef9 thu\u1eadt\">Th\u00f4ng s\u1ed1 k\u1ef9 thu\u1eadt<\/a><\/li><li class='ez-toc-page-1 ez-toc-heading-level-3'><a class=\"ez-toc-link ez-toc-heading-4\" href=\"https:\/\/www.midamec.com\/vi\/product\/lo-sinh-pham-40ml\/#Dac_trung\" title=\"\u0110\u1eb7c tr\u01b0ng\">\u0110\u1eb7c tr\u01b0ng<\/a><\/li><li class='ez-toc-page-1 ez-toc-heading-level-3'><a class=\"ez-toc-link ez-toc-heading-5\" href=\"https:\/\/www.midamec.com\/vi\/product\/lo-sinh-pham-40ml\/#Uu_Diem\" title=\"\u01afu \u0110i\u1ec3m\">\u01afu \u0110i\u1ec3m<\/a><\/li><li class='ez-toc-page-1 ez-toc-heading-level-3'><a class=\"ez-toc-link ez-toc-heading-6\" href=\"https:\/\/www.midamec.com\/vi\/product\/lo-sinh-pham-40ml\/#_Luu_y\" title=\"\u00a0L\u01b0u \u00fd\">\u00a0L\u01b0u \u00fd<\/a><\/li><\/ul><\/li><li class='ez-toc-page-1 ez-toc-heading-level-2'><a class=\"ez-toc-link ez-toc-heading-7\" href=\"https:\/\/www.midamec.com\/vi\/product\/lo-sinh-pham-40ml\/#Thong_tin_nha_san_xuat_MidaMec_%E2%80%93_san_xuat_vat_tu_y_te_tieu_va_san_pham_cham_soc_suc_khoe\" title=\"Th\u00f4ng tin nh\u00e0 s\u1ea3n xu\u1ea5t\u00a0MidaMec &#8211; s\u1ea3n xu\u1ea5t v\u1eadt t\u01b0 y t\u1ebf ti\u00eau v\u00e0 s\u1ea3n ph\u1ea9m ch\u0103m s\u00f3c s\u1ee9c kh\u1ecfe\">Th\u00f4ng tin nh\u00e0 s\u1ea3n xu\u1ea5t\u00a0MidaMec &#8211; s\u1ea3n xu\u1ea5t v\u1eadt t\u01b0 y t\u1ebf ti\u00eau v\u00e0 s\u1ea3n ph\u1ea9m ch\u0103m s\u00f3c s\u1ee9c kh\u1ecfe<\/a><ul class='ez-toc-list-level-3' ><li class='ez-toc-heading-level-3'><a class=\"ez-toc-link ez-toc-heading-8\" href=\"https:\/\/www.midamec.com\/vi\/product\/lo-sinh-pham-40ml\/#_Cac_chung_nhan_va_giai_thuong_dat_duoc\" title=\"\u00a0C\u00e1c ch\u1ee9ng nh\u1eadn v\u00e0 gi\u1ea3i th\u01b0\u1edfng \u0111\u1ea1t \u0111\u01b0\u1ee3c\">\u00a0C\u00e1c ch\u1ee9ng nh\u1eadn v\u00e0 gi\u1ea3i th\u01b0\u1edfng \u0111\u1ea1t \u0111\u01b0\u1ee3c<\/a><\/li><li class='ez-toc-page-1 ez-toc-heading-level-3'><a class=\"ez-toc-link ez-toc-heading-9\" href=\"https:\/\/www.midamec.com\/vi\/product\/lo-sinh-pham-40ml\/#Thong_tin_lien_he\" title=\"Th\u00f4ng tin li\u00ean h\u1ec7\">Th\u00f4ng tin li\u00ean h\u1ec7<\/a><\/li><\/ul><\/li><\/ul><\/nav><\/div>\n<h2><span class=\"ez-toc-section\" id=\"Lo_sinh_pham_40ml_MidaMec\"><\/span><span style=\"font-family: 'times new roman', times, serif; font-size: 18pt;\"><span style=\"vertical-align: inherit;\">L\u1ecd sinh ph\u1ea9m 40ml <\/span><span style=\"color: #ed1c00;\"><span style=\"vertical-align: inherit;\">Mida<\/span><\/span><span style=\"color: #17479e;\"><span style=\"vertical-align: inherit;\">Mec<\/span><\/span><span style=\"vertical-align: inherit;\">\u00a0<\/span><\/span><span class=\"ez-toc-section-end\"><\/span><\/h2>\n<p><a class=\"https:\/\/midameccom416.chiliweb.org\/product\/lo-sinh-pham-40ml\/?lang=vi\" href=\"https:\/\/midameccom416.chiliweb.org\/product\/lo-sinh-pham-40ml\/?lang=vi\" target=\"_blank\" rel=\"https:\/\/midameccom416.chiliweb.org\/product\/lo-sinh-pham-40ml\/?lang=vi noopener\"><img decoding=\"async\" class=\"l\u1ecd sinh ph\u1ea9m 40ml aligncenter wp-image-11231 size-full\" title=\"l\u1ecd sinh ph\u1ea9m 40ml\" src=\"https:\/\/midameccom416.chiliweb.org\/wp-content\/uploads\/2022\/05\/banner-LO-SINH-PHAM-40ml.jpg\" alt=\"l\u1ecd sinh ph\u1ea9m 40ml\" width=\"1200\" height=\"630\" srcset=\"https:\/\/www.midamec.com\/wp-content\/uploads\/2022\/05\/banner-LO-SINH-PHAM-40ml.jpg 1200w, https:\/\/www.midamec.com\/wp-content\/uploads\/2022\/05\/banner-LO-SINH-PHAM-40ml-510x268.jpg 510w, https:\/\/www.midamec.com\/wp-content\/uploads\/2022\/05\/banner-LO-SINH-PHAM-40ml-535x281.jpg 535w, https:\/\/www.midamec.com\/wp-content\/uploads\/2022\/05\/banner-LO-SINH-PHAM-40ml-712x374.jpg 712w, https:\/\/www.midamec.com\/wp-content\/uploads\/2022\/05\/banner-LO-SINH-PHAM-40ml-768x403.jpg 768w\" sizes=\"(max-width: 1200px) 100vw, 1200px\" \/><\/a><\/p>\n<h3><span class=\"ez-toc-section\" id=\"Lo_sinh_pham_40ml\"><\/span><span style=\"font-family: 'times new roman', times, serif;\"><strong>L\u1ecd sinh ph\u1ea9m 40ml<\/strong><\/span><span class=\"ez-toc-section-end\"><\/span><\/h3>\n<p><span style=\"font-family: 'times new roman', times, serif;\"><span style=\"vertical-align: inherit;\">&#8211; S\u1ea3n ph\u1ea9m \u0111\u1ea1t chu\u1ea9n <strong><span style=\"color: #17479e;\">FDA , ISO Class 5, ISO-13485,<\/span> <span style=\"color: #ed1c24;\">ISO 9001, ISO 14001, ISO 45001<\/span><\/strong><\/span><\/span><\/p>\n<p><span style=\"font-family: 'times new roman', times, serif;\">&#8211; <em><strong>L\u1ecd sinh ph\u1ea9m 40ml<\/strong><\/em> l\u00e0 gi\u1ea3i ph\u00e1p ho\u00e0n h\u1ea3o \u0111\u1ec3 l\u01b0u tr\u1eef v\u00e0 v\u1eadn chuy\u1ec3n t\u1ea5t c\u1ea3 c\u00e1c lo\u1ea1i m\u1eabu b\u1ec7nh ph\u1ea9m, bao g\u1ed3m n\u01b0\u1edbc ti\u1ec3u, m\u00e1u, ph\u00e2n v\u00e0 m\u00f4.<\/span><\/p>\n<h3><span class=\"ez-toc-section\" id=\"Thong_so_ky_thuat\"><\/span><span style=\"font-family: 'times new roman', times, serif;\"><strong>Th\u00f4ng s\u1ed1 k\u1ef9 thu\u1eadt<\/strong><\/span><span class=\"ez-toc-section-end\"><\/span><\/h3>\n<p><span style=\"font-family: 'times new roman', times, serif;\">&#8211; M\u00e3 s\u1ea3n ph\u1ea9m: SC0001<\/span><\/p>\n<p><span style=\"font-family: 'times new roman', times, serif;\">&#8211; S\u1ed1 l\u01b0u h\u00e0nh: <span style=\"vertical-align: inherit;\">230000033\/PCBA-LA<\/span><\/span><\/p>\n<p><span style=\"font-family: 'times new roman', times, serif;\">&#8211; Xu\u1ea5t x\u1ee9 h\u00e0ng h\u00f3a: <span style=\"vertical-align: inherit;\">Vi\u1ec7t Nam<\/span><\/span><\/p>\n<p><span style=\"font-family: 'times new roman', times, serif;\">&#8211; Th\u00f4ng s\u1ed1 k\u1ef9 thu\u1eadt: <span style=\"vertical-align: inherit;\">Nh\u1ef1a PP, PS \u00d837x58mm, 40ml<\/span><\/span><\/p>\n<h3><span class=\"ez-toc-section\" id=\"Dac_trung\"><\/span><strong><span style=\"font-family: 'times new roman', times, serif;\">\u0110\u1eb7c tr\u01b0ng<\/span><\/strong><span class=\"ez-toc-section-end\"><\/span><\/h3>\n<p><span style=\"font-family: 'times new roman', times, serif;\">&#8211; <em><strong>L\u1ecd sinh ph\u1ea9m 40ml <\/strong><\/em>ch\u1ed1ng r\u00f2 r\u1ec9 v\u00e0 ch\u1ed1ng \u00f4 nhi\u1ec5m nh\u1edd thi\u1ebft k\u1ebf l\u01b0\u1ee1i g\u00e0 ph\u1ea7n n\u1eafp.<\/span><\/p>\n<p><span style=\"font-family: 'times new roman', times, serif;\">&#8211; \u0110\u01b0\u1ee3c l\u00e0m t\u1eeb ch\u1ea5t li\u1ec7u cao c\u1ea5p, \u0111\u1ea3m b\u1ea3o an to\u00e0n.<\/span><\/p>\n<p><span style=\"font-family: 'times new roman', times, serif;\">&#8211; S\u1ea3n ph\u1ea9m c\u00f3 nhi\u1ec1u k\u00edch c\u1ee1 v\u00e0 ki\u1ec3u d\u00e1ng kh\u00e1c nhau.<\/span><\/p>\n<p><span style=\"font-family: 'times new roman', times, serif;\">&#8211; C\u00f3 s\u1eb5n c\u00e1c t\u00f9y ch\u1ecdn v\u00f4 tr\u00f9ng ho\u1eb7c kh\u00f4ng v\u00f4 tr\u00f9ng.<\/span><\/p>\n<p><span style=\"font-family: 'times new roman', times, serif;\">&#8211; C\u00f3 s\u1eb5n c\u00e1c t\u00f9y ch\u1ecdn ghi nh\u00e3n.<\/span><\/p>\n<h3><span class=\"ez-toc-section\" id=\"Uu_Diem\"><\/span><strong><span style=\"font-family: 'times new roman', times, serif;\">\u01afu \u0110i\u1ec3m<\/span><\/strong><span class=\"ez-toc-section-end\"><\/span><\/h3>\n<p><span style=\"font-family: 'times new roman', times, serif;\">&#8211; <em><strong>L\u1ecd sinh ph\u1ea9m 40ml <\/strong><\/em>\u0111\u1ea3m b\u1ea3o t\u00ednh to\u00e0n v\u1eb9n c\u1ee7a m\u1eabu v\u1eadt c\u1ee7a b\u1ea1n.<\/span><\/p>\n<p><span style=\"font-family: 'times new roman', times, serif;\">&#8211; B\u1ea3o v\u1ec7 m\u1eabu v\u1eadt c\u1ee7a b\u1ea1n kh\u1ecfi r\u00f2 r\u1ec9 v\u00e0 nhi\u1ec5m b\u1ea9n.<\/span><\/p>\n<p><span style=\"font-family: 'times new roman', times, serif;\">&#8211; D\u1ec5 d\u00e0ng s\u1eed d\u1ee5ng v\u00e0 v\u1eadn chuy\u1ec3n.<\/span><\/p>\n<p><span style=\"font-family: 'times new roman', times, serif;\">&#8211; \u0110\u00e1p \u1ee9ng m\u1ecdi y\u00eau c\u1ea7u c\u1ee7a ph\u00f2ng th\u00ed nghi\u1ec7m.<\/span><\/p>\n<p><span style=\"font-family: 'times new roman', times, serif;\">&#8211; Gi\u00e1 c\u1ea3 c\u1ea1nh tranh.<\/span><\/p>\n<h3><span class=\"ez-toc-section\" id=\"_Luu_y\"><\/span><strong><span style=\"vertical-align: inherit; font-family: 'times new roman', times, serif;\"><span style=\"vertical-align: inherit;\">\u00a0L\u01b0u \u00fd<\/span><\/span><\/strong><span class=\"ez-toc-section-end\"><\/span><\/h3>\n<p><span style=\"vertical-align: inherit; font-family: 'times new roman', times, serif;\"><span style=\"vertical-align: inherit;\">&#8211; B\u1ea3o qu\u1ea3n: N\u01a1i tho\u00e1ng m\u00e1t, s\u1ea1ch s\u1ebd, tr\u00e1nh \u1ea9m \u01b0\u1edbt v\u00e0 c\u00e1c t\u00e1c nh\u00e2n g\u00e2y \u1ea3nh h\u01b0\u1edfng \u0111\u1ebfn ch\u1ea5t l\u01b0\u1ee3ng s\u1ea3n ph\u1ea9m.<\/span><\/span><\/p>\n<p><span style=\"vertical-align: inherit; font-family: 'times new roman', times, serif;\"><span style=\"vertical-align: inherit;\">&#8211; Khuy\u1ebfn c\u00e1o: <span style=\"font-family: 'times new roman', times, serif;\"><em><strong>L\u1ecd sinh ph\u1ea9m 40ml <\/strong><\/em><\/span><span style=\"font-family: 'times new roman', times, serif;\"><strong><em><span style=\"color: #ed1c00;\">Mida<\/span><\/em><span style=\"color: #17479e;\"><em>Me<\/em>c<\/span><\/strong><\/span> ch\u1ec9 s\u1eed d\u1ee5ng 1 l\u1ea7n.<\/span><\/span><\/p>\n<h2><span class=\"ez-toc-section\" id=\"Thong_tin_nha_san_xuat_MidaMec_%E2%80%93_san_xuat_vat_tu_y_te_tieu_va_san_pham_cham_soc_suc_khoe\"><\/span><strong><span style=\"font-size: 14pt;\"><span style=\"font-family: 'times new roman', times, serif;\"><span style=\"vertical-align: inherit; font-family: 'times new roman', times, serif;\"><span style=\"vertical-align: inherit;\"><span style=\"color: #ed1c00;\"><span style=\"color: #000000;\">Th\u00f4ng tin nh\u00e0 s\u1ea3n xu\u1ea5t<\/span>\u00a0Mida<\/span><span style=\"color: #17479e;\">Mec<span style=\"color: #000000;\"> &#8211; s\u1ea3n xu\u1ea5t v\u1eadt t\u01b0 y t\u1ebf ti\u00eau v\u00e0 s\u1ea3n ph\u1ea9m ch\u0103m s\u00f3c s\u1ee9c kh\u1ecfe<\/span><\/span><\/span><\/span><\/span><\/span><\/strong><span class=\"ez-toc-section-end\"><\/span><\/h2>\n<p><a class=\"https:\/\/midameccom416.chiliweb.org\/product\/lo-sinh-pham-40ml\/?lang=vi\" href=\"https:\/\/midameccom416.chiliweb.org\/product\/lo-sinh-pham-40ml\/?lang=vi\" target=\"_blank\" rel=\"https:\/\/midameccom416.chiliweb.org\/product\/lo-sinh-pham-40ml\/?lang=vi noopener\"><img decoding=\"async\" class=\"l\u1ecd sinh ph\u1ea9m 40ml aligncenter wp-image-11173 size-full\" title=\"l\u1ecd sinh ph\u1ea9m 40ml\" src=\"https:\/\/midameccom416.chiliweb.org\/wp-content\/uploads\/2024\/05\/Thiet-ke-chua-co-ten-2024-10-10T091045.567.png\" alt=\"l\u1ecd sinh ph\u1ea9m 40ml\" width=\"1200\" height=\"630\" srcset=\"https:\/\/www.midamec.com\/wp-content\/uploads\/2024\/05\/Thiet-ke-chua-co-ten-2024-10-10T091045.567.png 1200w, https:\/\/www.midamec.com\/wp-content\/uploads\/2024\/05\/Thiet-ke-chua-co-ten-2024-10-10T091045.567-510x268.png 510w, https:\/\/www.midamec.com\/wp-content\/uploads\/2024\/05\/Thiet-ke-chua-co-ten-2024-10-10T091045.567-535x281.png 535w, https:\/\/www.midamec.com\/wp-content\/uploads\/2024\/05\/Thiet-ke-chua-co-ten-2024-10-10T091045.567-712x374.png 712w, https:\/\/www.midamec.com\/wp-content\/uploads\/2024\/05\/Thiet-ke-chua-co-ten-2024-10-10T091045.567-768x403.png 768w\" sizes=\"(max-width: 1200px) 100vw, 1200px\" \/><\/a><\/p>\n<p>&nbsp;<\/p>\n<p><span style=\"font-size: 12pt; font-family: 'times new roman', times, serif;\">&#8211; \u0110\u01a1n v\u1ecb d\u1eabn \u0111\u1ea7u Vi\u1ec7t Nam trong l\u0129nh v\u1ef1c s\u1ea3n xu\u1ea5t c\u00e1c s\u1ea3n ph\u1ea9m v\u1eadt t\u01b0 y t\u1ebf ti\u00eau hao b\u1eb1ng nh\u1ef1a cho c\u00e1c ph\u00f2ng th\u00ed nghi\u1ec7m v\u00e0 ph\u00f2ng x\u00e9t nghi\u1ec7m.<\/span><\/p>\n<p><span style=\"font-family: 'times new roman', times, serif;\">&#8211; S\u1ea3n ph\u1ea9m \u0111\u01b0\u1ee3c ph\u00e2n ph\u1ed1i to\u00e0n qu\u1ed1c v\u00e0 xu\u1ea5t kh\u1ea9u th\u1ecb tr\u01b0\u1eddng n\u01b0\u1edbc ngo\u00e0i, \u0111ang l\u00e0 s\u1ef1 l\u1ef1a ch\u1ecdn tin c\u1eady c\u1ee7a nhi\u1ec1u kh\u00e1ch h\u00e0ng trong v\u00e0 ngo\u00e0i n\u01b0\u1edbc<\/span><\/p>\n<p><span style=\"vertical-align: inherit; font-family: 'times new roman', times, serif;\"><span style=\"vertical-align: inherit;\">&#8211; \u0110\u1ec3 \u0111\u00e1p \u1ee9ng c\u00e1c nhu c\u1ea7u ng\u00e0y c\u00e0ng cao c\u1ee7a th\u1ecb tr\u01b0\u1eddng v\u00e0 c\u00e1c ti\u00eau chu\u1ea9n kh\u1eafc khe <strong><span style=\"color: #ed1c00;\">Mida<\/span><span style=\"color: #17479e;\">Mec <\/span><\/strong>trang b\u1ecb hi\u1ec7n \u0111\u1ea1i t\u1eeb nh\u1eefng th\u01b0\u01a1ng hi\u1ec7u n\u1ed5i ti\u1ebfng nh\u01b0: Makino, Mazak, Charmiles, JSW, Sumitomo,\u2026<\/span><\/span><\/p>\n<p><span style=\"vertical-align: inherit; font-family: 'times new roman', times, serif;\"><span style=\"vertical-align: inherit;\">&#8211; Ch\u00ednh s\u00e1ch gi\u00e1 t\u1ed1t d\u00e0nh cho c\u00e1c kh\u00e1ch h\u00e0ng mua s\u1ec9, l\u00e0m \u0111\u1ea1i l\u00fd, nh\u00e0 ph\u00e2n ph\u1ed1i.<\/span><\/span><\/p>\n<p><span style=\"vertical-align: inherit; font-family: 'times new roman', times, serif;\"><span style=\"vertical-align: inherit;\">&#8211; V\u1edbi \u0111\u1ed9i ng\u0169 thi\u1ebft k\u1ebf gi\u00e0u kinh nghi\u1ec7m, nhi\u1ec1u chuy\u00ean gia l\u0129nh v\u1ef1c trong ng\u00e0nh n\u1eafm b\u1eaft xu h\u01b0\u1edbng, \u0111\u01b0a ra th\u1ecb tr\u01b0\u1eddng nh\u1eefng s\u1ea3n ph\u1ea9m ch\u1ea5t l\u01b0\u1ee3ng.<\/span><\/span><\/p>\n<h3><span class=\"ez-toc-section\" id=\"_Cac_chung_nhan_va_giai_thuong_dat_duoc\"><\/span><span style=\"font-family: 'times new roman', times, serif;\">\u00a0C\u00e1c ch\u1ee9ng nh\u1eadn v\u00e0 gi\u1ea3i th\u01b0\u1edfng \u0111\u1ea1t \u0111\u01b0\u1ee3c<\/span><span class=\"ez-toc-section-end\"><\/span><\/h3>\n<p><a class=\"https:\/\/midameccom416.chiliweb.org\/product\/lo-sinh-pham-40ml\/?lang=vi\" href=\"https:\/\/midameccom416.chiliweb.org\/product\/lo-sinh-pham-40ml\/?lang=vi\" target=\"_blank\" rel=\"https:\/\/midameccom416.chiliweb.org\/product\/lo-sinh-pham-40ml\/?lang=vi noopener\"><img decoding=\"async\" class=\"l\u1ecd sinh ph\u1ea9m 40ml aligncenter wp-image-11074 size-full\" title=\"l\u1ecd sinh ph\u1ea9m 40ml\" src=\"https:\/\/midameccom416.chiliweb.org\/wp-content\/uploads\/2024\/08\/241001_Dung_History-TA-1-02.jpg\" alt=\"l\u1ecd sinh ph\u1ea9m 40ml\" width=\"1498\" height=\"1015\" srcset=\"https:\/\/www.midamec.com\/wp-content\/uploads\/2024\/08\/241001_Dung_History-TA-1-02.jpg 1498w, https:\/\/www.midamec.com\/wp-content\/uploads\/2024\/08\/241001_Dung_History-TA-1-02-510x346.jpg 510w, https:\/\/www.midamec.com\/wp-content\/uploads\/2024\/08\/241001_Dung_History-TA-1-02-415x281.jpg 415w, https:\/\/www.midamec.com\/wp-content\/uploads\/2024\/08\/241001_Dung_History-TA-1-02-552x374.jpg 552w, https:\/\/www.midamec.com\/wp-content\/uploads\/2024\/08\/241001_Dung_History-TA-1-02-768x520.jpg 768w\" sizes=\"(max-width: 1498px) 100vw, 1498px\" \/><\/a><\/p>\n<p><span style=\"font-family: 'times new roman', times, serif;\"><strong>Ch\u1ee9ng nh\u1eadn FDA, RCS<\/strong><\/span><\/p>\n<p><span style=\"font-family: 'times new roman', times, serif;\"><span style=\"vertical-align: inherit;\">ISO 9001; ISO-14001; ISO-45001 (Ch\u1ea5t l\u01b0\u1ee3ng &#8211; M\u00f4i tr\u01b0\u1eddng-S\u1ee9c kh\u1ecfe)<\/span><\/span><\/p>\n<p><span style=\"font-family: 'times new roman', times, serif;\"><span style=\"vertical-align: inherit;\">ISO Class 5 \u2013 Ti\u00eau chu\u1ea9n s\u1ea3n ph\u1ea9m v\u1ec7 sinh ph\u00f2ng s\u1ea3n ph\u1ea9m y t\u1ebf<\/span><\/span><\/p>\n<p><span style=\"font-family: 'times new roman', times, serif;\"><span style=\"vertical-align: inherit;\">ISO-13485 Ng\u00e0nh s\u1ea3n xu\u1ea5t thi\u1ebft b\u1ecb y t\u1ebf<\/span><\/span><\/p>\n<p><span style=\"font-family: 'times new roman', times, serif;\"><span style=\"vertical-align: inherit;\">Th\u01b0\u01a1ng hi\u1ec7u qu\u1ed1c gia nhi\u1ec1u n\u0103m li\u1ec1n k\u1ec1<\/span><\/span><\/p>\n<p><span style=\"font-family: 'times new roman', times, serif;\"><span style=\"vertical-align: inherit;\">Top 500 DN t\u0103ng tr\u01b0\u1edfng nhanh nh\u1ea5t Vi\u1ec7t Nam<\/span><\/span><\/p>\n<ul style=\"list-style-type: circle;\">\n<li><span style=\"font-family: 'times new roman', times, serif;\"><span style=\"vertical-align: inherit;\">Top 50 DN t\u0103ng tr\u01b0\u1edfng xu\u1ea5t s\u1eafc nh\u1ea5t Vi\u1ec7t Nam.<\/span><\/span><\/li>\n<\/ul>\n<p><span style=\"vertical-align: inherit; font-family: 'times new roman', times, serif;\"><span style=\"vertical-align: inherit;\">&#8230;..v\u00e0 nhi\u1ec1u gi\u1ea3i th\u01b0\u1edfng kh\u00e1c.<\/span><\/span><\/p>\n<p><span style=\"color: #000000; font-family: times new roman, times, serif;\">H\u00e3y li\u00ean h\u1ec7 ch\u00fang t\u00f4i \u0111\u1ec3 bi\u1ebft th\u00eam th\u00f4ng tin chi ti\u1ebft<\/span><\/p>\n<h3><span class=\"ez-toc-section\" id=\"Thong_tin_lien_he\"><\/span><span style=\"font-family: 'times new roman', times, serif; font-size: 14pt;\">Th\u00f4ng tin li\u00ean h\u1ec7<\/span><span class=\"ez-toc-section-end\"><\/span><\/h3>\n<p>+ Hotline: +84 568 818 789<\/p>\n<p><span style=\"font-family: 'times new roman', times, serif; font-size: 12pt;\">+ Website:\u00a0<a href=\"https:\/\/midameccom416.chiliweb.org\/\" target=\"_blank\" rel=\"noopener\">midameccom416.chiliweb.org<\/a><\/span><\/p>\n<p><span style=\"font-family: 'times new roman', times, serif; font-size: 12pt;\">+ Email:\u00a0<a href=\"mailto:info@midamec.com\">info@midamec.com<\/a><\/span><\/p>\n<p><span style=\"font-family: 'times new roman', times, serif; font-size: 12pt;\">+ Fanpage:\u00a0<a href=\"https:\/\/midameccom416.chiliweb.org\/vi\/s\u1ea3n-ph\u1ea9m\/ong-nghiem-12x75mm-pet\/\" target=\"_blank\" rel=\"noopener\">https:\/\/www.facebook.com\/midamec<\/a><\/span><\/p>\n<p><span style=\"font-family: 'times new roman', times, serif; font-size: 12pt;\">+ Zalo:<a href=\"https:\/\/zalo.me\/midaofficial\" target=\"_blank\" rel=\"noopener\">\u00a0https:\/\/zalo.me\/midaofficial<\/a><\/span><\/p>\n<p><span style=\"font-family: 'times new roman', times, serif; font-size: 12pt;\">+\u00a0Youtube:\u00a0<a href=\"https:\/\/www.youtube.com\/@midamold7927\" target=\"_blank\" rel=\"noopener\">https:\/\/www.youtube.com\/@midamold7927<\/a><\/span><\/p>\n","protected":false},"excerpt":{"rendered":"<p><span style=\"font-family: 'times new roman', times, serif;\">&#8211; T\u00ean s\u1ea3n ph\u1ea9m c\u00f4ng b\u1ed1 b\u1ed9 y t\u1ebf: L\u1ecd sinh ph\u1ea9m 40ml<\/span><\/p>\n<p><span style=\"font-family: 'times new roman', times, serif;\">&#8211; M\u00e3 s\u1ea3n ph\u1ea9m: SC0001<\/span><\/p>\n<p><span style=\"font-family: 'times new roman', times, serif;\">&#8211; S\u1ed1 l\u01b0u h\u00e0nh: <span style=\"vertical-align: inherit;\">230000033\/PCBA-LA<\/span><\/span><\/p>\n<p><span style=\"font-family: 'times new roman', times, serif;\">&#8211; Xu\u1ea5t x\u1ee9 h\u00e0ng h\u00f3a: <span style=\"vertical-align: inherit;\">Vi\u1ec7t Nam<\/span><\/span><\/p>\n<p><span style=\"font-family: 'times new roman', times, serif;\">&#8211; Th\u00f4ng s\u1ed1 k\u1ef9 thu\u1eadt: <span style=\"vertical-align: inherit;\">Nh\u1ef1a PP, PS \u00d837x58mm, 40ml<\/span><\/span><\/p>\n<p><span style=\"font-family: 'times new roman', times, serif;\">&#8211; Ch\u00ednh s\u00e1ch gi\u00e1 t\u1ed1t tr\u00ean th\u1ecb tr\u01b0\u1eddng, gi\u00e1 \u01b0u \u0111\u00e3i: Mua s\u1ed1 l\u01b0\u1ee3ng l\u1edbn, th\u01b0\u01a1ng m\u1ea1i, \u0111\u1ea5u th\u1ea7u. Gi\u00e1 t\u1ed1t cho NPP, \u0111\u1ea1i l\u00fd. Gi\u00e1 \u0111\u1eb7c bi\u1ec7t cho kh\u00e1ch h\u00e0ng OEM<\/span><\/p>\n<p><span style=\"font-family: 'times new roman', times, serif;\">&#8211; Ph\u00e2n ph\u1ed1i: To\u00e0n qu\u1ed1c v\u00e0 xu\u1ea5t kh\u1ea9u n\u01b0\u1edbc ngo\u00e0i<\/span><\/p>\n<p><span style=\"font-family: 'times new roman', times, serif;\">&#8211; \u0110\u1ed9i ng\u0169 gi\u00e0u kinh nghi\u1ec7m, nhi\u1ec1u chuy\u00ean gia l\u0129nh v\u1ef1c trong ng\u00e0nh<\/span><\/p>\n<p><span style=\"font-family: 'times new roman', times, serif;\">&#8211; Ch\u1ea5t l\u01b0\u1ee3ng: <span style=\"vertical-align: inherit;\">S\u1ea3n ph\u1ea9m \u0111\u1ea1t chu\u1ea9n <strong><span style=\"color: #17479e;\">FDA , ISO Class 5, ISO-13485,<\/span> <span style=\"color: #ed1c24;\">ISO 9001, ISO 14001, ISO 45001<\/span><\/strong><\/span><\/span><\/p>\n<p><span style=\"font-family: 'times new roman', times, serif;\">&#8211; Quy tr\u00ecnh ki\u1ec3m so\u00e1t nghi\u00eam ng\u1eb7t<\/span><\/p>\n<p><span style=\"font-family: 'times new roman', times, serif;\">&#8211; S\u1ea3n ph\u1ea9m \u0111ang \u0111\u01b0\u1ee3c b\u00e1n tr\u00ean c\u00e1c s\u00e0n th\u01b0\u01a1ng m\u1ea1i \u0111i\u1ec7n t\u1eed: <strong>Shopee, Lazada, Tiki<\/strong><\/span><\/p>\n<p><strong><em><span style=\"font-family: 'times new roman', times, serif;\">H\u00e3y li\u00ean h\u1ec7 v\u1edbi ch\u00fang t\u00f4i \u0111\u1ec3 nh\u1eadn \u0111\u01b0\u1ee3c s\u1ef1 ch\u0103m s\u00f3c t\u1eadn t\u00e2m!<\/span><\/em><\/strong><\/p>\n","protected":false},"featured_media":10598,"comment_status":"closed","ping_status":"closed","template":"","meta":[],"product_cat":[127],"product_tag":[],"_links":{"self":[{"href":"https:\/\/www.midamec.com\/vi\/wp-json\/wp\/v2\/product\/5432"}],"collection":[{"href":"https:\/\/www.midamec.com\/vi\/wp-json\/wp\/v2\/product"}],"about":[{"href":"https:\/\/www.midamec.com\/vi\/wp-json\/wp\/v2\/types\/product"}],"replies":[{"embeddable":true,"href":"https:\/\/www.midamec.com\/vi\/wp-json\/wp\/v2\/comments?post=5432"}],"wp:featuredmedia":[{"embeddable":true,"href":"https:\/\/www.midamec.com\/vi\/wp-json\/wp\/v2\/media\/10598"}],"wp:attachment":[{"href":"https:\/\/www.midamec.com\/vi\/wp-json\/wp\/v2\/media?parent=5432"}],"wp:term":[{"taxonomy":"product_cat","embeddable":true,"href":"https:\/\/www.midamec.com\/vi\/wp-json\/wp\/v2\/product_cat?post=5432"},{"taxonomy":"product_tag","embeddable":true,"href":"https:\/\/www.midamec.com\/vi\/wp-json\/wp\/v2\/product_tag?post=5432"}],"curies":[{"name":"wp","href":"https:\/\/api.w.org\/{rel}","templated":true}]}}