{"id":11838,"date":"2025-06-30T03:47:25","date_gmt":"2025-06-30T03:47:25","guid":{"rendered":"https:\/\/www.midamec.com\/?post_type=product&#038;p=11838"},"modified":"2026-03-04T06:40:46","modified_gmt":"2026-03-04T06:40:46","slug":"cay-lan-massge-cam-tay","status":"publish","type":"product","link":"https:\/\/www.midamec.com\/vi\/product\/cay-lan-massge-cam-tay\/","title":{"rendered":"C\u00e2y l\u0103n massage c\u1ea7m tay"},"content":{"rendered":"<div id=\"ez-toc-container\" class=\"ez-toc-v2_0_73 counter-hierarchy ez-toc-counter ez-toc-grey ez-toc-container-direction\">\n<div class=\"ez-toc-title-container\">\n<p class=\"ez-toc-title\" style=\"cursor:inherit\">Table of Contents<\/p>\n<span class=\"ez-toc-title-toggle\"><a href=\"#\" class=\"ez-toc-pull-right ez-toc-btn ez-toc-btn-xs ez-toc-btn-default ez-toc-toggle\" aria-label=\"Toggle Table of Content\"><span class=\"ez-toc-js-icon-con\"><span class=\"\"><span class=\"eztoc-hide\" style=\"display:none;\">Toggle<\/span><span class=\"ez-toc-icon-toggle-span\"><svg style=\"fill: #999;color:#999\" xmlns=\"http:\/\/www.w3.org\/2000\/svg\" class=\"list-377408\" width=\"20px\" height=\"20px\" viewBox=\"0 0 24 24\" fill=\"none\"><path d=\"M6 6H4v2h2V6zm14 0H8v2h12V6zM4 11h2v2H4v-2zm16 0H8v2h12v-2zM4 16h2v2H4v-2zm16 0H8v2h12v-2z\" fill=\"currentColor\"><\/path><\/svg><svg style=\"fill: #999;color:#999\" class=\"arrow-unsorted-368013\" xmlns=\"http:\/\/www.w3.org\/2000\/svg\" width=\"10px\" height=\"10px\" viewBox=\"0 0 24 24\" version=\"1.2\" baseProfile=\"tiny\"><path d=\"M18.2 9.3l-6.2-6.3-6.2 6.3c-.2.2-.3.4-.3.7s.1.5.3.7c.2.2.4.3.7.3h11c.3 0 .5-.1.7-.3.2-.2.3-.5.3-.7s-.1-.5-.3-.7zM5.8 14.7l6.2 6.3 6.2-6.3c.2-.2.3-.5.3-.7s-.1-.5-.3-.7c-.2-.2-.4-.3-.7-.3h-11c-.3 0-.5.1-.7.3-.2.2-.3.5-.3.7s.1.5.3.7z\"\/><\/svg><\/span><\/span><\/span><\/a><\/span><\/div>\n<nav><ul class='ez-toc-list ez-toc-list-level-1 ' ><li class='ez-toc-page-1 ez-toc-heading-level-1'><a class=\"ez-toc-link ez-toc-heading-1\" href=\"https:\/\/www.midamec.com\/vi\/product\/cay-lan-massge-cam-tay\/#CAY_LAN_MASSAGE_CAM_TAY_%E2%80%93_Giai_phap_thu_gian_thong_minh_cho_cuoc_song_hien_dai\" title=\"C\u00c2Y L\u0102N MASSAGE C\u1ea6M TAY &#8211; Gi\u1ea3i ph\u00e1p th\u01b0 gi\u00e3n th\u00f4ng minh cho cu\u1ed9c s\u1ed1ng hi\u1ec7n \u0111\u1ea1i\">C\u00c2Y L\u0102N MASSAGE C\u1ea6M TAY &#8211; Gi\u1ea3i ph\u00e1p th\u01b0 gi\u00e3n th\u00f4ng minh cho cu\u1ed9c s\u1ed1ng hi\u1ec7n \u0111\u1ea1i<\/a><\/li><li class='ez-toc-page-1 ez-toc-heading-level-1'><a class=\"ez-toc-link ez-toc-heading-2\" href=\"https:\/\/www.midamec.com\/vi\/product\/cay-lan-massge-cam-tay\/#Thong_tin_nha_san_xuat_MidaMec_%E2%80%93_san_xuat_vat_tu_y_te_nhua_va_san_pham_cham_soc_suc_khoe\" title=\"Th\u00f4ng tin nh\u00e0 s\u1ea3n xu\u1ea5t MidaMec &#8211; s\u1ea3n xu\u1ea5t v\u1eadt t\u01b0 y t\u1ebf nh\u1ef1a v\u00e0 s\u1ea3n ph\u1ea9m ch\u0103m s\u00f3c s\u1ee9c kh\u1ecfe\">Th\u00f4ng tin nh\u00e0 s\u1ea3n xu\u1ea5t MidaMec &#8211; s\u1ea3n xu\u1ea5t v\u1eadt t\u01b0 y t\u1ebf nh\u1ef1a v\u00e0 s\u1ea3n ph\u1ea9m ch\u0103m s\u00f3c s\u1ee9c kh\u1ecfe<\/a><\/li><li class='ez-toc-page-1 ez-toc-heading-level-1'><a class=\"ez-toc-link ez-toc-heading-3\" href=\"https:\/\/www.midamec.com\/vi\/product\/cay-lan-massge-cam-tay\/#Thong_tin_lien_he\" title=\"Th\u00f4ng tin li\u00ean h\u1ec7\">Th\u00f4ng tin li\u00ean h\u1ec7<\/a><\/li><\/ul><\/nav><\/div>\n<h1><span class=\"ez-toc-section\" id=\"CAY_LAN_MASSAGE_CAM_TAY_%E2%80%93_Giai_phap_thu_gian_thong_minh_cho_cuoc_song_hien_dai\"><\/span><strong>C\u00c2Y L\u0102N MASSAGE C\u1ea6M TAY &#8211; Gi\u1ea3i ph\u00e1p th\u01b0 gi\u00e3n th\u00f4ng minh cho cu\u1ed9c s\u1ed1ng hi\u1ec7n \u0111\u1ea1i<\/strong><span class=\"ez-toc-section-end\"><\/span><\/h1>\n<p>Trong nh\u1ecbp s\u1ed1ng b\u1eadn r\u1ed9n ng\u00e0y nay, vi\u1ec7c t\u00ecm ki\u1ebfm m\u1ed9t ph\u01b0\u01a1ng ph\u00e1p th\u01b0 gi\u00e3n ti\u1ec7n l\u1ee3i, hi\u1ec7u qu\u1ea3 v\u00e0 th\u00e2n thi\u1ec7n v\u1edbi m\u00f4i tr\u01b0\u1eddng tr\u1edf n\u00ean quan tr\u1ecdng h\u01a1n bao gi\u1edd h\u1ebft.<\/p>\n<p><strong data-start=\"455\" data-end=\"482\">C\u00e2y l\u0103n massage c\u1ea7m tay<\/strong> l\u00e0 l\u1ef1a ch\u1ecdn l\u00fd t\u01b0\u1edfng d\u00e0nh cho m\u1ecdi \u0111\u1ed1i t\u01b0\u1ee3ng \u2013 t\u1eeb ng\u01b0\u1eddi l\u00e0m v\u0103n ph\u00f2ng, ng\u01b0\u1eddi cao tu\u1ed5i \u0111\u1ebfn nh\u1eefng ai th\u01b0\u1eddng xuy\u00ean v\u1eadn \u0111\u1ed9ng ho\u1eb7c s\u1eed d\u1ee5ng \u0111i\u1ec7n tho\u1ea1i, m\u00e1y t\u00ednh trong th\u1eddi gian d\u00e0i.<\/p>\n<p>V\u1edbi thi\u1ebft k\u1ebf th\u00f4ng minh, <strong data-start=\"684\" data-end=\"711\">c\u00e2y l\u0103n massage c\u1ea7m tay<\/strong> t\u00edch h\u1ee3p \u0111\u1ea7u l\u0103n \u0111a n\u0103ng c\u00f9ng c\u00e1c gai massage gi\u00fap k\u00edch th\u00edch huy\u1ec7t \u0111\u1ea1o tr\u00ean c\u00e1c v\u00f9ng c\u01a1 th\u1ec3 nh\u01b0 tay, ch\u00e2n, vai, c\u1ed5, m\u1eb7t&#8230; Ngo\u00e0i ra, 2 ch\u1ea5u massage chuy\u00ean s\u00e2u c\u00f2n h\u1ed7 tr\u1ee3 gi\u1ea3m m\u1ecfi v\u00f9ng m\u1eaft, thon g\u1ecdn c\u00e1nh m\u0169i \u2013 mang l\u1ea1i c\u1ea3m gi\u00e1c th\u01b0 gi\u00e3n s\u00e2u v\u00e0 d\u1ec5 ch\u1ecbu. Ch\u1ec9 v\u1edbi v\u00e0i ph\u00fat m\u1ed7i ng\u00e0y, b\u1ea1n s\u1ebd c\u1ea3m nh\u1eadn s\u1ef1 thay \u0111\u1ed5i t\u00edch c\u1ef1c v\u1ec1 s\u1ee9c kh\u1ecfe: c\u1ea3i thi\u1ec7n tu\u1ea7n ho\u00e0n m\u00e1u, gi\u1ea3m \u0111au nh\u1ee9c, h\u1ed7 tr\u1ee3 gi\u1ea5c ng\u1ee7 ngon v\u00e0 tinh th\u1ea7n tho\u1ea3i m\u00e1i h\u01a1n.<\/p>\n<p>\u0110\u1eb7c bi\u1ec7t, <strong data-start=\"1142\" data-end=\"1169\">c\u00e2y l\u0103n massage c\u1ea7m tay<\/strong> c\u00f3 k\u00edch th\u01b0\u1edbc nh\u1ecf g\u1ecdn, thao t\u00e1c \u0111\u01a1n gi\u1ea3n v\u00e0 d\u1ec5 d\u00e0ng mang theo \u2013 gi\u00fap b\u1ea1n c\u00f3 th\u1ec3 th\u01b0 gi\u00e3n m\u1ecdi l\u00fac, m\u1ecdi n\u01a1i. S\u1ea3n ph\u1ea9m c\u00f2n \u0111\u01b0\u1ee3c s\u1ea3n xu\u1ea5t t\u1eeb nh\u1ef1a t\u00e1i ch\u1ebf rPET th\u00e2n thi\u1ec7n v\u1edbi m\u00f4i tr\u01b0\u1eddng, an to\u00e0n cho ng\u01b0\u1eddi s\u1eed d\u1ee5ng v\u00e0 g\u00f3p ph\u1ea7n b\u1ea3o v\u1ec7 m\u00f4i tr\u01b0\u1eddng.<\/p>\n<h1><span class=\"ez-toc-section\" id=\"Thong_tin_nha_san_xuat_MidaMec_%E2%80%93_san_xuat_vat_tu_y_te_nhua_va_san_pham_cham_soc_suc_khoe\"><\/span>Th\u00f4ng tin nh\u00e0 s\u1ea3n xu\u1ea5t MidaMec &#8211; s\u1ea3n xu\u1ea5t v\u1eadt t\u01b0 y t\u1ebf nh\u1ef1a v\u00e0 s\u1ea3n ph\u1ea9m ch\u0103m s\u00f3c s\u1ee9c kh\u1ecfe<span class=\"ez-toc-section-end\"><\/span><\/h1>\n<p>&#8211; \u0110\u01a1n v\u1ecb d\u1eabn \u0111\u1ea7u Vi\u1ec7t Nam trong l\u0129nh v\u1ef1c s\u1ea3n xu\u1ea5t c\u00e1c s\u1ea3n ph\u1ea9m v\u1eadt t\u01b0 y t\u1ebf v\u00e0 ch\u0103m s\u00f3c s\u1ee9c kh\u1ecfe<\/p>\n<p>&#8211; S\u1ea3n ph\u1ea9m \u0111\u01b0\u1ee3c ph\u00e2n ph\u1ed1i to\u00e0n qu\u1ed1c v\u00e0 xu\u1ea5t kh\u1ea9u th\u1ecb tr\u01b0\u1eddng n\u01b0\u1edbc ngo\u00e0i, \u0111ang l\u00e0 s\u1ef1 l\u1ef1a ch\u1ecdn tin c\u1eady c\u1ee7a nhi\u1ec1u kh\u00e1ch h\u00e0ng trong v\u00e0 ngo\u00e0i n\u01b0\u1edbc<\/p>\n<p>&#8211; \u0110\u1ec3 \u0111\u00e1p \u1ee9ng c\u00e1c nhu c\u1ea7u ng\u00e0y c\u00e0ng cao c\u1ee7a th\u1ecb tr\u01b0\u1eddng v\u00e0 c\u00e1c ti\u00eau chu\u1ea9n kh\u1eafc khe MidaMec trang b\u1ecb hi\u1ec7n \u0111\u1ea1i t\u1eeb nh\u1eefng th\u01b0\u01a1ng hi\u1ec7u n\u1ed5i ti\u1ebfng nh\u01b0: Makino, Mazak, Charmiles, JSW, Sumitomo,\u2026<\/p>\n<p>&#8211; Ch\u00ednh s\u00e1ch gi\u00e1 t\u1ed1t d\u00e0nh cho c\u00e1c kh\u00e1ch h\u00e0ng mua s\u1ec9, l\u00e0m \u0111\u1ea1i l\u00fd, nh\u00e0 ph\u00e2n ph\u1ed1i<\/p>\n<p>&#8211; V\u1edbi \u0111\u1ed9i ng\u0169 thi\u1ebft k\u1ebf gi\u00e0u kinh nghi\u1ec7m, nhi\u1ec1u chuy\u00ean gia l\u0129nh v\u1ef1c trong ng\u00e0nh n\u1eafm b\u1eaft xu h\u01b0\u1edbng, \u0111\u01b0a ra th\u1ecb tr\u01b0\u1eddng nh\u1eefng s\u1ea3n ph\u1ea9m ch\u1ea5t l\u01b0\u1ee3ng<\/p>\n<p><strong>* C\u00e1c ch\u1ee9ng nh\u1eadn v\u00e0 gi\u1ea3i th\u01b0\u1edfng \u0111\u1ea1t \u0111\u01b0\u1ee3c<\/strong><\/p>\n<p>Ch\u1ee9ng nh\u1eadn FDA,GRS<\/p>\n<p>\u1ee8ng d\u1ee5ng c\u00f4ng ngh\u1ec7 cao<\/p>\n<p>ISO-9001; ISO-14001; ISO-45001 (Ch\u1ea5t l\u01b0\u1ee3ng &#8211; M\u00f4i tr\u01b0\u1eddng-S\u1ee9c kh\u1ecfe)<\/p>\n<p>ISO-26000 (Tr\u00e1ch nhi\u1ec7m x\u00e3 h\u1ed9i cho doanh nghi\u1ec7p)<\/p>\n<p><span data-teams=\"true\">IATF-16949 (H\u1ec7 th\u1ed1ng qu\u1ea3n l\u00fd ch\u1ea5t l\u01b0\u1ee3ng Ng\u00e0nh c\u00f4ng nghi\u1ec7p \u00d4 t\u00f4)<\/span><\/p>\n<p>ISO Class 5 (Ti\u00eau chu\u1ea9n h\u1ec7 th\u1ed1ng ph\u00f2ng s\u1ea1ch s\u1ea3n ph\u1ea9m y t\u1ebf)<\/p>\n<p>ISO-13485 (H\u1ec7 th\u1ed1ng qu\u1ea3n l\u00fd ch\u1ea5t l\u01b0\u1ee3ng ng\u00e0nh s\u1ea3n xu\u1ea5t thi\u1ebft b\u1ecb y t\u1ebf)<\/p>\n<p>Th\u01b0\u01a1ng hi\u1ec7u qu\u1ed1c gia nhi\u1ec1u n\u0103m li\u00ean ti\u1ebfp (2016-2018; 2018 &#8211; 2020; 2020 &#8211; 2022; 2022 &#8211; 2024; 2024 &#8211; 2026)<\/p>\n<p>Nhi\u1ec1u n\u0103m li\u00ean ti\u1ebfp trong Top 500 DN t\u0103ng tr\u01b0\u1edfng nhanh nh\u1ea5t Vi\u1ec7t Nam &amp; Top 50 DN t\u0103ng tr\u01b0\u1edfng xu\u1ea5t s\u1eafc nh\u1ea5t Vi\u1ec7t Nam<\/p>\n<p>H\u00e0ng Vi\u1ec7t Nam ch\u1ea5t l\u01b0\u1ee3ng cao chu\u1ea9n h\u1ed9i nh\u1eadp<\/p>\n<p>S\u1ea3n ph\u1ea9m, d\u1ecbch v\u1ee5 ti\u00eau bi\u1ec3u TP.HCM<\/p>\n<p>&#8230;..v\u00e0 nhi\u1ec1u gi\u1ea3i th\u01b0\u1edfng danh gi\u00e1 kh\u00e1c.<\/p>\n<p>H\u00e3y li\u00ean h\u1ec7 ch\u00fang t\u00f4i \u0111\u1ec3 bi\u1ebft th\u00eam th\u00f4ng tin chi ti\u1ebft<\/p>\n<h1><span class=\"ez-toc-section\" id=\"Thong_tin_lien_he\"><\/span><strong><span style=\"vertical-align: inherit; font-family: 'times new roman', times, serif;\"><span style=\"vertical-align: inherit;\">Th\u00f4ng tin li\u00ean h\u1ec7<\/span><\/span><\/strong><span class=\"ez-toc-section-end\"><\/span><\/h1>\n<p>+ Hotline: +84 568 818 789<\/p>\n<p><span style=\"vertical-align: inherit; font-family: 'times new roman', times, serif;\"><span style=\"vertical-align: inherit;\">+ Website: https:\/\/www.midamec.com\/<\/span><\/span><\/p>\n<p><span style=\"font-family: 'times new roman', times, serif;\"><span style=\"vertical-align: inherit;\">+ Email: <\/span><a href=\"mailto:info@midamec.com\"><span style=\"vertical-align: inherit;\">info@midamec.com<\/span><\/a><\/span><\/p>\n<p><span style=\"vertical-align: inherit; font-family: 'times new roman', times, serif;\"><span style=\"vertical-align: inherit;\">+ Fanpage: <a href=\"https:\/\/www.facebook.com\/midamec\" target=\"_blank\" rel=\"noopener\">https:\/\/www.facebook.com\/midamec<\/a><\/span><\/span><\/p>\n<p><span style=\"font-family: 'times new roman', times, serif;\">+ Zalo:<a href=\"https:\/\/zalo.me\/midaofficial\" target=\"_blank\" rel=\"noopener\"> https:\/\/zalo.me\/midaofficial<\/a><\/span><\/p>\n<p><span style=\"font-family: 'times new roman', times, serif;\">+ Youtube: <a href=\"https:\/\/www.youtube.com\/@midamold7927\" target=\"_blank\" rel=\"noopener\">https:\/\/www.youtube.com\/@midamold7927<\/a><\/span><\/p>\n","protected":false},"excerpt":{"rendered":"<p><span style=\"font-family: 'times new roman', times, serif;\">&#8211; T\u00ean s\u1ea3n ph\u1ea9m: C\u00e2y l\u0103n massage c\u1ea7m tay<\/span><\/p>\n<p><span style=\"font-family: 'times new roman', times, serif;\">&#8211; M\u00e3 s\u1ea3n ph\u1ea9m: HMR0001<\/span><\/p>\n<p><span style=\"font-family: 'times new roman', times, serif;\">&#8211; Xu\u1ea5t x\u1ee9 h\u00e0ng h\u00f3a: <span style=\"vertical-align: inherit;\">Vi\u1ec7t Nam<\/span><\/span><\/p>\n<p><span style=\"font-family: 'times new roman', times, serif;\">&#8211; Th\u00f4ng s\u1ed1 k\u1ef9 thu\u1eadt: 206x80x30 mm<\/span><\/p>\n<p><span style=\"font-family: 'times new roman', times, serif;\">&#8211; M\u00e0u s\u1eafc: D\u01b0\u01a1ng\/ L\u00e1\/ \u0110\u1ecf<\/span><\/p>\n<p><span style=\"font-family: 'times new roman', times, serif;\">&#8211; Ch\u1ea5t li\u1ec7u: nh\u1ef1a rPET, nh\u1ef1a PP<br \/>\n<\/span><\/p>\n<p><span style=\"font-family: 'times new roman', times, serif;\">&#8211; Ch\u00ednh s\u00e1ch gi\u00e1 t\u1ed1t tr\u00ean th\u1ecb tr\u01b0\u1eddng, gi\u00e1 \u01b0u \u0111\u00e3i: Mua s\u1ed1 l\u01b0\u1ee3ng l\u1edbn, th\u01b0\u01a1ng m\u1ea1i, \u0111\u1ea5u th\u1ea7u. Gi\u00e1 t\u1ed1t cho NPP, \u0111\u1ea1i l\u00fd. Gi\u00e1 \u0111\u1eb7c bi\u1ec7t cho kh\u00e1ch h\u00e0ng OEM<\/span><\/p>\n<p><span style=\"font-family: 'times new roman', times, serif;\">&#8211; Ph\u00e2n ph\u1ed1i: To\u00e0n qu\u1ed1c v\u00e0 xu\u1ea5t kh\u1ea9u n\u01b0\u1edbc ngo\u00e0i<\/span><\/p>\n<p><span style=\"font-family: 'times new roman', times, serif;\">&#8211; \u0110\u1ed9i ng\u0169 gi\u00e0u kinh nghi\u1ec7m, nhi\u1ec1u chuy\u00ean gia l\u0129nh v\u1ef1c trong ng\u00e0nh<\/span><\/p>\n<p><span style=\"font-family: 'times new roman', times, serif;\">&#8211; Quy tr\u00ecnh ki\u1ec3m so\u00e1t nghi\u00eam ng\u1eb7t<\/span><\/p>\n<p><span style=\"font-family: 'times new roman', times, serif;\">&#8211; S\u1ea3n ph\u1ea9m \u0111ang \u0111\u01b0\u1ee3c b\u00e1n tr\u00ean c\u00e1c s\u00e0n th\u01b0\u01a1ng m\u1ea1i \u0111i\u1ec7n t\u1eed: <strong>Shopee, Lazada, Tiki, Tiktokshop<\/strong><\/span><\/p>\n<p><strong><em><span style=\"font-family: 'times new roman', times, serif;\">H\u00e3y li\u00ean h\u1ec7 v\u1edbi ch\u00fang t\u00f4i \u0111\u1ec3 nh\u1eadn \u0111\u01b0\u1ee3c s\u1ef1 ch\u0103m s\u00f3c t\u1eadn t\u00e2m!<\/span><\/em><\/strong><\/p>\n","protected":false},"featured_media":11843,"comment_status":"closed","ping_status":"closed","template":"","meta":[],"product_cat":[371],"product_tag":[],"_links":{"self":[{"href":"https:\/\/www.midamec.com\/vi\/wp-json\/wp\/v2\/product\/11838"}],"collection":[{"href":"https:\/\/www.midamec.com\/vi\/wp-json\/wp\/v2\/product"}],"about":[{"href":"https:\/\/www.midamec.com\/vi\/wp-json\/wp\/v2\/types\/product"}],"replies":[{"embeddable":true,"href":"https:\/\/www.midamec.com\/vi\/wp-json\/wp\/v2\/comments?post=11838"}],"wp:featuredmedia":[{"embeddable":true,"href":"https:\/\/www.midamec.com\/vi\/wp-json\/wp\/v2\/media\/11843"}],"wp:attachment":[{"href":"https:\/\/www.midamec.com\/vi\/wp-json\/wp\/v2\/media?parent=11838"}],"wp:term":[{"taxonomy":"product_cat","embeddable":true,"href":"https:\/\/www.midamec.com\/vi\/wp-json\/wp\/v2\/product_cat?post=11838"},{"taxonomy":"product_tag","embeddable":true,"href":"https:\/\/www.midamec.com\/vi\/wp-json\/wp\/v2\/product_tag?post=11838"}],"curies":[{"name":"wp","href":"https:\/\/api.w.org\/{rel}","templated":true}]}}