{"id":11557,"date":"2025-02-07T09:18:37","date_gmt":"2025-02-07T09:18:37","guid":{"rendered":"https:\/\/midameccom416.chiliweb.org\/?post_type=product&#038;p=11557"},"modified":"2025-10-25T04:50:37","modified_gmt":"2025-10-25T04:50:37","slug":"kep-ron","status":"publish","type":"product","link":"https:\/\/www.midamec.com\/vi\/product\/kep-ron\/","title":{"rendered":"K\u1eb9p r\u1ed1n (50 c\u00e1i\/ h\u1ed9p)"},"content":{"rendered":"<div id=\"ez-toc-container\" class=\"ez-toc-v2_0_73 counter-hierarchy ez-toc-counter ez-toc-grey ez-toc-container-direction\">\n<div class=\"ez-toc-title-container\">\n<p class=\"ez-toc-title\" style=\"cursor:inherit\">Table of Contents<\/p>\n<span class=\"ez-toc-title-toggle\"><a href=\"#\" class=\"ez-toc-pull-right ez-toc-btn ez-toc-btn-xs ez-toc-btn-default ez-toc-toggle\" aria-label=\"Toggle Table of Content\"><span class=\"ez-toc-js-icon-con\"><span class=\"\"><span class=\"eztoc-hide\" style=\"display:none;\">Toggle<\/span><span class=\"ez-toc-icon-toggle-span\"><svg style=\"fill: #999;color:#999\" xmlns=\"http:\/\/www.w3.org\/2000\/svg\" class=\"list-377408\" width=\"20px\" height=\"20px\" viewBox=\"0 0 24 24\" fill=\"none\"><path d=\"M6 6H4v2h2V6zm14 0H8v2h12V6zM4 11h2v2H4v-2zm16 0H8v2h12v-2zM4 16h2v2H4v-2zm16 0H8v2h12v-2z\" fill=\"currentColor\"><\/path><\/svg><svg style=\"fill: #999;color:#999\" class=\"arrow-unsorted-368013\" xmlns=\"http:\/\/www.w3.org\/2000\/svg\" width=\"10px\" height=\"10px\" viewBox=\"0 0 24 24\" version=\"1.2\" baseProfile=\"tiny\"><path d=\"M18.2 9.3l-6.2-6.3-6.2 6.3c-.2.2-.3.4-.3.7s.1.5.3.7c.2.2.4.3.7.3h11c.3 0 .5-.1.7-.3.2-.2.3-.5.3-.7s-.1-.5-.3-.7zM5.8 14.7l6.2 6.3 6.2-6.3c.2-.2.3-.5.3-.7s-.1-.5-.3-.7c-.2-.2-.4-.3-.7-.3h-11c-.3 0-.5.1-.7.3-.2.2-.3.5-.3.7s.1.5.3.7z\"\/><\/svg><\/span><\/span><\/span><\/a><\/span><\/div>\n<nav><ul class='ez-toc-list ez-toc-list-level-1 ' ><li class='ez-toc-page-1 ez-toc-heading-level-1'><a class=\"ez-toc-link ez-toc-heading-1\" href=\"https:\/\/www.midamec.com\/vi\/product\/kep-ron\/#Kep_ron_MidaMec\" title=\"K\u1eb9p r\u1ed1n\u00a0MidaMec\u00a0\">K\u1eb9p r\u1ed1n\u00a0MidaMec\u00a0<\/a><ul class='ez-toc-list-level-2' ><li class='ez-toc-heading-level-2'><a class=\"ez-toc-link ez-toc-heading-2\" href=\"https:\/\/www.midamec.com\/vi\/product\/kep-ron\/#Cong_dung\" title=\"C\u00f4ng d\u1ee5ng\u00a0\">C\u00f4ng d\u1ee5ng\u00a0<\/a><\/li><li class='ez-toc-page-1 ez-toc-heading-level-2'><a class=\"ez-toc-link ez-toc-heading-3\" href=\"https:\/\/www.midamec.com\/vi\/product\/kep-ron\/#Uu_diem\" title=\"\u01afu \u0111i\u1ec3m\">\u01afu \u0111i\u1ec3m<\/a><\/li><li class='ez-toc-page-1 ez-toc-heading-level-2'><a class=\"ez-toc-link ez-toc-heading-4\" href=\"https:\/\/www.midamec.com\/vi\/product\/kep-ron\/#MidaMec_chuyen_cung_cap_cac_san_pham_vat_tu_y_te_cham_soc_suc_khoe\" title=\"MidaMec chuy\u00ean cung c\u1ea5p\u00a0c\u00e1c s\u1ea3n ph\u1ea9m v\u1eadt t\u01b0 y t\u1ebf &amp; ch\u0103m s\u00f3c s\u1ee9c kh\u1ecfe\">MidaMec chuy\u00ean cung c\u1ea5p\u00a0c\u00e1c s\u1ea3n ph\u1ea9m v\u1eadt t\u01b0 y t\u1ebf &amp; ch\u0103m s\u00f3c s\u1ee9c kh\u1ecfe<\/a><\/li><li class='ez-toc-page-1 ez-toc-heading-level-2'><a class=\"ez-toc-link ez-toc-heading-5\" href=\"https:\/\/www.midamec.com\/vi\/product\/kep-ron\/#Cac_chung_nhan_va_giai_thuong_dat_duoc\" title=\"C\u00e1c ch\u1ee9ng nh\u1eadn v\u00e0 gi\u1ea3i th\u01b0\u1edfng \u0111\u1ea1t \u0111\u01b0\u1ee3c\">C\u00e1c ch\u1ee9ng nh\u1eadn v\u00e0 gi\u1ea3i th\u01b0\u1edfng \u0111\u1ea1t \u0111\u01b0\u1ee3c<\/a><\/li><li class='ez-toc-page-1 ez-toc-heading-level-2'><a class=\"ez-toc-link ez-toc-heading-6\" href=\"https:\/\/www.midamec.com\/vi\/product\/kep-ron\/#Thong_tin_lien_he\" title=\"Th\u00f4ng tin li\u00ean h\u1ec7\">Th\u00f4ng tin li\u00ean h\u1ec7<\/a><\/li><\/ul><\/li><\/ul><\/nav><\/div>\n<h1><span class=\"ez-toc-section\" id=\"Kep_ron_MidaMec\"><\/span><em><strong><span style=\"font-family: times new roman, times, serif;\">K\u1eb9p r\u1ed1n<\/span><span style=\"font-size: 14pt; font-family: 'times new roman', times, serif;\"><span style=\"vertical-align: inherit;\">\u00a0<span style=\"color: #ed1c00;\">Mida<\/span><span style=\"color: #17479e;\">Mec<\/span>\u00a0<\/span><\/span><\/strong><\/em><span class=\"ez-toc-section-end\"><\/span><\/h1>\n<h2><span class=\"ez-toc-section\" id=\"Cong_dung\"><\/span><span style=\"font-family: 'times new roman', times, serif;\">C\u00f4ng d\u1ee5ng\u00a0<\/span><span class=\"ez-toc-section-end\"><\/span><\/h2>\n<p>1. <em><strong>K\u1eb9p r\u1ed1n<\/strong><\/em> gi\u00fap ng\u0103n ng\u1eeba ch\u1ea3y m\u00e1u v\u00e0 nhi\u1ec5m tr\u00f9ng:<\/p>\n<ul data-sourcepos=\"5:1-7:0\">\n<li data-sourcepos=\"5:1-5:135\">C\u1ea7m m\u00e1u hi\u1ec7u qu\u1ea3: K\u1eb9p r\u1ed1n gi\u00fap b\u1ecbt k\u00edn m\u1ea1ch m\u00e1u c\u1ee7a d\u00e2y r\u1ed1n sau khi c\u1eaft, ng\u0103n ch\u1eb7n t\u00ecnh tr\u1ea1ng ch\u1ea3y m\u00e1u nguy hi\u1ec3m \u1edf tr\u1ebb s\u01a1 sinh.<\/li>\n<li data-sourcepos=\"6:1-7:0\">Gi\u1ea3m nguy c\u01a1 nhi\u1ec5m tr\u00f9ng: V\u1ebft c\u1eaft d\u00e2y r\u1ed1n l\u00e0 n\u01a1i d\u1ec5 b\u1ecb vi khu\u1ea9n x\u00e2m nh\u1eadp, g\u00e2y nhi\u1ec5m tr\u00f9ng. K\u1eb9p r\u1ed1n gi\u00fap b\u1ea3o v\u1ec7 v\u1ebft th\u01b0\u01a1ng, gi\u1ea3m thi\u1ec3u nguy c\u01a1 n\u00e0y.<\/li>\n<\/ul>\n<p>2. <em><strong>K\u1eb9p r\u1ed1n<\/strong><\/em> h\u1ed7 tr\u1ee3 qu\u00e1 tr\u00ecnh r\u1ee5ng r\u1ed1n t\u1ef1 nhi\u00ean:<\/p>\n<ul data-sourcepos=\"10:1-12:0\">\n<li data-sourcepos=\"10:1-10:137\">Gi\u00fap r\u1ed1n kh\u00f4 v\u00e0 r\u1ee5ng nhanh: K\u1eb9p r\u1ed1n t\u1ea1o \u0111i\u1ec1u ki\u1ec7n cho cu\u1ed1ng r\u1ed1n kh\u00f4 v\u00e0 t\u1ef1 r\u1ee5ng trong v\u00f2ng 1-3 tu\u1ea7n, m\u1ed9t c\u00e1ch t\u1ef1 nhi\u00ean v\u00e0 an to\u00e0n.<\/li>\n<li data-sourcepos=\"11:1-12:0\">Kh\u00f4ng g\u00e2y \u0111au \u0111\u1edbn cho b\u00e9: K\u1eb9p r\u1ed1n \u0111\u01b0\u1ee3c thi\u1ebft k\u1ebf \u0111\u1ec3 kh\u00f4ng g\u00e2y \u0111au hay kh\u00f3 ch\u1ecbu cho b\u00e9 trong qu\u00e1 tr\u00ecnh r\u1ee5ng r\u1ed1n.<\/li>\n<\/ul>\n<p>3. <em><strong>K\u1eb9p r\u1ed1n<\/strong><\/em> \u0111\u01a1n gi\u1ea3n v\u00e0 d\u1ec5 s\u1eed d\u1ee5ng:<\/p>\n<ul data-sourcepos=\"15:1-17:0\">\n<li data-sourcepos=\"15:1-15:125\">Vi\u1ec7c k\u1eb9p v\u00e0 th\u00e1o k\u1eb9p r\u1ed1n kh\u00e1 \u0111\u01a1n gi\u1ea3n, th\u01b0\u1eddng \u0111\u01b0\u1ee3c th\u1ef1c hi\u1ec7n b\u1edfi nh\u00e2n vi\u00ean y t\u1ebf ngay sau khi sinh.<\/li>\n<li data-sourcepos=\"16:1-17:0\">V\u1ec7 sinh v\u00e0 an to\u00e0n: K\u1eb9p r\u1ed1n th\u01b0\u1eddng \u0111\u01b0\u1ee3c l\u00e0m t\u1eeb v\u1eadt li\u1ec7u y t\u1ebf an to\u00e0n, d\u1ec5 v\u1ec7 sinh, \u0111\u1ea3m b\u1ea3o kh\u00f4ng g\u00e2y h\u1ea1i cho b\u00e9.<\/li>\n<\/ul>\n<p>4. G\u00f3p ph\u1ea7n v\u00e0o s\u1ef1 ph\u00e1t tri\u1ec3n kh\u1ecfe m\u1ea1nh c\u1ee7a b\u00e9:<\/p>\n<ul data-sourcepos=\"20:1-22:0\">\n<li data-sourcepos=\"20:1-20:115\">\u1ed4n \u0111\u1ecbnh s\u1ee9c kh\u1ecfe: Vi\u1ec7c ng\u0103n ng\u1eeba ch\u1ea3y m\u00e1u v\u00e0 nhi\u1ec5m tr\u00f9ng gi\u00fap b\u00e9 \u1ed5n \u0111\u1ecbnh s\u1ee9c kh\u1ecfe trong nh\u1eefng ng\u00e0y \u0111\u1ea7u \u0111\u1eddi.<\/li>\n<li data-sourcepos=\"21:1-22:0\">T\u1ea1o \u0111i\u1ec1u ki\u1ec7n cho s\u1ef1 ph\u00e1t tri\u1ec3n: M\u1ed9t c\u01a1 th\u1ec3 kh\u1ecfe m\u1ea1nh l\u00e0 n\u1ec1n t\u1ea3ng cho s\u1ef1 ph\u00e1t tri\u1ec3n to\u00e0n di\u1ec7n c\u1ee7a b\u00e9 c\u1ea3 v\u1ec1 th\u1ec3 ch\u1ea5t l\u1eabn tinh th\u1ea7n.<\/li>\n<\/ul>\n<h2><span class=\"ez-toc-section\" id=\"Uu_diem\"><\/span><span style=\"font-family: 'times new roman', times, serif;\"><strong>\u01afu \u0111i\u1ec3m<\/strong><\/span><span class=\"ez-toc-section-end\"><\/span><\/h2>\n<p>\u0110\u1ed9 k\u00edn kh\u00edt cao, l\u1edbp r\u00e3nh tr\u00ean k\u1eb9p \u0111\u1ea3m b\u1ea3o ch\u1eafc ch\u1eafn<\/p>\n<p>Ph\u1ea7n \u0111u\u00f4i k\u1eb9p c\u00f3 mi\u1ebfng ch\u1eb7n gi\u00fap r\u1ed1n kh\u00f4ng b\u1ecb tr\u00e0n ra ngo\u00e0i trong l\u00fac k\u1eb9p<\/p>\n<p>S\u1ea3n ph\u1ea9m s\u1ea3n xu\u1ea5t t\u1eeb nh\u1ef1a PP ch\u00ednh ph\u1ea9m, \u0111\u1ea3m b\u1ea3o an to\u00e0n v\u00e0 b\u1ec1n ch\u1eafc<\/p>\n<h2><span class=\"ez-toc-section\" id=\"MidaMec_chuyen_cung_cap_cac_san_pham_vat_tu_y_te_cham_soc_suc_khoe\"><\/span><span style=\"font-family: 'times new roman', times, serif; font-size: 18pt;\"><strong><span style=\"vertical-align: inherit;\"><span style=\"color: #ed1c00;\">Mida<\/span><span style=\"color: #17479e;\">Mec <span style=\"color: #000000;\">chuy\u00ean cung c\u1ea5p<\/span><\/span><\/span><span style=\"color: #000000;\">\u00a0c\u00e1c<\/span> s\u1ea3n ph\u1ea9m v\u1eadt t\u01b0 y t\u1ebf &amp; ch\u0103m s\u00f3c s\u1ee9c kh\u1ecfe<\/strong><\/span><span class=\"ez-toc-section-end\"><\/span><\/h2>\n<div>\n<div><span style=\"font-family: 'times new roman', times, serif;\">&#8211; \u0110\u1ed9i ng\u0169 thi\u1ebft k\u1ebf gi\u00e0u kinh nghi\u1ec7m, \u0111i tr\u01b0\u1edbc \u0111\u00f3n \u0111\u1ea7u trong c\u00f4ng vi\u1ec7c nghi\u00ean c\u1ee9u xu h\u01b0\u1edbng, c\u1ea3i ti\u1ebfn m\u1eabu m\u00e3.<\/span><\/div>\n<div><span style=\"font-family: 'times new roman', times, serif;\">&#8211; Ch\u00ednh s\u00e1ch gi\u00e1 t\u1ed1t tr\u00ean th\u1ecb tr\u01b0\u1eddng, ch\u00ednh s\u00e1ch t\u1ed1t cho \u0111\u1ea1i l\u00fd, nh\u00e0 ph\u00e2n ph\u1ed1i.<\/span><\/div>\n<div><span style=\"font-family: 'times new roman', times, serif;\">&#8211; C\u00e1c s\u1ea3n ph\u1ea9m \u0111\u01b0\u1ee3c s\u1ea3n xu\u1ea5t trong quy tr\u00ecnh ki\u1ec3m so\u00e1t nghi\u00eam ng\u1eb7t, \u0111\u1ea3m b\u1ea3o ch\u1ea5t l\u01b0\u1ee3ng.<\/span><\/div>\n<\/div>\n<div><span style=\"font-family: 'times new roman', times, serif;\">&#8211; Trang b\u1ecb c\u00e1c m\u00e1y m\u00f3c hi\u1ec7n \u0111\u1ea1i, \u0111\u1ea7u t\u01b0 c\u00f4ng ngh\u1ec7 cao.<\/span><\/div>\n<div><span style=\"font-family: 'times new roman', times, serif;\"><span style=\"vertical-align: inherit;\">&#8211; T\u1ed5ng di\u1ec7n t\u00edch nh\u00e0 x\u01b0\u1edfng l\u00ean \u0111\u1ebfn 45.000m2, ho\u00e0n to\u00e0n c\u00f3 th\u1ec3 \u0111\u00e1p \u1ee9ng nhu c\u1ea7u s\u1ea3n xu\u1ea5t v\u1edbi s\u1ed1 l\u01b0\u1ee3ng l\u1edbn. <\/span><\/span><\/div>\n<div><span style=\"font-family: 'times new roman', times, serif;\">&#8211; Ch\u00fang t\u00f4i cam k\u1ebft mang \u0111\u1ebfn cho b\u1ea1n nh\u1eefng s\u1ea3n ph\u1ea9m v\u1edbi ch\u1ea5t l\u01b0\u1ee3ng v\u01b0\u1ee3t tr\u1ed9i.\u00a0<\/span><\/div>\n<div><span style=\"font-family: 'times new roman', times, serif;\"><span style=\"vertical-align: inherit;\"><span style=\"color: #ed1c00;\"><span style=\"color: #000000;\">&#8211; C\u00e1c s\u1ea3n ph\u1ea9m c\u1ee7a<\/span><\/span><strong><span style=\"color: #ed1c00;\"> Mida<\/span><span style=\"color: #17479e;\">Mec <\/span><\/strong>s\u1ebd lu\u00f4n lu\u00f4n l\u00e0 s\u1ef1 l\u1ef1a ch\u1ecdn h\u00e0ng \u0111\u1ea7u c\u1ee7a kh\u00e1ch h\u00e0ng t\u1ea1i Vi\u1ec7t Nam v\u00e0 c\u00e1c n\u01b0\u1edbc tr\u00ean th\u1ebf gi\u1edbi.<\/span><\/span><\/div>\n<h2><span class=\"ez-toc-section\" id=\"Cac_chung_nhan_va_giai_thuong_dat_duoc\"><\/span><span style=\"font-family: 'times new roman', times, serif;\">C\u00e1c ch\u1ee9ng nh\u1eadn v\u00e0 gi\u1ea3i th\u01b0\u1edfng \u0111\u1ea1t \u0111\u01b0\u1ee3c<\/span><span class=\"ez-toc-section-end\"><\/span><\/h2>\n<div>Ch\u1ee9ng nh\u1eadn FDA,GRS<\/div>\n<div><\/div>\n<div>\u1ee8ng d\u1ee5ng c\u00f4ng ngh\u1ec7 cao<\/div>\n<div><\/div>\n<div>ISO-9001; ISO-14001; ISO-45001 (Ch\u1ea5t l\u01b0\u1ee3ng &#8211; M\u00f4i tr\u01b0\u1eddng-S\u1ee9c kh\u1ecfe)<\/div>\n<div><\/div>\n<div>ISO-26000 (Tr\u00e1ch nhi\u1ec7m x\u00e3 h\u1ed9i cho doanh nghi\u1ec7p)<\/div>\n<div><\/div>\n<div>IATF-16949 (H\u1ec7 th\u1ed1ng qu\u1ea3n l\u00fd ch\u1ea5t l\u01b0\u1ee3ng Ng\u00e0nh c\u00f4ng nghi\u1ec7p \u00d4 t\u00f4)<\/div>\n<div><\/div>\n<div>ISO Class 5 (Ti\u00eau chu\u1ea9n h\u1ec7 th\u1ed1ng ph\u00f2ng s\u1ea1ch s\u1ea3n ph\u1ea9m y t\u1ebf)<\/div>\n<div><\/div>\n<div>ISO-13485 (H\u1ec7 th\u1ed1ng qu\u1ea3n l\u00fd ch\u1ea5t l\u01b0\u1ee3ng ng\u00e0nh s\u1ea3n xu\u1ea5t thi\u1ebft b\u1ecb y t\u1ebf)<\/div>\n<div><\/div>\n<div>Th\u01b0\u01a1ng hi\u1ec7u qu\u1ed1c gia nhi\u1ec1u n\u0103m li\u00ean ti\u1ebfp (2016-2018; 2018 &#8211; 2020; 2020 &#8211; 2022; 2022 &#8211; 2024; 2024 &#8211; 2026)<\/div>\n<div><\/div>\n<div>Nhi\u1ec1u n\u0103m li\u00ean ti\u1ebfp trong Top 500 DN t\u0103ng tr\u01b0\u1edfng nhanh nh\u1ea5t Vi\u1ec7t Nam &amp; Top 50 DN t\u0103ng tr\u01b0\u1edfng xu\u1ea5t s\u1eafc nh\u1ea5t Vi\u1ec7t Nam<\/div>\n<div><\/div>\n<div>H\u00e0ng Vi\u1ec7t Nam ch\u1ea5t l\u01b0\u1ee3ng cao chu\u1ea9n h\u1ed9i nh\u1eadp<\/div>\n<div><\/div>\n<div>S\u1ea3n ph\u1ea9m, d\u1ecbch v\u1ee5 ti\u00eau bi\u1ec3u TP.HCM<\/div>\n<div><\/div>\n<div>&#8230;..v\u00e0 nhi\u1ec1u gi\u1ea3i th\u01b0\u1edfng danh gi\u00e1 kh\u00e1c.<\/div>\n<p><span style=\"font-family: 'times new roman', times, serif;\">H\u00e3y li\u00ean h\u1ec7 v\u1edbi ch\u00fang t\u00f4i ngay h\u00f4m nay \u0111\u1ec3 \u0111\u01b0\u1ee3c t\u01b0 v\u1ea5n v\u00e0 b\u00e1o gi\u00e1 chi ti\u1ebft.<\/span><\/p>\n<h2><span class=\"ez-toc-section\" id=\"Thong_tin_lien_he\"><\/span><span style=\"vertical-align: inherit; font-family: 'times new roman', times, serif;\"><span style=\"vertical-align: inherit;\">Th\u00f4ng tin li\u00ean h\u1ec7<\/span><\/span><span class=\"ez-toc-section-end\"><\/span><\/h2>\n<p>+ Hotline: +84 568 818 789<\/p>\n<p><span style=\"vertical-align: inherit; font-family: 'times new roman', times, serif;\"><span style=\"vertical-align: inherit;\">+ Website: https:\/\/www.midamec.com\/<\/span><\/span><\/p>\n<p><span style=\"font-family: 'times new roman', times, serif;\"><span style=\"vertical-align: inherit;\">+ Email: <\/span><a href=\"mailto:info@midamec.com\"><span style=\"vertical-align: inherit;\">info@midamec.com<\/span><\/a><\/span><\/p>\n<p><span style=\"vertical-align: inherit; font-family: 'times new roman', times, serif;\"><span style=\"vertical-align: inherit;\">+ Fanpage: <a href=\"https:\/\/www.facebook.com\/midamec\" target=\"_blank\" rel=\"noopener\">https:\/\/www.facebook.com\/midamec<\/a><\/span><\/span><\/p>\n<p><span style=\"font-family: 'times new roman', times, serif;\">+ Zalo:<a href=\"https:\/\/zalo.me\/midaofficial\" target=\"_blank\" rel=\"noopener\"> https:\/\/zalo.me\/midaofficial<\/a><\/span><\/p>\n<p><span style=\"font-family: 'times new roman', times, serif;\">+<span style=\"font-size: 12pt;\"> Youtube:<\/span><span style=\"font-size: 12pt;\"> <a href=\"https:\/\/www.youtube.com\/@midamold7927\" target=\"_blank\" rel=\"noopener\">https:\/\/www.youtube.com\/@midamold7927<\/a><\/span><\/span><\/p>\n<p>&nbsp;<\/p>\n<p>&nbsp;<\/p>\n","protected":false},"excerpt":{"rendered":"<p><span style=\"font-family: 'times new roman', times, serif;\">&#8211; T\u00ean s\u1ea3n ph\u1ea9m c\u00f4ng b\u1ed1 b\u1ed9 y t\u1ebf: K\u1eb9p r\u1ed1n<\/span><\/p>\n<p><span style=\"font-family: 'times new roman', times, serif;\">&#8211; M\u00e3 s\u1ea3n ph\u1ea9m: UCC0001<\/span><\/p>\n<p><span style=\"font-family: 'times new roman', times, serif;\">&#8211; S\u1ed1 l\u01b0u h\u00e0nh: <span data-teams=\"true\">240000015\/PCBA-LA<\/span><\/span><\/p>\n<p><span style=\"font-family: 'times new roman', times, serif;\">&#8211; Xu\u1ea5t x\u1ee9 h\u00e0ng h\u00f3a: <span style=\"vertical-align: inherit;\">Vi\u1ec7t Nam<\/span><\/span><\/p>\n<p><span style=\"font-family: 'times new roman', times, serif;\">&#8211; Ch\u1ea5t li\u1ec7u: <span style=\"vertical-align: inherit;\">Nh\u1ef1a PP\u00a0<\/span><\/span><\/p>\n<p><span style=\"font-family: 'times new roman', times, serif;\">&#8211; Th\u00f4ng s\u1ed1: 48x53x9mm<\/span><\/p>\n<p><span style=\"font-family: 'times new roman', times, serif;\">&#8211; Ch\u00ednh s\u00e1ch gi\u00e1 t\u1ed1t tr\u00ean th\u1ecb tr\u01b0\u1eddng, gi\u00e1 \u01b0u \u0111\u00e3i: Mua s\u1ed1 l\u01b0\u1ee3ng l\u1edbn, th\u01b0\u01a1ng m\u1ea1i, \u0111\u1ea5u th\u1ea7u. Gi\u00e1 t\u1ed1t cho NPP, \u0111\u1ea1i l\u00fd. Gi\u00e1 \u0111\u1eb7c bi\u1ec7t cho kh\u00e1ch h\u00e0ng OEM.<br \/>\n<\/span><\/p>\n<p><span style=\"font-family: 'times new roman', times, serif;\">&#8211; Ph\u00e2n ph\u1ed1i: To\u00e0n qu\u1ed1c v\u00e0 xu\u1ea5t kh\u1ea9u n\u01b0\u1edbc ngo\u00e0i<\/span><\/p>\n<p><span style=\"font-family: 'times new roman', times, serif;\">&#8211; \u0110\u1ed9i ng\u0169 gi\u00e0u kinh nghi\u1ec7m, nhi\u1ec1u chuy\u00ean gia l\u0129nh v\u1ef1c trong ng\u00e0nh<\/span><\/p>\n<p><span style=\"font-family: 'times new roman', times, serif;\">&#8211; Ch\u1ea5t l\u01b0\u1ee3ng: S\u1ea3n ph\u1ea9m s\u1ea3n xu\u1ea5t theo ti\u00eau chu\u1ea9n ph\u00f2ng s\u1ea1ch Class 5; ISO 13485; ISO 9001<\/span><\/p>\n<p><span style=\"font-family: 'times new roman', times, serif;\">&#8211; Quy tr\u00ecnh ki\u1ec3m so\u00e1t nghi\u00eam ng\u1eb7t<\/span><\/p>\n<p><span style=\"font-family: 'times new roman', times, serif;\">&#8211; S\u1ea3n ph\u1ea9m \u0111ang \u0111\u01b0\u1ee3c b\u00e1n tr\u00ean c\u00e1c s\u00e0n th\u01b0\u01a1ng m\u1ea1i \u0111i\u1ec7n t\u1eed: <strong>Shopee, Lazada, Tiki, Tiktokshop<\/strong><\/span><\/p>\n<p><strong><em><span style=\"font-family: 'times new roman', times, serif;\">H\u00e3y li\u00ean h\u1ec7 v\u1edbi ch\u00fang t\u00f4i \u0111\u1ec3 nh\u1eadn \u0111\u01b0\u1ee3c s\u1ef1 ch\u0103m s\u00f3c t\u1eadn t\u00e2m!<\/span><\/em><\/strong><\/p>\n","protected":false},"featured_media":11558,"comment_status":"closed","ping_status":"closed","template":"","meta":[],"product_cat":[379],"product_tag":[],"_links":{"self":[{"href":"https:\/\/www.midamec.com\/vi\/wp-json\/wp\/v2\/product\/11557"}],"collection":[{"href":"https:\/\/www.midamec.com\/vi\/wp-json\/wp\/v2\/product"}],"about":[{"href":"https:\/\/www.midamec.com\/vi\/wp-json\/wp\/v2\/types\/product"}],"replies":[{"embeddable":true,"href":"https:\/\/www.midamec.com\/vi\/wp-json\/wp\/v2\/comments?post=11557"}],"wp:featuredmedia":[{"embeddable":true,"href":"https:\/\/www.midamec.com\/vi\/wp-json\/wp\/v2\/media\/11558"}],"wp:attachment":[{"href":"https:\/\/www.midamec.com\/vi\/wp-json\/wp\/v2\/media?parent=11557"}],"wp:term":[{"taxonomy":"product_cat","embeddable":true,"href":"https:\/\/www.midamec.com\/vi\/wp-json\/wp\/v2\/product_cat?post=11557"},{"taxonomy":"product_tag","embeddable":true,"href":"https:\/\/www.midamec.com\/vi\/wp-json\/wp\/v2\/product_tag?post=11557"}],"curies":[{"name":"wp","href":"https:\/\/api.w.org\/{rel}","templated":true}]}}