{"id":11505,"date":"2025-01-15T08:05:04","date_gmt":"2025-01-15T08:05:04","guid":{"rendered":"https:\/\/midameccom416.chiliweb.org\/?post_type=product&#038;p=11505"},"modified":"2025-07-09T02:19:23","modified_gmt":"2025-07-09T02:19:23","slug":"tam-chi-nha-khoa","status":"publish","type":"product","link":"https:\/\/www.midamec.com\/vi\/product\/tam-chi-nha-khoa\/","title":{"rendered":"T\u0103m ch\u1ec9 nha khoa"},"content":{"rendered":"<div id=\"ez-toc-container\" class=\"ez-toc-v2_0_73 counter-hierarchy ez-toc-counter ez-toc-grey ez-toc-container-direction\">\n<div class=\"ez-toc-title-container\">\n<p class=\"ez-toc-title\" style=\"cursor:inherit\">Table of Contents<\/p>\n<span class=\"ez-toc-title-toggle\"><a href=\"#\" class=\"ez-toc-pull-right ez-toc-btn ez-toc-btn-xs ez-toc-btn-default ez-toc-toggle\" aria-label=\"Toggle Table of Content\"><span class=\"ez-toc-js-icon-con\"><span class=\"\"><span class=\"eztoc-hide\" style=\"display:none;\">Toggle<\/span><span class=\"ez-toc-icon-toggle-span\"><svg style=\"fill: #999;color:#999\" xmlns=\"http:\/\/www.w3.org\/2000\/svg\" class=\"list-377408\" width=\"20px\" height=\"20px\" viewBox=\"0 0 24 24\" fill=\"none\"><path d=\"M6 6H4v2h2V6zm14 0H8v2h12V6zM4 11h2v2H4v-2zm16 0H8v2h12v-2zM4 16h2v2H4v-2zm16 0H8v2h12v-2z\" fill=\"currentColor\"><\/path><\/svg><svg style=\"fill: #999;color:#999\" class=\"arrow-unsorted-368013\" xmlns=\"http:\/\/www.w3.org\/2000\/svg\" width=\"10px\" height=\"10px\" viewBox=\"0 0 24 24\" version=\"1.2\" baseProfile=\"tiny\"><path d=\"M18.2 9.3l-6.2-6.3-6.2 6.3c-.2.2-.3.4-.3.7s.1.5.3.7c.2.2.4.3.7.3h11c.3 0 .5-.1.7-.3.2-.2.3-.5.3-.7s-.1-.5-.3-.7zM5.8 14.7l6.2 6.3 6.2-6.3c.2-.2.3-.5.3-.7s-.1-.5-.3-.7c-.2-.2-.4-.3-.7-.3h-11c-.3 0-.5.1-.7.3-.2.2-.3.5-.3.7s.1.5.3.7z\"\/><\/svg><\/span><\/span><\/span><\/a><\/span><\/div>\n<nav><ul class='ez-toc-list ez-toc-list-level-1 ' ><li class='ez-toc-page-1 ez-toc-heading-level-1'><a class=\"ez-toc-link ez-toc-heading-1\" href=\"https:\/\/www.midamec.com\/vi\/product\/tam-chi-nha-khoa\/#TAM_CHI_NHA_KHOA\" title=\"T\u0102M CH\u1ec8 NHA KHOA\">T\u0102M CH\u1ec8 NHA KHOA<\/a><\/li><li class='ez-toc-page-1 ez-toc-heading-level-1'><a class=\"ez-toc-link ez-toc-heading-2\" href=\"https:\/\/www.midamec.com\/vi\/product\/tam-chi-nha-khoa\/#Thong_tin_nha_san_xuat_MidaMec_%E2%80%93_san_xuat_vat_tu_y_te_nhua_va_san_pham_cham_soc_suc_khoe\" title=\"Th\u00f4ng tin nh\u00e0 s\u1ea3n xu\u1ea5t MidaMec &#8211; s\u1ea3n xu\u1ea5t v\u1eadt t\u01b0 y t\u1ebf nh\u1ef1a v\u00e0 s\u1ea3n ph\u1ea9m ch\u0103m s\u00f3c s\u1ee9c kh\u1ecfe\">Th\u00f4ng tin nh\u00e0 s\u1ea3n xu\u1ea5t MidaMec &#8211; s\u1ea3n xu\u1ea5t v\u1eadt t\u01b0 y t\u1ebf nh\u1ef1a v\u00e0 s\u1ea3n ph\u1ea9m ch\u0103m s\u00f3c s\u1ee9c kh\u1ecfe<\/a><\/li><li class='ez-toc-page-1 ez-toc-heading-level-1'><a class=\"ez-toc-link ez-toc-heading-3\" href=\"https:\/\/www.midamec.com\/vi\/product\/tam-chi-nha-khoa\/#Thong_tin_lien_he\" title=\"Th\u00f4ng tin li\u00ean h\u1ec7\">Th\u00f4ng tin li\u00ean h\u1ec7<\/a><\/li><\/ul><\/nav><\/div>\n<h1><span class=\"ez-toc-section\" id=\"TAM_CHI_NHA_KHOA\"><\/span><strong>T\u0102M CH\u1ec8 NHA KHOA<\/strong><span class=\"ez-toc-section-end\"><\/span><\/h1>\n<p><em><strong>T\u0103m ch\u1ec9 nha khoa<\/strong><\/em> &#8211; Gi\u00fap b\u1ea3o v\u1ec7 s\u1ee9c kh\u1ecfe r\u0103ng mi\u1ec7ng m\u1ed7i ng\u00e0y v\u1edbi c\u00e1c t\u00ednh n\u0103ng n\u1ed5i b\u1eadt<\/p>\n<p><a class=\"https:\/\/midameccom416.chiliweb.org\/vi\/product\/tam-chi-nha-khoa\/\" href=\"https:\/\/midameccom416.chiliweb.org\/vi\/product\/tam-chi-nha-khoa\/\" target=\"_blank\" rel=\"https:\/\/midameccom416.chiliweb.org\/vi\/product\/tam-chi-nha-khoa\/ noopener\"><img decoding=\"async\" class=\"T\u0103m ch\u1ec9 nha khoa aligncenter wp-image-11545 size-full\" title=\"T\u0103m ch\u1ec9 nha khoa\" src=\"https:\/\/midameccom416.chiliweb.org\/wp-content\/uploads\/2025\/01\/250114_Hop-Tam-Chi-Ke-Rang_VN-4.jpg\" alt=\"T\u0103m ch\u1ec9 nha khoa\" width=\"1200\" height=\"1200\" srcset=\"https:\/\/www.midamec.com\/wp-content\/uploads\/2025\/01\/250114_Hop-Tam-Chi-Ke-Rang_VN-4.jpg 1200w, https:\/\/www.midamec.com\/wp-content\/uploads\/2025\/01\/250114_Hop-Tam-Chi-Ke-Rang_VN-4-100x100.jpg 100w, https:\/\/www.midamec.com\/wp-content\/uploads\/2025\/01\/250114_Hop-Tam-Chi-Ke-Rang_VN-4-510x510.jpg 510w, https:\/\/www.midamec.com\/wp-content\/uploads\/2025\/01\/250114_Hop-Tam-Chi-Ke-Rang_VN-4-281x281.jpg 281w, https:\/\/www.midamec.com\/wp-content\/uploads\/2025\/01\/250114_Hop-Tam-Chi-Ke-Rang_VN-4-374x374.jpg 374w, https:\/\/www.midamec.com\/wp-content\/uploads\/2025\/01\/250114_Hop-Tam-Chi-Ke-Rang_VN-4-768x768.jpg 768w, https:\/\/www.midamec.com\/wp-content\/uploads\/2025\/01\/250114_Hop-Tam-Chi-Ke-Rang_VN-4-50x50.jpg 50w\" sizes=\"(max-width: 1200px) 100vw, 1200px\" \/><\/a><\/p>\n<p>S\u1ee3i t\u0103m ch\u1ec9 m\u1ec1m m\u1ea1i, \u0111\u1ed9 \u0111\u00e0n h\u1ed3i cao: D\u1ec5 d\u00e0ng lu\u1ed3n s\u00e2u v\u00e0o k\u1ebd r\u0103ng kh\u00f4ng g\u00e2y th\u01b0a r\u0103ng v\u00e0 t\u1ed5n th\u01b0\u01a1ng n\u01b0\u1edbu, kh\u00f4ng \u0111\u1ee9t g\u00e3y trong qu\u00e1 tr\u00ecnh s\u1eed d\u1ee5ng.<\/p>\n<p>Thi\u1ebft k\u1ebf th\u00f4ng minh: <em><strong>T\u0103m ch\u1ec9 nha khoa c\u00f3 <\/strong><\/em>h\u1ed9p \u0111\u1ef1ng nh\u1ecf g\u1ecdn, d\u1ec5 d\u00e0ng mang theo b\u00ean m\u00ecnh, ph\u00f9 h\u1ee3p cho c\u1ea3 gia \u0111\u00ecnh v\u00e0 c\u00e1 nh\u00e2n. \u0110\u1eb7c bi\u1ec7t thu\u1eadn ti\u1ec7n mang theo trong b\u00f3p, v\u00ed, gi\u1ecf x\u00e1ch, \u0111i du l\u1ecbch ho\u1eb7c \u0103n u\u1ed1ng b\u00ean ngo\u00e0i.<\/p>\n<p>Th\u00e2n thi\u1ec7n v\u1edbi ng\u01b0\u1eddi d\u00f9ng: D\u1ec5 s\u1eed d\u1ee5ng v\u1edbi m\u1ecdi c\u1ea5u tr\u00fac h\u00e0m.<\/p>\n<p><em><strong>T\u0103m ch\u1ec9 nha khoa<\/strong><\/em> v\u1edbi ch\u1ea5t li\u1ec7u nh\u1ef1a an to\u00e0n, v\u1ec7 sinh: S\u1ea3n ph\u1ea9m \u0111\u01b0\u1ee3c l\u00e0m t\u1eeb ch\u1ea5t li\u1ec7u cao c\u1ea5p, \u0111\u1ea3m b\u1ea3o an to\u00e0n cho s\u1ee9c kh\u1ecfe r\u0103ng mi\u1ec7ng.<\/p>\n<p>B\u1ea3o v\u1ec7 r\u0103ng mi\u1ec7ng hi\u1ec7u qu\u1ea3: Gi\u00fap ng\u0103n ng\u1eeba s\u00e2u r\u0103ng, vi\u00eam l\u1ee3i, h\u00f4i mi\u1ec7ng, mang \u0111\u1ebfn cho b\u1ea1n m\u1ed9t h\u00e0m r\u0103ng kh\u1ecfe m\u1ea1nh v\u00e0 n\u1ee5 c\u01b0\u1eddi t\u1ef1 tin.<\/p>\n<ul>\n<li>Ch\u1ecdn <em><strong>T\u0103m ch\u1ec9 nha khoa<\/strong><\/em> MidaMec, Ch\u1ecdn Ng\u01b0\u1eddi B\u1ea1n \u0110\u1ed3ng H\u00e0nh Cho S\u1ee9c Kh\u1ecfe R\u0103ng Mi\u1ec7ng C\u1ee7a B\u1ea1n.<\/li>\n<\/ul>\n<h1><span class=\"ez-toc-section\" id=\"Thong_tin_nha_san_xuat_MidaMec_%E2%80%93_san_xuat_vat_tu_y_te_nhua_va_san_pham_cham_soc_suc_khoe\"><\/span>Th\u00f4ng tin nh\u00e0 s\u1ea3n xu\u1ea5t MidaMec &#8211; s\u1ea3n xu\u1ea5t v\u1eadt t\u01b0 y t\u1ebf nh\u1ef1a v\u00e0 s\u1ea3n ph\u1ea9m ch\u0103m s\u00f3c s\u1ee9c kh\u1ecfe<span class=\"ez-toc-section-end\"><\/span><\/h1>\n<p>&#8211; \u0110\u01a1n v\u1ecb d\u1eabn \u0111\u1ea7u Vi\u1ec7t Nam trong l\u0129nh v\u1ef1c s\u1ea3n xu\u1ea5t c\u00e1c s\u1ea3n ph\u1ea9m v\u1eadt t\u01b0 y t\u1ebf v\u00e0 ch\u0103m s\u00f3c s\u1ee9c kh\u1ecfe<\/p>\n<p>&#8211; S\u1ea3n ph\u1ea9m \u0111\u01b0\u1ee3c ph\u00e2n ph\u1ed1i to\u00e0n qu\u1ed1c v\u00e0 xu\u1ea5t kh\u1ea9u th\u1ecb tr\u01b0\u1eddng n\u01b0\u1edbc ngo\u00e0i, \u0111ang l\u00e0 s\u1ef1 l\u1ef1a ch\u1ecdn tin c\u1eady c\u1ee7a nhi\u1ec1u kh\u00e1ch h\u00e0ng trong v\u00e0 ngo\u00e0i n\u01b0\u1edbc<\/p>\n<p>&#8211; \u0110\u1ec3 \u0111\u00e1p \u1ee9ng c\u00e1c nhu c\u1ea7u ng\u00e0y c\u00e0ng cao c\u1ee7a th\u1ecb tr\u01b0\u1eddng v\u00e0 c\u00e1c ti\u00eau chu\u1ea9n kh\u1eafc khe MidaMec trang b\u1ecb hi\u1ec7n \u0111\u1ea1i t\u1eeb nh\u1eefng th\u01b0\u01a1ng hi\u1ec7u n\u1ed5i ti\u1ebfng nh\u01b0: Makino, Mazak, Charmiles, JSW, Sumitomo,\u2026<\/p>\n<p>&#8211; Ch\u00ednh s\u00e1ch gi\u00e1 t\u1ed1t d\u00e0nh cho c\u00e1c kh\u00e1ch h\u00e0ng mua s\u1ec9, l\u00e0m \u0111\u1ea1i l\u00fd, nh\u00e0 ph\u00e2n ph\u1ed1i<\/p>\n<p>&#8211; V\u1edbi \u0111\u1ed9i ng\u0169 thi\u1ebft k\u1ebf gi\u00e0u kinh nghi\u1ec7m, nhi\u1ec1u chuy\u00ean gia l\u0129nh v\u1ef1c trong ng\u00e0nh n\u1eafm b\u1eaft xu h\u01b0\u1edbng, \u0111\u01b0a ra th\u1ecb tr\u01b0\u1eddng nh\u1eefng s\u1ea3n ph\u1ea9m ch\u1ea5t l\u01b0\u1ee3ng<\/p>\n<p><a class=\"https:\/\/midameccom416.chiliweb.org\/vi\/product\/tam-chi-nha-khoa\/\" href=\"https:\/\/midameccom416.chiliweb.org\/vi\/product\/tam-chi-nha-khoa\/\" target=\"_blank\" rel=\"https:\/\/midameccom416.chiliweb.org\/vi\/product\/tam-chi-nha-khoa\/ noopener\"><img decoding=\"async\" class=\"T\u0103m ch\u1ec9 nha khoa aligncenter wp-image-11464 size-full\" title=\"T\u0103m ch\u1ec9 nha khoa\" src=\"https:\/\/midameccom416.chiliweb.org\/wp-content\/uploads\/2024\/12\/4331cf58-cc30-498e-93d6-dc99080825ab-scaled.jpg\" alt=\"T\u0103m ch\u1ec9 nha khoa\" width=\"2560\" height=\"1707\" srcset=\"https:\/\/www.midamec.com\/wp-content\/uploads\/2024\/12\/4331cf58-cc30-498e-93d6-dc99080825ab-scaled.jpg 2560w, https:\/\/www.midamec.com\/wp-content\/uploads\/2024\/12\/4331cf58-cc30-498e-93d6-dc99080825ab-scaled-510x340.jpg 510w, https:\/\/www.midamec.com\/wp-content\/uploads\/2024\/12\/4331cf58-cc30-498e-93d6-dc99080825ab-422x281.jpg 422w, https:\/\/www.midamec.com\/wp-content\/uploads\/2024\/12\/4331cf58-cc30-498e-93d6-dc99080825ab-561x374.jpg 561w, https:\/\/www.midamec.com\/wp-content\/uploads\/2024\/12\/4331cf58-cc30-498e-93d6-dc99080825ab-768x512.jpg 768w, https:\/\/www.midamec.com\/wp-content\/uploads\/2024\/12\/4331cf58-cc30-498e-93d6-dc99080825ab-1536x1024.jpg 1536w, https:\/\/www.midamec.com\/wp-content\/uploads\/2024\/12\/4331cf58-cc30-498e-93d6-dc99080825ab-2048x1365.jpg 2048w\" sizes=\"(max-width: 2560px) 100vw, 2560px\" \/><\/a><\/p>\n<p>* C\u00e1c ch\u1ee9ng nh\u1eadn v\u00e0 gi\u1ea3i th\u01b0\u1edfng \u0111\u1ea1t \u0111\u01b0\u1ee3c<\/p>\n<p><a class=\"https:\/\/midameccom416.chiliweb.org\/vi\/product\/tam-chi-nha-khoa\/\" href=\"https:\/\/midameccom416.chiliweb.org\/vi\/product\/tam-chi-nha-khoa\/\" target=\"_blank\" rel=\"https:\/\/midameccom416.chiliweb.org\/vi\/product\/tam-chi-nha-khoa\/ noopener\"><img decoding=\"async\" class=\"T\u0103m ch\u1ec9 nha khoa aligncenter wp-image-11074 size-full\" title=\"T\u0103m ch\u1ec9 nha khoa\" src=\"https:\/\/midameccom416.chiliweb.org\/wp-content\/uploads\/2024\/08\/241001_Dung_History-TA-1-02.jpg\" alt=\"T\u0103m ch\u1ec9 nha khoa\" width=\"1498\" height=\"1015\" srcset=\"https:\/\/www.midamec.com\/wp-content\/uploads\/2024\/08\/241001_Dung_History-TA-1-02.jpg 1498w, https:\/\/www.midamec.com\/wp-content\/uploads\/2024\/08\/241001_Dung_History-TA-1-02-510x346.jpg 510w, https:\/\/www.midamec.com\/wp-content\/uploads\/2024\/08\/241001_Dung_History-TA-1-02-415x281.jpg 415w, https:\/\/www.midamec.com\/wp-content\/uploads\/2024\/08\/241001_Dung_History-TA-1-02-552x374.jpg 552w, https:\/\/www.midamec.com\/wp-content\/uploads\/2024\/08\/241001_Dung_History-TA-1-02-768x520.jpg 768w\" sizes=\"(max-width: 1498px) 100vw, 1498px\" \/><\/a><\/p>\n<p>Ch\u1ee9ng nh\u1eadn FDA, RCS<\/p>\n<p>ISO 9001; ISO-14001; ISO-45001 (Ch\u1ea5t l\u01b0\u1ee3ng &#8211; M\u00f4i tr\u01b0\u1eddng-S\u1ee9c kh\u1ecfe)<\/p>\n<p>ISO Class 5 \u2013 Ti\u00eau chu\u1ea9n s\u1ea3n ph\u1ea9m v\u1ec7 sinh ph\u00f2ng s\u1ea3n ph\u1ea9m y t\u1ebf<\/p>\n<p>ISO-13485 Ng\u00e0nh s\u1ea3n xu\u1ea5t thi\u1ebft b\u1ecb y t\u1ebf<\/p>\n<p>Th\u01b0\u01a1ng hi\u1ec7u qu\u1ed1c gia nhi\u1ec1u n\u0103m li\u1ec1n k\u1ec1<\/p>\n<p>Top 500 DN t\u0103ng tr\u01b0\u1edfng nhanh nh\u1ea5t Vi\u1ec7t Nam<\/p>\n<p>Top 50 DN t\u0103ng tr\u01b0\u1edfng xu\u1ea5t s\u1eafc nh\u1ea5t Vi\u1ec7t Nam<\/p>\n<p>&#8230;..v\u00e0 nhi\u1ec1u gi\u1ea3i th\u01b0\u1edfng kh\u00e1c.<\/p>\n<p>H\u00e3y li\u00ean h\u1ec7 ch\u00fang t\u00f4i \u0111\u1ec3 bi\u1ebft th\u00eam th\u00f4ng tin chi ti\u1ebft<\/p>\n<h1><span class=\"ez-toc-section\" id=\"Thong_tin_lien_he\"><\/span><strong><span style=\"vertical-align: inherit; font-family: 'times new roman', times, serif;\"><span style=\"vertical-align: inherit;\">Th\u00f4ng tin li\u00ean h\u1ec7<\/span><\/span><\/strong><span class=\"ez-toc-section-end\"><\/span><\/h1>\n<p>+ Hotline: +84 568 818 789<\/p>\n<p><span style=\"vertical-align: inherit; font-family: 'times new roman', times, serif;\"><span style=\"vertical-align: inherit;\">+ Website: <a href=\"https:\/\/midameccom416.chiliweb.org\/\" target=\"_blank\" rel=\"noopener\">midameccom416.chiliweb.org<\/a><\/span><\/span><\/p>\n<p><span style=\"font-family: 'times new roman', times, serif;\"><span style=\"vertical-align: inherit;\">+ Email: <\/span><a href=\"mailto:info@midamec.com\"><span style=\"vertical-align: inherit;\">info@midamec.com<\/span><\/a><\/span><\/p>\n<p><span style=\"vertical-align: inherit; font-family: 'times new roman', times, serif;\"><span style=\"vertical-align: inherit;\">+ Fanpage: <a href=\"https:\/\/www.facebook.com\/midamec\" target=\"_blank\" rel=\"noopener\">https:\/\/www.facebook.com\/midamec<\/a><\/span><\/span><\/p>\n<p><span style=\"font-family: 'times new roman', times, serif;\">+ Zalo:<a href=\"https:\/\/zalo.me\/midaofficial\" target=\"_blank\" rel=\"noopener\"> https:\/\/zalo.me\/midaofficial<\/a><\/span><\/p>\n<p><span style=\"font-family: 'times new roman', times, serif;\">+ Youtube: <a href=\"https:\/\/www.youtube.com\/@midamold7927\" target=\"_blank\" rel=\"noopener\">https:\/\/www.youtube.com\/@midamold7927<\/a><\/span><\/p>\n","protected":false},"excerpt":{"rendered":"<p><span style=\"font-family: 'times new roman', times, serif;\">&#8211; T\u00ean s\u1ea3n ph\u1ea9m: T\u0103m ch\u1ec9 k\u1ebd r\u0103ng<\/span><\/p>\n<p><span style=\"font-family: 'times new roman', times, serif;\">&#8211; M\u00e3 s\u1ea3n ph\u1ea9m: DFT0001<\/span><\/p>\n<p><span style=\"font-family: 'times new roman', times, serif;\">&#8211; Xu\u1ea5t x\u1ee9 h\u00e0ng h\u00f3a: <span style=\"vertical-align: inherit;\">Vi\u1ec7t Nam<\/span><\/span><\/p>\n<p><span style=\"font-family: 'times new roman', times, serif;\">&#8211; Th\u00f4ng s\u1ed1 k\u1ef9 thu\u1eadt: 85x32x25 mm<\/span><\/p>\n<p><span style=\"font-family: 'times new roman', times, serif;\">&#8211; Ch\u1ea5t li\u1ec7u: S\u1ee3i ch\u1ec9 Polyester, tay c\u1ea7m nh\u1ef1a HIPS ch\u00ednh ph\u1ea9m<\/span><\/p>\n<p><span style=\"font-family: 'times new roman', times, serif;\">&#8211; Ch\u00ednh s\u00e1ch gi\u00e1 t\u1ed1t tr\u00ean th\u1ecb tr\u01b0\u1eddng, gi\u00e1 \u01b0u \u0111\u00e3i: Mua s\u1ed1 l\u01b0\u1ee3ng l\u1edbn, th\u01b0\u01a1ng m\u1ea1i, \u0111\u1ea5u th\u1ea7u. Gi\u00e1 t\u1ed1t cho NPP, \u0111\u1ea1i l\u00fd. Gi\u00e1 \u0111\u1eb7c bi\u1ec7t cho kh\u00e1ch h\u00e0ng OEM<\/span><\/p>\n<p><span style=\"font-family: 'times new roman', times, serif;\">&#8211; Ph\u00e2n ph\u1ed1i: To\u00e0n qu\u1ed1c v\u00e0 xu\u1ea5t kh\u1ea9u n\u01b0\u1edbc ngo\u00e0i<\/span><\/p>\n<p><span style=\"font-family: 'times new roman', times, serif;\">&#8211; \u0110\u1ed9i ng\u0169 gi\u00e0u kinh nghi\u1ec7m, nhi\u1ec1u chuy\u00ean gia l\u0129nh v\u1ef1c trong ng\u00e0nh<\/span><\/p>\n<p><span style=\"font-family: 'times new roman', times, serif;\">&#8211; Ch\u1ea5t l\u01b0\u1ee3ng: <span style=\"vertical-align: inherit;\">S\u1ea3n ph\u1ea9m \u0111\u1ea1t chu\u1ea9n <strong><span style=\"color: #17479e;\">ISO 13485,<\/span><span style=\"color: #17479e;\"> ISO Class 5,<\/span> <span style=\"color: #ed1c24;\">ISO 9001, ISO 14001, ISO 45001, ISO 26000, IATF 16949<\/span><\/strong><\/span><\/span><\/p>\n<p><span style=\"font-family: 'times new roman', times, serif;\">&#8211; Quy tr\u00ecnh ki\u1ec3m so\u00e1t nghi\u00eam ng\u1eb7t<\/span><\/p>\n<p><span style=\"font-family: 'times new roman', times, serif;\">&#8211; S\u1ea3n ph\u1ea9m \u0111ang \u0111\u01b0\u1ee3c b\u00e1n tr\u00ean c\u00e1c s\u00e0n th\u01b0\u01a1ng m\u1ea1i \u0111i\u1ec7n t\u1eed: <strong>Shopee, Lazada, Tiki, Tiktokshop<\/strong><\/span><\/p>\n<p><strong><em><span style=\"font-family: 'times new roman', times, serif;\">H\u00e3y li\u00ean h\u1ec7 v\u1edbi ch\u00fang t\u00f4i \u0111\u1ec3 nh\u1eadn \u0111\u01b0\u1ee3c s\u1ef1 ch\u0103m s\u00f3c t\u1eadn t\u00e2m!<\/span><\/em><\/strong><\/p>\n","protected":false},"featured_media":11537,"comment_status":"closed","ping_status":"closed","template":"","meta":[],"product_cat":[371],"product_tag":[],"_links":{"self":[{"href":"https:\/\/www.midamec.com\/vi\/wp-json\/wp\/v2\/product\/11505"}],"collection":[{"href":"https:\/\/www.midamec.com\/vi\/wp-json\/wp\/v2\/product"}],"about":[{"href":"https:\/\/www.midamec.com\/vi\/wp-json\/wp\/v2\/types\/product"}],"replies":[{"embeddable":true,"href":"https:\/\/www.midamec.com\/vi\/wp-json\/wp\/v2\/comments?post=11505"}],"wp:featuredmedia":[{"embeddable":true,"href":"https:\/\/www.midamec.com\/vi\/wp-json\/wp\/v2\/media\/11537"}],"wp:attachment":[{"href":"https:\/\/www.midamec.com\/vi\/wp-json\/wp\/v2\/media?parent=11505"}],"wp:term":[{"taxonomy":"product_cat","embeddable":true,"href":"https:\/\/www.midamec.com\/vi\/wp-json\/wp\/v2\/product_cat?post=11505"},{"taxonomy":"product_tag","embeddable":true,"href":"https:\/\/www.midamec.com\/vi\/wp-json\/wp\/v2\/product_tag?post=11505"}],"curies":[{"name":"wp","href":"https:\/\/api.w.org\/{rel}","templated":true}]}}