{"id":11421,"date":"2024-12-02T07:05:04","date_gmt":"2024-12-02T07:05:04","guid":{"rendered":"https:\/\/midameccom416.chiliweb.org\/?post_type=product&#038;p=11421"},"modified":"2024-12-07T04:07:54","modified_gmt":"2024-12-07T04:07:54","slug":"dung-cu-massage-ban-chan-co-con-lan-dung","status":"publish","type":"product","link":"https:\/\/www.midamec.com\/vi\/product\/dung-cu-massage-ban-chan-co-con-lan-dung\/","title":{"rendered":"D\u1ee5ng c\u1ee5 massage b\u00e0n ch\u00e2n c\u00f3 con l\u0103n \u0111\u1ee9ng"},"content":{"rendered":"<div id=\"ez-toc-container\" class=\"ez-toc-v2_0_73 counter-hierarchy ez-toc-counter ez-toc-grey ez-toc-container-direction\">\n<div class=\"ez-toc-title-container\">\n<p class=\"ez-toc-title\" style=\"cursor:inherit\">Table of Contents<\/p>\n<span class=\"ez-toc-title-toggle\"><a href=\"#\" class=\"ez-toc-pull-right ez-toc-btn ez-toc-btn-xs ez-toc-btn-default ez-toc-toggle\" aria-label=\"Toggle Table of Content\"><span class=\"ez-toc-js-icon-con\"><span class=\"\"><span class=\"eztoc-hide\" style=\"display:none;\">Toggle<\/span><span class=\"ez-toc-icon-toggle-span\"><svg style=\"fill: #999;color:#999\" xmlns=\"http:\/\/www.w3.org\/2000\/svg\" class=\"list-377408\" width=\"20px\" height=\"20px\" viewBox=\"0 0 24 24\" fill=\"none\"><path d=\"M6 6H4v2h2V6zm14 0H8v2h12V6zM4 11h2v2H4v-2zm16 0H8v2h12v-2zM4 16h2v2H4v-2zm16 0H8v2h12v-2z\" fill=\"currentColor\"><\/path><\/svg><svg style=\"fill: #999;color:#999\" class=\"arrow-unsorted-368013\" xmlns=\"http:\/\/www.w3.org\/2000\/svg\" width=\"10px\" height=\"10px\" viewBox=\"0 0 24 24\" version=\"1.2\" baseProfile=\"tiny\"><path d=\"M18.2 9.3l-6.2-6.3-6.2 6.3c-.2.2-.3.4-.3.7s.1.5.3.7c.2.2.4.3.7.3h11c.3 0 .5-.1.7-.3.2-.2.3-.5.3-.7s-.1-.5-.3-.7zM5.8 14.7l6.2 6.3 6.2-6.3c.2-.2.3-.5.3-.7s-.1-.5-.3-.7c-.2-.2-.4-.3-.7-.3h-11c-.3 0-.5.1-.7.3-.2.2-.3.5-.3.7s.1.5.3.7z\"\/><\/svg><\/span><\/span><\/span><\/a><\/span><\/div>\n<nav><ul class='ez-toc-list ez-toc-list-level-1 ' ><li class='ez-toc-page-1 ez-toc-heading-level-1'><a class=\"ez-toc-link ez-toc-heading-1\" href=\"https:\/\/www.midamec.com\/vi\/product\/dung-cu-massage-ban-chan-co-con-lan-dung\/#DUNG_CU_MASSAGE_BAN_CHAN_CO_CON_LAN_DUNG\" title=\"D\u1ee4NG C\u1ee4 MASSAGE B\u00c0N CH\u00c2N C\u00d3 CON L\u0102N \u0110\u1ee8NG\">D\u1ee4NG C\u1ee4 MASSAGE B\u00c0N CH\u00c2N C\u00d3 CON L\u0102N \u0110\u1ee8NG<\/a><ul class='ez-toc-list-level-2' ><li class='ez-toc-heading-level-2'><a class=\"ez-toc-link ez-toc-heading-2\" href=\"https:\/\/www.midamec.com\/vi\/product\/dung-cu-massage-ban-chan-co-con-lan-dung\/#CONG_DUNG_DUNG_CU_MASSAGE_BAN_CHAN_CO_CON_LAN_DUNG\" title=\"C\u00d4NG D\u1ee4NG D\u1ee4NG C\u1ee4 MASSAGE B\u00c0N CH\u00c2N C\u00d3 CON L\u0102N \u0110\u1ee8NG\">C\u00d4NG D\u1ee4NG D\u1ee4NG C\u1ee4 MASSAGE B\u00c0N CH\u00c2N C\u00d3 CON L\u0102N \u0110\u1ee8NG<\/a><\/li><li class='ez-toc-page-1 ez-toc-heading-level-2'><a class=\"ez-toc-link ez-toc-heading-3\" href=\"https:\/\/www.midamec.com\/vi\/product\/dung-cu-massage-ban-chan-co-con-lan-dung\/#UU_DIEM_DUNG_CU_MASSAGE_BAN_CHAN_CO_CON_LAN_DUNG\" title=\"\u01afU \u0110I\u1ec2M D\u1ee4NG C\u1ee4 MASSAGE B\u00c0N CH\u00c2N C\u00d3 CON L\u0102N \u0110\u1ee8NG\">\u01afU \u0110I\u1ec2M D\u1ee4NG C\u1ee4 MASSAGE B\u00c0N CH\u00c2N C\u00d3 CON L\u0102N \u0110\u1ee8NG<\/a><\/li><li class='ez-toc-page-1 ez-toc-heading-level-2'><a class=\"ez-toc-link ez-toc-heading-4\" href=\"https:\/\/www.midamec.com\/vi\/product\/dung-cu-massage-ban-chan-co-con-lan-dung\/#THONG_SO_KY_THUAT\" title=\"TH\u00d4NG S\u1ed0 K\u1ef8 THU\u1eacT\">TH\u00d4NG S\u1ed0 K\u1ef8 THU\u1eacT<\/a><\/li><\/ul><\/li><li class='ez-toc-page-1 ez-toc-heading-level-1'><a class=\"ez-toc-link ez-toc-heading-5\" href=\"https:\/\/www.midamec.com\/vi\/product\/dung-cu-massage-ban-chan-co-con-lan-dung\/#Thong_tin_nha_san_xuat_MidaMec_%E2%80%93_san_xuat_vat_tu_y_te_nhua\" title=\"Th\u00f4ng tin nh\u00e0 s\u1ea3n xu\u1ea5t MidaMec &#8211; s\u1ea3n xu\u1ea5t v\u1eadt t\u01b0 y t\u1ebf nh\u1ef1a\">Th\u00f4ng tin nh\u00e0 s\u1ea3n xu\u1ea5t MidaMec &#8211; s\u1ea3n xu\u1ea5t v\u1eadt t\u01b0 y t\u1ebf nh\u1ef1a<\/a><\/li><li class='ez-toc-page-1 ez-toc-heading-level-1'><a class=\"ez-toc-link ez-toc-heading-6\" href=\"https:\/\/www.midamec.com\/vi\/product\/dung-cu-massage-ban-chan-co-con-lan-dung\/#Thong_tin_lien_he\" title=\"Th\u00f4ng tin li\u00ean h\u1ec7\">Th\u00f4ng tin li\u00ean h\u1ec7<\/a><\/li><\/ul><\/nav><\/div>\n<h1><span class=\"ez-toc-section\" id=\"DUNG_CU_MASSAGE_BAN_CHAN_CO_CON_LAN_DUNG\"><\/span><strong>D\u1ee4NG C\u1ee4 MASSAGE B\u00c0N CH\u00c2N C\u00d3 CON L\u0102N \u0110\u1ee8NG<\/strong><span class=\"ez-toc-section-end\"><\/span><\/h1>\n<p><a class=\"https:\/\/midameccom416.chiliweb.org\/?post_type=product&amp;p=11421&amp;lang=vi&amp;preview=true\" href=\"https:\/\/midameccom416.chiliweb.org\/?post_type=product&amp;p=11421&amp;lang=vi&amp;preview=true\" target=\"_blank\" rel=\"https:\/\/midameccom416.chiliweb.org\/?post_type=product&amp;p=11421&amp;lang=vi&amp;preview=true noopener\"><img decoding=\"async\" class=\"D\u1ee5ng c\u1ee5 massage b\u00e0n ch\u00e2n c\u00f3 con l\u0103n \u0111\u1ee9ng aligncenter wp-image-11422 size-full\" title=\"D\u1ee5ng c\u1ee5 massage b\u00e0n ch\u00e2n c\u00f3 con l\u0103n \u0111\u1ee9ng\" src=\"https:\/\/midameccom416.chiliweb.org\/wp-content\/uploads\/2024\/12\/CO-LAN-DUNG-1280x720px-task-11.png\" alt=\"D\u1ee5ng c\u1ee5 massage b\u00e0n ch\u00e2n c\u00f3 con l\u0103n \u0111\u1ee9ng\" width=\"1280\" height=\"720\" srcset=\"https:\/\/www.midamec.com\/wp-content\/uploads\/2024\/12\/CO-LAN-DUNG-1280x720px-task-11.png 1280w, https:\/\/www.midamec.com\/wp-content\/uploads\/2024\/12\/CO-LAN-DUNG-1280x720px-task-11-510x287.png 510w, https:\/\/www.midamec.com\/wp-content\/uploads\/2024\/12\/CO-LAN-DUNG-1280x720px-task-11-500x281.png 500w, https:\/\/www.midamec.com\/wp-content\/uploads\/2024\/12\/CO-LAN-DUNG-1280x720px-task-11-665x374.png 665w, https:\/\/www.midamec.com\/wp-content\/uploads\/2024\/12\/CO-LAN-DUNG-1280x720px-task-11-768x432.png 768w\" sizes=\"(max-width: 1280px) 100vw, 1280px\" \/><\/a><\/p>\n<p><em><strong>D\u1ee5ng c\u1ee5 massage b\u00e0n ch\u00e2n c\u00f3 con l\u0103n \u0111\u1ee9ng<\/strong><\/em>\u00a0mang \u0111\u1ebfn nh\u1eefng tr\u1ea3i nghi\u1ec7m th\u01b0 th\u00e1i v\u00e0 ch\u0103m s\u00f3c s\u1ee9c kh\u1ecfe to\u00e0n di\u1ec7n. C\u1ea3i thi\u1ec7n l\u01b0u th\u00f4ng tu\u1ea7n ho\u00e0n m\u00e1u, gi\u1ea3m c\u0103ng th\u1eb3ng v\u00e0 lo\u1ea1i b\u1ecf c\u00e1c c\u01a1n \u0111au nh\u1ee9c.<\/p>\n<h2><span class=\"ez-toc-section\" id=\"CONG_DUNG_DUNG_CU_MASSAGE_BAN_CHAN_CO_CON_LAN_DUNG\"><\/span>C\u00d4NG D\u1ee4NG D\u1ee4NG C\u1ee4 MASSAGE B\u00c0N CH\u00c2N C\u00d3 CON L\u0102N \u0110\u1ee8NG<span class=\"ez-toc-section-end\"><\/span><\/h2>\n<p>&#8211; <em><strong>D\u1ee5ng c\u1ee5 massage b\u00e0n ch\u00e2n c\u00f3 con l\u0103n \u0111\u1ee9ng <\/strong><\/em>c\u1ea3i thi\u1ec7n tu\u1ea7n ho\u00e0n m\u00e1u: \u00c1p l\u1ef1c massage t\u00e1c \u0111\u1ed9ng l\u00ean c\u00e1c m\u1ea1ch m\u00e1u, gi\u00fap m\u00e1u l\u01b0u th\u00f4ng t\u1ed1t h\u01a1n, cung c\u1ea5p \u0111\u1ee7 oxy v\u00e0 ch\u1ea5t dinh d\u01b0\u1ee1ng cho c\u00e1c c\u01a1 quan<\/p>\n<p>&#8211; Gi\u1ea3m \u0111au nh\u1ee9c: Massage ch\u00e2n l\u00e0 ph\u01b0\u01a1ng ph\u00e1p v\u1eadt l\u00fd tr\u1ecb li\u1ec7u hi\u1ec7u qu\u1ea3 \u0111\u1ec3 gi\u1ea3m \u0111au nh\u1ee9c do c\u00e1c b\u1ec7nh l\u00fd v\u1ec1 x\u01b0\u01a1ng kh\u1edbp, c\u0103ng c\u01a1, chu\u1ed9t r\u00fat,\u2026<\/p>\n<p>&#8211; C\u1ea3i thi\u1ec7n gi\u1ea5c ng\u1ee7: <em><strong>D\u1ee5ng c\u1ee5 massage b\u00e0n ch\u00e2n c\u00f3 con l\u0103n \u0111\u1ee9ng <\/strong><\/em>gi\u00fap k\u00edch th\u00edch c\u00e1c huy\u1ec7t \u1edf l\u00f2ng b\u00e0n ch\u00e2n gi\u00fap c\u01a1 th\u1ec3 \u0111\u01b0\u1ee3c th\u01b0 gi\u00e3n, gi\u1ea3m c\u0103ng th\u1eb3ng, t\u1ea1o gi\u1ea5c ng\u1ee7 s\u00e2u v\u00e0 ngon h\u01a1n<\/p>\n<p>&#8211; Ch\u1ee7 \u0111\u1ed9ng ph\u00f2ng b\u1ec7nh: \u0110i\u1ec1u h\u00f2a kh\u00ed huy\u1ebft, gi\u00fap c\u01a1 th\u1ec3 lu\u00f4n trong tr\u1ea1ng th\u00e1i c\u00e2n b\u1eb1ng, t\u0103ng c\u01b0\u1eddng s\u1ee9c \u0111\u1ec1 kh\u00e1ng<\/p>\n<p>&#8211; N\u00e2ng cao s\u1ee9c kh\u1ecfe t\u1ed5ng th\u1ec3: Massage ch\u00e2n th\u01b0\u1eddng xuy\u00ean t\u0103ng c\u01b0\u1eddng h\u1ec7 mi\u1ec5n d\u1ecbch, c\u1ea3i thi\u1ec7n t\u00e2m tr\u1ea1ng, th\u01b0 gi\u00e3n, xua tan m\u1ec7t m\u1ecfi, gi\u1ea3m stress<\/p>\n<h2><span class=\"ez-toc-section\" id=\"UU_DIEM_DUNG_CU_MASSAGE_BAN_CHAN_CO_CON_LAN_DUNG\"><\/span>\u01afU \u0110I\u1ec2M D\u1ee4NG C\u1ee4 MASSAGE B\u00c0N CH\u00c2N C\u00d3 CON L\u0102N \u0110\u1ee8NG<span class=\"ez-toc-section-end\"><\/span><\/h2>\n<p>&#8211; B\u1ec1n ch\u1eafc: Nh\u1ef1a ch\u00ednh ph\u1ea9m c\u00f3 \u0111\u1ed9 b\u1ec1n cao, ch\u1ecbu l\u1ef1c t\u1ed1t 20kg<\/p>\n<p>&#8211; Ti\u1ec7n l\u1ee3i: G\u1ecdn nh\u1eb9, s\u1eed d\u1ee5ng t\u1ea1i nh\u00e0 khi xem tivi hay \u0111i xe \u00f4 t\u00f4 (ng\u1ed3i b\u0103ng sau), ho\u1eb7c c\u00f3 th\u1ec3 mang \u0111\u1ebfn n\u01a1i l\u00e0m vi\u1ec7c<\/p>\n<p>&#8211; Ch\u1ed1ng tr\u01b0\u1ee3t:\u00a0 <em><strong>D\u1ee5ng c\u1ee5 massage b\u00e0n ch\u00e2n c\u00f3 con l\u0103n \u0111\u1ee9ng <\/strong><\/em>b\u1ec1 m\u1eb7t c\u00f3 h\u1ea1t massage gi\u00fap ch\u1ed1ng tr\u01b0\u1ee3t v\u00e0 t\u1ea1o c\u1ea3m gi\u00e1c k\u00edch th\u00edch khi b\u00e0n ch\u00e2n \u0111\u01b0\u1ee3c \u0111\u1eb7t l\u00ean<\/p>\n<p>&#8211; D\u1ec5 s\u1eed d\u1ee5ng: Thao t\u00e1c \u0111\u01a1n gi\u1ea3n kh\u00f4ng m\u1ea5t nhi\u1ec1u th\u1eddi gian<\/p>\n<p>&#8211; Ph\u00f9 h\u1ee3p v\u1edbi nhi\u1ec1u \u0111\u1ed1i t\u01b0\u1ee3ng: Nh\u00e2n vi\u00ean v\u0103n ph\u00f2ng, ng\u01b0\u1eddi ch\u01a1i th\u1ec3 thao, ng\u01b0\u1eddi l\u1edbn tu\u1ed5i, ng\u01b0\u1eddi \u0111ang g\u1eb7p c\u00e1c t\u00ecnh tr\u1ea1ng v\u1ec1 c\u01a1, x\u01b0\u01a1ng kh\u1edbp<\/p>\n<p>&#8211; Ti\u1ebft ki\u1ec7m th\u1eddi gian, chi ph\u00ed: Ch\u1ee7 \u0111\u1ed9ng th\u1ef1c hi\u1ec7n khi c\u1ea7n thi\u1ebft<\/p>\n<p>H\u00e3y \u0111\u1ea7u t\u01b0 cho s\u1ee9c kh\u1ecfe c\u1ee7a b\u1ea3n th\u00e2n v\u00e0 gia \u0111\u00ecnh b\u1eb1ng <em><strong>D\u1ee5ng c\u1ee5 massage b\u00e0n ch\u00e2n c\u00f3 con l\u0103n \u0111\u1ee9ng<\/strong><\/em> MIDAMEC ngay h\u00f4m nay!<\/p>\n<p>&#8211; S\u1ea3n ph\u1ea9m \u0111\u1ea1t chu\u1ea9n ISO Class 5, ISO-13485, ISO 9001, ISO 14001, ISO 45001<\/p>\n<h2><span class=\"ez-toc-section\" id=\"THONG_SO_KY_THUAT\"><\/span><strong>TH\u00d4NG S\u1ed0 K\u1ef8 THU\u1eacT<\/strong><span class=\"ez-toc-section-end\"><\/span><\/h2>\n<p>&#8211; M\u00e3 s\u1ea3n ph\u1ea9m: FOM0001<\/p>\n<p>&#8211; Xu\u1ea5t x\u1ee9 h\u00e0ng h\u00f3a: Vi\u1ec7t Nam<\/p>\n<p>&#8211; Th\u00f4ng s\u1ed1 k\u1ef9 thu\u1eadt: Nh\u1ef1a PP, TPE<\/p>\n<p>&#8211; M\u00e0u s\u1eafc: \u0110en\/ N\u00e2u<\/p>\n<p>&#8211; Lo\u1ea1i: C\u00f3 con l\u0103n \u0111\u1ee9ng v\u00e0 kh\u00f4ng c\u00f3 con l\u0103n \u0111\u1ee9ng<\/p>\n<h1><span class=\"ez-toc-section\" id=\"Thong_tin_nha_san_xuat_MidaMec_%E2%80%93_san_xuat_vat_tu_y_te_nhua\"><\/span>Th\u00f4ng tin nh\u00e0 s\u1ea3n xu\u1ea5t MidaMec &#8211; s\u1ea3n xu\u1ea5t v\u1eadt t\u01b0 y t\u1ebf nh\u1ef1a<span class=\"ez-toc-section-end\"><\/span><\/h1>\n<p>&#8211; \u0110\u01a1n v\u1ecb d\u1eabn \u0111\u1ea7u Vi\u1ec7t Nam trong l\u0129nh v\u1ef1c s\u1ea3n xu\u1ea5t c\u00e1c s\u1ea3n ph\u1ea9m v\u1eadt t\u01b0 y t\u1ebf v\u00e0 ch\u0103m s\u00f3c s\u1ee9c kh\u1ecfe<\/p>\n<p>&#8211; S\u1ea3n ph\u1ea9m \u0111\u01b0\u1ee3c ph\u00e2n ph\u1ed1i to\u00e0n qu\u1ed1c v\u00e0 xu\u1ea5t kh\u1ea9u th\u1ecb tr\u01b0\u1eddng n\u01b0\u1edbc ngo\u00e0i, \u0111ang l\u00e0 s\u1ef1 l\u1ef1a ch\u1ecdn tin c\u1eady c\u1ee7a nhi\u1ec1u kh\u00e1ch h\u00e0ng trong v\u00e0 ngo\u00e0i n\u01b0\u1edbc<\/p>\n<p>&#8211; \u0110\u1ec3 \u0111\u00e1p \u1ee9ng c\u00e1c nhu c\u1ea7u ng\u00e0y c\u00e0ng cao c\u1ee7a th\u1ecb tr\u01b0\u1eddng v\u00e0 c\u00e1c ti\u00eau chu\u1ea9n kh\u1eafc khe MidaMec trang b\u1ecb hi\u1ec7n \u0111\u1ea1i t\u1eeb nh\u1eefng th\u01b0\u01a1ng hi\u1ec7u n\u1ed5i ti\u1ebfng nh\u01b0: Makino, Mazak, Charmiles, JSW, Sumitomo,\u2026<\/p>\n<p>&#8211; Ch\u00ednh s\u00e1ch gi\u00e1 t\u1ed1t d\u00e0nh cho c\u00e1c kh\u00e1ch h\u00e0ng mua s\u1ec9, l\u00e0m \u0111\u1ea1i l\u00fd, nh\u00e0 ph\u00e2n ph\u1ed1i.<\/p>\n<p>&#8211; V\u1edbi \u0111\u1ed9i ng\u0169 thi\u1ebft k\u1ebf gi\u00e0u kinh nghi\u1ec7m, nhi\u1ec1u chuy\u00ean gia l\u0129nh v\u1ef1c trong ng\u00e0nh n\u1eafm b\u1eaft xu h\u01b0\u1edbng, \u0111\u01b0a ra th\u1ecb tr\u01b0\u1eddng nh\u1eefng s\u1ea3n ph\u1ea9m ch\u1ea5t l\u01b0\u1ee3ng.<\/p>\n<p><a class=\"https:\/\/midameccom416.chiliweb.org\/product\/dung-cu-massage-ban-chan-co-con-lan-dung\/?lang=vi\" href=\"https:\/\/midameccom416.chiliweb.org\/product\/dung-cu-massage-ban-chan-co-con-lan-dung\/?lang=vi\" target=\"_blank\" rel=\"https:\/\/midameccom416.chiliweb.org\/product\/dung-cu-massage-ban-chan-co-con-lan-dung\/?lang=vi noopener\"><img decoding=\"async\" class=\"D\u1ee5ng c\u1ee5 massage b\u00e0n ch\u00e2n c\u00f3 con l\u0103n \u0111\u1ee9ng aligncenter wp-image-11466 size-full\" title=\"D\u1ee5ng c\u1ee5 massage b\u00e0n ch\u00e2n c\u00f3 con l\u0103n \u0111\u1ee9ng\" src=\"https:\/\/midameccom416.chiliweb.org\/wp-content\/uploads\/2024\/12\/Dan-may-Sumitomo-scaled.jpg\" alt=\"D\u1ee5ng c\u1ee5 massage b\u00e0n ch\u00e2n c\u00f3 con l\u0103n \u0111\u1ee9ng\" width=\"2560\" height=\"1645\" srcset=\"https:\/\/www.midamec.com\/wp-content\/uploads\/2024\/12\/Dan-may-Sumitomo-scaled.jpg 2560w, https:\/\/www.midamec.com\/wp-content\/uploads\/2024\/12\/Dan-may-Sumitomo-scaled-510x328.jpg 510w, https:\/\/www.midamec.com\/wp-content\/uploads\/2024\/12\/Dan-may-Sumitomo-437x281.jpg 437w, https:\/\/www.midamec.com\/wp-content\/uploads\/2024\/12\/Dan-may-Sumitomo-582x374.jpg 582w, https:\/\/www.midamec.com\/wp-content\/uploads\/2024\/12\/Dan-may-Sumitomo-768x494.jpg 768w, https:\/\/www.midamec.com\/wp-content\/uploads\/2024\/12\/Dan-may-Sumitomo-1536x987.jpg 1536w, https:\/\/www.midamec.com\/wp-content\/uploads\/2024\/12\/Dan-may-Sumitomo-2048x1316.jpg 2048w\" sizes=\"(max-width: 2560px) 100vw, 2560px\" \/><\/a><\/p>\n<p>* C\u00e1c ch\u1ee9ng nh\u1eadn v\u00e0 gi\u1ea3i th\u01b0\u1edfng \u0111\u1ea1t \u0111\u01b0\u1ee3c<\/p>\n<p>Ch\u1ee9ng nh\u1eadn FDA<\/p>\n<p>ISO 9001; ISO-14001; ISO-45001 (Ch\u1ea5t l\u01b0\u1ee3ng &#8211; M\u00f4i tr\u01b0\u1eddng-S\u1ee9c kh\u1ecfe)<\/p>\n<p>ISO Class 5 \u2013 Ti\u00eau chu\u1ea9n s\u1ea3n ph\u1ea9m v\u1ec7 sinh ph\u00f2ng s\u1ea3n ph\u1ea9m y t\u1ebf<\/p>\n<p>ISO-13485 Ng\u00e0nh s\u1ea3n xu\u1ea5t thi\u1ebft b\u1ecb y t\u1ebf<\/p>\n<p>Th\u01b0\u01a1ng hi\u1ec7u qu\u1ed1c gia nhi\u1ec1u n\u0103m li\u1ec1n k\u1ec1<\/p>\n<p>Top 500 DN t\u0103ng tr\u01b0\u1edfng nhanh nh\u1ea5t Vi\u1ec7t Nam<\/p>\n<p>Top 50 DN t\u0103ng tr\u01b0\u1edfng xu\u1ea5t s\u1eafc nh\u1ea5t Vi\u1ec7t Nam.<\/p>\n<p>&#8230;..v\u00e0 nhi\u1ec1u gi\u1ea3i th\u01b0\u1edfng kh\u00e1c.<\/p>\n<p>H\u00e3y li\u00ean h\u1ec7 ch\u00fang t\u00f4i \u0111\u1ec3 bi\u1ebft th\u00eam th\u00f4ng tin chi ti\u1ebft<\/p>\n<h1><span class=\"ez-toc-section\" id=\"Thong_tin_lien_he\"><\/span><strong><span style=\"vertical-align: inherit; font-family: 'times new roman', times, serif;\"><span style=\"vertical-align: inherit;\">Th\u00f4ng tin li\u00ean h\u1ec7<\/span><\/span><\/strong><span class=\"ez-toc-section-end\"><\/span><\/h1>\n<p>+ Hotline: +84 568 818 789<\/p>\n<p><span style=\"vertical-align: inherit; font-family: 'times new roman', times, serif;\"><span style=\"vertical-align: inherit;\">+ Website: <a href=\"https:\/\/midameccom416.chiliweb.org\/\" target=\"_blank\" rel=\"noopener\">midameccom416.chiliweb.org<\/a><\/span><\/span><\/p>\n<p><span style=\"font-family: 'times new roman', times, serif;\"><span style=\"vertical-align: inherit;\">+ Email: <\/span><a href=\"mailto:info@midamec.com\"><span style=\"vertical-align: inherit;\">info@midamec.com<\/span><\/a><\/span><\/p>\n<p><span style=\"vertical-align: inherit; font-family: 'times new roman', times, serif;\"><span style=\"vertical-align: inherit;\">+ Fanpage: <a href=\"https:\/\/www.facebook.com\/midamec\" target=\"_blank\" rel=\"noopener\">https:\/\/www.facebook.com\/midamec<\/a><\/span><\/span><\/p>\n<p><span style=\"font-family: 'times new roman', times, serif;\">+ Zalo:<a href=\"https:\/\/zalo.me\/midaofficial\" target=\"_blank\" rel=\"noopener\"> https:\/\/zalo.me\/midaofficial<\/a><\/span><\/p>\n<p><span style=\"font-family: 'times new roman', times, serif;\">+ Youtube: <a href=\"https:\/\/www.youtube.com\/@midamold7927\" target=\"_blank\" rel=\"noopener\">https:\/\/www.youtube.com\/@midamold7927<\/a><\/span><\/p>\n","protected":false},"excerpt":{"rendered":"<p><span style=\"font-family: 'times new roman', times, serif;\">&#8211; T\u00ean s\u1ea3n ph\u1ea9m: D\u1ee5ng c\u1ee5 massage b\u00e0n ch\u00e2n c\u00f3 con l\u0103n \u0111\u1ee9ng<\/span><\/p>\n<p><span style=\"font-family: 'times new roman', times, serif;\">&#8211; M\u00e3 s\u1ea3n ph\u1ea9m: <span style=\"vertical-align: inherit;\">FOM0001<\/span><\/span><\/p>\n<p><span style=\"font-family: 'times new roman', times, serif;\">&#8211; Xu\u1ea5t x\u1ee9 h\u00e0ng h\u00f3a: <span style=\"vertical-align: inherit;\">Vi\u1ec7t Nam<\/span><\/span><\/p>\n<p><span style=\"font-family: 'times new roman', times, serif;\">&#8211; Th\u00f4ng s\u1ed1 k\u1ef9 thu\u1eadt: Nh\u1ef1a PP, TPE<\/span><\/p>\n<p><span style=\"font-family: 'times new roman', times, serif;\">&#8211;\u00a0 M\u00e0u s\u1eafc: \u0110en\/ N\u00e2u<\/span><\/p>\n<p><span style=\"font-family: 'times new roman', times, serif;\">&#8211; Ch\u00ednh s\u00e1ch gi\u00e1 t\u1ed1t tr\u00ean th\u1ecb tr\u01b0\u1eddng, gi\u00e1 \u01b0u \u0111\u00e3i: Mua s\u1ed1 l\u01b0\u1ee3ng l\u1edbn, th\u01b0\u01a1ng m\u1ea1i, \u0111\u1ea5u th\u1ea7u. Gi\u00e1 t\u1ed1t cho NPP, \u0111\u1ea1i l\u00fd. Gi\u00e1 \u0111\u1eb7c bi\u1ec7t cho kh\u00e1ch h\u00e0ng OEM<\/span><\/p>\n<p><span style=\"font-family: 'times new roman', times, serif;\">&#8211; Ph\u00e2n ph\u1ed1i: To\u00e0n qu\u1ed1c v\u00e0 xu\u1ea5t kh\u1ea9u n\u01b0\u1edbc ngo\u00e0i<\/span><\/p>\n<p><span style=\"font-family: 'times new roman', times, serif;\">&#8211; \u0110\u1ed9i ng\u0169 gi\u00e0u kinh nghi\u1ec7m, nhi\u1ec1u chuy\u00ean gia l\u0129nh v\u1ef1c trong ng\u00e0nh<\/span><\/p>\n<p><span style=\"font-family: 'times new roman', times, serif;\">&#8211; Ch\u1ea5t l\u01b0\u1ee3ng: <span style=\"vertical-align: inherit;\">S\u1ea3n ph\u1ea9m \u0111\u1ea1t chu\u1ea9n <strong><span style=\"color: #17479e;\">FDA , ISO Class 5, ISO-13485,<\/span> <span style=\"color: #ed1c24;\">ISO 9001, ISO 14001, ISO 45001<\/span><\/strong><\/span><\/span><\/p>\n<p><span style=\"font-family: 'times new roman', times, serif;\">&#8211; Quy tr\u00ecnh ki\u1ec3m so\u00e1t nghi\u00eam ng\u1eb7t<\/span><\/p>\n<p><span style=\"font-family: 'times new roman', times, serif;\">&#8211; S\u1ea3n ph\u1ea9m \u0111ang \u0111\u01b0\u1ee3c b\u00e1n tr\u00ean c\u00e1c s\u00e0n th\u01b0\u01a1ng m\u1ea1i \u0111i\u1ec7n t\u1eed: <strong>Shopee, Lazada, Tiki<\/strong><\/span><\/p>\n<p><strong><em><span style=\"font-family: 'times new roman', times, serif;\">H\u00e3y li\u00ean h\u1ec7 v\u1edbi ch\u00fang t\u00f4i \u0111\u1ec3 nh\u1eadn \u0111\u01b0\u1ee3c s\u1ef1 ch\u0103m s\u00f3c t\u1eadn t\u00e2m!<\/span><\/em><\/strong><\/p>\n","protected":false},"featured_media":11424,"comment_status":"closed","ping_status":"closed","template":"","meta":[],"product_cat":[371],"product_tag":[],"_links":{"self":[{"href":"https:\/\/www.midamec.com\/vi\/wp-json\/wp\/v2\/product\/11421"}],"collection":[{"href":"https:\/\/www.midamec.com\/vi\/wp-json\/wp\/v2\/product"}],"about":[{"href":"https:\/\/www.midamec.com\/vi\/wp-json\/wp\/v2\/types\/product"}],"replies":[{"embeddable":true,"href":"https:\/\/www.midamec.com\/vi\/wp-json\/wp\/v2\/comments?post=11421"}],"wp:featuredmedia":[{"embeddable":true,"href":"https:\/\/www.midamec.com\/vi\/wp-json\/wp\/v2\/media\/11424"}],"wp:attachment":[{"href":"https:\/\/www.midamec.com\/vi\/wp-json\/wp\/v2\/media?parent=11421"}],"wp:term":[{"taxonomy":"product_cat","embeddable":true,"href":"https:\/\/www.midamec.com\/vi\/wp-json\/wp\/v2\/product_cat?post=11421"},{"taxonomy":"product_tag","embeddable":true,"href":"https:\/\/www.midamec.com\/vi\/wp-json\/wp\/v2\/product_tag?post=11421"}],"curies":[{"name":"wp","href":"https:\/\/api.w.org\/{rel}","templated":true}]}}