{"id":11391,"date":"2024-12-02T04:38:20","date_gmt":"2024-12-02T04:38:20","guid":{"rendered":"https:\/\/midameccom416.chiliweb.org\/?post_type=product&#038;p=11391"},"modified":"2024-12-07T04:10:56","modified_gmt":"2024-12-07T04:10:56","slug":"dung-cu-massage-dau","status":"publish","type":"product","link":"https:\/\/www.midamec.com\/vi\/product\/dung-cu-massage-dau\/","title":{"rendered":"D\u1ee5ng c\u1ee5 massage \u0111\u1ea7u"},"content":{"rendered":"<div id=\"ez-toc-container\" class=\"ez-toc-v2_0_73 counter-hierarchy ez-toc-counter ez-toc-grey ez-toc-container-direction\">\n<div class=\"ez-toc-title-container\">\n<p class=\"ez-toc-title\" style=\"cursor:inherit\">Table of Contents<\/p>\n<span class=\"ez-toc-title-toggle\"><a href=\"#\" class=\"ez-toc-pull-right ez-toc-btn ez-toc-btn-xs ez-toc-btn-default ez-toc-toggle\" aria-label=\"Toggle Table of Content\"><span class=\"ez-toc-js-icon-con\"><span class=\"\"><span class=\"eztoc-hide\" style=\"display:none;\">Toggle<\/span><span class=\"ez-toc-icon-toggle-span\"><svg style=\"fill: #999;color:#999\" xmlns=\"http:\/\/www.w3.org\/2000\/svg\" class=\"list-377408\" width=\"20px\" height=\"20px\" viewBox=\"0 0 24 24\" fill=\"none\"><path d=\"M6 6H4v2h2V6zm14 0H8v2h12V6zM4 11h2v2H4v-2zm16 0H8v2h12v-2zM4 16h2v2H4v-2zm16 0H8v2h12v-2z\" fill=\"currentColor\"><\/path><\/svg><svg style=\"fill: #999;color:#999\" class=\"arrow-unsorted-368013\" xmlns=\"http:\/\/www.w3.org\/2000\/svg\" width=\"10px\" height=\"10px\" viewBox=\"0 0 24 24\" version=\"1.2\" baseProfile=\"tiny\"><path d=\"M18.2 9.3l-6.2-6.3-6.2 6.3c-.2.2-.3.4-.3.7s.1.5.3.7c.2.2.4.3.7.3h11c.3 0 .5-.1.7-.3.2-.2.3-.5.3-.7s-.1-.5-.3-.7zM5.8 14.7l6.2 6.3 6.2-6.3c.2-.2.3-.5.3-.7s-.1-.5-.3-.7c-.2-.2-.4-.3-.7-.3h-11c-.3 0-.5.1-.7.3-.2.2-.3.5-.3.7s.1.5.3.7z\"\/><\/svg><\/span><\/span><\/span><\/a><\/span><\/div>\n<nav><ul class='ez-toc-list ez-toc-list-level-1 ' ><li class='ez-toc-page-1 ez-toc-heading-level-2'><a class=\"ez-toc-link ez-toc-heading-1\" href=\"https:\/\/www.midamec.com\/vi\/product\/dung-cu-massage-dau\/#Dung_cu_massage_dau\" title=\"D\u1ee5ng c\u1ee5 massage \u0111\u1ea7u\">D\u1ee5ng c\u1ee5 massage \u0111\u1ea7u<\/a><ul class='ez-toc-list-level-3' ><li class='ez-toc-heading-level-3'><a class=\"ez-toc-link ez-toc-heading-2\" href=\"https:\/\/www.midamec.com\/vi\/product\/dung-cu-massage-dau\/#Dung_cu_massage_dau_MIDAMEC_%E2%80%93_GIAI_PHAP_THU_GIAN_HOAN_HAO\" title=\"D\u1ee5ng c\u1ee5 massage \u0111\u1ea7u MIDAMEC &#8211; GI\u1ea2I PH\u00c1P TH\u01af GI\u00c3N HO\u00c0N H\u1ea2O\">D\u1ee5ng c\u1ee5 massage \u0111\u1ea7u MIDAMEC &#8211; GI\u1ea2I PH\u00c1P TH\u01af GI\u00c3N HO\u00c0N H\u1ea2O<\/a><\/li><li class='ez-toc-page-1 ez-toc-heading-level-3'><a class=\"ez-toc-link ez-toc-heading-3\" href=\"https:\/\/www.midamec.com\/vi\/product\/dung-cu-massage-dau\/#Thong_so_ky_thuat\" title=\"Th\u00f4ng s\u1ed1 k\u1ef9 thu\u1eadt\">Th\u00f4ng s\u1ed1 k\u1ef9 thu\u1eadt<\/a><\/li><\/ul><\/li><li class='ez-toc-page-1 ez-toc-heading-level-2'><a class=\"ez-toc-link ez-toc-heading-4\" href=\"https:\/\/www.midamec.com\/vi\/product\/dung-cu-massage-dau\/#Thong_tin_nha_san_xuat_MidaMec\" title=\"Th\u00f4ng tin nh\u00e0 s\u1ea3n xu\u1ea5t MidaMec\u00a0\">Th\u00f4ng tin nh\u00e0 s\u1ea3n xu\u1ea5t MidaMec\u00a0<\/a><\/li><li class='ez-toc-page-1 ez-toc-heading-level-2'><a class=\"ez-toc-link ez-toc-heading-5\" href=\"https:\/\/www.midamec.com\/vi\/product\/dung-cu-massage-dau\/#Thong_tin_lien_he\" title=\"Th\u00f4ng tin li\u00ean h\u1ec7\">Th\u00f4ng tin li\u00ean h\u1ec7<\/a><\/li><\/ul><\/nav><\/div>\n<h2><span class=\"ez-toc-section\" id=\"Dung_cu_massage_dau\"><\/span><strong>D\u1ee5ng c\u1ee5 massage \u0111\u1ea7u <\/strong><span class=\"ez-toc-section-end\"><\/span><\/h2>\n<h3><span class=\"ez-toc-section\" id=\"Dung_cu_massage_dau_MIDAMEC_%E2%80%93_GIAI_PHAP_THU_GIAN_HOAN_HAO\"><\/span><strong>D\u1ee5ng c\u1ee5 massage \u0111\u1ea7u MIDAMEC &#8211; GI\u1ea2I PH\u00c1P TH\u01af GI\u00c3N HO\u00c0N H\u1ea2O<\/strong><span class=\"ez-toc-section-end\"><\/span><\/h3>\n<p><img decoding=\"async\" src=\"https:\/\/cf.shopee.vn\/file\/vn-11134208-7ras8-m32xngt2924026\" width=\"1280\" height=\"720\" data-uploading=\"uploaded\" data-upload-status=\"success\" alt=\"\" title=\"\"><\/p>\n<p>&#8211; <em><strong>D\u1ee5ng c\u1ee5 massage \u0111\u1ea7u<\/strong><\/em> , s\u1ea3n ph\u1ea9m \u0111\u1ea1t chu\u1ea9n ISO Class 5, ISO-13485, ISO 9001, ISO 14001, ISO 45001<\/p>\n<p>&#8211; Thi\u1ebft k\u1ebf th\u00f4ng minh: V\u1edbi 9 que massage xoay 360 \u0111\u1ed9, d\u1ee5ng c\u1ee5 nh\u1eb9 nh\u00e0ng t\u00e1c \u0111\u1ed9ng l\u00ean da \u0111\u1ea7u, k\u00edch th\u00edch c\u00e1c huy\u1ec7t \u0111\u1ea1o m\u00e0 kh\u00f4ng g\u00e2y \u0111au hay t\u1ed5n th\u01b0\u01a1ng. Thi\u1ebft k\u1ebf \u0111\u1ed9c \u0111\u00e1o n\u00e0y gi\u00fap massage to\u00e0n b\u1ed9 v\u00f9ng da \u0111\u1ea7u, t\u1eeb tr\u00e1n \u0111\u1ebfn g\u00e1y, mang l\u1ea1i c\u1ea3m gi\u00e1c th\u01b0 gi\u00e3n<\/p>\n<p>&#8211; Hi\u1ec7u qu\u1ea3 v\u01b0\u1ee3t tr\u1ed9i <em><strong>D\u1ee5ng c\u1ee5 massage \u0111\u1ea7u:<\/strong><\/em><\/p>\n<p>+ Th\u01b0 gi\u00e3n t\u1ed1i \u0111a: Gi\u00fap gi\u1ea3m c\u0103ng th\u1eb3ng, m\u1ec7t m\u1ecfi, c\u1ea3i thi\u1ec7n ch\u1ea5t l\u01b0\u1ee3ng gi\u1ea5c ng\u1ee7<\/p>\n<p>+ K\u00edch th\u00edch tu\u1ea7n ho\u00e0n m\u00e1u: Gi\u1ea3m \u0111au \u0111\u1ea7u v\u00e0 ng\u0103n ng\u1eeba c\u00e1c v\u1ea5n \u0111\u1ec1 v\u1ec1 da \u0111\u1ea7u (ng\u1ee9a da \u0111\u1ea7u, r\u1ee5ng t\u00f3c)<\/p>\n<p>&#8211; D\u1ec5 s\u1eed d\u1ee5ng:<\/p>\n<p>+ <em><strong>D\u1ee5ng c\u1ee5 massage \u0111\u1ea7u <\/strong><\/em>v\u1edbi thao t\u00e1c \u0111\u01a1n gi\u1ea3n, ch\u1ec9 c\u1ea7n \u0111\u01b0a c\u00e2y massage di chuy\u1ec3n \u0111\u1ebfn v\u00f9ng da \u0111\u1ea7u c\u1ea7n massage<\/p>\n<p>&#8211; Ti\u1ec7n d\u1ee5ng:<\/p>\n<p>+ D\u1ec5 d\u00e0ng s\u1eed d\u1ee5ng m\u1ecdi l\u00fac m\u1ecdi n\u01a1i, \u0111\u1eb7c bi\u1ec7t ph\u00f9 h\u1ee3p cho ng\u01b0\u1eddi l\u1edbn tu\u1ed5i, ng\u01b0\u1eddi l\u00e0m vi\u1ec7c v\u0103n ph\u00f2ng, ng\u01b0\u1eddi hay m\u1ea5t ng\u1ee7,\u2026 gi\u00fap gi\u1ea3m \u0111au \u0111\u1ea7u, th\u01b0 gi\u00e3n<\/p>\n<p>&#8211; \u0110a n\u0103ng: Ngo\u00e0i vi\u1ec7c massage da \u0111\u1ea7u, d\u1ee5ng c\u1ee5 c\u00f2n c\u00f3 th\u1ec3 s\u1eed d\u1ee5ng \u0111\u1ec3 massage c\u00e1c v\u00f9ng kh\u00e1c tr\u00ean c\u01a1 th\u1ec3 nh\u01b0 vai, c\u1ed5, g\u1ed1i,\u2026gi\u00fap t\u0103ng c\u01b0\u1eddng tu\u1ea7n ho\u00e0n m\u00e1u v\u00e0 gi\u1ea3m \u0111au nh\u1ee9c<\/p>\n<p>&#8211; Th\u00e2n thi\u1ec7n m\u00f4i tr\u01b0\u1eddng: <em><strong>D\u1ee5ng c\u1ee5 massage \u0111\u1ea7u <\/strong><\/em>s\u1ea3n xu\u1ea5t t\u1eeb nguy\u00ean li\u1ec7u nh\u1ef1a t\u00e1i ch\u1ebf rPET, \u0111\u1ea3m b\u1ea3o an to\u00e0n<\/p>\n<h3><span class=\"ez-toc-section\" id=\"Thong_so_ky_thuat\"><\/span><strong>Th\u00f4ng s\u1ed1 k\u1ef9 thu\u1eadt<\/strong><span class=\"ez-toc-section-end\"><\/span><\/h3>\n<p>&#8211; M\u00e3 s\u1ea3n ph\u1ea9m: HM0001<\/p>\n<p>&#8211; Xu\u1ea5t x\u1ee9 h\u00e0ng h\u00f3a: Vi\u1ec7t Nam<\/p>\n<p>&#8211; Th\u00f4ng s\u1ed1 k\u1ef9 thu\u1eadt: Nh\u1ef1a t\u00e1i ch\u1ebf rPET \u0111\u1ea1t chu\u1ea9n ch\u1ea5t l\u01b0\u1ee3ng, Nh\u1ef1a PP, HIPS<\/p>\n<p>&#8211; M\u00e0u s\u1eafc: \u0110\u1ecf\/ Xanh l\u00e1<\/p>\n<h2><span class=\"ez-toc-section\" id=\"Thong_tin_nha_san_xuat_MidaMec\"><\/span><strong>Th\u00f4ng tin nh\u00e0 s\u1ea3n xu\u1ea5t MidaMec\u00a0<\/strong><span class=\"ez-toc-section-end\"><\/span><\/h2>\n<p>&#8211; \u0110\u01a1n v\u1ecb d\u1eabn \u0111\u1ea7u Vi\u1ec7t Nam trong l\u0129nh v\u1ef1c s\u1ea3n xu\u1ea5t c\u00e1c s\u1ea3n ph\u1ea9m v\u1eadt t\u01b0 y t\u1ebf v\u00e0 ch\u0103m s\u00f3c s\u1ee9c kh\u1ecfe<\/p>\n<p>&#8211; S\u1ea3n ph\u1ea9m \u0111\u01b0\u1ee3c ph\u00e2n ph\u1ed1i to\u00e0n qu\u1ed1c v\u00e0 xu\u1ea5t kh\u1ea9u th\u1ecb tr\u01b0\u1eddng n\u01b0\u1edbc ngo\u00e0i, \u0111ang l\u00e0 s\u1ef1 l\u1ef1a ch\u1ecdn tin c\u1eady c\u1ee7a nhi\u1ec1u kh\u00e1ch h\u00e0ng trong v\u00e0 ngo\u00e0i n\u01b0\u1edbc<\/p>\n<p>&#8211; \u0110\u1ec3 \u0111\u00e1p \u1ee9ng c\u00e1c nhu c\u1ea7u ng\u00e0y c\u00e0ng cao c\u1ee7a th\u1ecb tr\u01b0\u1eddng v\u00e0 c\u00e1c ti\u00eau chu\u1ea9n kh\u1eafc khe MidaMec trang b\u1ecb hi\u1ec7n \u0111\u1ea1i t\u1eeb nh\u1eefng th\u01b0\u01a1ng hi\u1ec7u n\u1ed5i ti\u1ebfng nh\u01b0: Makino, Mazak, Charmiles, JSW, Sumitomo,\u2026<\/p>\n<p>&#8211; Ch\u00ednh s\u00e1ch gi\u00e1 t\u1ed1t d\u00e0nh cho c\u00e1c kh\u00e1ch h\u00e0ng mua s\u1ec9, l\u00e0m \u0111\u1ea1i l\u00fd, nh\u00e0 ph\u00e2n ph\u1ed1i.<\/p>\n<p>&#8211; V\u1edbi \u0111\u1ed9i ng\u0169 thi\u1ebft k\u1ebf gi\u00e0u kinh nghi\u1ec7m, nhi\u1ec1u chuy\u00ean gia l\u0129nh v\u1ef1c trong ng\u00e0nh n\u1eafm b\u1eaft xu h\u01b0\u1edbng, \u0111\u01b0a ra th\u1ecb tr\u01b0\u1eddng nh\u1eefng s\u1ea3n ph\u1ea9m ch\u1ea5t l\u01b0\u1ee3ng.<\/p>\n<p><a class=\"https:\/\/midameccom416.chiliweb.org\/product\/dung-cu-massage-dau\/?lang=vi\" href=\"https:\/\/midameccom416.chiliweb.org\/product\/dung-cu-massage-dau\/?lang=vi\" target=\"_blank\" rel=\"https:\/\/midameccom416.chiliweb.org\/product\/dung-cu-massage-dau\/?lang=vi noopener\"><img decoding=\"async\" class=\"D\u1ee5ng c\u1ee5 massage \u0111\u1ea7u aligncenter wp-image-11466 size-full\" title=\"D\u1ee5ng c\u1ee5 massage \u0111\u1ea7u\" src=\"https:\/\/midameccom416.chiliweb.org\/wp-content\/uploads\/2024\/12\/Dan-may-Sumitomo-scaled.jpg\" alt=\"D\u1ee5ng c\u1ee5 massage \u0111\u1ea7u\" width=\"2560\" height=\"1645\" srcset=\"https:\/\/www.midamec.com\/wp-content\/uploads\/2024\/12\/Dan-may-Sumitomo-scaled.jpg 2560w, https:\/\/www.midamec.com\/wp-content\/uploads\/2024\/12\/Dan-may-Sumitomo-scaled-510x328.jpg 510w, https:\/\/www.midamec.com\/wp-content\/uploads\/2024\/12\/Dan-may-Sumitomo-437x281.jpg 437w, https:\/\/www.midamec.com\/wp-content\/uploads\/2024\/12\/Dan-may-Sumitomo-582x374.jpg 582w, https:\/\/www.midamec.com\/wp-content\/uploads\/2024\/12\/Dan-may-Sumitomo-768x494.jpg 768w, https:\/\/www.midamec.com\/wp-content\/uploads\/2024\/12\/Dan-may-Sumitomo-1536x987.jpg 1536w, https:\/\/www.midamec.com\/wp-content\/uploads\/2024\/12\/Dan-may-Sumitomo-2048x1316.jpg 2048w\" sizes=\"(max-width: 2560px) 100vw, 2560px\" \/><\/a><\/p>\n<p><strong>*C\u00e1c ch\u1ee9ng nh\u1eadn v\u00e0 gi\u1ea3i th\u01b0\u1edfng \u0111\u1ea1t \u0111\u01b0\u1ee3c<\/strong><\/p>\n<p>Ch\u1ee9ng nh\u1eadn FDA<\/p>\n<p>ISO 9001; ISO-14001; ISO-45001 (Ch\u1ea5t l\u01b0\u1ee3ng &#8211; M\u00f4i tr\u01b0\u1eddng-S\u1ee9c kh\u1ecfe)<\/p>\n<p>ISO Class 5 \u2013 Ti\u00eau chu\u1ea9n s\u1ea3n ph\u1ea9m v\u1ec7 sinh ph\u00f2ng s\u1ea3n ph\u1ea9m y t\u1ebf<\/p>\n<p>ISO-13485 Ng\u00e0nh s\u1ea3n xu\u1ea5t thi\u1ebft b\u1ecb y t\u1ebf<\/p>\n<p>Th\u01b0\u01a1ng hi\u1ec7u qu\u1ed1c gia nhi\u1ec1u n\u0103m li\u1ec1n k\u1ec1<\/p>\n<p>Top 500 DN t\u0103ng tr\u01b0\u1edfng nhanh nh\u1ea5t Vi\u1ec7t Nam<\/p>\n<p>Top 50 DN t\u0103ng tr\u01b0\u1edfng xu\u1ea5t s\u1eafc nh\u1ea5t Vi\u1ec7t Nam.<\/p>\n<p>&#8230;..v\u00e0 nhi\u1ec1u gi\u1ea3i th\u01b0\u1edfng kh\u00e1c.<\/p>\n<p>H\u00e3y li\u00ean h\u1ec7 ch\u00fang t\u00f4i \u0111\u1ec3 bi\u1ebft th\u00eam th\u00f4ng tin chi ti\u1ebft<\/p>\n<h2><span class=\"ez-toc-section\" id=\"Thong_tin_lien_he\"><\/span><strong><span style=\"vertical-align: inherit; font-family: 'times new roman', times, serif;\"><span style=\"vertical-align: inherit;\">Th\u00f4ng tin li\u00ean h\u1ec7<\/span><\/span><\/strong><span class=\"ez-toc-section-end\"><\/span><\/h2>\n<p>+ Hotline: +84 568 818 789<\/p>\n<p><span style=\"vertical-align: inherit; font-family: 'times new roman', times, serif;\"><span style=\"vertical-align: inherit;\">+ Website: <a href=\"https:\/\/midameccom416.chiliweb.org\/\" target=\"_blank\" rel=\"noopener\">midameccom416.chiliweb.org<\/a><\/span><\/span><\/p>\n<p><span style=\"font-family: 'times new roman', times, serif;\"><span style=\"vertical-align: inherit;\">+ Email: <\/span><a href=\"mailto:info@midamec.com\"><span style=\"vertical-align: inherit;\">info@midamec.com<\/span><\/a><\/span><\/p>\n<p><span style=\"vertical-align: inherit; font-family: 'times new roman', times, serif;\"><span style=\"vertical-align: inherit;\">+ Fanpage: <a href=\"https:\/\/www.facebook.com\/midamec\" target=\"_blank\" rel=\"noopener\">https:\/\/www.facebook.com\/midamec<\/a><\/span><\/span><\/p>\n<p><span style=\"font-family: 'times new roman', times, serif;\">+ Zalo:<a href=\"https:\/\/zalo.me\/midaofficial\" target=\"_blank\" rel=\"noopener\"> https:\/\/zalo.me\/midaofficial<\/a><\/span><\/p>\n<p><span style=\"font-family: 'times new roman', times, serif;\">+ Youtube: <a href=\"https:\/\/www.youtube.com\/@midamold7927\" target=\"_blank\" rel=\"noopener\">https:\/\/www.youtube.com\/@midamold7927<\/a><\/span><\/p>\n","protected":false},"excerpt":{"rendered":"<p><span style=\"font-family: 'times new roman', times, serif;\">&#8211; T\u00ean s\u1ea3n ph\u1ea9m: D\u1ee5ng c\u1ee5 massage \u0111\u1ea7u<\/span><\/p>\n<p><span style=\"font-family: 'times new roman', times, serif;\">&#8211; M\u00e3 s\u1ea3n ph\u1ea9m: <span style=\"vertical-align: inherit;\">HM0001<\/span><\/span><\/p>\n<p><span style=\"font-family: 'times new roman', times, serif;\">&#8211; Xu\u1ea5t x\u1ee9 h\u00e0ng h\u00f3a: <span style=\"vertical-align: inherit;\">Vi\u1ec7t Nam<\/span><\/span><\/p>\n<p><span style=\"font-family: 'times new roman', times, serif;\">&#8211; Th\u00f4ng s\u1ed1 k\u1ef9 thu\u1eadt: Nh\u1ef1a t\u00e1i ch\u1ebf rPET \u0111\u1ea1t chu\u1ea9n ch\u1ea5t l\u01b0\u1ee3ng, Nh\u1ef1a PP, HIPS<\/span><\/p>\n<p><span style=\"font-family: 'times new roman', times, serif;\">&#8211;\u00a0 M\u00e0u s\u1eafc: \u0110\u1ecf\/ Xanh l\u00e1<\/span><\/p>\n<p><span style=\"font-family: 'times new roman', times, serif;\">&#8211; Ch\u00ednh s\u00e1ch gi\u00e1 t\u1ed1t tr\u00ean th\u1ecb tr\u01b0\u1eddng, gi\u00e1 \u01b0u \u0111\u00e3i: Mua s\u1ed1 l\u01b0\u1ee3ng l\u1edbn, th\u01b0\u01a1ng m\u1ea1i, \u0111\u1ea5u th\u1ea7u. Gi\u00e1 t\u1ed1t cho NPP, \u0111\u1ea1i l\u00fd. Gi\u00e1 \u0111\u1eb7c bi\u1ec7t cho kh\u00e1ch h\u00e0ng OEM<\/span><\/p>\n<p><span style=\"font-family: 'times new roman', times, serif;\">&#8211; Ph\u00e2n ph\u1ed1i: To\u00e0n qu\u1ed1c v\u00e0 xu\u1ea5t kh\u1ea9u n\u01b0\u1edbc ngo\u00e0i<\/span><\/p>\n<p><span style=\"font-family: 'times new roman', times, serif;\">&#8211; \u0110\u1ed9i ng\u0169 gi\u00e0u kinh nghi\u1ec7m, nhi\u1ec1u chuy\u00ean gia l\u0129nh v\u1ef1c trong ng\u00e0nh<\/span><\/p>\n<p><span style=\"font-family: 'times new roman', times, serif;\">&#8211; Ch\u1ea5t l\u01b0\u1ee3ng: <span style=\"vertical-align: inherit;\">S\u1ea3n ph\u1ea9m \u0111\u1ea1t chu\u1ea9n <strong><span style=\"color: #17479e;\">FDA , ISO Class 5, ISO-13485,<\/span> <span style=\"color: #ed1c24;\">ISO 9001, ISO 14001, ISO 45001<\/span><\/strong><\/span><\/span><\/p>\n<p><span style=\"font-family: 'times new roman', times, serif;\">&#8211; Quy tr\u00ecnh ki\u1ec3m so\u00e1t nghi\u00eam ng\u1eb7t<\/span><\/p>\n<p><span style=\"font-family: 'times new roman', times, serif;\">&#8211; S\u1ea3n ph\u1ea9m \u0111ang \u0111\u01b0\u1ee3c b\u00e1n tr\u00ean c\u00e1c s\u00e0n th\u01b0\u01a1ng m\u1ea1i \u0111i\u1ec7n t\u1eed: <strong>Shopee, Lazada, Tiki<\/strong><\/span><\/p>\n<p><strong><em><span style=\"font-family: 'times new roman', times, serif;\">H\u00e3y li\u00ean h\u1ec7 v\u1edbi ch\u00fang t\u00f4i \u0111\u1ec3 nh\u1eadn \u0111\u01b0\u1ee3c s\u1ef1 ch\u0103m s\u00f3c t\u1eadn t\u00e2m!<\/span><\/em><\/strong><\/p>\n","protected":false},"featured_media":11392,"comment_status":"closed","ping_status":"closed","template":"","meta":[],"product_cat":[371],"product_tag":[],"_links":{"self":[{"href":"https:\/\/www.midamec.com\/vi\/wp-json\/wp\/v2\/product\/11391"}],"collection":[{"href":"https:\/\/www.midamec.com\/vi\/wp-json\/wp\/v2\/product"}],"about":[{"href":"https:\/\/www.midamec.com\/vi\/wp-json\/wp\/v2\/types\/product"}],"replies":[{"embeddable":true,"href":"https:\/\/www.midamec.com\/vi\/wp-json\/wp\/v2\/comments?post=11391"}],"wp:featuredmedia":[{"embeddable":true,"href":"https:\/\/www.midamec.com\/vi\/wp-json\/wp\/v2\/media\/11392"}],"wp:attachment":[{"href":"https:\/\/www.midamec.com\/vi\/wp-json\/wp\/v2\/media?parent=11391"}],"wp:term":[{"taxonomy":"product_cat","embeddable":true,"href":"https:\/\/www.midamec.com\/vi\/wp-json\/wp\/v2\/product_cat?post=11391"},{"taxonomy":"product_tag","embeddable":true,"href":"https:\/\/www.midamec.com\/vi\/wp-json\/wp\/v2\/product_tag?post=11391"}],"curies":[{"name":"wp","href":"https:\/\/api.w.org\/{rel}","templated":true}]}}