{"id":10295,"date":"2024-08-29T03:34:58","date_gmt":"2024-08-29T03:34:58","guid":{"rendered":"https:\/\/midameccom416.chiliweb.org\/?post_type=product&#038;p=10295"},"modified":"2025-02-28T07:12:32","modified_gmt":"2025-02-28T07:12:32","slug":"hop-chia-thuoc-1-ngay","status":"publish","type":"product","link":"https:\/\/www.midamec.com\/vi\/product\/hop-chia-thuoc-1-ngay\/","title":{"rendered":"H\u1ed9p chia thu\u1ed1c 1 ng\u00e0y"},"content":{"rendered":"<div id=\"ez-toc-container\" class=\"ez-toc-v2_0_73 counter-hierarchy ez-toc-counter ez-toc-grey ez-toc-container-direction\">\n<div class=\"ez-toc-title-container\">\n<p class=\"ez-toc-title\" style=\"cursor:inherit\">Table of Contents<\/p>\n<span class=\"ez-toc-title-toggle\"><a href=\"#\" class=\"ez-toc-pull-right ez-toc-btn ez-toc-btn-xs ez-toc-btn-default ez-toc-toggle\" aria-label=\"Toggle Table of Content\"><span class=\"ez-toc-js-icon-con\"><span class=\"\"><span class=\"eztoc-hide\" style=\"display:none;\">Toggle<\/span><span class=\"ez-toc-icon-toggle-span\"><svg style=\"fill: #999;color:#999\" xmlns=\"http:\/\/www.w3.org\/2000\/svg\" class=\"list-377408\" width=\"20px\" height=\"20px\" viewBox=\"0 0 24 24\" fill=\"none\"><path d=\"M6 6H4v2h2V6zm14 0H8v2h12V6zM4 11h2v2H4v-2zm16 0H8v2h12v-2zM4 16h2v2H4v-2zm16 0H8v2h12v-2z\" fill=\"currentColor\"><\/path><\/svg><svg style=\"fill: #999;color:#999\" class=\"arrow-unsorted-368013\" xmlns=\"http:\/\/www.w3.org\/2000\/svg\" width=\"10px\" height=\"10px\" viewBox=\"0 0 24 24\" version=\"1.2\" baseProfile=\"tiny\"><path d=\"M18.2 9.3l-6.2-6.3-6.2 6.3c-.2.2-.3.4-.3.7s.1.5.3.7c.2.2.4.3.7.3h11c.3 0 .5-.1.7-.3.2-.2.3-.5.3-.7s-.1-.5-.3-.7zM5.8 14.7l6.2 6.3 6.2-6.3c.2-.2.3-.5.3-.7s-.1-.5-.3-.7c-.2-.2-.4-.3-.7-.3h-11c-.3 0-.5.1-.7.3-.2.2-.3.5-.3.7s.1.5.3.7z\"\/><\/svg><\/span><\/span><\/span><\/a><\/span><\/div>\n<nav><ul class='ez-toc-list ez-toc-list-level-1 ' ><li class='ez-toc-page-1 ez-toc-heading-level-2'><a class=\"ez-toc-link ez-toc-heading-1\" href=\"https:\/\/www.midamec.com\/vi\/product\/hop-chia-thuoc-1-ngay\/#Hop_chia_thuoc_1_ngay_MidaMec\" title=\"H\u1ed9p chia thu\u1ed1c 1 ng\u00e0y MidaMec\u00a0\">H\u1ed9p chia thu\u1ed1c 1 ng\u00e0y MidaMec\u00a0<\/a><ul class='ez-toc-list-level-3' ><li class='ez-toc-heading-level-3'><a class=\"ez-toc-link ez-toc-heading-2\" href=\"https:\/\/www.midamec.com\/vi\/product\/hop-chia-thuoc-1-ngay\/#Luu_y\" title=\"L\u01b0u \u00fd\">L\u01b0u \u00fd<\/a><\/li><\/ul><\/li><li class='ez-toc-page-1 ez-toc-heading-level-2'><a class=\"ez-toc-link ez-toc-heading-3\" href=\"https:\/\/www.midamec.com\/vi\/product\/hop-chia-thuoc-1-ngay\/#MidaMec_chuyen_cung_cap_cac_san_pham_vat_tu_y_te_cham_soc_suc_khoe\" title=\"MidaMec chuy\u00ean cung c\u1ea5p\u00a0c\u00e1c s\u1ea3n ph\u1ea9m v\u1eadt t\u01b0 y t\u1ebf &amp; ch\u0103m s\u00f3c s\u1ee9c kh\u1ecfe\">MidaMec chuy\u00ean cung c\u1ea5p\u00a0c\u00e1c s\u1ea3n ph\u1ea9m v\u1eadt t\u01b0 y t\u1ebf &amp; ch\u0103m s\u00f3c s\u1ee9c kh\u1ecfe<\/a><\/li><li class='ez-toc-page-1 ez-toc-heading-level-2'><a class=\"ez-toc-link ez-toc-heading-4\" href=\"https:\/\/www.midamec.com\/vi\/product\/hop-chia-thuoc-1-ngay\/#Cac_chung_nhan_va_giai_thuong_dat_duoc\" title=\"C\u00e1c ch\u1ee9ng nh\u1eadn v\u00e0 gi\u1ea3i th\u01b0\u1edfng \u0111\u1ea1t \u0111\u01b0\u1ee3c\">C\u00e1c ch\u1ee9ng nh\u1eadn v\u00e0 gi\u1ea3i th\u01b0\u1edfng \u0111\u1ea1t \u0111\u01b0\u1ee3c<\/a><\/li><li class='ez-toc-page-1 ez-toc-heading-level-2'><a class=\"ez-toc-link ez-toc-heading-5\" href=\"https:\/\/www.midamec.com\/vi\/product\/hop-chia-thuoc-1-ngay\/#Thong_tin_lien_he\" title=\"Th\u00f4ng tin li\u00ean h\u1ec7\">Th\u00f4ng tin li\u00ean h\u1ec7<\/a><\/li><\/ul><\/nav><\/div>\n<h2><span class=\"ez-toc-section\" id=\"Hop_chia_thuoc_1_ngay_MidaMec\"><\/span><span style=\"font-family: 'times new roman', times, serif;\"><span style=\"vertical-align: inherit;\">H\u1ed9p chia thu\u1ed1c 1 ng\u00e0y <\/span><span style=\"color: #ed1c00;\"><span style=\"vertical-align: inherit;\">Mida<\/span><\/span><span style=\"color: #17479e;\"><span style=\"vertical-align: inherit;\">Mec<\/span><\/span><span style=\"vertical-align: inherit;\">\u00a0<\/span><\/span><span class=\"ez-toc-section-end\"><\/span><\/h2>\n<p><a class=\"https:\/\/midameccom416.chiliweb.org\/product\/hop-chia-thuoc-1-ngay\/?lang=vi\" href=\"https:\/\/midameccom416.chiliweb.org\/product\/hop-chia-thuoc-1-ngay\/?lang=vi\" target=\"_blank\" rel=\"https:\/\/midameccom416.chiliweb.org\/product\/hop-chia-thuoc-1-ngay\/?lang=vi noopener\"><img decoding=\"async\" class=\"h\u1ed9p chia thu\u1ed1c aligncenter wp-image-11128 size-full\" title=\"h\u1ed9p chia thu\u1ed1c \" src=\"https:\/\/midameccom416.chiliweb.org\/wp-content\/uploads\/2024\/08\/banner-hop-chia-thuoc-1-ngay.jpg\" alt=\"h\u1ed9p chia thu\u1ed1c \" width=\"1200\" height=\"630\" srcset=\"https:\/\/www.midamec.com\/wp-content\/uploads\/2024\/08\/banner-hop-chia-thuoc-1-ngay.jpg 1200w, https:\/\/www.midamec.com\/wp-content\/uploads\/2024\/08\/banner-hop-chia-thuoc-1-ngay-510x268.jpg 510w, https:\/\/www.midamec.com\/wp-content\/uploads\/2024\/08\/banner-hop-chia-thuoc-1-ngay-535x281.jpg 535w, https:\/\/www.midamec.com\/wp-content\/uploads\/2024\/08\/banner-hop-chia-thuoc-1-ngay-712x374.jpg 712w, https:\/\/www.midamec.com\/wp-content\/uploads\/2024\/08\/banner-hop-chia-thuoc-1-ngay-768x403.jpg 768w\" sizes=\"(max-width: 1200px) 100vw, 1200px\" \/><\/a><\/p>\n<p><span style=\"font-size: 14pt; font-family: 'times new roman', times, serif;\"><strong><em><span style=\"vertical-align: inherit;\">H\u1ed9p chia thu\u1ed1c 1 ng\u00e0y <span style=\"color: #ed1c00;\">Mida<\/span><span style=\"color: #17479e;\">Mec<\/span>\u00a0<\/span><\/em><\/strong><\/span><\/p>\n<p><span style=\"font-family: 'times new roman', times, serif;\">C\u00f4ng d\u1ee5ng\u00a0<\/span><\/p>\n<p><span style=\"font-family: 'times new roman', times, serif;\">&#8211; <em><strong>H\u1ed9p chia thu\u1ed1c <\/strong><\/em>1 ng\u00e0y Midamec l\u00e0 m\u1ed9t s\u1ea3n ph\u1ea9m h\u1eefu \u00edch gi\u00fap b\u1ea1n u\u1ed1ng thu\u1ed1c \u0111\u00fang gi\u1edd, \u0111\u00fang li\u1ec1u, \u0111\u1eb7c bi\u1ec7t l\u00e0 \u0111\u1ed1i v\u1edbi nh\u1eefng ng\u01b0\u1eddi \u0111ang \u0111i\u1ec1u tr\u1ecb b\u1ec7nh m\u00e3n t\u00ednh ho\u1eb7c c\u1ea7n u\u1ed1ng nhi\u1ec1u lo\u1ea1i thu\u1ed1c kh\u00e1c nhau trong ng\u00e0y. <\/span><\/p>\n<p><span style=\"font-family: 'times new roman', times, serif;\">&#8211; M\u1ed7i h\u1ed9p \u0111\u01b0\u1ee3c chia th\u00e0nh 4 ng\u0103n, t\u01b0\u01a1ng \u1ee9ng v\u1edbi 4 ca u\u1ed1ng thu\u1ed1c trong ng\u00e0y: s\u00e1ng, tr\u01b0a, chi\u1ec1u, t\u1ed1i. H\u1ed9p \u0111\u01b0\u1ee3c thi\u1ebft k\u1ebf v\u1edbi c\u00e1c ng\u0103n ri\u00eang bi\u1ec7t, gi\u00fap b\u1ea1n d\u1ec5 d\u00e0ng ph\u00e2n lo\u1ea1i thu\u1ed1c v\u00e0 tr\u00e1nh nh\u1ea7m l\u1eabn<\/span><\/p>\n<p><span style=\"font-family: 'times new roman', times, serif;\"><strong>\u01afu \u0111i\u1ec3m<\/strong><\/span><\/p>\n<p><span style=\"font-family: 'times new roman', times, serif;\">&#8211; Thi\u1ebft k\u1ebf nh\u1ecf g\u1ecdn, ti\u1ec7n l\u1ee3i, gi\u00fap ng\u01b0\u1eddi d\u00f9ng d\u1ec5 d\u00e0ng mang theo thu\u1ed1c b\u00ean m\u00ecnh khi \u0111i l\u00e0m, \u0111i h\u1ecdc, du l\u1ecbch,&#8230;<\/span><\/p>\n<p><span style=\"font-family: 'times new roman', times, serif;\">&#8211; \u0110\u01b0\u1ee3c l\u00e0m t\u1eeb nh\u1ef1a PP ch\u00ednh ph\u1ea9m, an to\u00e0n cho s\u1ee9c kh\u1ecfe.<\/span><\/p>\n<p><span style=\"font-family: 'times new roman', times, serif;\">&#8211; Thi\u1ebft k\u1ebf v\u1edbi c\u00e1c ng\u0103n ri\u00eang bi\u1ec7t, gi\u00fap b\u1ea1n d\u1ec5 d\u00e0ng ph\u00e2n lo\u1ea1i thu\u1ed1c v\u00e0 tr\u00e1nh nh\u1ea7m l\u1eabn.<\/span><\/p>\n<p><span style=\"font-family: 'times new roman', times, serif;\"><em><strong>&#8211; H\u1ed9p chia thu\u1ed1c <\/strong><\/em>1 ng\u00e0y c\u00f3 ch\u1eef tr\u00ean t\u1eebng h\u1ed9p, gi\u00fap b\u1ea1n d\u1ec5 d\u00e0ng ph\u00e2n bi\u1ec7t c\u00e1c ca u\u1ed1ng thu\u1ed1c.<\/span><\/p>\n<p><span style=\"font-family: 'times new roman', times, serif;\">&#8211; T\u00e1ch r\u1eddi c\u00e1c h\u1ed9p nh\u1ecf mang theo b\u00ean m\u00ecnh ho\u1eb7c gh\u00e9p l\u1ea1i th\u00e0nh b\u1ed9, ph\u00f9 h\u1ee3p v\u1edbi nhu c\u1ea7u s\u1eed d\u1ee5ng.<\/span><\/p>\n<p><span style=\"font-family: 'times new roman', times, serif;\">&#8211; S\u1ea3n ph\u1ea9m s\u1ea3n xu\u1ea5t trong m\u00f4i tr\u01b0\u1eddng ph\u00f2ng s\u1ea1ch, \u0111\u1ea1t ti\u00eau chu\u1ea9n FDA, ISO 13485, ISO Class 5,&#8230;<\/span><\/p>\n<p><span style=\"font-family: 'times new roman', times, serif;\"><strong>L\u01b0u \u00fd khi s\u1eed d\u1ee5ng<\/strong><\/span><\/p>\n<p><span style=\"font-family: 'times new roman', times, serif;\">&#8211; V\u1ec7 sinh h\u1ed9p chia thu\u1ed1c s\u1ea1ch s\u1ebd tr\u01b0\u1edbc khi s\u1eed d\u1ee5ng.<\/span><\/p>\n<p><span style=\"font-family: 'times new roman', times, serif;\">&#8211; \u0110\u1ec3 thu\u1ed1c \u1edf n\u01a1i kh\u00f4 r\u00e1o, tho\u00e1ng m\u00e1t.<\/span><\/p>\n<h3><span class=\"ez-toc-section\" id=\"Luu_y\"><\/span><span style=\"font-family: 'times new roman', times, serif;\"><span style=\"vertical-align: inherit;\">L\u01b0u \u00fd<\/span><\/span><span class=\"ez-toc-section-end\"><\/span><\/h3>\n<p><span style=\"vertical-align: inherit; font-family: 'times new roman', times, serif;\"><span style=\"vertical-align: inherit;\">&#8211; B\u1ea3o qu\u1ea3n <span style=\"font-family: 'times new roman', times, serif;\"><em><strong>H\u1ed9p chia thu\u1ed1c 1 ng\u00e0y<\/strong><\/em><\/span>\u00a0n\u01a1i tho\u00e1ng m\u00e1t, s\u1ea1ch s\u1ebd, tr\u00e1nh \u1ea9m \u01b0\u1edbt v\u00e0 c\u00e1c t\u00e1c nh\u00e2n g\u00e2y \u1ea3nh h\u01b0\u1edfng \u0111\u1ebfn ch\u1ea5t l\u01b0\u1ee3ng s\u1ea3n ph\u1ea9m.<\/span><\/span><\/p>\n<h2><span class=\"ez-toc-section\" id=\"MidaMec_chuyen_cung_cap_cac_san_pham_vat_tu_y_te_cham_soc_suc_khoe\"><\/span><span style=\"font-family: 'times new roman', times, serif; font-size: 18pt;\"><strong><span style=\"vertical-align: inherit;\"><span style=\"color: #ed1c00;\">Mida<\/span><span style=\"color: #17479e;\">Mec <span style=\"color: #000000;\">chuy\u00ean cung c\u1ea5p<\/span><\/span><\/span><span style=\"color: #000000;\">\u00a0c\u00e1c<\/span> s\u1ea3n ph\u1ea9m v\u1eadt t\u01b0 y t\u1ebf &amp; ch\u0103m s\u00f3c s\u1ee9c kh\u1ecfe<\/strong><\/span><span class=\"ez-toc-section-end\"><\/span><\/h2>\n<p><a class=\"https:\/\/midameccom416.chiliweb.org\/product\/hop-chia-thuoc-1-ngay\/?lang=vi\" href=\"https:\/\/midameccom416.chiliweb.org\/product\/hop-chia-thuoc-1-ngay\/?lang=vi\" target=\"_blank\" rel=\"https:\/\/midameccom416.chiliweb.org\/product\/hop-chia-thuoc-1-ngay\/?lang=vi noopener\"><img decoding=\"async\" class=\"h\u1ed9p chia thu\u1ed1c aligncenter wp-image-11116 size-full\" title=\"h\u1ed9p chia thu\u1ed1c \" src=\"https:\/\/midameccom416.chiliweb.org\/wp-content\/uploads\/2024\/08\/6KH6804-scaled.jpg\" alt=\"h\u1ed9p chia thu\u1ed1c \" width=\"2560\" height=\"1707\" srcset=\"https:\/\/www.midamec.com\/wp-content\/uploads\/2024\/08\/6KH6804-scaled.jpg 2560w, https:\/\/www.midamec.com\/wp-content\/uploads\/2024\/08\/6KH6804-scaled-510x340.jpg 510w, https:\/\/www.midamec.com\/wp-content\/uploads\/2024\/08\/6KH6804-422x281.jpg 422w, https:\/\/www.midamec.com\/wp-content\/uploads\/2024\/08\/6KH6804-561x374.jpg 561w, https:\/\/www.midamec.com\/wp-content\/uploads\/2024\/08\/6KH6804-768x512.jpg 768w, https:\/\/www.midamec.com\/wp-content\/uploads\/2024\/08\/6KH6804-1536x1024.jpg 1536w, https:\/\/www.midamec.com\/wp-content\/uploads\/2024\/08\/6KH6804-2048x1365.jpg 2048w\" sizes=\"(max-width: 2560px) 100vw, 2560px\" \/><\/a><\/p>\n<div dir=\"auto\">\n<div dir=\"auto\"><span style=\"font-family: 'times new roman', times, serif;\">&#8211; \u0110\u1ed9i ng\u0169 thi\u1ebft k\u1ebf gi\u00e0u kinh nghi\u1ec7m, \u0111i tr\u01b0\u1edbc \u0111\u00f3n \u0111\u1ea7u trong c\u00f4ng vi\u1ec7c nghi\u00ean c\u1ee9u xu h\u01b0\u1edbng, c\u1ea3i ti\u1ebfn m\u1eabu m\u00e3.<\/span><\/div>\n<div dir=\"auto\"><span style=\"font-family: 'times new roman', times, serif;\">&#8211; Ch\u00ednh s\u00e1ch gi\u00e1 t\u1ed1t tr\u00ean th\u1ecb tr\u01b0\u1eddng, ch\u00ednh s\u00e1ch t\u1ed1t cho \u0111\u1ea1i l\u00fd, nh\u00e0 ph\u00e2n ph\u1ed1i.<\/span><\/div>\n<div dir=\"auto\"><span style=\"font-family: 'times new roman', times, serif;\">&#8211; C\u00e1c s\u1ea3n ph\u1ea9m \u0111\u01b0\u1ee3c s\u1ea3n xu\u1ea5t trong quy tr\u00ecnh ki\u1ec3m so\u00e1t nghi\u00eam ng\u1eb7t, \u0111\u1ea3m b\u1ea3o ch\u1ea5t l\u01b0\u1ee3ng.<\/span><\/div>\n<\/div>\n<div dir=\"auto\"><span style=\"font-family: 'times new roman', times, serif;\">&#8211; Trang b\u1ecb c\u00e1c m\u00e1y m\u00f3c hi\u1ec7n \u0111\u1ea1i, \u0111\u1ea7u t\u01b0 c\u00f4ng ngh\u1ec7 cao.<\/span><\/div>\n<div dir=\"auto\"><span style=\"font-family: 'times new roman', times, serif;\"><span style=\"vertical-align: inherit;\">&#8211; T\u1ed5ng di\u1ec7n t\u00edch nh\u00e0 x\u01b0\u1edfng l\u00ean \u0111\u1ebfn 45.000m2, ho\u00e0n to\u00e0n c\u00f3 th\u1ec3 \u0111\u00e1p \u1ee9ng nhu c\u1ea7u s\u1ea3n xu\u1ea5t v\u1edbi s\u1ed1 l\u01b0\u1ee3ng l\u1edbn. <\/span><\/span><\/div>\n<div dir=\"auto\"><span style=\"font-family: 'times new roman', times, serif;\">&#8211; Ch\u00fang t\u00f4i cam k\u1ebft mang \u0111\u1ebfn cho b\u1ea1n nh\u1eefng s\u1ea3n ph\u1ea9m v\u1edbi ch\u1ea5t l\u01b0\u1ee3ng v\u01b0\u1ee3t tr\u1ed9i.\u00a0<\/span><\/div>\n<div dir=\"auto\"><span style=\"font-family: 'times new roman', times, serif;\"><span style=\"vertical-align: inherit;\"><span style=\"color: #ed1c00;\"><span style=\"color: #000000;\">&#8211; C\u00e1c s\u1ea3n ph\u1ea9m c\u1ee7a<\/span><\/span><strong><span style=\"color: #ed1c00;\"> Mida<\/span><span style=\"color: #17479e;\">Mec <\/span><\/strong>s\u1ebd lu\u00f4n lu\u00f4n l\u00e0 s\u1ef1 l\u1ef1a ch\u1ecdn h\u00e0ng \u0111\u1ea7u c\u1ee7a kh\u00e1ch h\u00e0ng t\u1ea1i Vi\u1ec7t Nam v\u00e0 c\u00e1c n\u01b0\u1edbc tr\u00ean th\u1ebf gi\u1edbi.<\/span><\/span><\/div>\n<h2><span class=\"ez-toc-section\" id=\"Cac_chung_nhan_va_giai_thuong_dat_duoc\"><\/span><span style=\"font-family: 'times new roman', times, serif;\">C\u00e1c ch\u1ee9ng nh\u1eadn v\u00e0 gi\u1ea3i th\u01b0\u1edfng \u0111\u1ea1t \u0111\u01b0\u1ee3c<\/span><span class=\"ez-toc-section-end\"><\/span><\/h2>\n<p><a class=\"https:\/\/midameccom416.chiliweb.org\/product\/hop-chia-thuoc-1-ngay\/?lang=vi\" href=\"https:\/\/midameccom416.chiliweb.org\/product\/hop-chia-thuoc-1-ngay\/?lang=vi\" target=\"_blank\" rel=\"https:\/\/midameccom416.chiliweb.org\/product\/hop-chia-thuoc-1-ngay\/?lang=vi noopener\"><img decoding=\"async\" class=\"h\u1ed9p chia thu\u1ed1c aligncenter wp-image-11074 size-full\" title=\"h\u1ed9p chia thu\u1ed1c \" src=\"https:\/\/midameccom416.chiliweb.org\/wp-content\/uploads\/2024\/08\/241001_Dung_History-TA-1-02.jpg\" alt=\"h\u1ed9p chia thu\u1ed1c \" width=\"1498\" height=\"1015\" srcset=\"https:\/\/www.midamec.com\/wp-content\/uploads\/2024\/08\/241001_Dung_History-TA-1-02.jpg 1498w, https:\/\/www.midamec.com\/wp-content\/uploads\/2024\/08\/241001_Dung_History-TA-1-02-510x346.jpg 510w, https:\/\/www.midamec.com\/wp-content\/uploads\/2024\/08\/241001_Dung_History-TA-1-02-415x281.jpg 415w, https:\/\/www.midamec.com\/wp-content\/uploads\/2024\/08\/241001_Dung_History-TA-1-02-552x374.jpg 552w, https:\/\/www.midamec.com\/wp-content\/uploads\/2024\/08\/241001_Dung_History-TA-1-02-768x520.jpg 768w\" sizes=\"(max-width: 1498px) 100vw, 1498px\" \/><\/a><\/p>\n<p><span style=\"font-family: 'times new roman', times, serif;\">Tr\u1ea3i qua 18 n\u0103m h\u00ecnh th\u00e0nh v\u00e0 ph\u00e1t tri\u1ec3n, <span style=\"font-size: 14pt;\"><span style=\"vertical-align: inherit;\"><strong><span style=\"color: #ed1c00;\">Mida<\/span><span style=\"color: #17479e;\">Mec <\/span><\/strong><span style=\"font-size: 12pt;\">t\u1ef1 h\u00e0o v\u00e0 vinh d\u1ef1 khi nh\u1eadn v\u1ec1 nh\u1eefng gi\u1ea3i th\u01b0\u1edfng danh g\u00eda, uy t\u00edn.<\/span><\/span><\/span><\/span><\/p>\n<ul style=\"list-style-type: circle;\">\n<li><strong><span style=\"font-family: 'times new roman', times, serif;\"><span style=\"vertical-align: inherit;\">Ch\u1ee9ng nh\u1eadn FDA, RCS<\/span><\/span><\/strong><\/li>\n<li><span style=\"font-family: 'times new roman', times, serif;\"><span style=\"vertical-align: inherit;\">ISO 9001; ISO-14001; ISO-45001 (Ch\u1ea5t l\u01b0\u1ee3ng &#8211; M\u00f4i tr\u01b0\u1eddng-S\u1ee9c kh\u1ecfe)<\/span><\/span><\/li>\n<li><span style=\"font-family: 'times new roman', times, serif;\"><span style=\"vertical-align: inherit;\">ISO Class 5 \u2013 Ti\u00eau chu\u1ea9n s\u1ea3n ph\u1ea9m v\u1ec7 sinh ph\u00f2ng s\u1ea3n ph\u1ea9m y t\u1ebf<\/span><\/span><\/li>\n<li><span style=\"font-family: 'times new roman', times, serif;\"><span style=\"vertical-align: inherit;\">ISO-13485 Ng\u00e0nh s\u1ea3n xu\u1ea5t thi\u1ebft b\u1ecb y t\u1ebf<\/span><\/span><\/li>\n<li><span style=\"font-family: 'times new roman', times, serif;\"><span style=\"vertical-align: inherit;\">Th\u01b0\u01a1ng hi\u1ec7u qu\u1ed1c gia nhi\u1ec1u n\u0103m li\u1ec1n k\u1ec1<\/span><\/span><\/li>\n<li><span style=\"font-family: 'times new roman', times, serif;\"><span style=\"vertical-align: inherit;\">Top 500 DN t\u0103ng tr\u01b0\u1edfng nhanh nh\u1ea5t Vi\u1ec7t Nam<\/span><\/span><\/li>\n<li><span style=\"font-family: 'times new roman', times, serif;\"><span style=\"vertical-align: inherit;\">Top 50 DN t\u0103ng tr\u01b0\u1edfng xu\u1ea5t s\u1eafc nh\u1ea5t Vi\u1ec7t Nam<\/span><\/span><\/li>\n<\/ul>\n<p><span style=\"vertical-align: inherit; font-family: 'times new roman', times, serif;\"><span style=\"vertical-align: inherit;\">&#8230;..v\u00e0 nhi\u1ec1u gi\u1ea3i th\u01b0\u1edfng kh\u00e1c.<\/span><\/span><\/p>\n<p><span style=\"font-family: 'times new roman', times, serif;\">H\u00e3y li\u00ean h\u1ec7 v\u1edbi ch\u00fang t\u00f4i ngay h\u00f4m nay \u0111\u1ec3 \u0111\u01b0\u1ee3c t\u01b0 v\u1ea5n v\u00e0 b\u00e1o gi\u00e1 chi ti\u1ebft.<\/span><\/p>\n<h2><span class=\"ez-toc-section\" id=\"Thong_tin_lien_he\"><\/span><span style=\"vertical-align: inherit; font-family: 'times new roman', times, serif;\"><span style=\"vertical-align: inherit;\">Th\u00f4ng tin li\u00ean h\u1ec7<\/span><\/span><span class=\"ez-toc-section-end\"><\/span><\/h2>\n<p>+ Hotline: +84 568 818 789<\/p>\n<p><span style=\"vertical-align: inherit; font-family: 'times new roman', times, serif;\"><span style=\"vertical-align: inherit;\">+ Website: <a href=\"https:\/\/midameccom416.chiliweb.org\/\" target=\"_blank\" rel=\"noopener\">midameccom416.chiliweb.org<\/a><\/span><\/span><\/p>\n<p><span style=\"font-family: 'times new roman', times, serif;\"><span style=\"vertical-align: inherit;\">+ Email: <\/span><a href=\"mailto:info@midamec.com\"><span style=\"vertical-align: inherit;\">info@midamec.com<\/span><\/a><\/span><\/p>\n<p><span style=\"vertical-align: inherit; font-family: 'times new roman', times, serif;\"><span style=\"vertical-align: inherit;\">+ Fanpage: <a href=\"https:\/\/www.facebook.com\/midamec\" target=\"_blank\" rel=\"noopener\">https:\/\/www.facebook.com\/midamec<\/a><\/span><\/span><\/p>\n<p><span style=\"font-family: 'times new roman', times, serif;\">+ Zalo:<a href=\"https:\/\/zalo.me\/midaofficial\" target=\"_blank\" rel=\"noopener\"> https:\/\/zalo.me\/midaofficial<\/a><\/span><\/p>\n<p><span style=\"font-family: 'times new roman', times, serif;\">+<span style=\"font-size: 12pt;\"> Youtube:<\/span><span style=\"font-size: 12pt;\"> <a href=\"https:\/\/www.youtube.com\/@midamold7927\" target=\"_blank\" rel=\"noopener\">https:\/\/www.youtube.com\/@midamold7927<\/a><\/span><\/span><\/p>\n<p>&nbsp;<\/p>\n<p>&nbsp;<\/p>\n","protected":false},"excerpt":{"rendered":"<p><span style=\"font-family: 'times new roman', times, serif;\">&#8211; T\u00ean s\u1ea3n ph\u1ea9m c\u00f4ng b\u1ed1 b\u1ed9 y t\u1ebf: H\u1ed9p chia thu\u1ed1c\u00a0<\/span><\/p>\n<p><span style=\"font-family: 'times new roman', times, serif;\">&#8211; M\u00e3 s\u1ea3n ph\u1ea9m: PO &#8211; 0001-1<\/span><\/p>\n<p><span style=\"font-family: 'times new roman', times, serif;\">&#8211; S\u1ed1 l\u01b0u h\u00e0nh: <span style=\"vertical-align: inherit;\">230000040\/PCBA-LA<\/span><\/span><\/p>\n<p><span style=\"font-family: 'times new roman', times, serif;\">&#8211; Xu\u1ea5t x\u1ee9 h\u00e0ng h\u00f3a: <span style=\"vertical-align: inherit;\">Vi\u1ec7t Nam<\/span><\/span><\/p>\n<p><span style=\"font-family: 'times new roman', times, serif;\">&#8211; Th\u00f4ng s\u1ed1 k\u1ef9 thu\u1eadt: <span style=\"vertical-align: inherit;\">Nh\u1ef1a PP, 4 ng\u0103n<\/span><\/span><\/p>\n<p><span style=\"font-family: 'times new roman', times, serif;\">&#8211; Ch\u00ednh s\u00e1ch gi\u00e1 t\u1ed1t tr\u00ean th\u1ecb tr\u01b0\u1eddng, gi\u00e1 \u01b0u \u0111\u00e3i: Mua s\u1ed1 l\u01b0\u1ee3ng l\u1edbn, th\u01b0\u01a1ng m\u1ea1i, \u0111\u1ea5u th\u1ea7u. Gi\u00e1 t\u1ed1t cho NPP, \u0111\u1ea1i l\u00fd. Gi\u00e1 \u0111\u1eb7c bi\u1ec7t cho kh\u00e1ch h\u00e0ng OEM.<br \/>\n<\/span><\/p>\n<p><span style=\"font-family: 'times new roman', times, serif;\">&#8211; Ph\u00e2n ph\u1ed1i: To\u00e0n qu\u1ed1c v\u00e0 xu\u1ea5t kh\u1ea9u n\u01b0\u1edbc ngo\u00e0i<\/span><\/p>\n<p><span style=\"font-family: 'times new roman', times, serif;\">&#8211; \u0110\u1ed9i ng\u0169 gi\u00e0u kinh nghi\u1ec7m, nhi\u1ec1u chuy\u00ean gia l\u0129nh v\u1ef1c trong ng\u00e0nh<\/span><\/p>\n<p><span style=\"font-family: 'times new roman', times, serif;\">&#8211; Ch\u1ea5t l\u01b0\u1ee3ng: <span style=\"vertical-align: inherit;\">S\u1ea3n ph\u1ea9m \u0111\u1ea1t chu\u1ea9n <strong><span style=\"color: #17479e;\">FDA , ISO Class 5, ISO-13485,<\/span> <span style=\"color: #ed1c24;\">ISO 9001, ISO 14001, ISO 45001<\/span><\/strong><\/span><\/span><\/p>\n<p><span style=\"font-family: 'times new roman', times, serif;\">&#8211; Quy tr\u00ecnh ki\u1ec3m so\u00e1t nghi\u00eam ng\u1eb7t<\/span><\/p>\n<p><span style=\"font-family: 'times new roman', times, serif;\">&#8211; S\u1ea3n ph\u1ea9m \u0111ang \u0111\u01b0\u1ee3c b\u00e1n tr\u00ean c\u00e1c s\u00e0n th\u01b0\u01a1ng m\u1ea1i \u0111i\u1ec7n t\u1eed: <strong>Shopee, Lazada, Tiki<\/strong><\/span><\/p>\n<p><strong><em><span style=\"font-family: 'times new roman', times, serif;\">H\u00e3y li\u00ean h\u1ec7 v\u1edbi ch\u00fang t\u00f4i \u0111\u1ec3 nh\u1eadn \u0111\u01b0\u1ee3c s\u1ef1 ch\u0103m s\u00f3c t\u1eadn t\u00e2m!<\/span><\/em><\/strong><\/p>\n","protected":false},"featured_media":10331,"comment_status":"closed","ping_status":"closed","template":"","meta":[],"product_cat":[371,366],"product_tag":[],"_links":{"self":[{"href":"https:\/\/www.midamec.com\/vi\/wp-json\/wp\/v2\/product\/10295"}],"collection":[{"href":"https:\/\/www.midamec.com\/vi\/wp-json\/wp\/v2\/product"}],"about":[{"href":"https:\/\/www.midamec.com\/vi\/wp-json\/wp\/v2\/types\/product"}],"replies":[{"embeddable":true,"href":"https:\/\/www.midamec.com\/vi\/wp-json\/wp\/v2\/comments?post=10295"}],"wp:featuredmedia":[{"embeddable":true,"href":"https:\/\/www.midamec.com\/vi\/wp-json\/wp\/v2\/media\/10331"}],"wp:attachment":[{"href":"https:\/\/www.midamec.com\/vi\/wp-json\/wp\/v2\/media?parent=10295"}],"wp:term":[{"taxonomy":"product_cat","embeddable":true,"href":"https:\/\/www.midamec.com\/vi\/wp-json\/wp\/v2\/product_cat?post=10295"},{"taxonomy":"product_tag","embeddable":true,"href":"https:\/\/www.midamec.com\/vi\/wp-json\/wp\/v2\/product_tag?post=10295"}],"curies":[{"name":"wp","href":"https:\/\/api.w.org\/{rel}","templated":true}]}}