{"id":10013,"date":"2024-08-23T04:45:22","date_gmt":"2024-08-23T04:45:22","guid":{"rendered":"https:\/\/midameccom416.chiliweb.org\/?post_type=product&#038;p=10013"},"modified":"2026-03-16T04:36:01","modified_gmt":"2026-03-16T04:36:01","slug":"ong-giac-hoi-khong-dung-lua-24-cup","status":"publish","type":"product","link":"https:\/\/www.midamec.com\/vi\/product\/ong-giac-hoi-khong-dung-lua-24-cup\/","title":{"rendered":"\u1ed0ng gi\u00e1c h\u01a1i kh\u00f4ng d\u00f9ng l\u1eeda 24 Cup"},"content":{"rendered":"<div id=\"ez-toc-container\" class=\"ez-toc-v2_0_73 counter-hierarchy ez-toc-counter ez-toc-grey ez-toc-container-direction\">\n<div class=\"ez-toc-title-container\">\n<p class=\"ez-toc-title\" style=\"cursor:inherit\">Table of Contents<\/p>\n<span class=\"ez-toc-title-toggle\"><a href=\"#\" class=\"ez-toc-pull-right ez-toc-btn ez-toc-btn-xs ez-toc-btn-default ez-toc-toggle\" aria-label=\"Toggle Table of Content\"><span class=\"ez-toc-js-icon-con\"><span class=\"\"><span class=\"eztoc-hide\" style=\"display:none;\">Toggle<\/span><span class=\"ez-toc-icon-toggle-span\"><svg style=\"fill: #999;color:#999\" xmlns=\"http:\/\/www.w3.org\/2000\/svg\" class=\"list-377408\" width=\"20px\" height=\"20px\" viewBox=\"0 0 24 24\" fill=\"none\"><path d=\"M6 6H4v2h2V6zm14 0H8v2h12V6zM4 11h2v2H4v-2zm16 0H8v2h12v-2zM4 16h2v2H4v-2zm16 0H8v2h12v-2z\" fill=\"currentColor\"><\/path><\/svg><svg style=\"fill: #999;color:#999\" class=\"arrow-unsorted-368013\" xmlns=\"http:\/\/www.w3.org\/2000\/svg\" width=\"10px\" height=\"10px\" viewBox=\"0 0 24 24\" version=\"1.2\" baseProfile=\"tiny\"><path d=\"M18.2 9.3l-6.2-6.3-6.2 6.3c-.2.2-.3.4-.3.7s.1.5.3.7c.2.2.4.3.7.3h11c.3 0 .5-.1.7-.3.2-.2.3-.5.3-.7s-.1-.5-.3-.7zM5.8 14.7l6.2 6.3 6.2-6.3c.2-.2.3-.5.3-.7s-.1-.5-.3-.7c-.2-.2-.4-.3-.7-.3h-11c-.3 0-.5.1-.7.3-.2.2-.3.5-.3.7s.1.5.3.7z\"\/><\/svg><\/span><\/span><\/span><\/a><\/span><\/div>\n<nav><ul class='ez-toc-list ez-toc-list-level-1 ' ><li class='ez-toc-page-1 ez-toc-heading-level-1'><a class=\"ez-toc-link ez-toc-heading-1\" href=\"https:\/\/www.midamec.com\/vi\/product\/ong-giac-hoi-khong-dung-lua-24-cup\/#Ong_giac_hoi_khong_dung_lua_24_Cup\" title=\"\u1ed0ng gi\u00e1c h\u01a1i kh\u00f4ng d\u00f9ng l\u1eeda 24 Cup\">\u1ed0ng gi\u00e1c h\u01a1i kh\u00f4ng d\u00f9ng l\u1eeda 24 Cup<\/a><ul class='ez-toc-list-level-2' ><li class='ez-toc-heading-level-2'><a class=\"ez-toc-link ez-toc-heading-2\" href=\"https:\/\/www.midamec.com\/vi\/product\/ong-giac-hoi-khong-dung-lua-24-cup\/#Cong_dung\" title=\"C\u00f4ng d\u1ee5ng\">C\u00f4ng d\u1ee5ng<\/a><\/li><li class='ez-toc-page-1 ez-toc-heading-level-2'><a class=\"ez-toc-link ez-toc-heading-3\" href=\"https:\/\/www.midamec.com\/vi\/product\/ong-giac-hoi-khong-dung-lua-24-cup\/#Tinh_nang_noi_bat\" title=\"T\u00ednh n\u0103ng n\u1ed5i b\u1eadt\u00a0\">T\u00ednh n\u0103ng n\u1ed5i b\u1eadt\u00a0<\/a><\/li><li class='ez-toc-page-1 ez-toc-heading-level-2'><a class=\"ez-toc-link ez-toc-heading-4\" href=\"https:\/\/www.midamec.com\/vi\/product\/ong-giac-hoi-khong-dung-lua-24-cup\/#Doi_tuong_su_dung_Ong_giac_hoi_khong_dung_lua\" title=\"\u0110\u1ed1i t\u01b0\u1ee3ng s\u1eed d\u1ee5ng \u1ed0ng gi\u00e1c h\u01a1i kh\u00f4ng d\u00f9ng l\u1eeda\">\u0110\u1ed1i t\u01b0\u1ee3ng s\u1eed d\u1ee5ng \u1ed0ng gi\u00e1c h\u01a1i kh\u00f4ng d\u00f9ng l\u1eeda<\/a><\/li><li class='ez-toc-page-1 ez-toc-heading-level-2'><a class=\"ez-toc-link ez-toc-heading-5\" href=\"https:\/\/www.midamec.com\/vi\/product\/ong-giac-hoi-khong-dung-lua-24-cup\/#Chong_chi_dinh\" title=\"Ch\u1ed1ng ch\u1ec9 \u0111\u1ecbnh\">Ch\u1ed1ng ch\u1ec9 \u0111\u1ecbnh<\/a><\/li><\/ul><\/li><li class='ez-toc-page-1 ez-toc-heading-level-1'><a class=\"ez-toc-link ez-toc-heading-6\" href=\"https:\/\/www.midamec.com\/vi\/product\/ong-giac-hoi-khong-dung-lua-24-cup\/#Gioi_thieu_MIDAMEC\" title=\"Gi\u1edbi thi\u1ec7u MIDAMEC\">Gi\u1edbi thi\u1ec7u MIDAMEC<\/a><ul class='ez-toc-list-level-2' ><li class='ez-toc-heading-level-2'><a class=\"ez-toc-link ez-toc-heading-7\" href=\"https:\/\/www.midamec.com\/vi\/product\/ong-giac-hoi-khong-dung-lua-24-cup\/#MidaMec_don_vi_dan_dau_Viet_Nam_trong_linh_vuc_san_xuat_cac_san_pham_vat_tu_y_te_va_cham_soc_suc_khoe\" title=\"MidaMec \u0111\u01a1n v\u1ecb d\u1eabn \u0111\u1ea7u Vi\u1ec7t Nam trong l\u0129nh v\u1ef1c s\u1ea3n xu\u1ea5t c\u00e1c s\u1ea3n ph\u1ea9m v\u1eadt t\u01b0 y t\u1ebf v\u00e0 ch\u0103m s\u00f3c s\u1ee9c kh\u1ecfe\">MidaMec \u0111\u01a1n v\u1ecb d\u1eabn \u0111\u1ea7u Vi\u1ec7t Nam trong l\u0129nh v\u1ef1c s\u1ea3n xu\u1ea5t c\u00e1c s\u1ea3n ph\u1ea9m v\u1eadt t\u01b0 y t\u1ebf v\u00e0 ch\u0103m s\u00f3c s\u1ee9c kh\u1ecfe<\/a><\/li><li class='ez-toc-page-1 ez-toc-heading-level-2'><a class=\"ez-toc-link ez-toc-heading-8\" href=\"https:\/\/www.midamec.com\/vi\/product\/ong-giac-hoi-khong-dung-lua-24-cup\/#Cac_chung_nhan_va_giai_thuong_dat_duoc\" title=\"C\u00e1c ch\u1ee9ng nh\u1eadn v\u00e0 gi\u1ea3i th\u01b0\u1edfng \u0111\u1ea1t \u0111\u01b0\u1ee3c\">C\u00e1c ch\u1ee9ng nh\u1eadn v\u00e0 gi\u1ea3i th\u01b0\u1edfng \u0111\u1ea1t \u0111\u01b0\u1ee3c<\/a><\/li><\/ul><\/li><li class='ez-toc-page-1 ez-toc-heading-level-1'><a class=\"ez-toc-link ez-toc-heading-9\" href=\"https:\/\/www.midamec.com\/vi\/product\/ong-giac-hoi-khong-dung-lua-24-cup\/#Thong_tin_lien_he\" title=\"Th\u00f4ng tin li\u00ean h\u1ec7\">Th\u00f4ng tin li\u00ean h\u1ec7<\/a><\/li><\/ul><\/nav><\/div>\n<h1><span class=\"ez-toc-section\" id=\"Ong_giac_hoi_khong_dung_lua_24_Cup\"><\/span>\u1ed0ng gi\u00e1c h\u01a1i kh\u00f4ng d\u00f9ng l\u1eeda 24 Cup<span class=\"ez-toc-section-end\"><\/span><\/h1>\n<p><iframe title=\"H\u01af\u1edaNG D\u1eaaN S\u1eec D\u1ee4NG B\u1ed8 GI\u00c1C H\u01a0I KH\u00d4NG D\u00d9NG L\u1eecA\" width=\"1020\" height=\"574\" src=\"https:\/\/www.youtube.com\/embed\/mqBTrPzTuxk?feature=oembed\" frameborder=\"0\" allow=\"accelerometer; autoplay; clipboard-write; encrypted-media; gyroscope; picture-in-picture; web-share\" referrerpolicy=\"strict-origin-when-cross-origin\" allowfullscreen><\/iframe><\/p>\n<h2><span class=\"ez-toc-section\" id=\"Cong_dung\"><\/span><strong>C\u00f4ng d\u1ee5ng<\/strong><span class=\"ez-toc-section-end\"><\/span><\/h2>\n<p><em><strong>\u1ed0ng gi\u00e1c h\u01a1i kh\u00f4ng d\u00f9ng l\u1eeda<\/strong><\/em> v\u1edbi c\u01a1 ch\u1ebf t\u1ea1o \u00e1p su\u1ea5t \u00e2m trong th\u00e0nh c\u1ed1c gi\u00e1c, h\u1ed7 tr\u1ee3 \u0111i\u1ec1u tr\u1ecb b\u1ec7nh l\u00fd nh\u01b0:<\/p>\n<p>&#8211; Gi\u1ea3m \u0111au c\u01a1 x\u01b0\u01a1ng kh\u1edbp: Gi\u00e1c h\u01a1i gi\u00fap t\u0103ng c\u01b0\u1eddng l\u01b0u th\u00f4ng kh\u00ed huy\u1ebft, gi\u1ea3m vi\u00eam, gi\u1ea3m s\u01b0ng, t\u1eeb \u0111\u00f3 gi\u00fap gi\u1ea3m \u0111au nh\u1ee9c x\u01b0\u01a1ng kh\u1edbp hi\u1ec7u qu\u1ea3.<\/p>\n<p>&#8211; T\u0103ng c\u01b0\u1eddng s\u1ee9c \u0111\u1ec1 kh\u00e1ng, gi\u00fap c\u01a1 th\u1ec3 ch\u1ed1ng l\u1ea1i c\u00e1c t\u00e1c nh\u00e2n g\u00e2y b\u1ec7nh t\u1eeb b\u00ean ngo\u00e0i g\u00e2y ra b\u1ec7nh l\u00fd nh\u01b0 c\u1ea3m c\u00fam, ho, vi\u00eam ph\u1ebf qu\u1ea3n, hen suy\u1ec5n.<\/p>\n<p>&#8211; H\u1ed7 tr\u1ee3 \u0111i\u1ec1u tr\u1ecb c\u00e1c b\u1ec7nh l\u00fd v\u1ec1 ti\u00eau h\u00f3a: gi\u00fap t\u0103ng c\u01b0\u1eddng ti\u00eau h\u00f3a, gi\u1ea3m \u0111\u1ea7y b\u1ee5ng, kh\u00f3 ti\u00eau, \u1ee3 chua<\/p>\n<p><em><strong>\u1ed0ng gi\u00e1c h\u01a1i kh\u00f4ng d\u00f9ng l\u1eeda <\/strong><\/em>h\u1ed7 tr\u1ee3 \u0111i\u1ec1u tr\u1ecb c\u00e1c b\u1ec7nh l\u00fd v\u1ec1 th\u1ea7n kinh: gi\u00fap gi\u1ea3m \u0111au \u0111\u1ea7u, \u0111au n\u1eeda \u0111\u1ea7u.<\/p>\n<p>&#8211; H\u1ed7 tr\u1ee3 t\u0103ng c\u01b0\u1eddng l\u01b0u th\u00f4ng kh\u00ed huy\u1ebft, gi\u00fap da d\u1ebb h\u1ed3ng h\u00e0o, kh\u1ecfe m\u1ea1nh<\/p>\n<h2><span class=\"ez-toc-section\" id=\"Tinh_nang_noi_bat\"><\/span><strong>T\u00ednh n\u0103ng n\u1ed5i b\u1eadt\u00a0<\/strong><span class=\"ez-toc-section-end\"><\/span><\/h2>\n<p><strong>&#8211; Ch\u1ea5t l\u01b0\u1ee3ng cao, \u0111\u00e1p \u1ee9ng ti\u00eau chu\u1ea9n qu\u1ed1c t\u1ebf:<\/strong>\u00a0B\u1ed9 gi\u00e1c h\u01a1i ch\u00e2n kh\u00f4ng \u0111\u01b0\u1ee3c s\u1ea3n xu\u1ea5t \u0111\u1ea1t chu\u1ea9n FDA, ISO 13485,\u00a0ISO 26000,\u00a0ISO 9001,\u00a0ISO 14001,\u00a0ISO 45000,\u00a0\u0111\u1ea3m b\u1ea3o ch\u1ea5t l\u01b0\u1ee3ng v\u00e0 an to\u00e0n cho ng\u01b0\u1eddi s\u1eed d\u1ee5ng.<\/p>\n<p><strong>&#8211; Ch\u1ee5p gi\u00e1c \u0111\u01b0\u1ee3c l\u00e0m t\u1eeb nh\u1ef1a PET nguy\u00ean sinh cao c\u1ea5p: <\/strong>c\u00f3 \u0111\u1ed9 \u0111\u00e0n h\u1ed3i t\u1ed1t, kh\u00f4ng g\u00e2y \u0111au khi gi\u00e1c, an to\u00e0n cho ng\u01b0\u1eddi s\u1eed d\u1ee5ng. Ch\u1ea5t li\u1ec7u n\u00e0y c\u0169ng c\u00f3 \u0111\u1ed9 b\u1ec1n cao, h\u1ea1n ch\u1ebft n\u1ee9t v\u1ee1 khi l\u00e0m r\u1edbt trong qu\u00e1 tr\u00ecnh s\u1eed d\u1ee5ng.<\/p>\n<p><strong>&#8211; S\u00fang h\u00fat ch\u00e2n kh\u00f4ng \u0111\u01b0\u1ee3c l\u00e0m t\u1eeb nh\u1ef1a HIPS nguy\u00ean sinh cao c\u1ea5p<\/strong>: c\u00f3 \u0111\u1ed9 d\u00e0y d\u1eb7n, ch\u1eafc ch\u1eafn, c\u00f3 \u0111\u1ed9 b\u1ec1n cao. Ch\u1ea5t li\u1ec7u n\u00e0y c\u0169ng ch\u1ecbu nhi\u1ec7t t\u1ed1t, kh\u00f4ng b\u1ecb bi\u1ebfn d\u1ea1ng khi s\u1eed d\u1ee5ng trong m\u00f4i tr\u01b0\u1eddng nhi\u1ec7t \u0111\u1ed9 cao.<\/p>\n<p><strong>&#8211; <em>\u1ed0ng gi\u00e1c h\u01a1i kh\u00f4ng d\u00f9ng l\u1eeda<\/em><em>\u00a0l\u1eeda <\/em>an to\u00e0n, kh\u00f4ng g\u00e2y b\u1ecfng da:<\/strong>\u00a0B\u1ed9 gi\u00e1c h\u01a1i ch\u00e2n kh\u00f4ng s\u1eed d\u1ee5ng l\u1ef1c h\u00fat ch\u00e2n kh\u00f4ng \u0111\u1ec3 t\u1ea1o t\u00e1c \u0111\u1ed9ng l\u00ean da,\u00a0kh\u00f4ng s\u1eed d\u1ee5ng l\u1eeda n\u00ean kh\u00f4ng g\u00e2y b\u1ecfng da.<\/p>\n<p><strong>&#8211; S\u1ea3n ph\u1ea9m c\u00f3 ngo\u1ea1i quan b\u1eaft m\u1eaft<\/strong>: m\u00e0u s\u1eafc h\u00e0i h\u00f2a, s\u1eafc s\u1ea3o.<\/p>\n<p><strong>&#8211; Nh\u1eb9, g\u1ecdn g\u00e0ng<\/strong>: ti\u1ec7n l\u1ee3i cho gia \u0111\u00ecnh v\u00e0 \u0111i du l\u1ecbch.<\/p>\n<p><strong>&#8211; D\u1ec5 s\u1eed d\u1ee5ng, thao t\u00e1c \u0111\u01a1n gi\u1ea3n:<\/strong>\u00a0B\u1ed9 gi\u00e1c h\u01a1i ch\u00e2n kh\u00f4ng c\u00f3 thi\u1ebft k\u1ebf \u0111\u01a1n gi\u1ea3n,\u00a0d\u1ec5 d\u00e0ng s\u1eed d\u1ee5ng ngay c\u1ea3 v\u1edbi ng\u01b0\u1eddi m\u1edbi b\u1eaft \u0111\u1ea7u s\u1eed d\u1ee5ng.<\/p>\n<p><strong>&#8211; \u0110\u1eb7c bi\u1ec7t<\/strong>,\u00a0s\u1ea3n ph\u1ea9m c\u00f2n c\u00f3 d\u00e2y n\u1ed1i \u1ed1ng gi\u00e1c, gi\u00fap d\u1ec5 d\u00e0ng t\u1ef1 gi\u00e1c h\u01a1i m\u1eb7t l\u01b0ng.<\/p>\n<p><strong>&#8211; Chi ph\u00ed ph\u1ea3i ch\u0103ng: <\/strong>ch\u00ednh h\u00e3ng nh\u00e0 s\u1ea3n xu\u1ea5t, kh\u00f4ng qua trung gian<\/p>\n<p><strong>&#8211; Ngo\u00e0i ra, <\/strong>m\u1ed7i b\u1ed9 s\u1ea3n ph\u1ea9m c\u00f3 k\u00e8m t\u1edd h\u01b0\u1edbng d\u1eabn s\u1eed d\u1ee5ng v\u00e0 b\u1ea3ng huy\u1ec7t v\u1ecb cho 10 b\u1ec7nh ph\u1ed5 bi\u1ebfn khi gi\u00e1c h\u01a1i<\/p>\n<h2><span class=\"ez-toc-section\" id=\"Doi_tuong_su_dung_Ong_giac_hoi_khong_dung_lua\"><\/span><strong>\u0110\u1ed1i t\u01b0\u1ee3ng s\u1eed d\u1ee5ng <em>\u1ed0ng gi\u00e1c h\u01a1i kh\u00f4ng d\u00f9ng l\u1eeda<\/em><\/strong><span class=\"ez-toc-section-end\"><\/span><\/h2>\n<p><strong>&#8211; <\/strong>Ng\u01b0\u1eddi c\u00f3 b\u1ec7nh l\u00fd v\u1ec1 c\u01a1 x\u01b0\u01a1ng kh\u1edbp nh\u01b0 tho\u00e1i h\u00f3a kh\u1edbp, tho\u00e1t v\u1ecb \u0111\u0129a \u0111\u1ec7m, \u0111au th\u1ea7n kinh t\u1ecda, \u0111au kh\u1edbp g\u1ed1i,\u2026<\/p>\n<p>&#8211; Nh\u00e2n vi\u00ean v\u0103n ph\u00f2ng, duy tr\u00ec m\u1ed9t t\u01b0 th\u1ebf l\u00e0m vi\u1ec7c trong th\u1eddi gian d\u00e0i khi\u1ebfn c\u1ed5, vai, g\u00e1y, l\u01b0ng, tay ch\u00e2n m\u1ecfi nh\u1ee9c, t\u00ea b\u00ec.<\/p>\n<p>&#8211; Ng\u01b0\u1eddi lao \u0111\u1ed9ng n\u1eb7ng, l\u00e0m vi\u1ec7c v\u1edbi c\u01b0\u1eddng \u0111\u1ed9 cao khi\u1ebfn c\u01a1 b\u1eafp m\u1ecfi, \u0111au nh\u1ee9c.<\/p>\n<p>&#8211; Ng\u01b0\u1eddi ho\u1ea1t \u0111\u1ed9ng th\u1ec3 thao th\u01b0\u1eddng xuy\u00ean, c\u1ea7n gi\u1ea3i c\u01a1 sau khi t\u1eadp luy\u1ec7n, c\u01a1 b\u1eafp th\u01b0\u1eddng b\u1ecb \u0111au m\u1ecfi, \u00ea \u1ea9m.<\/p>\n<p>&#8211; <strong><em>\u1ed0ng gi\u00e1c h\u01a1i kh\u00f4ng d\u00f9ng l\u1eeda <\/em><\/strong>ph\u00f9 h\u1ee3p cho ng\u01b0\u1eddi c\u00f3 nhu c\u1ea7u s\u1eed d\u1ee5ng \u0111\u1ec3 ph\u00f2ng\/ \u0111i\u1ec1u tr\u1ecb b\u1ec7nh t\u1ea1i nh\u00e0, c\u01a1 s\u1edf y t\u1ebf, ph\u00f2ng kh\u00e1m, ph\u00f2ng t\u1eadp v\u1eadt li\u1ec7u tr\u1ecb li\u1ec7u, spa,\u2026<\/p>\n<h2><span class=\"ez-toc-section\" id=\"Chong_chi_dinh\"><\/span><strong>Ch\u1ed1ng ch\u1ec9 \u0111\u1ecbnh<\/strong><span class=\"ez-toc-section-end\"><\/span><\/h2>\n<ul>\n<li>V\u00f9ng da b\u1ecb t\u1ed5n th\u01b0\u01a1ng, x\u00e2y x\u00e1c, v\u1ebft th\u01b0\u01a1ng h\u1edf. B\u1ec7nh ngo\u00e0i da<\/li>\n<li>B\u1ec7nh l\u00fd t\u00e2m th\u1ea7n, \u0111\u1ed9ng kinh, suy nh\u01b0\u1ee3c th\u1ea7n kinh, s\u1ed1t cao m\u00ea s\u1ea3ng, co gi\u1eadt. Say r\u01b0\u1ee3u<\/li>\n<li>Huy\u1ebft kh\u1ed1i t\u0129nh m\u1ea1ch s\u00e2u, da m\u1ecfng, c\u01a1 y\u1ebfu<\/li>\n<li>R\u1ed1i lo\u1ea1n \u0111\u00f4ng m\u00e1u, xu\u1ea5t huy\u1ebft, ung th\u01b0 m\u00e1u, s\u1eed d\u1ee5ng thu\u1ed1c ch\u1ed1ng \u0111\u00f4ng m\u00e1u<\/li>\n<li>Tr\u1ebb em d\u01b0\u1edbi 6 tu\u1ed5i, ph\u1ee5 n\u1eef mang thai, ng\u01b0\u1eddi tr\u00ean 70 tu\u1ed5i: tham v\u1ea5n \u00fd ki\u1ebfn b\u00e1c s\u0129\/ y s\u0129\/ l\u01b0\u01a1ng y y h\u1ecdc c\u1ed5 truy\u1ec1n tr\u01b0\u1edbc khi s\u1eed d\u1ee5ng<\/li>\n<\/ul>\n<h1><span class=\"ez-toc-section\" id=\"Gioi_thieu_MIDAMEC\"><\/span>Gi\u1edbi thi\u1ec7u MIDAMEC<span class=\"ez-toc-section-end\"><\/span><\/h1>\n<h2><span class=\"ez-toc-section\" id=\"MidaMec_don_vi_dan_dau_Viet_Nam_trong_linh_vuc_san_xuat_cac_san_pham_vat_tu_y_te_va_cham_soc_suc_khoe\"><\/span><strong>MidaMec \u0111\u01a1n v\u1ecb d\u1eabn \u0111\u1ea7u Vi\u1ec7t Nam trong l\u0129nh v\u1ef1c s\u1ea3n xu\u1ea5t c\u00e1c s\u1ea3n ph\u1ea9m v\u1eadt t\u01b0 y t\u1ebf v\u00e0 ch\u0103m s\u00f3c s\u1ee9c kh\u1ecfe<\/strong><span class=\"ez-toc-section-end\"><\/span><\/h2>\n<p>&nbsp;<\/p>\n<p>\u2013 Trang thi\u1ebft b\u1ecb hi\u1ec7n \u0111\u1ea1i t\u1eeb nh\u1eefng th\u01b0\u01a1ng hi\u1ec7u n\u1ed5i ti\u1ebfng nh\u01b0: Makino, Mazak, Charmiles, JSW, Sumitomo,\u2026<\/p>\n<p>\u2013 \u0110\u1ea3m b\u1ea3o cung c\u1ea5p cho kh\u00e1ch h\u00e0ng nh\u1eefng s\u1ea3n ph\u1ea9m v\u01b0\u1ee3t tr\u1ed9i.<\/p>\n<p>\u2013 \u0110\u00e1p \u1ee9ng \u0111\u1ee7 s\u1ea3n l\u01b0\u1ee3ng theo m\u1eabu m\u00e3 ri\u00eang v\u1edbi gi\u00e1 th\u00e0nh c\u1ea1nh tranh h\u1ea5p d\u1eabn.<\/p>\n<p>\u2013 C\u00f9ng v\u1edbi h\u1ec7 th\u1ed1ng m\u1ea1ng l\u01b0\u1edbi b\u00e1n h\u00e0ng \u0111a d\u1ea1ng,\u00a0<strong>MidaMec<\/strong>\u00a0\u0111\u00e3 v\u00e0 \u0111ang l\u00e0 l\u1ef1a ch\u1ecdn h\u00e0ng \u0111\u1ea7u c\u1ee7a kh\u00e1ch h\u00e0ng trong v\u00e0 ngo\u00e0i n\u01b0\u1edbc.<\/p>\n<p>\u2013 V\u1edbi \u0111\u1ed9i ng\u0169 thi\u1ebft k\u1ebf gi\u00e0u kinh nghi\u1ec7m, nhi\u1ec1u chuy\u00ean gia l\u0129nh v\u1ef1c trong ng\u00e0nh.<\/p>\n<p>\u2013 Ch\u00fang t\u00f4i c\u00f3 th\u1ec3 cung c\u1ea5p cho kh\u00e1ch h\u00e0ng m\u1ed9t gi\u1ea3i ph\u00e1p to\u00e0n di\u1ec7n v\u1ec1 c\u00f4ng vi\u1ec7c thi\u1ebft k\u1ebf s\u1ea3n ph\u1ea9m v\u00e0 m\u1eabu m\u00e3 s\u1ea3n xu\u1ea5t v\u1edbi ph\u01b0\u01a1ng ch\u00e2m:<\/p>\n<ul>\n<li>S\u1ea3n ph\u1ea9m th\u1ecfa m\u00e3n kh\u00e1ch h\u00e0ng<\/li>\n<li>Giao h\u00e0ng trong th\u1eddi gian nhanh nh\u1ea5t<\/li>\n<li>C\u1ea1nh tranh gi\u00e1 th\u00e0nh<\/li>\n<li>D\u1ecbch v\u1ee5 sau b\u00e1n h\u00e0ng t\u1ed1t nh\u1ea5t.<\/li>\n<li><\/li>\n<\/ul>\n<h2><span class=\"ez-toc-section\" id=\"Cac_chung_nhan_va_giai_thuong_dat_duoc\"><\/span>C\u00e1c ch\u1ee9ng nh\u1eadn v\u00e0 gi\u1ea3i th\u01b0\u1edfng \u0111\u1ea1t \u0111\u01b0\u1ee3c<span class=\"ez-toc-section-end\"><\/span><\/h2>\n<ul>\n<li style=\"list-style-type: none;\">\n<ul>\n<li>Ch\u1ee9ng nh\u1eadn FDA, RCS<\/li>\n<li>ISO 9001; ISO-14001; ISO-45001 (Ch\u1ea5t l\u01b0\u1ee3ng \u2013 M\u00f4i tr\u01b0\u1eddng-S\u1ee9c kh\u1ecfe)<\/li>\n<li>ISO Class 5 \u2013 Ti\u00eau chu\u1ea9n s\u1ea3n ph\u1ea9m v\u1ec7 sinh ph\u00f2ng s\u1ea3n ph\u1ea9m y t\u1ebf<\/li>\n<li>ISO-13485 Ng\u00e0nh s\u1ea3n xu\u1ea5t thi\u1ebft b\u1ecb y t\u1ebf<\/li>\n<li>Th\u01b0\u01a1ng hi\u1ec7u qu\u1ed1c gia nhi\u1ec1u n\u0103m li\u1ec1n k\u1ec1<\/li>\n<li>Top 500 DN t\u0103ng tr\u01b0\u1edfng nhanh nh\u1ea5t Vi\u1ec7t Nam<\/li>\n<li>Top 50 DN t\u0103ng tr\u01b0\u1edfng xu\u1ea5t s\u1eafc nh\u1ea5t Vi\u1ec7t Nam.<\/li>\n<li>V\u00e0 nhi\u1ec1u gi\u1ea3i th\u01b0\u1edfng kh\u00e1c<\/li>\n<\/ul>\n<\/li>\n<\/ul>\n<p>&nbsp;<\/p>\n<h1><span class=\"ez-toc-section\" id=\"Thong_tin_lien_he\"><\/span>Th\u00f4ng tin li\u00ean h\u1ec7<span class=\"ez-toc-section-end\"><\/span><\/h1>\n<p>+ Hotline: +84 568 818 789<\/p>\n<p>+ Website:\u00a0<a href=\"https:\/\/midameccom416.chiliweb.org\/\" rel=\"noopener\">midameccom416.chiliweb.org<\/a><\/p>\n<p>+ Email:\u00a0<a href=\"mailto:info@midamec.com\">info@midamec.com<\/a><\/p>\n<p>+ Fanpage:\u00a0<a href=\"https:\/\/midameccom416.chiliweb.org\/vi\/s%E1%BA%A3n-ph%E1%BA%A9m\/ong-nghiem-12x75mm-pet\/\" rel=\"noopener\">https:\/\/www.facebook.com\/midamec<\/a><\/p>\n<p>+ Zalo:<a href=\"https:\/\/zalo.me\/midaofficial\" rel=\"noopener\">\u00a0https:\/\/zalo.me\/midaofficial<\/a><\/p>\n<p>+\u00a0Youtube:\u00a0<a href=\"https:\/\/www.youtube.com\/@midamold7927\" rel=\"noopener\">https:\/\/www.youtube.com\/@midamold7927<\/a><\/p>\n","protected":false},"excerpt":{"rendered":"<p>\u2013 T\u00ean s\u1ea3n ph\u1ea9m c\u00f4ng b\u1ed1 b\u1ed9 y t\u1ebf: B\u1ed9 gi\u00e1c h\u01a1i kh\u00f4ng d\u00f9ng l\u1eeda<\/p>\n<p>\u2013 M\u00e3 s\u1ea3n ph\u1ea9m: FCT0024<\/p>\n<p>\u2013 S\u1ed1 l\u01b0u h\u00e0nh: 240000017\/PCBA-LA<\/p>\n<p>\u2013 Xu\u1ea5t x\u1ee9 h\u00e0ng h\u00f3a:\u00a0Vi\u1ec7t Nam<\/p>\n<p>\u2013 Ch\u1ea5t li\u1ec7u:<\/p>\n<p>+ <span class=\"ui-provider a b c d e f g h i j k l m n o p q r s t u v w x y z ab ac ae af ag ah ai aj ak\" dir=\"ltr\">PET, PP, HIPS, PVC, HDPE, Inox.<\/span><\/p>\n<p>+ D\u00e2y: PVC<\/p>\n<p>&#8211; Tr\u1ecdn b\u1ed9 g\u1ed3m c\u00f3:<\/p>\n<p>+ 24 cup (Cup A1: 4 c\u00e1i, Cup A2: 4 c\u00e1i, Cup A3: 4 c\u00e1i, Cup A4: 4 c\u00e1i, Cup A5: 4 c\u00e1i, Cup A6: 2 c\u00e1i, Cup A7: 2 c\u00e1i ) &#8211; m\u00e0u trong su\u1ed1t<\/p>\n<p>+\u00a0 B\u1ed9 s\u00fang t\u1ea1o ch\u00e2n kh\u00f4ng: 1 c\u00e1i (m\u00e0u xanh d\u01b0\u01a1ng)<\/p>\n<p>+ C\u1eed h\u00fat: 6 c\u00e1i (m\u00e0u xanh l\u00e1)<\/p>\n<p>+ Ron: 1 c\u00e1i<\/p>\n<p>+ \u0110\u1ea7u n\u1ed1i h\u01a1i: 2 c\u00e1i<\/p>\n<p>+ D\u00e2y n\u1ed1i gi\u00e1c PVC: 0.45m<\/p>\n<p>+ T\u1edd h\u01b0\u1edbng d\u1eabn s\u1eed d\u1ee5ng v\u00e0 b\u1ea3ng huy\u1ec7t v\u1ecb cho c\u00e1c b\u1ec7nh th\u00f4ng th\u01b0\u1eddng<\/p>\n<p>S\u1ea3n ph\u1ea9m \u0111\u01b0\u1ee3c b\u1ecf v\u00e0o h\u1ed9p carton (375*260*77mm) v\u00e0 bao PE<\/p>\n<p>\u2013 Ch\u1ea5t l\u01b0\u1ee3ng:\u00a0S\u1ea3n ph\u1ea9m \u0111\u1ea1t chu\u1ea9n\u00a0<strong>FDA\u00a0, ISO Class 5, ISO-13485,\u00a0ISO 9001, ISO 14001, ISO 45001<\/strong><\/p>\n<p>\u2013 Ch\u00ednh s\u00e1ch gi\u00e1 t\u1ed1t tr\u00ean th\u1ecb tr\u01b0\u1eddng, nhi\u1ec1u \u01b0u \u0111\u00e3i h\u1ea5p d\u1eabn. Gi\u00e1 t\u1ed1t cho NPP, \u0111\u1ea1i l\u00fd<\/p>\n<p>\u2013 Ph\u00e2n ph\u1ed1i: To\u00e0n qu\u1ed1c v\u00e0 xu\u1ea5t kh\u1ea9u n\u01b0\u1edbc ngo\u00e0i<\/p>\n<p>\u2013 \u0110\u1ed9i ng\u0169 gi\u00e0u kinh nghi\u1ec7m, nhi\u1ec1u chuy\u00ean gia l\u0129nh v\u1ef1c trong ng\u00e0nh<\/p>\n<p>\u2013 Quy tr\u00ecnh ki\u1ec3m so\u00e1t nghi\u00eam ng\u1eb7t<\/p>\n<p>\u2013 S\u1ea3n ph\u1ea9m \u0111ang \u0111\u01b0\u1ee3c b\u00e1n tr\u00ean c\u00e1c s\u00e0n th\u01b0\u01a1ng m\u1ea1i \u0111i\u1ec7n t\u1eed:\u00a0<strong>Shopee, Lazada, Tiki<\/strong><\/p>\n<p><strong><em>H\u00e3y li\u00ean h\u1ec7 v\u1edbi ch\u00fang t\u00f4i \u0111\u1ec3 nh\u1eadn \u0111\u01b0\u1ee3c s\u1ef1 ch\u0103m s\u00f3c t\u1eadn t\u00e2m!<\/em><\/strong><\/p>\n","protected":false},"featured_media":10620,"comment_status":"closed","ping_status":"closed","template":"","meta":[],"product_cat":[365,371],"product_tag":[],"_links":{"self":[{"href":"https:\/\/www.midamec.com\/vi\/wp-json\/wp\/v2\/product\/10013"}],"collection":[{"href":"https:\/\/www.midamec.com\/vi\/wp-json\/wp\/v2\/product"}],"about":[{"href":"https:\/\/www.midamec.com\/vi\/wp-json\/wp\/v2\/types\/product"}],"replies":[{"embeddable":true,"href":"https:\/\/www.midamec.com\/vi\/wp-json\/wp\/v2\/comments?post=10013"}],"wp:featuredmedia":[{"embeddable":true,"href":"https:\/\/www.midamec.com\/vi\/wp-json\/wp\/v2\/media\/10620"}],"wp:attachment":[{"href":"https:\/\/www.midamec.com\/vi\/wp-json\/wp\/v2\/media?parent=10013"}],"wp:term":[{"taxonomy":"product_cat","embeddable":true,"href":"https:\/\/www.midamec.com\/vi\/wp-json\/wp\/v2\/product_cat?post=10013"},{"taxonomy":"product_tag","embeddable":true,"href":"https:\/\/www.midamec.com\/vi\/wp-json\/wp\/v2\/product_tag?post=10013"}],"curies":[{"name":"wp","href":"https:\/\/api.w.org\/{rel}","templated":true}]}}