{"id":9797,"date":"2024-06-22T11:07:39","date_gmt":"2024-06-22T11:07:39","guid":{"rendered":"https:\/\/midatek.com\/?page_id=9797"},"modified":"2025-04-22T04:28:04","modified_gmt":"2025-04-22T04:28:04","slug":"hinh-thuc-thanh-toan","status":"publish","type":"page","link":"https:\/\/www.midamec.com\/vi\/hinh-thuc-thanh-toan\/","title":{"rendered":"H\u00ecnh th\u1ee9c thanh to\u00e1n"},"content":{"rendered":"<h2><strong>H\u00ecnh th\u1ee9c thanh to\u00e1n<\/strong><\/h2>\n<p>Nh\u1eb1m mang \u0111\u1ebfn cho qu\u00fd kh\u00e1ch h\u00e0ng s\u1ef1 h\u00e0i l\u00f2ng khi tr\u1ea3i nghi\u1ec7m mua s\u1eafm v\u00e0 thanh to\u00e1n linh ho\u1ea1t, MIDAMEC\u00a0 xin cung c\u1ea5p c\u00e1c h\u00ecnh th\u1ee9c thanh to\u00e1n sau:<\/p>\n<ul style=\"list-style-type: circle;\">\n<li>Thanh to\u00e1n b\u1eb1ng ti\u1ec1n m\u1eb7t<\/li>\n<li>Thanh to\u00e1n chuy\u1ec3n kho\u1ea3n qua ng\u00e2n h\u00e0ng<\/li>\n<\/ul>\n<p><strong>1.1 Thanh to\u00e1n tr\u1ef1c ti\u1ebfp t\u1ea1i c\u1eeda h\u00e0ng<\/strong><\/p>\n<p>Qu\u00fd kh\u00e1ch vui l\u00f2ng thanh to\u00e1n tr\u1ef1c ti\u1ebfp khi mua h\u00e0ng t\u1ea1i \u0111\u1ecba ch\u1ec9 c\u00f4ng ty:<\/p>\n<p>Km 1926, Qu\u1ed1c L\u1ed9 1A , X\u00e3 M\u1ef9 Y\u00ean, Huy\u1ec7n B\u1ebfn L\u1ee9c, T\u1ec9nh Long An, Vi\u1ec7t Nam<\/p>\n<p>Ngay sau khi thanh to\u00e1n xong, nh\u00e2n vi\u00ean k\u1ebf to\u00e1n s\u1ebd ti\u1ebfn h\u00e0nh g\u1eedi l\u1ea1i h\u00f3a \u0111\u01a1n cho qu\u00fd kh\u00e1ch v\u00e0 nh\u00e2n vi\u00ean kinh doanh s\u1ebd h\u01b0\u1edbng d\u1eabn \u0111\u1ea7y \u0111\u1ee7 h\u00ecnh th\u1ee9c giao nh\u1eadn h\u00e0ng.<\/p>\n<p><strong>1.2 Thanh to\u00e1n sau khi giao h\u00e0ng (COD)<\/strong><\/p>\n<p>Qu\u00fd kh\u00e1ch vui l\u00f2ng thanh to\u00e1n cho nh\u00e2n vi\u00ean giao nh\u1eadn v\u00e0\/ ho\u1eb7c nh\u00e2n vi\u00ean l\u1eafp \u0111\u1eb7t to\u00e0n b\u1ed9 ho\u1eb7c ph\u1ea7n c\u00f2n l\u1ea1i gi\u00e1 tr\u1ecb c\u1ee7a \u0111\u01a1n h\u00e0ng \u0111\u00e3 mua (n\u1ebfu \u0111\u00e3 \u0111\u1eb7t c\u1ecdc).<\/p>\n<p>N\u1ebfu \u0111\u1ecba ch\u1ec9 thanh to\u00e1n t\u1ea1i \u0111i\u1ec3m giao h\u00e0ng, nh\u00e2n vi\u00ean ch\u00fang t\u00f4i s\u1ebd ti\u1ebfn h\u00e0nh thu ti\u1ec1n khi giao h\u00e0ng.<\/p>\n<ol start=\"2\">\n<li>Thanh to\u00e1n b\u1eb1ng chuy\u1ec3n kho\u1ea3n<\/li>\n<\/ol>\n<p>\u0110\u1ed1i v\u1edbi qu\u00fd kh\u00e1ch h\u00e0ng c\u00f3 nhu c\u1ea7u chuy\u1ec3n kho\u1ea3n qua ng\u00e2n h\u00e0ng ho\u1eb7c qua th\u1ebb ATM n\u1ed9i \u0111\u1ecba, qu\u00fd kh\u00e1ch vui l\u00f2ng chuy\u1ec3n ti\u1ec1n cho ch\u00fang t\u00f4i v\u00e0o m\u1ed9t trong c\u00e1c t\u00e0i kho\u1ea3n sau \u0111\u00e2y:<\/p>\n<p><strong>T\u00ean t\u00e0i kho\u1ea3n:<\/strong> C\u00f4ng Ty CP Khu\u00f4n Ch\u00ednh X\u00e1c MINH \u0110\u1ea0T<\/p>\n<p><strong>S\u1ed1 t\u00e0i kho\u1ea3n:<\/strong> 13699179<\/p>\n<p><strong>T\u00ean ng\u00e2n h\u00e0ng: <\/strong>NH ACB CN Ph\u00fa L\u00e2m &#8211; TP HCM<\/p>\n<p><strong>N\u1ed9i dung CK: <\/strong>S\u1ed1 \u0111i\u1ec7n tho\u1ea1i c\u1ee7a qu\u00fd kh\u00e1ch (Kh\u00f4ng ghi g\u00ec th\u00eam)<\/p>\n<p><strong>1.3. C\u00e1c h\u00ecnh th\u1ee9c thanh to\u00e1n kh\u00e1c<\/strong><\/p>\n<p>\u0110\u1ec3 thanh to\u00e1n, qu\u00fd kh\u00e1ch vui l\u00f2ng l\u1ef1a ch\u1ecdn m\u1ed9t trong c\u00e1ch ph\u01b0\u01a1ng th\u1ee9c tr\u00ean v\u00e0 li\u00ean h\u1ec7 \u0111\u1ec3 thanh to\u00e1n:<\/p>\n<ul>\n<li><b>Hotline:<\/b> <strong>0849244789<\/strong><\/li>\n<li><b>Website:https:\/\/midamec.com\/<\/b><\/li>\n<li><strong>Fanpage: https:\/\/www.facebook.com\/midamec<\/strong><\/li>\n<li><b>Email:<\/b> <strong>info@midamec.com<\/strong><\/li>\n<li><b>\u0110\u1ecba ch\u1ec9:<\/b> <strong>Km 1926, Qu\u1ed1c L\u1ed9 1A , X\u00e3 M\u1ef9 Y\u00ean, Huy\u1ec7n B\u1ebfn L\u1ee9c, T\u1ec9nh Long An, Vi\u1ec7t Nam<\/strong><\/li>\n<\/ul>\n","protected":false},"excerpt":{"rendered":"<p>H\u00ecnh th\u1ee9c thanh to\u00e1n Nh\u1eb1m mang \u0111\u1ebfn cho qu\u00fd kh\u00e1ch h\u00e0ng s\u1ef1 h\u00e0i l\u00f2ng khi tr\u1ea3i nghi\u1ec7m mua s\u1eafm v\u00e0 thanh to\u00e1n linh ho\u1ea1t, MIDAMEC\u00a0 xin cung c\u1ea5p c\u00e1c h\u00ecnh th\u1ee9c thanh to\u00e1n sau: Thanh to\u00e1n b\u1eb1ng ti\u1ec1n m\u1eb7t Thanh to\u00e1n chuy\u1ec3n kho\u1ea3n qua ng\u00e2n h\u00e0ng 1.1 Thanh to\u00e1n tr\u1ef1c ti\u1ebfp t\u1ea1i c\u1eeda h\u00e0ng Qu\u00fd [&#8230;]\n","protected":false},"author":2,"featured_media":0,"parent":0,"menu_order":0,"comment_status":"closed","ping_status":"closed","template":"","meta":{"footnotes":""},"_links":{"self":[{"href":"https:\/\/www.midamec.com\/vi\/wp-json\/wp\/v2\/pages\/9797"}],"collection":[{"href":"https:\/\/www.midamec.com\/vi\/wp-json\/wp\/v2\/pages"}],"about":[{"href":"https:\/\/www.midamec.com\/vi\/wp-json\/wp\/v2\/types\/page"}],"author":[{"embeddable":true,"href":"https:\/\/www.midamec.com\/vi\/wp-json\/wp\/v2\/users\/2"}],"replies":[{"embeddable":true,"href":"https:\/\/www.midamec.com\/vi\/wp-json\/wp\/v2\/comments?post=9797"}],"version-history":[{"count":0,"href":"https:\/\/www.midamec.com\/vi\/wp-json\/wp\/v2\/pages\/9797\/revisions"}],"wp:attachment":[{"href":"https:\/\/www.midamec.com\/vi\/wp-json\/wp\/v2\/media?parent=9797"}],"curies":[{"name":"wp","href":"https:\/\/api.w.org\/{rel}","templated":true}]}}