{"id":9794,"date":"2024-06-22T09:44:26","date_gmt":"2024-06-22T09:44:26","guid":{"rendered":"https:\/\/midatek.com\/?page_id=9794"},"modified":"2025-04-22T03:23:40","modified_gmt":"2025-04-22T03:23:40","slug":"chinh-sach-kiem-hang","status":"publish","type":"page","link":"https:\/\/www.midamec.com\/vi\/chinh-sach-kiem-hang\/","title":{"rendered":"Ch\u00ednh s\u00e1ch ki\u1ec3m h\u00e0ng"},"content":{"rendered":"<div><em><strong>1. \u0110\u1ecbnh ngh\u0129a:<\/strong><\/em><\/div>\n<div><\/div>\n<div>Ki\u1ec3m h\u00e0ng l\u00e0 th\u1ef1c hi\u1ec7n c\u00e1c c\u00f4ng vi\u1ec7c ki\u1ec3m tra v\u00e0 so s\u00e1nh c\u00e1c s\u1ea3n ph\u1ea9m\/h\u00e0ng h\u00f3a nh\u1eadn \u0111\u01b0\u1ee3c trong ki\u1ec7n h\u00e0ng <strong>MidaMec<\/strong>\u00a0g\u1eedi v\u1edbi c\u00e1c s\u1ea3n ph\u1ea9m trong \u0111\u01a1n h\u00e0ng Kh\u00e1ch y\u00eau c\u1ea7u.<\/div>\n<div><\/div>\n<div><em><strong>2. Qui \u0111\u1ecbnh:<\/strong><\/em><\/div>\n<div><\/div>\n<div><em>a) Th\u1eddi \u0111i\u1ec3m ki\u1ec3m h\u00e0ng:<\/em><\/div>\n<div><\/div>\n<div><strong>MidaMec<\/strong>\u00a0ch\u1ea5p nh\u1eadn cho Kh\u00e1ch h\u00e0ng \u0111\u1ed3ng ki\u1ec3m v\u1edbi Nh\u00e2n vi\u00ean giao h\u00e0ng t\u1ea1i th\u1eddi \u0111i\u1ec3m nh\u1eadn h\u00e0ng. Kh\u00f4ng h\u1ed7 tr\u1ee3 th\u1eed h\u00e0ng t\u1ea1i th\u1eddi \u0111i\u1ec3m giao nh\u1eadn.<\/div>\n<div>Sau khi nh\u1eadn h\u00e0ng, Kh\u00e1ch h\u00e0ng ki\u1ec3m l\u1ea1i ph\u00e1t hi\u1ec7n sai, c\u00f3 th\u1ec3 li\u00ean l\u1ea1c t\u1edbi s\u1ed1 hotline <strong>0849244789<\/strong> \u0111\u1ec3 \u0111\u01b0\u1ee3c h\u1ed7 tr\u1ee3 \u0111\u1ed5i tr\u1ea3. L\u01b0u \u00fd, Q\u00fay kh\u00e1ch quay video l\u00fac m\u1edf th\u00f9ng h\u00e0ng \u0111\u1ec3 \u0111\u1ed1i chi\u1ebfu khi c\u1ea7n thi\u1ebft.<\/div>\n<div><\/div>\n<div><em>b) Ph\u1ea1m vi ki\u1ec3m tra h\u00e0ng h\u00f3a:<\/em><\/div>\n<div><\/div>\n<div>Kh\u00e1ch h\u00e0ng \u0111\u01b0\u1ee3c ki\u1ec3m tra c\u00e1c s\u1ea3n ph\u1ea9m th\u1ef1c nh\u1eadn, \u0111\u1ed1i chi\u1ebfu, so s\u00e1nh c\u00e1c s\u1ea3n ph\u1ea9m nh\u1eadn \u0111\u01b0\u1ee3c v\u1edbi s\u1ea3n ph\u1ea9m \u0111\u00e3 \u0111\u1eb7t tr\u00ean \u0111\u01a1n sau khi <strong>MidaMec<\/strong>\u00a0x\u00e1c nh\u1eadn \u0111\u01a1n h\u00e0ng theo c\u00e1c ti\u00eau ch\u00ed: \u1ea3nh m\u1eabu, k\u00edch th\u01b0\u1edbc, m\u00e0u s\u1eafc, m\u00e3 s\u1ea3n ph\u1ea9m, ch\u1ea5t li\u1ec7u, &#8230;<\/div>\n<div><\/div>\n<div><em>c) C\u00e1c b\u01b0\u1edbc x\u1eed l\u00fd khi h\u00e0ng h\u00f3a nh\u1eadn \u0111\u01b0\u1ee3c kh\u00f4ng gi\u1ed1ng v\u1edbi \u0111\u01a1n \u0111\u1eb7t h\u00e0ng:<\/em><\/div>\n<div><\/div>\n<div>Khi Q\u00fay kh\u00e1ch \u0111\u1ed3ng ki\u1ec3m, s\u1ea3n ph\u1ea9m nh\u1eadn \u0111\u01b0\u1ee3c kh\u00f4ng nh\u01b0 s\u1ea3n ph\u1ea9m Kh\u00e1ch \u0111\u1eb7t tr\u00ean \u0111\u01a1n. Xin h\u00e3y li\u00ean l\u1ec7 v\u1edbi s\u1ed1 hotline <strong>0849244789<\/strong> ho\u1eb7c email<em><strong> info@midamec.com<\/strong><\/em> \u0111\u1ec3 g\u1eb7p b\u1ed9 ph\u1eadn ch\u0103m s\u00f3c kh\u00e1ch h\u00e0ng x\u00e1c nh\u1eadn l\u1ea1i \u0111\u01a1n h\u00e0ng.<\/div>\n<div><\/div>\n<div>Tr\u01b0\u1eddng h\u1ee3p <strong>MidaMec<\/strong>\u00a0\u0111\u00f3ng sai \u0111\u01a1n h\u00e0ng theo y\u00eau c\u1ea7u c\u1ee7a Kh\u00e1ch, Q\u00fay kh\u00e1ch c\u00f3 th\u1ec3 kh\u00f4ng nh\u1eadn h\u00e0ng, kh\u00f4ng thanh to\u00e1n. Tr\u01b0\u1eddng h\u1ee3p \u0111\u01a1n h\u00e0ng \u0111\u00e3 thanh to\u00e1n, Q\u00fay kh\u00e1ch c\u00f3 th\u1ec3 y\u00eau c\u1ea7u g\u1eedi l\u1ea1i \u0111\u01a1n m\u1edbi ho\u1eb7c kh\u00f4ng. <strong>MidaMec <\/strong>s\u1ebd ho\u00e0n l\u1ea1i ti\u1ec1n cho Q\u00fay kh\u00e1ch trong th\u1eddi gian 10 ng\u00e0y l\u00e0m vi\u1ec7c k\u1ec3 t\u1eeb ng\u00e0y x\u00e1c nh\u1eadn.<\/div>\n<div><\/div>\n<div>Tr\u01b0\u1eddng h\u1ee3p <strong>MidaMec <\/strong>\u0111\u00f3ng \u0111\u00fang theo \u0111\u01a1n h\u00e0ng nh\u01b0ng Kh\u00e1ch h\u00e0ng thay \u0111\u1ed5i nhu c\u1ea7u, Q\u00fay kh\u00e1ch c\u00f3 th\u1ec3 y\u00eau c\u1ea7u \u0111\u1ed5i tr\u1ea3 v\u00e0 \u00e1p d\u1ee5ng ch\u00ednh s\u00e1ch \u0111\u1ed5i tr\u1ea3 h\u00e0ng h\u00f3a. Tr\u01b0\u1eddng h\u1ee3p n\u00e0y Kh\u00e1ch h\u00e0ng s\u1ebd thanh to\u00e1n chi ph\u00ed giao h\u00e0ng (n\u1ebfu c\u00f3).<\/div>\n<div><\/div>\n<div><em>d) C\u00e1c k\u00eanh ti\u1ebfp nh\u1eadn khi\u1ebfu n\u1ea1i c\u1ee7a Kh\u00e1ch h\u00e0ng:<\/em><\/div>\n<div><\/div>\n<div>Kh\u00e1ch h\u00e0ng c\u00f3 th\u1ec3 g\u1ecdi \u0111i\u1ec7n \u0111\u1ebfn s\u1ed1 hotline <strong>0849244789<\/strong> ho\u1eb7c email <em><strong>info@midamec.com<\/strong><\/em> \u0111\u1ec3 \u0111i\u1ec1u ch\u1ec9nh ho\u1eb7c x\u00f3a d\u1eef li\u1ec7u c\u00e1 nh\u00e2n c\u1ee7a m\u00ecnh.<\/div>\n<div><\/div>\n","protected":false},"excerpt":{"rendered":"<p>1. \u0110\u1ecbnh ngh\u0129a: Ki\u1ec3m h\u00e0ng l\u00e0 th\u1ef1c hi\u1ec7n c\u00e1c c\u00f4ng vi\u1ec7c ki\u1ec3m tra v\u00e0 so s\u00e1nh c\u00e1c s\u1ea3n ph\u1ea9m\/h\u00e0ng h\u00f3a nh\u1eadn \u0111\u01b0\u1ee3c trong ki\u1ec7n h\u00e0ng MidaMec\u00a0g\u1eedi v\u1edbi c\u00e1c s\u1ea3n ph\u1ea9m trong \u0111\u01a1n h\u00e0ng Kh\u00e1ch y\u00eau c\u1ea7u. 2. Qui \u0111\u1ecbnh: a) Th\u1eddi \u0111i\u1ec3m ki\u1ec3m h\u00e0ng: MidaMec\u00a0ch\u1ea5p nh\u1eadn cho Kh\u00e1ch h\u00e0ng \u0111\u1ed3ng ki\u1ec3m v\u1edbi Nh\u00e2n vi\u00ean giao [&#8230;]\n","protected":false},"author":2,"featured_media":0,"parent":0,"menu_order":0,"comment_status":"closed","ping_status":"closed","template":"","meta":{"footnotes":""},"_links":{"self":[{"href":"https:\/\/www.midamec.com\/vi\/wp-json\/wp\/v2\/pages\/9794"}],"collection":[{"href":"https:\/\/www.midamec.com\/vi\/wp-json\/wp\/v2\/pages"}],"about":[{"href":"https:\/\/www.midamec.com\/vi\/wp-json\/wp\/v2\/types\/page"}],"author":[{"embeddable":true,"href":"https:\/\/www.midamec.com\/vi\/wp-json\/wp\/v2\/users\/2"}],"replies":[{"embeddable":true,"href":"https:\/\/www.midamec.com\/vi\/wp-json\/wp\/v2\/comments?post=9794"}],"version-history":[{"count":0,"href":"https:\/\/www.midamec.com\/vi\/wp-json\/wp\/v2\/pages\/9794\/revisions"}],"wp:attachment":[{"href":"https:\/\/www.midamec.com\/vi\/wp-json\/wp\/v2\/media?parent=9794"}],"curies":[{"name":"wp","href":"https:\/\/api.w.org\/{rel}","templated":true}]}}