{"id":618,"date":"2021-08-26T09:00:47","date_gmt":"2021-08-26T09:00:47","guid":{"rendered":"https:\/\/el3.thembaydev.com\/greenmart_fresh\/?page_id=618"},"modified":"2024-01-10T09:35:59","modified_gmt":"2024-01-10T09:35:59","slug":"faq","status":"publish","type":"page","link":"https:\/\/www.midamec.com\/vi\/faq\/","title":{"rendered":"FAQ"},"content":{"rendered":"<style>\/*! elementor - v3.6.1 - 23-03-2022 *\/\n.elementor-accordion{text-align:left}.elementor-accordion .elementor-accordion-item{border:1px solid #d4d4d4}.elementor-accordion .elementor-accordion-item+.elementor-accordion-item{border-top:none}.elementor-accordion .elementor-tab-title{margin:0;padding:15px 20px;font-weight:700;line-height:1;cursor:pointer;outline:none}.elementor-accordion .elementor-tab-title .elementor-accordion-icon{display:inline-block;width:1.5em}.elementor-accordion .elementor-tab-title .elementor-accordion-icon svg{width:1em;height:1em}.elementor-accordion .elementor-tab-title .elementor-accordion-icon.elementor-accordion-icon-right{float:right;text-align:right}.elementor-accordion .elementor-tab-title .elementor-accordion-icon.elementor-accordion-icon-left{float:left;text-align:left}.elementor-accordion .elementor-tab-title .elementor-accordion-icon .elementor-accordion-icon-closed{display:block}.elementor-accordion .elementor-tab-title .elementor-accordion-icon .elementor-accordion-icon-opened,.elementor-accordion .elementor-tab-title.elementor-active .elementor-accordion-icon-closed{display:none}.elementor-accordion .elementor-tab-title.elementor-active .elementor-accordion-icon-opened{display:block}.elementor-accordion .elementor-tab-content{display:none;padding:15px 20px;border-top:1px solid #d4d4d4}@media (max-width:767px){.elementor-accordion .elementor-tab-title{padding:12px 15px}.elementor-accordion .elementor-tab-title .elementor-accordion-icon{width:1.2em}.elementor-accordion .elementor-tab-content{padding:7px 15px}}<\/style>\n<p>\t\t\t\t\t\t\t\t\t\t\t\t<a href=\"\">S\u1ea3n ph\u1ea9m c\u00f3 ch\u1ea5t l\u01b0\u1ee3ng kh\u00f4ng?<\/a><\/p>\n<p>S\u1ea3n ph\u1ea9m r\u1ea5t t\u1ed1t cho s\u1ee9c kh\u1ecfe v\u00e0 b\u1ea3o v\u1ec7 m\u00f4i tr\u01b0\u1eddng.<\/p>\n<p>\t\t\t\t\t\t\t\t\t\t\t\t<a href=\"\">Ngu\u1ed3n g\u1ed1c s\u1ea3n ph\u1ea9m c\u00f3 r\u00f5 r\u00e0ng?<\/a><\/p>\n<p>M\u1ed7i s\u1ea3n ph\u1ea9m \u0111\u1ec1u c\u00f3 gi\u1ea5y ch\u1ee9ng nh\u1eadn xu\u1ea5t x\u1ee9 r\u00f5 r\u00e0ng, minh b\u1ea1ch.<\/p>\n<p>\t\t\t\t\t\t\t\t\t\t\t\t<a href=\"\">C\u00f3 v\u1eadn chuy\u1ec3n \u0111\u01b0\u1eddng xa hay kh\u00f4ng?<\/a><\/p>\n<p>Hi\u1ec7n t\u1ea1i ch\u00fang t\u00f4i ch\u1ec9 giao h\u00e0ng trong n\u1ed9i th\u00e0nh TP. HCM v\u00e0 ngo\u1ea1i th\u00e0nh b\u00e1n k\u00ednh 5km.<\/p>\n<p>B\u1ea1n v\u1eabn c\u00f2n th\u1eafc m\u1eafc? <a href=\"\/lien-he\/\">Li\u00ean h\u1ec7 ngay ch\u00fang t\u00f4i<\/a><\/p>\n","protected":false},"excerpt":{"rendered":"<p>S\u1ea3n ph\u1ea9m c\u00f3 ch\u1ea5t l\u01b0\u1ee3ng kh\u00f4ng? S\u1ea3n ph\u1ea9m r\u1ea5t t\u1ed1t cho s\u1ee9c kh\u1ecfe v\u00e0 b\u1ea3o v\u1ec7 m\u00f4i tr\u01b0\u1eddng. Ngu\u1ed3n g\u1ed1c s\u1ea3n ph\u1ea9m c\u00f3 r\u00f5 r\u00e0ng? M\u1ed7i s\u1ea3n ph\u1ea9m \u0111\u1ec1u c\u00f3 gi\u1ea5y ch\u1ee9ng nh\u1eadn xu\u1ea5t x\u1ee9 r\u00f5 r\u00e0ng, minh b\u1ea1ch. C\u00f3 v\u1eadn chuy\u1ec3n \u0111\u01b0\u1eddng xa hay kh\u00f4ng? Hi\u1ec7n t\u1ea1i ch\u00fang t\u00f4i ch\u1ec9 giao h\u00e0ng trong n\u1ed9i [&#8230;]\n","protected":false},"author":2,"featured_media":0,"parent":0,"menu_order":0,"comment_status":"closed","ping_status":"closed","template":"","meta":{"footnotes":""},"_links":{"self":[{"href":"https:\/\/www.midamec.com\/vi\/wp-json\/wp\/v2\/pages\/618"}],"collection":[{"href":"https:\/\/www.midamec.com\/vi\/wp-json\/wp\/v2\/pages"}],"about":[{"href":"https:\/\/www.midamec.com\/vi\/wp-json\/wp\/v2\/types\/page"}],"author":[{"embeddable":true,"href":"https:\/\/www.midamec.com\/vi\/wp-json\/wp\/v2\/users\/2"}],"replies":[{"embeddable":true,"href":"https:\/\/www.midamec.com\/vi\/wp-json\/wp\/v2\/comments?post=618"}],"version-history":[{"count":0,"href":"https:\/\/www.midamec.com\/vi\/wp-json\/wp\/v2\/pages\/618\/revisions"}],"wp:attachment":[{"href":"https:\/\/www.midamec.com\/vi\/wp-json\/wp\/v2\/media?parent=618"}],"curies":[{"name":"wp","href":"https:\/\/api.w.org\/{rel}","templated":true}]}}