{"id":610,"date":"2021-08-26T09:00:12","date_gmt":"2021-08-26T09:00:12","guid":{"rendered":"https:\/\/el3.thembaydev.com\/greenmart_fresh\/?page_id=610"},"modified":"2025-03-19T14:52:41","modified_gmt":"2025-03-19T14:52:41","slug":"gioi-thieu","status":"publish","type":"page","link":"https:\/\/www.midamec.com\/vi\/gioi-thieu\/","title":{"rendered":"Gi\u1edbi thi\u1ec7u"},"content":{"rendered":"<div class=\"row\"  id=\"row-420542432\">\n\n\t<div id=\"col-1255308737\" class=\"col small-12 large-12\"  >\n\t\t\t\t<div class=\"col-inner\"  >\n\t\t\t\n\t\t\t\n\t<div id=\"text-908026916\" class=\"text\">\n\t\t\n<h1>T\u1ea1i sao ch\u1ecdn <strong><span style=\"color: #ed1c24;\">MIDA<\/span><span style=\"color: #17479e;\">Mec?<\/span><\/strong><\/h1>\n\t\t\n<style>\n#text-908026916 {\n  font-size: 1.75rem;\n  text-align: center;\n}\n<\/style>\n\t<\/div>\n\t\n\t\t<\/div>\n\t\t\t\t\t<\/div>\n\n\t\n\n\t<div id=\"col-1649574951\" class=\"col medium-6 small-12 large-6\"  >\n\t\t\t\t<div class=\"col-inner\"  >\n\t\t\t\n\t\t\t\n\t<div id=\"text-875566177\" class=\"text fix-text\">\n\t\t\n<p><span style=\"color: #17479e;\"><strong><span style=\"color: #ed1c24;\">MIDA<\/span>Mec \u2013 c\u00f3 ti\u1ec1n th\u00e2n l\u00e0 C\u00d4NG TY C\u1ed4 PH\u1ea6N KHU\u00d4N M\u1eaaU CH\u00cdNH X\u00c1C MINH \u0110\u1ea0T, th\u00e0nh l\u1eadp n\u0103m 2005.<\/strong><\/span><\/p>\n<p><span style=\"color: #17479e;\"><strong><span style=\"color: #ed1c24;\">MIDA<\/span>Mec \u2013 Nh\u00e0 s\u1ea3n xu\u1ea5t s\u1ea3n ph\u1ea9m nh\u1ef1a y t\u1ebf ti\u00eau hao h\u00e0ng \u0111\u1ea7u cho ph\u00f2ng th\u00ed nghi\u1ec7m v\u00e0 ng\u00e0nh y h\u1ecdc ch\u00ednh x\u00e1c t\u1ea1i Vi\u1ec7t Nam.<\/strong><\/span><\/p>\n<p><span style=\"color: #17479e;\">C\u00e1c s\u1ea3n ph\u1ea9m c\u1ee7a <strong><span style=\"color: #ed1c24;\">MIDA<\/span>Mec <\/strong> \u0111\u01b0\u1ee3c s\u1ea3n xu\u1ea5t b\u1edfi \u0111\u1ed9i ng\u0169 chuy\u00ean gia v\u1edbi h\u01a1n 15 n\u0103m kinh nghi\u1ec7m. <\/span><\/p>\n<p><span style=\"color: #17479e;\"><strong>Nh\u00e0 x\u01b0\u1edfng m\u1edbi \u0111\u01b0\u1ee3c m\u1edf r\u1ed9ng trong n\u0103m 2022 n\u00e2ng di\u1ec7n t\u00edch nh\u00e0 m\u00e1y l\u00ean \u0111\u1ebfn 45.000m2.<\/strong><\/span><\/p>\n<p><span style=\"color: #17479e;\">C\u00e1c s\u1ea3n ph\u1ea9m c\u1ee7a<strong><span style=\"color: #ed1c24;\">MIDA<\/span>Mec <\/strong>\u0111\u01b0\u1ee3c s\u1ea3n xu\u1ea5t b\u1eb1ng c\u00f4ng ngh\u1ec7 hi\u1ec7n \u0111\u1ea1i c\u1ee7a Nh\u1eadt B\u1ea3n, Th\u1ee5y S\u0129 &#038; \u0110\u1ee9c.<\/span><\/p>\n<p><span style=\"color: #17479e;\">C\u00e1c s\u1ea3n ph\u1ea9m c\u1ee7a<strong><span style=\"color: #ed1c24;\">MIDA<\/span>Mec <\/strong>\u0111\u01b0\u1ee3c s\u1ea3n xu\u1ea5t trong \u0111i\u1ec1u ki\u1ec7n ph\u00f2ng s\u1ea1ch \u0111\u1ea1t ti\u00eau chu\u1ea9n ISO class \u2013 5.<\/span><\/p>\n\t\t\t<\/div>\n\t\n\t\t<\/div>\n\t\t\t\t\n<style>\n#col-1649574951 > .col-inner {\n  padding: 0px 0px 0px 0px;\n}\n@media (min-width:550px) {\n  #col-1649574951 > .col-inner {\n    padding: 0px 15px 0px 0px;\n  }\n}\n<\/style>\n\t<\/div>\n\n\t\n\n\t<div id=\"col-719297665\" class=\"col medium-6 small-12 large-6\"  >\n\t\t\t\t<div class=\"col-inner\"  >\n\t\t\t\n\t\t\t\n<div class=\"video video-fit mb\" style=\"padding-top:56.25%;\"><p><iframe title=\"MIDA PRECISION MOLD CORP OFFICIAL INTRODUCTION\" width=\"1020\" height=\"574\" src=\"https:\/\/www.youtube.com\/embed\/vPOuiz6vLfU?feature=oembed\" frameborder=\"0\" allow=\"accelerometer; autoplay; clipboard-write; encrypted-media; gyroscope; picture-in-picture; web-share\" referrerpolicy=\"strict-origin-when-cross-origin\" allowfullscreen><\/iframe><\/p>\n<\/div>\n\t\t<\/div>\n\t\t\t\t\t<\/div>\n\n\t\n\n\t<div id=\"col-1969282585\" class=\"col medium-6 small-12 large-6\"  >\n\t\t\t\t<div class=\"col-inner\"  >\n\t\t\t\n\t\t\t\n\t<div class=\"img has-hover x md-x lg-x y md-y lg-y\" id=\"image_1092319017\">\n\t\t\t\t\t\t\t\t<div class=\"img-inner dark\" >\n\t\t\t<img decoding=\"async\" width=\"647\" height=\"374\" src=\"https:\/\/www.midamec.com\/wp-content\/uploads\/2024\/09\/Clean-room-1-647x374.jpg\" class=\"attachment-large size-large\" alt=\"\" srcset=\"https:\/\/www.midamec.com\/wp-content\/uploads\/2024\/09\/Clean-room-1-647x374.jpg 647w, https:\/\/www.midamec.com\/wp-content\/uploads\/2024\/09\/Clean-room-1-510x295.jpg 510w, https:\/\/www.midamec.com\/wp-content\/uploads\/2024\/09\/Clean-room-1-486x281.jpg 486w, https:\/\/www.midamec.com\/wp-content\/uploads\/2024\/09\/Clean-room-1-768x444.jpg 768w, https:\/\/www.midamec.com\/wp-content\/uploads\/2024\/09\/Clean-room-1.jpg 1022w\" sizes=\"(max-width: 647px) 100vw, 647px\" title=\"\">\t\t\t\t\t\t\n\t\t\t\t\t<\/div>\n\t\t\t\t\t\t\t\t\n<style>\n#image_1092319017 {\n  width: 100%;\n}\n<\/style>\n\t<\/div>\n\t\n\t\t<\/div>\n\t\t\t\t\t<\/div>\n\n\t\n\n\t<div id=\"col-1327153147\" class=\"col medium-6 small-12 large-6\"  >\n\t\t\t\t<div class=\"col-inner\"  >\n\t\t\t\n\t\t\t\n\t<div class=\"img has-hover x md-x lg-x y md-y lg-y\" id=\"image_1333575384\">\n\t\t\t\t\t\t\t\t<div class=\"img-inner dark\" >\n\t\t\t<img decoding=\"async\" width=\"647\" height=\"374\" src=\"https:\/\/www.midamec.com\/wp-content\/uploads\/2024\/09\/Clean-room-2-647x374.jpg\" class=\"attachment-large size-large\" alt=\"\" srcset=\"https:\/\/www.midamec.com\/wp-content\/uploads\/2024\/09\/Clean-room-2-647x374.jpg 647w, https:\/\/www.midamec.com\/wp-content\/uploads\/2024\/09\/Clean-room-2-510x295.jpg 510w, https:\/\/www.midamec.com\/wp-content\/uploads\/2024\/09\/Clean-room-2-486x281.jpg 486w, https:\/\/www.midamec.com\/wp-content\/uploads\/2024\/09\/Clean-room-2-768x444.jpg 768w, https:\/\/www.midamec.com\/wp-content\/uploads\/2024\/09\/Clean-room-2.jpg 1022w\" sizes=\"(max-width: 647px) 100vw, 647px\" title=\"\">\t\t\t\t\t\t\n\t\t\t\t\t<\/div>\n\t\t\t\t\t\t\t\t\n<style>\n#image_1333575384 {\n  width: 100%;\n}\n<\/style>\n\t<\/div>\n\t\n\t\t<\/div>\n\t\t\t\t\t<\/div>\n\n\t\n<\/div>\n<div class=\"row\"  id=\"row-1817499045\">\n\n\t<div id=\"col-886545131\" class=\"col medium-4 small-12 large-4\"  >\n\t\t\t\t<div class=\"col-inner\"  >\n\t\t\t\n\t\t\t\n<h2><span style=\"color: #ed1c24;\">CH\u00cdNH S\u00c1CH CH\u1ea4T L\u01af\u1ee2NG<\/span><\/h2>\n<p>\u0110\u1ec3 \u0111\u1ea3m b\u1ea3o ch\u1ea5t l\u01b0\u1ee3ng t\u1ed1t v\u00e0 \u1ed5n \u0111\u1ecbnh cho c\u00e1c s\u1ea3n ph\u1ea9m MidaMec, c\u00e1c h\u1ec7 th\u1ed1ng ISO 9001, ISO 45001, ISO 14001, ISO 26000 \u0111\u00e3 \u0111\u01b0\u1ee3c tri\u1ec3n khai v\u00e0 duy tr\u00ec nghi\u00eam ng\u1eb7t th\u00f4ng qua to\u00e0n b\u1ed9 t\u1ed5 ch\u1ee9c c\u1ee7a ch\u00fang t\u00f4i. M\u00f4i tr\u01b0\u1eddng s\u1ea3n xu\u1ea5t c\u1ee7a ch\u00fang t\u00f4i c\u0169ng \u0111\u01b0\u1ee3c qu\u1ea3n l\u00fd theo c\u00e1c ti\u00eau chu\u1ea9n c\u1ee7a FDA, ISO 13485 v\u00e0 ti\u00eau chu\u1ea9n ph\u00f2ng s\u1ea1ch ISO class-5.<\/p>\n\t\t<\/div>\n\t\t\t\t\t<\/div>\n\n\t\n\n\t<div id=\"col-1379368518\" class=\"col medium-8 small-12 large-8\"  >\n\t\t\t\t<div class=\"col-inner text-center\"  >\n\t\t\t\n\t\t\t\n\t<div class=\"img has-hover x md-x lg-x y md-y lg-y\" id=\"image_366153363\">\n\t\t\t\t\t\t\t\t<div class=\"img-inner dark\" >\n\t\t\t<img decoding=\"async\" width=\"720\" height=\"342\" src=\"https:\/\/www.midamec.com\/wp-content\/uploads\/2024\/10\/Total-certification-720x342.png\" class=\"attachment-large size-large\" alt=\"\" srcset=\"https:\/\/www.midamec.com\/wp-content\/uploads\/2024\/10\/Total-certification-720x342.png 720w, https:\/\/www.midamec.com\/wp-content\/uploads\/2024\/10\/Total-certification-510x242.png 510w, https:\/\/www.midamec.com\/wp-content\/uploads\/2024\/10\/Total-certification-540x256.png 540w, https:\/\/www.midamec.com\/wp-content\/uploads\/2024\/10\/Total-certification-768x364.png 768w, https:\/\/www.midamec.com\/wp-content\/uploads\/2024\/10\/Total-certification.png 1035w\" sizes=\"(max-width: 720px) 100vw, 720px\" title=\"\">\t\t\t\t\t\t\n\t\t\t\t\t<\/div>\n\t\t\t\t\t\t\t\t\n<style>\n#image_366153363 {\n  width: 100%;\n}\n@media (min-width:550px) {\n  #image_366153363 {\n    width: 74%;\n  }\n}\n<\/style>\n\t<\/div>\n\t\n\t\t<\/div>\n\t\t\t\t\t<\/div>\n\n\t\n<\/div>\n<div class=\"row\"  id=\"row-1512880001\">\n\n\t<div id=\"col-1675238174\" class=\"col medium-4 small-12 large-4\"  >\n\t\t\t\t<div class=\"col-inner\"  >\n\t\t\t\n\t\t\t\n<h2><span style=\"color: #ed1c24;\">T\u1ea6M NH\u00ccN<\/span><\/h2>\n\t\t<\/div>\n\t\t\t\t\n<style>\n#col-1675238174 > .col-inner {\n  margin: 0px 0px -30px 0px;\n}\n<\/style>\n\t<\/div>\n\n\t\n\n\t<div id=\"col-498477136\" class=\"col medium-8 small-12 large-8\"  >\n\t\t\t\t<div class=\"col-inner\"  >\n\t\t\t\n\t\t\t\n\t<div id=\"text-2491675275\" class=\"text\">\n\t\t\n<p class=\"subtitle\"><b><span style=\"color: #ed1c24;\">MIDA<\/span><span style=\"color: #17479e;\">Mec<\/span><\/b> tr\u1edf th\u00e0nh th\u01b0\u01a1ng hi\u1ec7u \u0111\u01b0\u1ee3c tin c\u1eady nh\u1ea5t cho m\u1ecdi ph\u00f2ng th\u00ed nghi\u1ec7m v\u00e0 ng\u00e0nh y t\u1ebf t\u1ea1i Vi\u1ec7t Nam v\u00e0 ch\u00e2u \u00c1.<\/p>\n\t\t\n<style>\n#text-2491675275 {\n  text-align: center;\n}\n<\/style>\n\t<\/div>\n\t\n\t\t<\/div>\n\t\t\t\t\t<\/div>\n\n\t\n<\/div>\n<div class=\"row\"  id=\"row-1597452937\">\n\n\t<div id=\"col-614296262\" class=\"col small-12 large-12\"  >\n\t\t\t\t<div class=\"col-inner\"  >\n\t\t\t\n\t\t\t\n<h2><span style=\"color: #ed1c24;\">CH\u00cdNH S\u00c1CH DOANH NGHI\u1ec6P<\/span><\/h2>\n\t\t<\/div>\n\t\t\t\t\t<\/div>\n\n\t\n\n\t<div id=\"col-436012122\" class=\"col medium-3 small-12 large-3\"  >\n\t\t\t\t<div class=\"col-inner\"  >\n\t\t\t\n\t\t\t\n\n\t\t<div class=\"icon-box featured-box icon-box-center text-center\"  >\n\t\t\t\t\t<div class=\"icon-box-img\" style=\"width: 65px\">\n\t\t\t\t<div class=\"icon\">\n\t\t\t\t\t<div class=\"icon-inner\" >\n\t\t\t\t\t\t<img decoding=\"async\" width=\"1\" height=\"1\" src=\"https:\/\/www.midamec.com\/wp-content\/uploads\/2025\/03\/user-svgrepo-com-1.svg\" class=\"attachment-medium size-medium\" alt=\"\" title=\"\">\t\t\t\t\t<\/div>\n\t\t\t\t<\/div>\n\t\t\t<\/div>\n\t\t\t\t<div class=\"icon-box-text last-reset\">\n\t\t\t\t\t\t\t\t\t\n\t<div id=\"text-2109860832\" class=\"text\">\n\t\t\n<h3>Chuy\u00ean nghi\u1ec7p<\/h3>\n\t\t\n<style>\n#text-2109860832 {\n  font-size: 1.2rem;\n  color: rgb(33, 43, 54);\n}\n#text-2109860832 > * {\n  color: rgb(33, 43, 54);\n}\n<\/style>\n\t<\/div>\n\t\n\t\t<\/div>\n\t<\/div>\n\t\n\t\n\t\t<\/div>\n\t\t\t\t\t<\/div>\n\n\t\n\n\t<div id=\"col-731855392\" class=\"col medium-3 small-12 large-3\"  >\n\t\t\t\t<div class=\"col-inner\"  >\n\t\t\t\n\t\t\t\n\n\t\t<div class=\"icon-box featured-box icon-box-center text-center\"  >\n\t\t\t\t\t<div class=\"icon-box-img\" style=\"width: 65px\">\n\t\t\t\t<div class=\"icon\">\n\t\t\t\t\t<div class=\"icon-inner\" >\n\t\t\t\t\t\t<img decoding=\"async\" width=\"1\" height=\"1\" src=\"https:\/\/www.midamec.com\/wp-content\/uploads\/2025\/03\/gem-alt-svgrepo-com.svg\" class=\"attachment-medium size-medium\" alt=\"\" title=\"\">\t\t\t\t\t<\/div>\n\t\t\t\t<\/div>\n\t\t\t<\/div>\n\t\t\t\t<div class=\"icon-box-text last-reset\">\n\t\t\t\t\t\t\t\t\t\n\t<div id=\"text-2013012475\" class=\"text\">\n\t\t\n<h3>D\u1ecbch v\u1ee5 nhanh ch\u00f3ng<\/h3>\n\t\t\n<style>\n#text-2013012475 {\n  font-size: 1.2rem;\n  color: rgb(33, 43, 54);\n}\n#text-2013012475 > * {\n  color: rgb(33, 43, 54);\n}\n<\/style>\n\t<\/div>\n\t\n\t\t<\/div>\n\t<\/div>\n\t\n\t\n\t\t<\/div>\n\t\t\t\t\t<\/div>\n\n\t\n\n\t<div id=\"col-1613163794\" class=\"col medium-3 small-12 large-3\"  >\n\t\t\t\t<div class=\"col-inner\"  >\n\t\t\t\n\t\t\t\n\n\t\t<div class=\"icon-box featured-box icon-box-center text-center\"  >\n\t\t\t\t\t<div class=\"icon-box-img\" style=\"width: 65px\">\n\t\t\t\t<div class=\"icon\">\n\t\t\t\t\t<div class=\"icon-inner\" >\n\t\t\t\t\t\t<img decoding=\"async\" width=\"1\" height=\"1\" src=\"https:\/\/www.midamec.com\/wp-content\/uploads\/2025\/03\/check-svgrepo-com-1.svg\" class=\"attachment-medium size-medium\" alt=\"\" title=\"\">\t\t\t\t\t<\/div>\n\t\t\t\t<\/div>\n\t\t\t<\/div>\n\t\t\t\t<div class=\"icon-box-text last-reset\">\n\t\t\t\t\t\t\t\t\t\n\t<div id=\"text-1546123343\" class=\"text\">\n\t\t\n<h3>Ch\u1ea5t l\u01b0\u1ee3ng tin c\u1eady<\/h3>\n\t\t\n<style>\n#text-1546123343 {\n  font-size: 1.2rem;\n  color: rgb(33, 43, 54);\n}\n#text-1546123343 > * {\n  color: rgb(33, 43, 54);\n}\n<\/style>\n\t<\/div>\n\t\n\t\t<\/div>\n\t<\/div>\n\t\n\t\n\t\t<\/div>\n\t\t\t\t\t<\/div>\n\n\t\n\n\t<div id=\"col-1843086999\" class=\"col medium-3 small-12 large-3\"  >\n\t\t\t\t<div class=\"col-inner\"  >\n\t\t\t\n\t\t\t\n\n\t\t<div class=\"icon-box featured-box icon-box-center text-center\"  >\n\t\t\t\t\t<div class=\"icon-box-img\" style=\"width: 65px\">\n\t\t\t\t<div class=\"icon\">\n\t\t\t\t\t<div class=\"icon-inner\" >\n\t\t\t\t\t\t<img decoding=\"async\" width=\"1\" height=\"1\" src=\"https:\/\/www.midamec.com\/wp-content\/uploads\/2025\/03\/dollar-sign-svgrepo-com.svg\" class=\"attachment-medium size-medium\" alt=\"\" title=\"\">\t\t\t\t\t<\/div>\n\t\t\t\t<\/div>\n\t\t\t<\/div>\n\t\t\t\t<div class=\"icon-box-text last-reset\">\n\t\t\t\t\t\t\t\t\t\n\t<div id=\"text-2143821503\" class=\"text\">\n\t\t\n<h3>Gi\u00e1 c\u1ea3 c\u1ea1nh tranh<\/h3>\n\t\t\n<style>\n#text-2143821503 {\n  font-size: 1.2rem;\n  color: rgb(33, 43, 54);\n}\n#text-2143821503 > * {\n  color: rgb(33, 43, 54);\n}\n<\/style>\n\t<\/div>\n\t\n\t\t<\/div>\n\t<\/div>\n\t\n\t\n\t\t<\/div>\n\t\t\t\t\t<\/div>\n\n\t\n<\/div>\n","protected":false},"excerpt":{"rendered":"","protected":false},"author":2,"featured_media":0,"parent":0,"menu_order":0,"comment_status":"closed","ping_status":"closed","template":"","meta":{"footnotes":""},"_links":{"self":[{"href":"https:\/\/www.midamec.com\/vi\/wp-json\/wp\/v2\/pages\/610"}],"collection":[{"href":"https:\/\/www.midamec.com\/vi\/wp-json\/wp\/v2\/pages"}],"about":[{"href":"https:\/\/www.midamec.com\/vi\/wp-json\/wp\/v2\/types\/page"}],"author":[{"embeddable":true,"href":"https:\/\/www.midamec.com\/vi\/wp-json\/wp\/v2\/users\/2"}],"replies":[{"embeddable":true,"href":"https:\/\/www.midamec.com\/vi\/wp-json\/wp\/v2\/comments?post=610"}],"version-history":[{"count":0,"href":"https:\/\/www.midamec.com\/vi\/wp-json\/wp\/v2\/pages\/610\/revisions"}],"wp:attachment":[{"href":"https:\/\/www.midamec.com\/vi\/wp-json\/wp\/v2\/media?parent=610"}],"curies":[{"name":"wp","href":"https:\/\/api.w.org\/{rel}","templated":true}]}}