{"id":4584,"date":"2022-04-13T04:02:58","date_gmt":"2022-04-13T04:02:58","guid":{"rendered":"https:\/\/el3.thembaydev.com\/greenmart_fresh\/?page_id=12"},"modified":"2024-01-10T09:35:17","modified_gmt":"2024-01-10T09:35:17","slug":"cam-ket-chat-luong","status":"publish","type":"page","link":"https:\/\/www.midamec.com\/vi\/cam-ket-chat-luong\/","title":{"rendered":"Cam k\u1ebft ch\u1ea5t l\u01b0\u1ee3ng"},"content":{"rendered":"<p>V\u1edbi nhi\u1ec1u n\u0103m kinh nghi\u1ec7m trong ng\u00e0nh h\u00e0ng s\u1ea3n ph\u1ea9m ti\u1ec7n \u00edch, MidaTek hi\u1ec7n t\u1ea1i l\u00e0 \u0111\u1ecba ch\u1ec9 mua s\u1eafm uy t\u00edn, \u0111\u00e1ng tin c\u1eady c\u1ee7a ng\u01b0\u1eddi ti\u00eau d\u00f9ng. H\u1ec7 th\u1ed1ng c\u1eeda h\u00e0ng MidaTek l\u00e0 \u0111\u01a1n v\u1ecb cung c\u1ea5p nhi\u1ec1u lo\u1ea1i s\u1ea3n ph\u1ea9m xu\u1ea5t kh\u1ea9u \u0111i nhi\u1ec1u n\u01a1i tr\u00ean th\u1ebf gi\u1edbi v\u1edbi \u0111\u1ea7y \u0111\u1ee7 c\u00e1c ch\u1ee9ng nh\u1eadn ch\u1ea5t l\u01b0\u1ee3ng.<\/p>\n<p><strong>MidaTek l\u00e0 \u0111\u1ecba ch\u1ec9 mua s\u1eafm \u0111\u00e1ng tin c\u1eady<\/strong><\/p>\n<p>L\u00e0 m\u1ed9t trong nh\u1eefng b\u00ean \u0111i ti\u00ean phong l\u0129nh v\u1ef1c s\u1ea3n xu\u1ea5t c\u00e1c s\u1ea3n ph\u1ea9m \u0111\u1ed3 nh\u1ef1a ti\u1ec7n \u00edch, MidaTek lu\u00f4n cam k\u1ebft ch\u1ea5t l\u01b0\u1ee3ng v\u1edbi t\u1ea5t c\u1ea3 c\u00e1c s\u1ea3n ph\u1ea9m ph\u00e2n ph\u1ed1i. T\u1ea1i Midatek, c\u00e1c s\u1ea3n ph\u1ea9m lu\u00f4n\u00a0 \u0111\u01b0\u1ee3c b\u1ea3o qu\u1ea3n trong m\u00f4i tr\u01b0\u1eddng ti\u00eau chu\u1ea9n v\u1edbi c\u00e1c trang thi\u1ebft b\u1ecb hi\u1ec7n \u0111\u1ea1i.<\/p>\n<p>\u0110\u1ea3m b\u1ea3o ngu\u1ed3n g\u1ed1c xu\u1ea5t x\u1ee9 r\u00f5 r\u00e0ng v\u00e0 \u0111\u01b0\u1ee3c ch\u1ee9ng nh\u1eadn ch\u1ea5t l\u01b0\u1ee3ng t\u1eeb c\u00e1c t\u1ed5 ch\u1ee9c uy t\u00edn t\u1ea1i Vi\u1ec7t Nam v\u00e0 qu\u1ed1c t\u1ebf.<\/p>\n<p>Mua s\u1eafm t\u1ea1i MidaTek qu\u00fd kh\u00e1ch ho\u00e0n to\u00e0n y\u00ean t\u00e2m v\u1edbi ch\u1ea5t l\u01b0\u1ee3ng s\u1ea3n ph\u1ea9m v\u00e0 c\u1ea3 d\u1ecbch v\u1ee5 kh\u00e1ch h\u00e0ng thu\u1eadn ti\u1ec7n. MidaTek xin k\u00ednh m\u1eddi qu\u00fd anh ch\u1ecb li\u00ean h\u1ec7 MidaTeK \u0111\u1ec3 \u0111\u1eb7t h\u00e0ng v\u00e0 s\u1edf h\u1eefu nhi\u1ec1u s\u1ea3n ph\u1ea9m t\u1ed1t nh\u00e9!<\/p>\n<p>H\u00e3y g\u1ecdi ngay h\u1ec7 th\u1ed1ng c\u1eeda h\u00e0ng MidaTek \u0111\u1ec3 \u0111\u1eb7t h\u00e0ng v\u00e0 \u0111\u01b0\u1ee3c t\u01b0 v\u1ea5n nhanh nh\u1ea5t!<\/p>\n","protected":false},"excerpt":{"rendered":"<p>V\u1edbi nhi\u1ec1u n\u0103m kinh nghi\u1ec7m trong ng\u00e0nh h\u00e0ng s\u1ea3n ph\u1ea9m ti\u1ec7n \u00edch, MidaTek hi\u1ec7n t\u1ea1i l\u00e0 \u0111\u1ecba ch\u1ec9 mua s\u1eafm uy t\u00edn, \u0111\u00e1ng tin c\u1eady c\u1ee7a ng\u01b0\u1eddi ti\u00eau d\u00f9ng. H\u1ec7 th\u1ed1ng c\u1eeda h\u00e0ng MidaTek l\u00e0 \u0111\u01a1n v\u1ecb cung c\u1ea5p nhi\u1ec1u lo\u1ea1i s\u1ea3n ph\u1ea9m xu\u1ea5t kh\u1ea9u \u0111i nhi\u1ec1u n\u01a1i tr\u00ean th\u1ebf gi\u1edbi v\u1edbi \u0111\u1ea7y \u0111\u1ee7 c\u00e1c [&#8230;]\n","protected":false},"author":2,"featured_media":0,"parent":0,"menu_order":0,"comment_status":"closed","ping_status":"closed","template":"","meta":{"footnotes":""},"_links":{"self":[{"href":"https:\/\/www.midamec.com\/vi\/wp-json\/wp\/v2\/pages\/4584"}],"collection":[{"href":"https:\/\/www.midamec.com\/vi\/wp-json\/wp\/v2\/pages"}],"about":[{"href":"https:\/\/www.midamec.com\/vi\/wp-json\/wp\/v2\/types\/page"}],"author":[{"embeddable":true,"href":"https:\/\/www.midamec.com\/vi\/wp-json\/wp\/v2\/users\/2"}],"replies":[{"embeddable":true,"href":"https:\/\/www.midamec.com\/vi\/wp-json\/wp\/v2\/comments?post=4584"}],"version-history":[{"count":0,"href":"https:\/\/www.midamec.com\/vi\/wp-json\/wp\/v2\/pages\/4584\/revisions"}],"wp:attachment":[{"href":"https:\/\/www.midamec.com\/vi\/wp-json\/wp\/v2\/media?parent=4584"}],"curies":[{"name":"wp","href":"https:\/\/api.w.org\/{rel}","templated":true}]}}